{"id":2219,"date":"2017-02-20T12:02:12","date_gmt":"2017-02-20T12:02:12","guid":{"rendered":"http:\/\/www.segurosgoiena.com\/?page_id=2219\/"},"modified":"2018-06-14T14:45:41","modified_gmt":"2018-06-14T14:45:41","slug":"pribatutasun-politika","status":"publish","type":"page","link":"https:\/\/www.segurosgoiena.com\/eu\/pribatutasun-politika\/","title":{"rendered":"Pribatutasun politika"},"content":{"rendered":"<p class=\"p1\">Los datos suministrado voluntariamente por el Usuario (a trav\u00e9s de los formularios previstos en la Web, mediante el env\u00edo de un correo postal\/electr\u00f3nico o<span class=\"Apple-converted-space\">\u00a0 <\/span>a trav\u00e9s de una llamada telef\u00f3nica), <span class=\"s2\">podr\u00e1n ser recogidos y tratados bajo responsabilidad de <b>GOIENA Aseguru Artekaritza, S.L.,<\/b><span class=\"Apple-converted-space\">\u00a0 <\/span>conforme a las limitaciones<\/span> <span class=\"s2\">y derechos contenidos en normativa en vigor sobre Protecci\u00f3n de Datos de Car\u00e1cter Personal<\/span> y con la finalidad de poder atender su solicitud y ofrecerle informaci\u00f3n sobre nuestros servicios.<\/p>\n<p class=\"p1\">El Usuario garantiza y responde, en cualquier caso, de la exactitud, vigencia y autenticidad de los datos personales facilitados, y se compromete a mantenerlos debidamente actualizados, exonerando a <b>GOIENA Aseguru Artekaritza, S.L. <\/b>de cualquier responsabilidad al respecto.<\/p>\n<p class=\"p1\">Al aceptar el env\u00edo de comunicaciones comerciales al realizar una consulta, el Usuario\/Cliente autoriza a <b>GOIENA Aseguru Artekaritza, S.L. <\/b>a conservar sus datos para poderle mantener informado sobre cualquier cuesti\u00f3n relacionada con su consulta y\/o actividad de la empresa, pudiendo revocar su autorizaci\u00f3n cunado lo desee. En caso contrario, una vez sea respondida su consulta, sus datos ser\u00e1n destruidos.<\/p>\n<p class=\"p1\">En la medida que el<b> Usuario\/Cliente<\/b> facilite su correo electr\u00f3nico o tel\u00e9fono m\u00f3vil, <b>autoriza<\/b> a que sea utilizado como medio de contacto as\u00ed como para el env\u00edo de informaci\u00f3n comercial relacionada con su consulta o solicitud y\/o con la actividad de la empresa<b>, <\/b>pudiendo, <b>en cualquier momento, revocar dicha autorizaci\u00f3n<\/b><\/p>\n<p class=\"p1\">En el caso de que llegara a establecerse una relaci\u00f3n entre ambas partes, <b>GOIENA Aseguru Artekaritza, S.L. garantiza <\/b>que el tratamiento de cualquier tipo de dato de car\u00e1cter personal, facilitado voluntariamente por el Usuario\/Cliente, ser\u00e1 realizado con su autorizaci\u00f3n expresa, cumpliendo, escrupulosamente, tanto la normativa de Protecci\u00f3n de Datos como la de Medicaci\u00f3n de Seguros o cualquier otra ley relacionada con la actividad, que as\u00ed lo regule.<\/p>\n<p class=\"p1\">Jam\u00e1s <b>GOIENA Aseguru Artekaritza, S.L. <\/b>realizar\u00e1 ninguna cesi\u00f3n de los datos suministrados por el Usuario a terceros sin haberle, previamente, informado y solicitado consentimiento expreso, salvo en los supuestos marcados en las leyes que as\u00ed lo regulen.<\/p>\n<p class=\"p1\">Para el tratamiento de los datos recogidos y tratados por<span class=\"Apple-converted-space\">\u00a0 <\/span><b>GOIENA Aseguru Artekaritza, S.L.<span class=\"Apple-converted-space\">\u00a0 <\/span><\/b>se han adoptado todas las medidas de seguridad, t\u00e9cnicas y organizativas, consideradas adecuadas para garantizar la privacidad de los mismos, evitar su p\u00e9rdida, mal uso, alteraci\u00f3n, acceso no autorizado y\/o sustracci\u00f3n y el cumplimiento de la normativa de Protecci\u00f3n de Datos de Car\u00e1cter Personal.<\/p>\n<p class=\"p1\">Cualquier persona tiene derecho a obtener confirmaci\u00f3n sobre si en <b>GOIENA Aseguru Artekaritza, S.L. <\/b>se tratan datos personales que les conciernan, o no.<\/p>\n<p class=\"p1\">En este sentido, <b>la normativa de Protecci\u00f3n de Datos, reconoce a<\/b> <b>las personas,<\/b> <b>su derecho a:<\/b><\/p>\n<ul class=\"ul1\">\n<li class=\"li1\"><b>acceder<\/b> a los datos personales que <b>GOIENA Aseguru Artekaritza, S.L.<\/b> tenga y trate, relacionados con ellas, as\u00ed como <b>a solicitar la rectificaci\u00f3n<\/b> de los datos inexactos o, en su caso, <b>solicitar su supresi\u00f3n<\/b> cuando, entre otros motivos, los datos ya no sean necesarios para los fines que fueron recogidos.<\/li>\n<\/ul>\n<ul class=\"ul1\">\n<li class=\"li1\"><b>solicitar la limitaci\u00f3n del tratamiento de sus datos<\/b>, en determinadas circunstancias, en cuyo caso \u00fanicamente los <b>GOIENA Aseguru Artekaritza, S.L. <\/b>los conservar\u00e1 para el ejercicio o la defensa de reclamaciones.<\/li>\n<\/ul>\n<ul class=\"ul1\">\n<li class=\"li1\"><b>oponerse a que<span class=\"Apple-converted-space\">\u00a0 <\/span>GOIENA Aseguru Artekaritza, S.L. realice alguno de los tratamientos sobre de sus datos, para el que en su d\u00eda dio autorizaci\u00f3n,<span class=\"Apple-converted-space\">\u00a0 <\/span><\/b>siempre que no existan motivos legales para seguir realiz\u00e1ndolo<b> <\/b><\/li>\n<\/ul>\n<ul class=\"ul1\">\n<li class=\"li1\"><b>recibir los datos personales<\/b> que haya facilitado a <b>GOIENA Aseguru Artekaritza, S.L.<\/b> y que sean tratados de forma automatizada, <b>en un formato estructurado<\/b>, de uso com\u00fan y lectura mec\u00e1nica, y a<span class=\"Apple-converted-space\">\u00a0 <\/span>que sean transmitidos a otro responsable del tratamiento, en determinadas circunstancias<\/li>\n<\/ul>\n<p class=\"p1\">El Usuario\/Cliente (o su representante legal)<b> <\/b>podr\u00e1 ejercer cualquiera de sus derechos, dirigiendo su solicitud por correo ordinario al domicilio social de<span class=\"Apple-converted-space\">\u00a0 <\/span><b>GOIENA Aseguru Artekaritza, S.L., <\/b>Antso Abarka, N\u00ba 6, 20500 ARRASATE (Gipuzkoa) o enviando un correo electr\u00f3nico a la direcci\u00f3n <b>goiena@goienaaseguruak.com<\/b>,<span class=\"Apple-converted-space\">\u00a0 <\/span>indicando (en ambos casos) \u201c<b>Asunto Derechos A.R.C.L.O.P.<\/b>\u201d y adjuntando fotocopia de un documento legal que acredite su identidad, tal y como indica la normativa sobre este tema.<\/p>\n<p class=\"p1\">En el caso de que el Usuario\/Cliente considere que no han sido bien atendidos sus derechos, puede a acudir a la autoridad de control competente sobre la materia (Agencia de Protecci\u00f3n de Datos<span class=\"Apple-converted-space\">\u00a0 <\/span>www.agpd.es)<\/p>\n<p class=\"p1\">Bien por solicitud expresa del propio Usuario\/Cliente o una vez<b> <\/b>dejen de ser necesarios para la finalidad para la que fueron recogidos, se proceder\u00e1 a cancelar sus datos, conservando exclusivamente aquellos datos necesarios para el cumplimiento de las obligaciones y responsabilidades legales (en el caso que existieran), durante el tiempo que \u00e9stas duren.<\/p>\n<p class=\"p7\"><span class=\"s2\"><b>MENORES DE EDAD<\/b><\/span><\/p>\n<p class=\"p1\">Aunque el contenido de la Web es apto para usuarios de cualquier edad, la env\u00edo de cualquier dato de car\u00e1cter personal solo podr\u00e1n hacerla personas mayores de edad, por lo que, en el caso de que un menor quisiera enviar sus datos, deber\u00e1 hacerlo con autorizaci\u00f3n de sus padres o tutores, debiendo indicar, como datos de contacto, los de uno de ellos<\/p>\n<p class=\"p7\"><span class=\"s2\"><b>SOLICITUD DE PRESUPUESTOS \u2013 ESTUDIOS PERSONALIZADOS<\/b><\/span><\/p>\n<p class=\"p1\">En el caso de que el Usuario suministre datos para la solicitud de presupuestos personalizados de p\u00f3lizas de seguros, en cumplimiento de la Ley 26\/2006 de mediaci\u00f3n de seguros y reaseguros privados, informamos que sus datos deber\u00e1n ser comunicarlos a diferentes Compa\u00f1\u00edas de Seguros, para el previo estudio y asesoramiento de la p\u00f3liza que mejor se adapte a sus intereses.<\/p>\n<p class=\"p1\">En el caso de que la p\u00f3liza no llegara e emitirse, el Usuario podr\u00e1 autorizar a <b>GOIENA Aseguru Artekaritza, S.L.<\/b> a conservar sus datos de contacto con el fin de poder seguir ofreci\u00e9ndole asesoramiento sobre productos relacionados, pudiendo en cualquier momento, revocar su autorizaci\u00f3n.<\/p>\n<p class=\"p3\"><span class=\"s2\"><b>LEGISLACI\u00d3N<\/b><\/span><\/p>\n<p class=\"p1\">Las presentes condiciones de uso se rigen por la Legislaci\u00f3n espa\u00f1ola, siendo competentes los Juzgados y Tribunales de Gipuzkoa para conocer de cuantas cuestiones se susciten sobre la interpretaci\u00f3n, aplicaci\u00f3n y cumplimiento de las mismas. Los usuarios, por virtud de su aceptaci\u00f3n a las condiciones generales recogidas en este aviso legal, renuncian expresamente a cualquier fuero que, por aplicaci\u00f3n de la Ley de Enjuiciamiento Civil vigente, pudiera corresponderles.<\/p>\n<p class=\"p3\"><span class=\"s2\"><b>USO Y ACCESO DE USUARIOS<\/b><\/span><\/p>\n<p class=\"p1\">El Usuario\/Cliente, cuando accede a la Web, lo hace voluntariamente, por su propia cuenta y riesgo.<\/p>\n<p class=\"p1\">El Usuario\/Cliente queda informado, y acepta, que el acceso a la Web significa la aceptaci\u00f3n de la presente Pol\u00edtica de Privacidad y condiciones de uso de la misma.<\/p>\n<p class=\"p1\"><b>GOIENA Aseguru Artekaritza, S.L. <\/b>est\u00e1 en su derecho de modificar alg\u00fan aspecto de su Pol\u00edtica de Privacidad, para adaptarla a novedades legislativas, jurisprudenciales y\/o administrativas, as\u00ed como a las necesidades que pudieran surgir de cara a un correcto tratamiento de los datos.<\/p>\n<p class=\"p1\">Por esta raz\u00f3n, se recomienda a los Usuarios\/Clientes, que antes de enviar sus datos, consulten el contenido de la Pol\u00edtica de Privacidad.<\/p>\n","protected":false},"excerpt":{"rendered":"<p>Los datos suministrado voluntariamente por el Usuario (a trav\u00e9s de los formularios previstos en la Web, mediante el env\u00edo de un correo postal\/electr\u00f3nico o\u00a0 a trav\u00e9s de una llamada telef\u00f3nica), podr\u00e1n ser recogidos y tratados bajo responsabilidad de GOIENA Aseguru Artekaritza, S.L.,\u00a0 conforme a las limitaciones y derechos contenidos en normativa en vigor sobre Protecci\u00f3n [&hellip;]<\/p>\n","protected":false},"author":1,"featured_media":0,"parent":0,"menu_order":0,"comment_status":"closed","ping_status":"closed","template":"","meta":{"_acf_changed":false,"footnotes":""},"class_list":["post-2219","page","type-page","status-publish","hentry"],"acf":[],"yoast_head":"<!-- This site is optimized with the Yoast SEO plugin v22.5 - https:\/\/yoast.com\/wordpress\/plugins\/seo\/ -->\n<title>Pribatutasun politika - Seguros Goiena<\/title>\n<meta name=\"robots\" content=\"index, follow, max-snippet:-1, max-image-preview:large, max-video-preview:-1\" \/>\n<link rel=\"canonical\" href=\"http:\/\/www.segurosgoiena.com\/eu\/pribatutasun-politika\/\" \/>\n<meta property=\"og:locale\" content=\"en_US\" \/>\n<meta property=\"og:type\" content=\"article\" \/>\n<meta property=\"og:title\" content=\"Pribatutasun politika - Seguros Goiena\" \/>\n<meta property=\"og:description\" content=\"Los datos suministrado voluntariamente por el Usuario (a trav\u00e9s de los formularios previstos en la Web, mediante el env\u00edo de un correo postal\/electr\u00f3nico o\u00a0 a trav\u00e9s de una llamada telef\u00f3nica), podr\u00e1n ser recogidos y tratados bajo responsabilidad de GOIENA Aseguru Artekaritza, S.L.,\u00a0 conforme a las limitaciones y derechos contenidos en normativa en vigor sobre Protecci\u00f3n [&hellip;]\" \/>\n<meta property=\"og:url\" content=\"http:\/\/www.segurosgoiena.com\/eu\/pribatutasun-politika\/\" \/>\n<meta property=\"og:site_name\" content=\"Seguros Goiena\" \/>\n<meta property=\"article:modified_time\" content=\"2018-06-14T14:45:41+00:00\" \/>\n<meta name=\"twitter:card\" content=\"summary_large_image\" \/>\n<meta name=\"twitter:label1\" content=\"Est. reading time\" \/>\n\t<meta name=\"twitter:data1\" content=\"6 minutua\" \/>\n<script type=\"application\/ld+json\" class=\"yoast-schema-graph\">{\"@context\":\"https:\/\/schema.org\",\"@graph\":[{\"@type\":\"WebPage\",\"@id\":\"http:\/\/www.segurosgoiena.com\/eu\/pribatutasun-politika\/\",\"url\":\"http:\/\/www.segurosgoiena.com\/eu\/pribatutasun-politika\/\",\"name\":\"Pribatutasun politika - Seguros Goiena\",\"isPartOf\":{\"@id\":\"https:\/\/www.segurosgoiena.com\/eu\/#website\"},\"datePublished\":\"2017-02-20T12:02:12+00:00\",\"dateModified\":\"2018-06-14T14:45:41+00:00\",\"breadcrumb\":{\"@id\":\"http:\/\/www.segurosgoiena.com\/eu\/pribatutasun-politika\/#breadcrumb\"},\"inLanguage\":\"eu\",\"potentialAction\":[{\"@type\":\"ReadAction\",\"target\":[\"http:\/\/www.segurosgoiena.com\/eu\/pribatutasun-politika\/\"]}]},{\"@type\":\"BreadcrumbList\",\"@id\":\"http:\/\/www.segurosgoiena.com\/eu\/pribatutasun-politika\/#breadcrumb\",\"itemListElement\":[{\"@type\":\"ListItem\",\"position\":1,\"name\":\"Portada\",\"item\":\"https:\/\/www.segurosgoiena.com\/eu\/\"},{\"@type\":\"ListItem\",\"position\":2,\"name\":\"Pribatutasun politika\"}]},{\"@type\":\"WebSite\",\"@id\":\"https:\/\/www.segurosgoiena.com\/eu\/#website\",\"url\":\"https:\/\/www.segurosgoiena.com\/eu\/\",\"name\":\"Seguros Goiena\",\"description\":\"Otro sitio realizado con WordPress\",\"potentialAction\":[{\"@type\":\"SearchAction\",\"target\":{\"@type\":\"EntryPoint\",\"urlTemplate\":\"https:\/\/www.segurosgoiena.com\/eu\/?s={search_term_string}\"},\"query-input\":\"required name=search_term_string\"}],\"inLanguage\":\"eu\"}]}<\/script>\n<!-- \/ Yoast SEO plugin. -->","yoast_head_json":{"title":"Pribatutasun politika - Seguros Goiena","robots":{"index":"index","follow":"follow","max-snippet":"max-snippet:-1","max-image-preview":"max-image-preview:large","max-video-preview":"max-video-preview:-1"},"canonical":"http:\/\/www.segurosgoiena.com\/eu\/pribatutasun-politika\/","og_locale":"en_US","og_type":"article","og_title":"Pribatutasun politika - Seguros Goiena","og_description":"Los datos suministrado voluntariamente por el Usuario (a trav\u00e9s de los formularios previstos en la Web, mediante el env\u00edo de un correo postal\/electr\u00f3nico o\u00a0 a trav\u00e9s de una llamada telef\u00f3nica), podr\u00e1n ser recogidos y tratados bajo responsabilidad de GOIENA Aseguru Artekaritza, S.L.,\u00a0 conforme a las limitaciones y derechos contenidos en normativa en vigor sobre Protecci\u00f3n [&hellip;]","og_url":"http:\/\/www.segurosgoiena.com\/eu\/pribatutasun-politika\/","og_site_name":"Seguros Goiena","article_modified_time":"2018-06-14T14:45:41+00:00","twitter_card":"summary_large_image","twitter_misc":{"Est. reading time":"6 minutua"},"schema":{"@context":"https:\/\/schema.org","@graph":[{"@type":"WebPage","@id":"http:\/\/www.segurosgoiena.com\/eu\/pribatutasun-politika\/","url":"http:\/\/www.segurosgoiena.com\/eu\/pribatutasun-politika\/","name":"Pribatutasun politika - Seguros Goiena","isPartOf":{"@id":"https:\/\/www.segurosgoiena.com\/eu\/#website"},"datePublished":"2017-02-20T12:02:12+00:00","dateModified":"2018-06-14T14:45:41+00:00","breadcrumb":{"@id":"http:\/\/www.segurosgoiena.com\/eu\/pribatutasun-politika\/#breadcrumb"},"inLanguage":"eu","potentialAction":[{"@type":"ReadAction","target":["http:\/\/www.segurosgoiena.com\/eu\/pribatutasun-politika\/"]}]},{"@type":"BreadcrumbList","@id":"http:\/\/www.segurosgoiena.com\/eu\/pribatutasun-politika\/#breadcrumb","itemListElement":[{"@type":"ListItem","position":1,"name":"Portada","item":"https:\/\/www.segurosgoiena.com\/eu\/"},{"@type":"ListItem","position":2,"name":"Pribatutasun politika"}]},{"@type":"WebSite","@id":"https:\/\/www.segurosgoiena.com\/eu\/#website","url":"https:\/\/www.segurosgoiena.com\/eu\/","name":"Seguros Goiena","description":"Otro sitio realizado con WordPress","potentialAction":[{"@type":"SearchAction","target":{"@type":"EntryPoint","urlTemplate":"https:\/\/www.segurosgoiena.com\/eu\/?s={search_term_string}"},"query-input":"required name=search_term_string"}],"inLanguage":"eu"}]}},"_links":{"self":[{"href":"https:\/\/www.segurosgoiena.com\/eu\/wp-json\/wp\/v2\/pages\/2219","targetHints":{"allow":["GET"]}}],"collection":[{"href":"https:\/\/www.segurosgoiena.com\/eu\/wp-json\/wp\/v2\/pages"}],"about":[{"href":"https:\/\/www.segurosgoiena.com\/eu\/wp-json\/wp\/v2\/types\/page"}],"author":[{"embeddable":true,"href":"https:\/\/www.segurosgoiena.com\/eu\/wp-json\/wp\/v2\/users\/1"}],"replies":[{"embeddable":true,"href":"https:\/\/www.segurosgoiena.com\/eu\/wp-json\/wp\/v2\/comments?post=2219"}],"version-history":[{"count":2,"href":"https:\/\/www.segurosgoiena.com\/eu\/wp-json\/wp\/v2\/pages\/2219\/revisions"}],"predecessor-version":[{"id":2338,"href":"https:\/\/www.segurosgoiena.com\/eu\/wp-json\/wp\/v2\/pages\/2219\/revisions\/2338"}],"wp:attachment":[{"href":"https:\/\/www.segurosgoiena.com\/eu\/wp-json\/wp\/v2\/media?parent=2219"}],"curies":[{"name":"wp","href":"https:\/\/api.w.org\/{rel}","templated":true}]}}