{"id":2217,"date":"2017-02-20T11:56:56","date_gmt":"2017-02-20T11:56:56","guid":{"rendered":"http:\/\/www.segurosgoiena.com\/?page_id=2217\/"},"modified":"2018-06-14T14:41:37","modified_gmt":"2018-06-14T14:41:37","slug":"lege-oharra","status":"publish","type":"page","link":"https:\/\/www.segurosgoiena.com\/eu\/lege-oharra\/","title":{"rendered":"Lege oharra"},"content":{"rendered":"<p class=\"p1\">En cumplimiento del Cap\u00edtulo II de la ley 34\/2002, informamos que\u00a0<a href=\"http:\/\/www.goienaaseguruak.com\/\"><span class=\"s1\">www.goienaaseguruak.com<\/span><\/a>\u00a0es propiedad de\u00a0<b>GOIENA Aseguru Artekaritza, S.L.<\/b>,, con CIF: B20805347, y Clave <b>N\u00ba J-2714<\/b> del Registro Especial de Corredur\u00edas de Seguros, con domicilio en Antso Abarka, N\u00ba 6, 20500 &#8211; ARRASATE(Gipuzkoa) e Inscrita en el Registro Mercantil de Gipuzkoa, T 2019, F 154, S 8, H SS 22082, I\/A 1<\/p>\n<p class=\"p1\"><b>GOIENA Aseguru Artekaritza, S.L.<\/b> velar\u00e1, en todo momento, por el fiel cumplimiento de la normativa actual sobre Protecci\u00f3n de datos de Car\u00e1cter Personal y la Ley sobre Comercio Electr\u00f3nico (LSSICE), as\u00ed como de las posibles actualizaciones y nuevas normativas que pudieran aparecer al respecto.<\/p>\n<p class=\"p3\"><span class=\"s2\"><b>CONTENIDO DE LA WEB, T\u00c9RMINOS LEGALES Y RESPONSABILIDADES<\/b><\/span><\/p>\n<p class=\"p1\">Los contenidos de la Web elaborados por el titular de la misma y\/o sus colaboradores, tienen fines meramente informativos, por lo que no pueden ser considerados, en ning\u00fan caso, como sustitutivos de cualquier tipo de asesoramiento profesional. De esta forma, <b>GOIENA Aseguru Artekaritza, S.L., <\/b>no se hace responsable ante cualquier da\u00f1o o perjuicio que pudiera sufrir el Usuario como consecuencia de errores, defectos u omisiones, en la informaci\u00f3n facilitada a trav\u00e9s de la misma.<\/p>\n<p class=\"p1\"><b>GOIENA Aseguru Artekaritza, S.L.<\/b> se reserva el derecho a actualizar, modificar o eliminar la informaci\u00f3n contenida en su Web, sin notificaci\u00f3n previa, pudiendo incluso limitar o no permitir el acceso a dicha informaci\u00f3n.<\/p>\n<p class=\"p1\">La presencia de enlaces (&#8220;links&#8221;) en la Web (en el caso de que existan) tiene una finalidad meramente informativa y en ning\u00fan caso supone sugerencia, invitaci\u00f3n o reconocimiento sobre los mismos.<\/p>\n<p class=\"p1\"><b>GOIENA Aseguru Artekaritza, S.L.<\/b> no responde de la veracidad de las informaciones que no sean de elaboraci\u00f3n propia ni de la informaci\u00f3n contenida en p\u00e1ginas Webs de terceros a las que se pueda acceder por &#8220;links&#8221; por lo que tampoco asume responsabilidad alguna en cuanto a hipot\u00e9ticos perjuicios que pudieran originarse por el uso de dicha informaci\u00f3n.<\/p>\n<p class=\"p1\"><b>GOIENA Aseguru Artekaritza, S.L.<\/b> aunque se preocupa del correcto funcionamiento de la presente Web, no garantiza ni la rapidez, ni la ininterrupci\u00f3n, ni la ausencia de virus u otros elementos lesivos, que pudieran causar da\u00f1os o alteraciones en el sistema inform\u00e1tico, documentos electr\u00f3nicos o ficheros del Usuario. En consecuencia, <b>GOIENA Aseguru Artekaritza, S.L.<\/b>, no responde por los da\u00f1os y perjuicios que tales elementos pudieran ocasionar al Usuario o a terceros.<\/p>\n<p class=\"p1\">Asimismo, <b>GOIENA Aseguru Artekaritza, S.L.<\/b>, sus colaboradores, socios, empleados y\/o representantes, tampoco podr\u00e1n ser considerados responsables por cualquier da\u00f1o derivado de la utilizaci\u00f3n de la presente Web, ni por cualquier actuaci\u00f3n realizada sobre la base de la informaci\u00f3n que en ella se facilita.<\/p>\n<p class=\"p3\"><span class=\"s2\"><b>PROPIEDAD INTELECTUAL E INDUSTRIAL DE LOS CONTENIDOS DE LA WEB <\/b><\/span><\/p>\n<p class=\"p1\">Los derechos de propiedad intelectual de la totalidad de los contenidos de esta Web, (textos, im\u00e1genes, dise\u00f1o, etc.), son propiedad de <b>GOIENA Aseguru Artekaritza, S.L. <\/b>o en su caso dispone de licencia o autorizaci\u00f3n expresa por parte de los autores.<\/p>\n<p class=\"p1\">Queda prohibida toda reproducci\u00f3n, distribuci\u00f3n, transformaci\u00f3n, presentaci\u00f3n, total o parcial, del contenido de la Web o de alguno de sus elementos, con un fin comercial, aun citando la fuente, siempre que no se cuente con la autorizaci\u00f3n expresa y por escrito de <b>GOIENA Aseguru Artekaritza, S.L.<\/b><\/p>\n<p class=\"p1\">Se autoriza el almacenamiento y reproducci\u00f3n temporal de alguno o algunos de los contenidos de la Web, con el prop\u00f3sito de ser utilizados con un fin puramente personal.<\/p>\n<p class=\"p1\">Todos los nombres comerciales, logos, marcas o signos distintos de cualquier clase contenidos en la presente Web, son propiedad de sus due\u00f1os y est\u00e1n protegidos por ley.<\/p>\n<p>&nbsp;<\/p>\n","protected":false},"excerpt":{"rendered":"<p>En cumplimiento del Cap\u00edtulo II de la ley 34\/2002, informamos que\u00a0www.goienaaseguruak.com\u00a0es propiedad de\u00a0GOIENA Aseguru Artekaritza, S.L.,, con CIF: B20805347, y Clave N\u00ba J-2714 del Registro Especial de Corredur\u00edas de Seguros, con domicilio en Antso Abarka, N\u00ba 6, 20500 &#8211; ARRASATE(Gipuzkoa) e Inscrita en el Registro Mercantil de Gipuzkoa, T 2019, F 154, S 8, H [&hellip;]<\/p>\n","protected":false},"author":1,"featured_media":0,"parent":0,"menu_order":0,"comment_status":"closed","ping_status":"closed","template":"","meta":{"_acf_changed":false,"footnotes":""},"class_list":["post-2217","page","type-page","status-publish","hentry"],"acf":[],"yoast_head":"<!-- This site is optimized with the Yoast SEO plugin v22.5 - https:\/\/yoast.com\/wordpress\/plugins\/seo\/ -->\n<title>Lege oharra - Seguros Goiena<\/title>\n<meta name=\"robots\" content=\"index, follow, max-snippet:-1, max-image-preview:large, max-video-preview:-1\" \/>\n<link rel=\"canonical\" href=\"https:\/\/www.segurosgoiena.com\/eu\/lege-oharra\/\" \/>\n<meta property=\"og:locale\" content=\"en_US\" \/>\n<meta property=\"og:type\" content=\"article\" \/>\n<meta property=\"og:title\" content=\"Lege oharra - Seguros Goiena\" \/>\n<meta property=\"og:description\" content=\"En cumplimiento del Cap\u00edtulo II de la ley 34\/2002, informamos que\u00a0www.goienaaseguruak.com\u00a0es propiedad de\u00a0GOIENA Aseguru Artekaritza, S.L.,, con CIF: B20805347, y Clave N\u00ba J-2714 del Registro Especial de Corredur\u00edas de Seguros, con domicilio en Antso Abarka, N\u00ba 6, 20500 &#8211; ARRASATE(Gipuzkoa) e Inscrita en el Registro Mercantil de Gipuzkoa, T 2019, F 154, S 8, H [&hellip;]\" \/>\n<meta property=\"og:url\" content=\"https:\/\/www.segurosgoiena.com\/eu\/lege-oharra\/\" \/>\n<meta property=\"og:site_name\" content=\"Seguros Goiena\" \/>\n<meta property=\"article:modified_time\" content=\"2018-06-14T14:41:37+00:00\" \/>\n<meta name=\"twitter:card\" content=\"summary_large_image\" \/>\n<meta name=\"twitter:label1\" content=\"Est. reading time\" \/>\n\t<meta name=\"twitter:data1\" content=\"3 minutua\" \/>\n<script type=\"application\/ld+json\" class=\"yoast-schema-graph\">{\"@context\":\"https:\/\/schema.org\",\"@graph\":[{\"@type\":\"WebPage\",\"@id\":\"https:\/\/www.segurosgoiena.com\/eu\/lege-oharra\/\",\"url\":\"https:\/\/www.segurosgoiena.com\/eu\/lege-oharra\/\",\"name\":\"Lege oharra - Seguros Goiena\",\"isPartOf\":{\"@id\":\"https:\/\/www.segurosgoiena.com\/eu\/#website\"},\"datePublished\":\"2017-02-20T11:56:56+00:00\",\"dateModified\":\"2018-06-14T14:41:37+00:00\",\"breadcrumb\":{\"@id\":\"https:\/\/www.segurosgoiena.com\/eu\/lege-oharra\/#breadcrumb\"},\"inLanguage\":\"eu\",\"potentialAction\":[{\"@type\":\"ReadAction\",\"target\":[\"https:\/\/www.segurosgoiena.com\/eu\/lege-oharra\/\"]}]},{\"@type\":\"BreadcrumbList\",\"@id\":\"https:\/\/www.segurosgoiena.com\/eu\/lege-oharra\/#breadcrumb\",\"itemListElement\":[{\"@type\":\"ListItem\",\"position\":1,\"name\":\"Portada\",\"item\":\"https:\/\/www.segurosgoiena.com\/eu\/\"},{\"@type\":\"ListItem\",\"position\":2,\"name\":\"Lege oharra\"}]},{\"@type\":\"WebSite\",\"@id\":\"https:\/\/www.segurosgoiena.com\/eu\/#website\",\"url\":\"https:\/\/www.segurosgoiena.com\/eu\/\",\"name\":\"Seguros Goiena\",\"description\":\"Otro sitio realizado con WordPress\",\"potentialAction\":[{\"@type\":\"SearchAction\",\"target\":{\"@type\":\"EntryPoint\",\"urlTemplate\":\"https:\/\/www.segurosgoiena.com\/eu\/?s={search_term_string}\"},\"query-input\":\"required name=search_term_string\"}],\"inLanguage\":\"eu\"}]}<\/script>\n<!-- \/ Yoast SEO plugin. -->","yoast_head_json":{"title":"Lege oharra - Seguros Goiena","robots":{"index":"index","follow":"follow","max-snippet":"max-snippet:-1","max-image-preview":"max-image-preview:large","max-video-preview":"max-video-preview:-1"},"canonical":"https:\/\/www.segurosgoiena.com\/eu\/lege-oharra\/","og_locale":"en_US","og_type":"article","og_title":"Lege oharra - Seguros Goiena","og_description":"En cumplimiento del Cap\u00edtulo II de la ley 34\/2002, informamos que\u00a0www.goienaaseguruak.com\u00a0es propiedad de\u00a0GOIENA Aseguru Artekaritza, S.L.,, con CIF: B20805347, y Clave N\u00ba J-2714 del Registro Especial de Corredur\u00edas de Seguros, con domicilio en Antso Abarka, N\u00ba 6, 20500 &#8211; ARRASATE(Gipuzkoa) e Inscrita en el Registro Mercantil de Gipuzkoa, T 2019, F 154, S 8, H [&hellip;]","og_url":"https:\/\/www.segurosgoiena.com\/eu\/lege-oharra\/","og_site_name":"Seguros Goiena","article_modified_time":"2018-06-14T14:41:37+00:00","twitter_card":"summary_large_image","twitter_misc":{"Est. reading time":"3 minutua"},"schema":{"@context":"https:\/\/schema.org","@graph":[{"@type":"WebPage","@id":"https:\/\/www.segurosgoiena.com\/eu\/lege-oharra\/","url":"https:\/\/www.segurosgoiena.com\/eu\/lege-oharra\/","name":"Lege oharra - Seguros Goiena","isPartOf":{"@id":"https:\/\/www.segurosgoiena.com\/eu\/#website"},"datePublished":"2017-02-20T11:56:56+00:00","dateModified":"2018-06-14T14:41:37+00:00","breadcrumb":{"@id":"https:\/\/www.segurosgoiena.com\/eu\/lege-oharra\/#breadcrumb"},"inLanguage":"eu","potentialAction":[{"@type":"ReadAction","target":["https:\/\/www.segurosgoiena.com\/eu\/lege-oharra\/"]}]},{"@type":"BreadcrumbList","@id":"https:\/\/www.segurosgoiena.com\/eu\/lege-oharra\/#breadcrumb","itemListElement":[{"@type":"ListItem","position":1,"name":"Portada","item":"https:\/\/www.segurosgoiena.com\/eu\/"},{"@type":"ListItem","position":2,"name":"Lege oharra"}]},{"@type":"WebSite","@id":"https:\/\/www.segurosgoiena.com\/eu\/#website","url":"https:\/\/www.segurosgoiena.com\/eu\/","name":"Seguros Goiena","description":"Otro sitio realizado con WordPress","potentialAction":[{"@type":"SearchAction","target":{"@type":"EntryPoint","urlTemplate":"https:\/\/www.segurosgoiena.com\/eu\/?s={search_term_string}"},"query-input":"required name=search_term_string"}],"inLanguage":"eu"}]}},"_links":{"self":[{"href":"https:\/\/www.segurosgoiena.com\/eu\/wp-json\/wp\/v2\/pages\/2217","targetHints":{"allow":["GET"]}}],"collection":[{"href":"https:\/\/www.segurosgoiena.com\/eu\/wp-json\/wp\/v2\/pages"}],"about":[{"href":"https:\/\/www.segurosgoiena.com\/eu\/wp-json\/wp\/v2\/types\/page"}],"author":[{"embeddable":true,"href":"https:\/\/www.segurosgoiena.com\/eu\/wp-json\/wp\/v2\/users\/1"}],"replies":[{"embeddable":true,"href":"https:\/\/www.segurosgoiena.com\/eu\/wp-json\/wp\/v2\/comments?post=2217"}],"version-history":[{"count":2,"href":"https:\/\/www.segurosgoiena.com\/eu\/wp-json\/wp\/v2\/pages\/2217\/revisions"}],"predecessor-version":[{"id":2336,"href":"https:\/\/www.segurosgoiena.com\/eu\/wp-json\/wp\/v2\/pages\/2217\/revisions\/2336"}],"wp:attachment":[{"href":"https:\/\/www.segurosgoiena.com\/eu\/wp-json\/wp\/v2\/media?parent=2217"}],"curies":[{"name":"wp","href":"https:\/\/api.w.org\/{rel}","templated":true}]}}