{"id":56,"date":"2016-11-14T15:24:01","date_gmt":"2016-11-14T15:24:01","guid":{"rendered":"http:\/\/www.segurosgoiena.com\/es\/?page_id=56"},"modified":"2017-01-05T11:41:54","modified_gmt":"2017-01-05T11:41:54","slug":"soluciones-de-ahorro","status":"publish","type":"page","link":"https:\/\/www.segurosgoiena.com\/es\/empresas\/seguros-goiena\/autonomos\/soluciones-de-ahorro\/","title":{"rendered":"SOLUCIONES DE AHORRO"},"content":{"rendered":"<p>Ded\u00edcate s\u00f3lo a tu negocio, tu jubilaci\u00f3n es cosa nuestra.<\/p>\n<p>Tu jubilaci\u00f3n es tu futuro, tu tranquilidad nuestro objetivo.<\/p>\n<h4>Seguros de Jubilaci\u00f3n Aut\u00f3nomos<\/h4>\n<p><a href=\"https:\/\/www.segurosgoiena.com\/es\/particulares\/seguros-goiena\/vida-ahorro-e-inversion\/soluciones-de-ahorro\/\">SOLUCIONES DE AHORRO<\/a><\/p>\n","protected":false},"excerpt":{"rendered":"<p>Ded\u00edcate s\u00f3lo a tu negocio, tu jubilaci\u00f3n es cosa nuestra. Tu jubilaci\u00f3n es tu futuro, tu tranquilidad nuestro objetivo. Seguros de Jubilaci\u00f3n Aut\u00f3nomos SOLUCIONES DE AHORRO<\/p>\n","protected":false},"author":1,"featured_media":209,"parent":54,"menu_order":20,"comment_status":"closed","ping_status":"closed","template":"","meta":{"_acf_changed":false,"footnotes":""},"class_list":["post-56","page","type-page","status-publish","has-post-thumbnail","hentry"],"acf":[],"yoast_head":"<!-- This site is optimized with the Yoast SEO plugin v22.5 - https:\/\/yoast.com\/wordpress\/plugins\/seo\/ -->\n<title>Goiena Seguros | Aut\u00f3nomos- Ahorro<\/title>\n<meta name=\"description\" content=\"Con las soluciones de ahorro ded\u00edcate s\u00f3lo a tu negocio, tu jubilaci\u00f3n es cosa nuestra. Tu jubilaci\u00f3n es tu futuro, tu tranquilidad nuestro objetivo.\" \/>\n<meta name=\"robots\" content=\"index, follow, max-snippet:-1, max-image-preview:large, max-video-preview:-1\" \/>\n<link rel=\"canonical\" href=\"https:\/\/www.segurosgoiena.com\/es\/empresas\/seguros-goiena\/autonomos\/soluciones-de-ahorro\/\" \/>\n<meta property=\"og:locale\" content=\"es_ES\" \/>\n<meta property=\"og:type\" content=\"article\" \/>\n<meta property=\"og:title\" content=\"Goiena Seguros | Aut\u00f3nomos- Ahorro\" \/>\n<meta property=\"og:description\" content=\"Con las soluciones de ahorro ded\u00edcate s\u00f3lo a tu negocio, tu jubilaci\u00f3n es cosa nuestra. Tu jubilaci\u00f3n es tu futuro, tu tranquilidad nuestro objetivo.\" \/>\n<meta property=\"og:url\" content=\"https:\/\/www.segurosgoiena.com\/es\/empresas\/seguros-goiena\/autonomos\/soluciones-de-ahorro\/\" \/>\n<meta property=\"og:site_name\" content=\"Seguros Goiena\" \/>\n<meta property=\"article:modified_time\" content=\"2017-01-05T11:41:54+00:00\" \/>\n<meta property=\"og:image\" content=\"https:\/\/www.segurosgoiena.com\/wp-content\/uploads\/2016\/11\/soluciones-de-ahorro.jpg\" \/>\n\t<meta property=\"og:image:width\" content=\"523\" \/>\n\t<meta property=\"og:image:height\" content=\"425\" \/>\n\t<meta property=\"og:image:type\" content=\"image\/jpeg\" \/>\n<meta name=\"twitter:card\" content=\"summary_large_image\" \/>\n<script type=\"application\/ld+json\" class=\"yoast-schema-graph\">{\"@context\":\"https:\/\/schema.org\",\"@graph\":[{\"@type\":\"WebPage\",\"@id\":\"https:\/\/www.segurosgoiena.com\/es\/empresas\/seguros-goiena\/autonomos\/soluciones-de-ahorro\/\",\"url\":\"https:\/\/www.segurosgoiena.com\/es\/empresas\/seguros-goiena\/autonomos\/soluciones-de-ahorro\/\",\"name\":\"Goiena Seguros | Aut\u00f3nomos- Ahorro\",\"isPartOf\":{\"@id\":\"https:\/\/www.segurosgoiena.com\/eu\/#website\"},\"primaryImageOfPage\":{\"@id\":\"https:\/\/www.segurosgoiena.com\/es\/empresas\/seguros-goiena\/autonomos\/soluciones-de-ahorro\/#primaryimage\"},\"image\":{\"@id\":\"https:\/\/www.segurosgoiena.com\/es\/empresas\/seguros-goiena\/autonomos\/soluciones-de-ahorro\/#primaryimage\"},\"thumbnailUrl\":\"https:\/\/www.segurosgoiena.com\/wp-content\/uploads\/2016\/11\/soluciones-de-ahorro.jpg\",\"datePublished\":\"2016-11-14T15:24:01+00:00\",\"dateModified\":\"2017-01-05T11:41:54+00:00\",\"description\":\"Con las soluciones de ahorro ded\u00edcate s\u00f3lo a tu negocio, tu jubilaci\u00f3n es cosa nuestra. Tu jubilaci\u00f3n es tu futuro, tu tranquilidad nuestro objetivo.\",\"breadcrumb\":{\"@id\":\"https:\/\/www.segurosgoiena.com\/es\/empresas\/seguros-goiena\/autonomos\/soluciones-de-ahorro\/#breadcrumb\"},\"inLanguage\":\"es\",\"potentialAction\":[{\"@type\":\"ReadAction\",\"target\":[\"https:\/\/www.segurosgoiena.com\/es\/empresas\/seguros-goiena\/autonomos\/soluciones-de-ahorro\/\"]}]},{\"@type\":\"ImageObject\",\"inLanguage\":\"es\",\"@id\":\"https:\/\/www.segurosgoiena.com\/es\/empresas\/seguros-goiena\/autonomos\/soluciones-de-ahorro\/#primaryimage\",\"url\":\"https:\/\/www.segurosgoiena.com\/wp-content\/uploads\/2016\/11\/soluciones-de-ahorro.jpg\",\"contentUrl\":\"https:\/\/www.segurosgoiena.com\/wp-content\/uploads\/2016\/11\/soluciones-de-ahorro.jpg\",\"width\":523,\"height\":425},{\"@type\":\"BreadcrumbList\",\"@id\":\"https:\/\/www.segurosgoiena.com\/es\/empresas\/seguros-goiena\/autonomos\/soluciones-de-ahorro\/#breadcrumb\",\"itemListElement\":[{\"@type\":\"ListItem\",\"position\":1,\"name\":\"Portada\",\"item\":\"https:\/\/www.segurosgoiena.com\/eu\/\"},{\"@type\":\"ListItem\",\"position\":2,\"name\":\"EMPRESAS\",\"item\":\"http:\/\/www.segurosgoiena.com\/es\/empresas\/\"},{\"@type\":\"ListItem\",\"position\":3,\"name\":\"SEGUROS GOIENA\",\"item\":\"http:\/\/www.segurosgoiena.com\/es\/empresas\/seguros-goiena\/\"},{\"@type\":\"ListItem\",\"position\":4,\"name\":\"AUT\u00d3NOMOS\",\"item\":\"https:\/\/www.segurosgoiena.com\/es\/empresas\/seguros-goiena\/autonomos\/\"},{\"@type\":\"ListItem\",\"position\":5,\"name\":\"SOLUCIONES DE AHORRO\"}]},{\"@type\":\"WebSite\",\"@id\":\"https:\/\/www.segurosgoiena.com\/eu\/#website\",\"url\":\"https:\/\/www.segurosgoiena.com\/eu\/\",\"name\":\"Seguros Goiena\",\"description\":\"Seguros para empresas y particulares\",\"potentialAction\":[{\"@type\":\"SearchAction\",\"target\":{\"@type\":\"EntryPoint\",\"urlTemplate\":\"https:\/\/www.segurosgoiena.com\/eu\/?s={search_term_string}\"},\"query-input\":\"required name=search_term_string\"}],\"inLanguage\":\"es\"}]}<\/script>\n<!-- \/ Yoast SEO plugin. -->","yoast_head_json":{"title":"Goiena Seguros | Aut\u00f3nomos- Ahorro","description":"Con las soluciones de ahorro ded\u00edcate s\u00f3lo a tu negocio, tu jubilaci\u00f3n es cosa nuestra. Tu jubilaci\u00f3n es tu futuro, tu tranquilidad nuestro objetivo.","robots":{"index":"index","follow":"follow","max-snippet":"max-snippet:-1","max-image-preview":"max-image-preview:large","max-video-preview":"max-video-preview:-1"},"canonical":"https:\/\/www.segurosgoiena.com\/es\/empresas\/seguros-goiena\/autonomos\/soluciones-de-ahorro\/","og_locale":"es_ES","og_type":"article","og_title":"Goiena Seguros | Aut\u00f3nomos- Ahorro","og_description":"Con las soluciones de ahorro ded\u00edcate s\u00f3lo a tu negocio, tu jubilaci\u00f3n es cosa nuestra. Tu jubilaci\u00f3n es tu futuro, tu tranquilidad nuestro objetivo.","og_url":"https:\/\/www.segurosgoiena.com\/es\/empresas\/seguros-goiena\/autonomos\/soluciones-de-ahorro\/","og_site_name":"Seguros Goiena","article_modified_time":"2017-01-05T11:41:54+00:00","og_image":[{"width":523,"height":425,"url":"https:\/\/www.segurosgoiena.com\/wp-content\/uploads\/2016\/11\/soluciones-de-ahorro.jpg","type":"image\/jpeg"}],"twitter_card":"summary_large_image","schema":{"@context":"https:\/\/schema.org","@graph":[{"@type":"WebPage","@id":"https:\/\/www.segurosgoiena.com\/es\/empresas\/seguros-goiena\/autonomos\/soluciones-de-ahorro\/","url":"https:\/\/www.segurosgoiena.com\/es\/empresas\/seguros-goiena\/autonomos\/soluciones-de-ahorro\/","name":"Goiena Seguros | Aut\u00f3nomos- Ahorro","isPartOf":{"@id":"https:\/\/www.segurosgoiena.com\/eu\/#website"},"primaryImageOfPage":{"@id":"https:\/\/www.segurosgoiena.com\/es\/empresas\/seguros-goiena\/autonomos\/soluciones-de-ahorro\/#primaryimage"},"image":{"@id":"https:\/\/www.segurosgoiena.com\/es\/empresas\/seguros-goiena\/autonomos\/soluciones-de-ahorro\/#primaryimage"},"thumbnailUrl":"https:\/\/www.segurosgoiena.com\/wp-content\/uploads\/2016\/11\/soluciones-de-ahorro.jpg","datePublished":"2016-11-14T15:24:01+00:00","dateModified":"2017-01-05T11:41:54+00:00","description":"Con las soluciones de ahorro ded\u00edcate s\u00f3lo a tu negocio, tu jubilaci\u00f3n es cosa nuestra. Tu jubilaci\u00f3n es tu futuro, tu tranquilidad nuestro objetivo.","breadcrumb":{"@id":"https:\/\/www.segurosgoiena.com\/es\/empresas\/seguros-goiena\/autonomos\/soluciones-de-ahorro\/#breadcrumb"},"inLanguage":"es","potentialAction":[{"@type":"ReadAction","target":["https:\/\/www.segurosgoiena.com\/es\/empresas\/seguros-goiena\/autonomos\/soluciones-de-ahorro\/"]}]},{"@type":"ImageObject","inLanguage":"es","@id":"https:\/\/www.segurosgoiena.com\/es\/empresas\/seguros-goiena\/autonomos\/soluciones-de-ahorro\/#primaryimage","url":"https:\/\/www.segurosgoiena.com\/wp-content\/uploads\/2016\/11\/soluciones-de-ahorro.jpg","contentUrl":"https:\/\/www.segurosgoiena.com\/wp-content\/uploads\/2016\/11\/soluciones-de-ahorro.jpg","width":523,"height":425},{"@type":"BreadcrumbList","@id":"https:\/\/www.segurosgoiena.com\/es\/empresas\/seguros-goiena\/autonomos\/soluciones-de-ahorro\/#breadcrumb","itemListElement":[{"@type":"ListItem","position":1,"name":"Portada","item":"https:\/\/www.segurosgoiena.com\/eu\/"},{"@type":"ListItem","position":2,"name":"EMPRESAS","item":"http:\/\/www.segurosgoiena.com\/es\/empresas\/"},{"@type":"ListItem","position":3,"name":"SEGUROS GOIENA","item":"http:\/\/www.segurosgoiena.com\/es\/empresas\/seguros-goiena\/"},{"@type":"ListItem","position":4,"name":"AUT\u00d3NOMOS","item":"https:\/\/www.segurosgoiena.com\/es\/empresas\/seguros-goiena\/autonomos\/"},{"@type":"ListItem","position":5,"name":"SOLUCIONES DE AHORRO"}]},{"@type":"WebSite","@id":"https:\/\/www.segurosgoiena.com\/eu\/#website","url":"https:\/\/www.segurosgoiena.com\/eu\/","name":"Seguros Goiena","description":"Seguros para empresas y particulares","potentialAction":[{"@type":"SearchAction","target":{"@type":"EntryPoint","urlTemplate":"https:\/\/www.segurosgoiena.com\/eu\/?s={search_term_string}"},"query-input":"required name=search_term_string"}],"inLanguage":"es"}]}},"_links":{"self":[{"href":"https:\/\/www.segurosgoiena.com\/es\/wp-json\/wp\/v2\/pages\/56","targetHints":{"allow":["GET"]}}],"collection":[{"href":"https:\/\/www.segurosgoiena.com\/es\/wp-json\/wp\/v2\/pages"}],"about":[{"href":"https:\/\/www.segurosgoiena.com\/es\/wp-json\/wp\/v2\/types\/page"}],"author":[{"embeddable":true,"href":"https:\/\/www.segurosgoiena.com\/es\/wp-json\/wp\/v2\/users\/1"}],"replies":[{"embeddable":true,"href":"https:\/\/www.segurosgoiena.com\/es\/wp-json\/wp\/v2\/comments?post=56"}],"version-history":[{"count":5,"href":"https:\/\/www.segurosgoiena.com\/es\/wp-json\/wp\/v2\/pages\/56\/revisions"}],"predecessor-version":[{"id":1570,"href":"https:\/\/www.segurosgoiena.com\/es\/wp-json\/wp\/v2\/pages\/56\/revisions\/1570"}],"up":[{"embeddable":true,"href":"https:\/\/www.segurosgoiena.com\/es\/wp-json\/wp\/v2\/pages\/54"}],"wp:featuredmedia":[{"embeddable":true,"href":"https:\/\/www.segurosgoiena.com\/es\/wp-json\/wp\/v2\/media\/209"}],"wp:attachment":[{"href":"https:\/\/www.segurosgoiena.com\/es\/wp-json\/wp\/v2\/media?parent=56"}],"curies":[{"name":"wp","href":"https:\/\/api.w.org\/{rel}","templated":true}]}}