{"id":479,"date":"2016-12-01T09:46:48","date_gmt":"2016-12-01T09:46:48","guid":{"rendered":"http:\/\/www.segurosgoiena.com\/?page_id=479\/"},"modified":"2017-01-04T11:39:53","modified_gmt":"2017-01-04T11:39:53","slug":"seguro-de-hogar","status":"publish","type":"page","link":"https:\/\/www.segurosgoiena.com\/es\/particulares\/seguros-goiena\/seguros-patrimoniales\/multirriesgo\/seguro-de-hogar\/","title":{"rendered":"Seguro de hogar"},"content":{"rendered":"<p>En Goiena ponemos a tu disposici\u00f3n una completa gama de seguros de hogar para proteger el lugar donde buscas tranquilidad y seguridad, puesto que la vivienda es el bien patrimonial m\u00e1s importante y al cual destinamos gran parte de nuestra renta.<\/p>\n<h4>Con Goiena, t\u00fa, los tuyos y tu casa estar\u00e9is protegidos.<\/h4>\n","protected":false},"excerpt":{"rendered":"<p>En Goiena ponemos a tu disposici\u00f3n una completa gama de seguros de hogar para proteger el lugar donde buscas tranquilidad y seguridad, puesto que la vivienda es el bien patrimonial m\u00e1s importante y al cual destinamos gran parte de nuestra renta. Con Goiena, t\u00fa, los tuyos y tu casa estar\u00e9is protegidos.<\/p>\n","protected":false},"author":1,"featured_media":520,"parent":465,"menu_order":10,"comment_status":"closed","ping_status":"closed","template":"page-templates\/template-producto.php","meta":{"_acf_changed":false,"footnotes":""},"class_list":["post-479","page","type-page","status-publish","has-post-thumbnail","hentry"],"acf":[],"yoast_head":"<!-- This site is optimized with the Yoast SEO plugin v22.5 - https:\/\/yoast.com\/wordpress\/plugins\/seo\/ -->\n<title>Goiena Seguros | Seguro de hogar<\/title>\n<meta name=\"description\" content=\"En Goiena ponemos a tu disposici\u00f3n una completa gama de seguros de hogar para proteger el lugar donde buscas tranquilidad y seguridad,\" \/>\n<meta name=\"robots\" content=\"index, follow, max-snippet:-1, max-image-preview:large, max-video-preview:-1\" \/>\n<link rel=\"canonical\" href=\"http:\/\/www.segurosgoiena.com\/es\/particulares\/seguros-goiena\/seguros-patrimoniales\/multirriesgo\/seguro-de-hogar\/\" \/>\n<meta property=\"og:locale\" content=\"es_ES\" \/>\n<meta property=\"og:type\" content=\"article\" \/>\n<meta property=\"og:title\" content=\"Goiena Seguros | Seguro de hogar\" \/>\n<meta property=\"og:description\" content=\"En Goiena ponemos a tu disposici\u00f3n una completa gama de seguros de hogar para proteger el lugar donde buscas tranquilidad y seguridad,\" \/>\n<meta property=\"og:url\" content=\"http:\/\/www.segurosgoiena.com\/es\/particulares\/seguros-goiena\/seguros-patrimoniales\/multirriesgo\/seguro-de-hogar\/\" \/>\n<meta property=\"og:site_name\" content=\"Seguros Goiena\" \/>\n<meta property=\"article:modified_time\" content=\"2017-01-04T11:39:53+00:00\" \/>\n<meta property=\"og:image\" content=\"http:\/\/www.segurosgoiena.com\/wp-content\/uploads\/2016\/12\/seguro-de-hogar.jpg\" \/>\n\t<meta property=\"og:image:width\" content=\"523\" \/>\n\t<meta property=\"og:image:height\" content=\"425\" \/>\n\t<meta property=\"og:image:type\" content=\"image\/jpeg\" \/>\n<meta name=\"twitter:card\" content=\"summary_large_image\" \/>\n<script type=\"application\/ld+json\" class=\"yoast-schema-graph\">{\"@context\":\"https:\/\/schema.org\",\"@graph\":[{\"@type\":\"WebPage\",\"@id\":\"http:\/\/www.segurosgoiena.com\/es\/particulares\/seguros-goiena\/seguros-patrimoniales\/multirriesgo\/seguro-de-hogar\/\",\"url\":\"http:\/\/www.segurosgoiena.com\/es\/particulares\/seguros-goiena\/seguros-patrimoniales\/multirriesgo\/seguro-de-hogar\/\",\"name\":\"Goiena Seguros | Seguro de hogar\",\"isPartOf\":{\"@id\":\"https:\/\/www.segurosgoiena.com\/eu\/#website\"},\"primaryImageOfPage\":{\"@id\":\"http:\/\/www.segurosgoiena.com\/es\/particulares\/seguros-goiena\/seguros-patrimoniales\/multirriesgo\/seguro-de-hogar\/#primaryimage\"},\"image\":{\"@id\":\"http:\/\/www.segurosgoiena.com\/es\/particulares\/seguros-goiena\/seguros-patrimoniales\/multirriesgo\/seguro-de-hogar\/#primaryimage\"},\"thumbnailUrl\":\"https:\/\/www.segurosgoiena.com\/wp-content\/uploads\/2016\/12\/seguro-de-hogar.jpg\",\"datePublished\":\"2016-12-01T09:46:48+00:00\",\"dateModified\":\"2017-01-04T11:39:53+00:00\",\"description\":\"En Goiena ponemos a tu disposici\u00f3n una completa gama de seguros de hogar para proteger el lugar donde buscas tranquilidad y seguridad,\",\"breadcrumb\":{\"@id\":\"http:\/\/www.segurosgoiena.com\/es\/particulares\/seguros-goiena\/seguros-patrimoniales\/multirriesgo\/seguro-de-hogar\/#breadcrumb\"},\"inLanguage\":\"es\",\"potentialAction\":[{\"@type\":\"ReadAction\",\"target\":[\"http:\/\/www.segurosgoiena.com\/es\/particulares\/seguros-goiena\/seguros-patrimoniales\/multirriesgo\/seguro-de-hogar\/\"]}]},{\"@type\":\"ImageObject\",\"inLanguage\":\"es\",\"@id\":\"http:\/\/www.segurosgoiena.com\/es\/particulares\/seguros-goiena\/seguros-patrimoniales\/multirriesgo\/seguro-de-hogar\/#primaryimage\",\"url\":\"https:\/\/www.segurosgoiena.com\/wp-content\/uploads\/2016\/12\/seguro-de-hogar.jpg\",\"contentUrl\":\"https:\/\/www.segurosgoiena.com\/wp-content\/uploads\/2016\/12\/seguro-de-hogar.jpg\",\"width\":523,\"height\":425,\"caption\":\"seguro-de-hogar\"},{\"@type\":\"BreadcrumbList\",\"@id\":\"http:\/\/www.segurosgoiena.com\/es\/particulares\/seguros-goiena\/seguros-patrimoniales\/multirriesgo\/seguro-de-hogar\/#breadcrumb\",\"itemListElement\":[{\"@type\":\"ListItem\",\"position\":1,\"name\":\"Portada\",\"item\":\"https:\/\/www.segurosgoiena.com\/eu\/\"},{\"@type\":\"ListItem\",\"position\":2,\"name\":\"PARTICULARES\",\"item\":\"https:\/\/www.segurosgoiena.com\/es\/particulares\/\"},{\"@type\":\"ListItem\",\"position\":3,\"name\":\"SEGUROS GOIENA\",\"item\":\"http:\/\/www.segurosgoiena.com\/es\/particulares\/seguros-goiena\/\"},{\"@type\":\"ListItem\",\"position\":4,\"name\":\"SEGUROS PATRIMONIALES\",\"item\":\"http:\/\/www.segurosgoiena.com\/es\/particulares\/seguros-goiena\/seguros-patrimoniales\/\"},{\"@type\":\"ListItem\",\"position\":5,\"name\":\"MULTIRRIESGO\",\"item\":\"http:\/\/www.segurosgoiena.com\/es\/particulares\/seguros-goiena\/seguros-patrimoniales\/multirriesgo\/\"},{\"@type\":\"ListItem\",\"position\":6,\"name\":\"Seguro de hogar\"}]},{\"@type\":\"WebSite\",\"@id\":\"https:\/\/www.segurosgoiena.com\/eu\/#website\",\"url\":\"https:\/\/www.segurosgoiena.com\/eu\/\",\"name\":\"Seguros Goiena\",\"description\":\"Seguros para empresas y particulares\",\"potentialAction\":[{\"@type\":\"SearchAction\",\"target\":{\"@type\":\"EntryPoint\",\"urlTemplate\":\"https:\/\/www.segurosgoiena.com\/eu\/?s={search_term_string}\"},\"query-input\":\"required name=search_term_string\"}],\"inLanguage\":\"es\"}]}<\/script>\n<!-- \/ Yoast SEO plugin. -->","yoast_head_json":{"title":"Goiena Seguros | Seguro de hogar","description":"En Goiena ponemos a tu disposici\u00f3n una completa gama de seguros de hogar para proteger el lugar donde buscas tranquilidad y seguridad,","robots":{"index":"index","follow":"follow","max-snippet":"max-snippet:-1","max-image-preview":"max-image-preview:large","max-video-preview":"max-video-preview:-1"},"canonical":"http:\/\/www.segurosgoiena.com\/es\/particulares\/seguros-goiena\/seguros-patrimoniales\/multirriesgo\/seguro-de-hogar\/","og_locale":"es_ES","og_type":"article","og_title":"Goiena Seguros | Seguro de hogar","og_description":"En Goiena ponemos a tu disposici\u00f3n una completa gama de seguros de hogar para proteger el lugar donde buscas tranquilidad y seguridad,","og_url":"http:\/\/www.segurosgoiena.com\/es\/particulares\/seguros-goiena\/seguros-patrimoniales\/multirriesgo\/seguro-de-hogar\/","og_site_name":"Seguros Goiena","article_modified_time":"2017-01-04T11:39:53+00:00","og_image":[{"width":523,"height":425,"url":"http:\/\/www.segurosgoiena.com\/wp-content\/uploads\/2016\/12\/seguro-de-hogar.jpg","type":"image\/jpeg"}],"twitter_card":"summary_large_image","schema":{"@context":"https:\/\/schema.org","@graph":[{"@type":"WebPage","@id":"http:\/\/www.segurosgoiena.com\/es\/particulares\/seguros-goiena\/seguros-patrimoniales\/multirriesgo\/seguro-de-hogar\/","url":"http:\/\/www.segurosgoiena.com\/es\/particulares\/seguros-goiena\/seguros-patrimoniales\/multirriesgo\/seguro-de-hogar\/","name":"Goiena Seguros | Seguro de hogar","isPartOf":{"@id":"https:\/\/www.segurosgoiena.com\/eu\/#website"},"primaryImageOfPage":{"@id":"http:\/\/www.segurosgoiena.com\/es\/particulares\/seguros-goiena\/seguros-patrimoniales\/multirriesgo\/seguro-de-hogar\/#primaryimage"},"image":{"@id":"http:\/\/www.segurosgoiena.com\/es\/particulares\/seguros-goiena\/seguros-patrimoniales\/multirriesgo\/seguro-de-hogar\/#primaryimage"},"thumbnailUrl":"https:\/\/www.segurosgoiena.com\/wp-content\/uploads\/2016\/12\/seguro-de-hogar.jpg","datePublished":"2016-12-01T09:46:48+00:00","dateModified":"2017-01-04T11:39:53+00:00","description":"En Goiena ponemos a tu disposici\u00f3n una completa gama de seguros de hogar para proteger el lugar donde buscas tranquilidad y seguridad,","breadcrumb":{"@id":"http:\/\/www.segurosgoiena.com\/es\/particulares\/seguros-goiena\/seguros-patrimoniales\/multirriesgo\/seguro-de-hogar\/#breadcrumb"},"inLanguage":"es","potentialAction":[{"@type":"ReadAction","target":["http:\/\/www.segurosgoiena.com\/es\/particulares\/seguros-goiena\/seguros-patrimoniales\/multirriesgo\/seguro-de-hogar\/"]}]},{"@type":"ImageObject","inLanguage":"es","@id":"http:\/\/www.segurosgoiena.com\/es\/particulares\/seguros-goiena\/seguros-patrimoniales\/multirriesgo\/seguro-de-hogar\/#primaryimage","url":"https:\/\/www.segurosgoiena.com\/wp-content\/uploads\/2016\/12\/seguro-de-hogar.jpg","contentUrl":"https:\/\/www.segurosgoiena.com\/wp-content\/uploads\/2016\/12\/seguro-de-hogar.jpg","width":523,"height":425,"caption":"seguro-de-hogar"},{"@type":"BreadcrumbList","@id":"http:\/\/www.segurosgoiena.com\/es\/particulares\/seguros-goiena\/seguros-patrimoniales\/multirriesgo\/seguro-de-hogar\/#breadcrumb","itemListElement":[{"@type":"ListItem","position":1,"name":"Portada","item":"https:\/\/www.segurosgoiena.com\/eu\/"},{"@type":"ListItem","position":2,"name":"PARTICULARES","item":"https:\/\/www.segurosgoiena.com\/es\/particulares\/"},{"@type":"ListItem","position":3,"name":"SEGUROS GOIENA","item":"http:\/\/www.segurosgoiena.com\/es\/particulares\/seguros-goiena\/"},{"@type":"ListItem","position":4,"name":"SEGUROS PATRIMONIALES","item":"http:\/\/www.segurosgoiena.com\/es\/particulares\/seguros-goiena\/seguros-patrimoniales\/"},{"@type":"ListItem","position":5,"name":"MULTIRRIESGO","item":"http:\/\/www.segurosgoiena.com\/es\/particulares\/seguros-goiena\/seguros-patrimoniales\/multirriesgo\/"},{"@type":"ListItem","position":6,"name":"Seguro de hogar"}]},{"@type":"WebSite","@id":"https:\/\/www.segurosgoiena.com\/eu\/#website","url":"https:\/\/www.segurosgoiena.com\/eu\/","name":"Seguros Goiena","description":"Seguros para empresas y particulares","potentialAction":[{"@type":"SearchAction","target":{"@type":"EntryPoint","urlTemplate":"https:\/\/www.segurosgoiena.com\/eu\/?s={search_term_string}"},"query-input":"required name=search_term_string"}],"inLanguage":"es"}]}},"_links":{"self":[{"href":"https:\/\/www.segurosgoiena.com\/es\/wp-json\/wp\/v2\/pages\/479","targetHints":{"allow":["GET"]}}],"collection":[{"href":"https:\/\/www.segurosgoiena.com\/es\/wp-json\/wp\/v2\/pages"}],"about":[{"href":"https:\/\/www.segurosgoiena.com\/es\/wp-json\/wp\/v2\/types\/page"}],"author":[{"embeddable":true,"href":"https:\/\/www.segurosgoiena.com\/es\/wp-json\/wp\/v2\/users\/1"}],"replies":[{"embeddable":true,"href":"https:\/\/www.segurosgoiena.com\/es\/wp-json\/wp\/v2\/comments?post=479"}],"version-history":[{"count":16,"href":"https:\/\/www.segurosgoiena.com\/es\/wp-json\/wp\/v2\/pages\/479\/revisions"}],"predecessor-version":[{"id":1705,"href":"https:\/\/www.segurosgoiena.com\/es\/wp-json\/wp\/v2\/pages\/479\/revisions\/1705"}],"up":[{"embeddable":true,"href":"https:\/\/www.segurosgoiena.com\/es\/wp-json\/wp\/v2\/pages\/465"}],"wp:featuredmedia":[{"embeddable":true,"href":"https:\/\/www.segurosgoiena.com\/es\/wp-json\/wp\/v2\/media\/520"}],"wp:attachment":[{"href":"https:\/\/www.segurosgoiena.com\/es\/wp-json\/wp\/v2\/media?parent=479"}],"curies":[{"name":"wp","href":"https:\/\/api.w.org\/{rel}","templated":true}]}}