{"id":475,"date":"2016-12-01T09:32:45","date_gmt":"2016-12-01T09:32:45","guid":{"rendered":"http:\/\/www.segurosgoiena.com\/?page_id=475\/"},"modified":"2017-01-04T11:20:13","modified_gmt":"2017-01-04T11:20:13","slug":"turismos","status":"publish","type":"page","link":"https:\/\/www.segurosgoiena.com\/es\/particulares\/seguros-goiena\/seguros-patrimoniales\/motor\/seguro-de-coche\/turismos\/","title":{"rendered":"Turismos"},"content":{"rendered":"<p>Cada veh\u00edculo tiene utilidades distintas; por ello, en Goiena ponemos a tu disposici\u00f3n una completa gama de seguros turismo para todo tipo de veh\u00edculos de esta clase.<\/p>\n<h4>Una modalidad de seguro para cada necesidad.<\/h4>\n","protected":false},"excerpt":{"rendered":"<p>Cada veh\u00edculo tiene utilidades distintas; por ello, en Goiena ponemos a tu disposici\u00f3n una completa gama de seguros turismo para todo tipo de veh\u00edculos de esta clase. Una modalidad de seguro para cada necesidad.<\/p>\n","protected":false},"author":1,"featured_media":510,"parent":467,"menu_order":10,"comment_status":"closed","ping_status":"closed","template":"page-templates\/template-producto.php","meta":{"_acf_changed":false,"footnotes":""},"class_list":["post-475","page","type-page","status-publish","has-post-thumbnail","hentry"],"acf":[],"yoast_head":"<!-- This site is optimized with the Yoast SEO plugin v22.5 - https:\/\/yoast.com\/wordpress\/plugins\/seo\/ -->\n<title>Goiena Seguros | Seguros Turismos<\/title>\n<meta name=\"description\" content=\"Una completa gama de seguros turismo para todo tipo de veh\u00edculos de esta clase.\" \/>\n<meta name=\"robots\" content=\"index, follow, max-snippet:-1, max-image-preview:large, max-video-preview:-1\" \/>\n<link rel=\"canonical\" href=\"http:\/\/www.segurosgoiena.com\/es\/particulares\/seguros-goiena\/seguros-patrimoniales\/motor\/seguro-de-coche\/turismos\/\" \/>\n<meta property=\"og:locale\" content=\"es_ES\" \/>\n<meta property=\"og:type\" content=\"article\" \/>\n<meta property=\"og:title\" content=\"Goiena Seguros | Seguros Turismos\" \/>\n<meta property=\"og:description\" content=\"Una completa gama de seguros turismo para todo tipo de veh\u00edculos de esta clase.\" \/>\n<meta property=\"og:url\" content=\"http:\/\/www.segurosgoiena.com\/es\/particulares\/seguros-goiena\/seguros-patrimoniales\/motor\/seguro-de-coche\/turismos\/\" \/>\n<meta property=\"og:site_name\" content=\"Seguros Goiena\" \/>\n<meta property=\"article:modified_time\" content=\"2017-01-04T11:20:13+00:00\" \/>\n<meta property=\"og:image\" content=\"http:\/\/www.segurosgoiena.com\/wp-content\/uploads\/2016\/12\/turismos.jpg\" \/>\n\t<meta property=\"og:image:width\" content=\"523\" \/>\n\t<meta property=\"og:image:height\" content=\"425\" \/>\n\t<meta property=\"og:image:type\" content=\"image\/jpeg\" \/>\n<meta name=\"twitter:card\" content=\"summary_large_image\" \/>\n<script type=\"application\/ld+json\" class=\"yoast-schema-graph\">{\"@context\":\"https:\/\/schema.org\",\"@graph\":[{\"@type\":\"WebPage\",\"@id\":\"http:\/\/www.segurosgoiena.com\/es\/particulares\/seguros-goiena\/seguros-patrimoniales\/motor\/seguro-de-coche\/turismos\/\",\"url\":\"http:\/\/www.segurosgoiena.com\/es\/particulares\/seguros-goiena\/seguros-patrimoniales\/motor\/seguro-de-coche\/turismos\/\",\"name\":\"Goiena Seguros | Seguros Turismos\",\"isPartOf\":{\"@id\":\"https:\/\/www.segurosgoiena.com\/eu\/#website\"},\"primaryImageOfPage\":{\"@id\":\"http:\/\/www.segurosgoiena.com\/es\/particulares\/seguros-goiena\/seguros-patrimoniales\/motor\/seguro-de-coche\/turismos\/#primaryimage\"},\"image\":{\"@id\":\"http:\/\/www.segurosgoiena.com\/es\/particulares\/seguros-goiena\/seguros-patrimoniales\/motor\/seguro-de-coche\/turismos\/#primaryimage\"},\"thumbnailUrl\":\"https:\/\/www.segurosgoiena.com\/wp-content\/uploads\/2016\/12\/turismos.jpg\",\"datePublished\":\"2016-12-01T09:32:45+00:00\",\"dateModified\":\"2017-01-04T11:20:13+00:00\",\"description\":\"Una completa gama de seguros turismo para todo tipo de veh\u00edculos de esta clase.\",\"breadcrumb\":{\"@id\":\"http:\/\/www.segurosgoiena.com\/es\/particulares\/seguros-goiena\/seguros-patrimoniales\/motor\/seguro-de-coche\/turismos\/#breadcrumb\"},\"inLanguage\":\"es\",\"potentialAction\":[{\"@type\":\"ReadAction\",\"target\":[\"http:\/\/www.segurosgoiena.com\/es\/particulares\/seguros-goiena\/seguros-patrimoniales\/motor\/seguro-de-coche\/turismos\/\"]}]},{\"@type\":\"ImageObject\",\"inLanguage\":\"es\",\"@id\":\"http:\/\/www.segurosgoiena.com\/es\/particulares\/seguros-goiena\/seguros-patrimoniales\/motor\/seguro-de-coche\/turismos\/#primaryimage\",\"url\":\"https:\/\/www.segurosgoiena.com\/wp-content\/uploads\/2016\/12\/turismos.jpg\",\"contentUrl\":\"https:\/\/www.segurosgoiena.com\/wp-content\/uploads\/2016\/12\/turismos.jpg\",\"width\":523,\"height\":425,\"caption\":\"seguros-turismo\"},{\"@type\":\"BreadcrumbList\",\"@id\":\"http:\/\/www.segurosgoiena.com\/es\/particulares\/seguros-goiena\/seguros-patrimoniales\/motor\/seguro-de-coche\/turismos\/#breadcrumb\",\"itemListElement\":[{\"@type\":\"ListItem\",\"position\":1,\"name\":\"Portada\",\"item\":\"https:\/\/www.segurosgoiena.com\/eu\/\"},{\"@type\":\"ListItem\",\"position\":2,\"name\":\"PARTICULARES\",\"item\":\"https:\/\/www.segurosgoiena.com\/es\/particulares\/\"},{\"@type\":\"ListItem\",\"position\":3,\"name\":\"SEGUROS GOIENA\",\"item\":\"http:\/\/www.segurosgoiena.com\/es\/particulares\/seguros-goiena\/\"},{\"@type\":\"ListItem\",\"position\":4,\"name\":\"SEGUROS PATRIMONIALES\",\"item\":\"http:\/\/www.segurosgoiena.com\/es\/particulares\/seguros-goiena\/seguros-patrimoniales\/\"},{\"@type\":\"ListItem\",\"position\":5,\"name\":\"MOTOR\",\"item\":\"http:\/\/www.segurosgoiena.com\/es\/particulares\/seguros-goiena\/seguros-patrimoniales\/motor\/\"},{\"@type\":\"ListItem\",\"position\":6,\"name\":\"Seguro de coche\",\"item\":\"http:\/\/www.segurosgoiena.com\/es\/particulares\/seguros-goiena\/seguros-patrimoniales\/motor\/seguro-de-coche\/\"},{\"@type\":\"ListItem\",\"position\":7,\"name\":\"Turismos\"}]},{\"@type\":\"WebSite\",\"@id\":\"https:\/\/www.segurosgoiena.com\/eu\/#website\",\"url\":\"https:\/\/www.segurosgoiena.com\/eu\/\",\"name\":\"Seguros Goiena\",\"description\":\"Seguros para empresas y particulares\",\"potentialAction\":[{\"@type\":\"SearchAction\",\"target\":{\"@type\":\"EntryPoint\",\"urlTemplate\":\"https:\/\/www.segurosgoiena.com\/eu\/?s={search_term_string}\"},\"query-input\":\"required name=search_term_string\"}],\"inLanguage\":\"es\"}]}<\/script>\n<!-- \/ Yoast SEO plugin. -->","yoast_head_json":{"title":"Goiena Seguros | Seguros Turismos","description":"Una completa gama de seguros turismo para todo tipo de veh\u00edculos de esta clase.","robots":{"index":"index","follow":"follow","max-snippet":"max-snippet:-1","max-image-preview":"max-image-preview:large","max-video-preview":"max-video-preview:-1"},"canonical":"http:\/\/www.segurosgoiena.com\/es\/particulares\/seguros-goiena\/seguros-patrimoniales\/motor\/seguro-de-coche\/turismos\/","og_locale":"es_ES","og_type":"article","og_title":"Goiena Seguros | Seguros Turismos","og_description":"Una completa gama de seguros turismo para todo tipo de veh\u00edculos de esta clase.","og_url":"http:\/\/www.segurosgoiena.com\/es\/particulares\/seguros-goiena\/seguros-patrimoniales\/motor\/seguro-de-coche\/turismos\/","og_site_name":"Seguros Goiena","article_modified_time":"2017-01-04T11:20:13+00:00","og_image":[{"width":523,"height":425,"url":"http:\/\/www.segurosgoiena.com\/wp-content\/uploads\/2016\/12\/turismos.jpg","type":"image\/jpeg"}],"twitter_card":"summary_large_image","schema":{"@context":"https:\/\/schema.org","@graph":[{"@type":"WebPage","@id":"http:\/\/www.segurosgoiena.com\/es\/particulares\/seguros-goiena\/seguros-patrimoniales\/motor\/seguro-de-coche\/turismos\/","url":"http:\/\/www.segurosgoiena.com\/es\/particulares\/seguros-goiena\/seguros-patrimoniales\/motor\/seguro-de-coche\/turismos\/","name":"Goiena Seguros | Seguros Turismos","isPartOf":{"@id":"https:\/\/www.segurosgoiena.com\/eu\/#website"},"primaryImageOfPage":{"@id":"http:\/\/www.segurosgoiena.com\/es\/particulares\/seguros-goiena\/seguros-patrimoniales\/motor\/seguro-de-coche\/turismos\/#primaryimage"},"image":{"@id":"http:\/\/www.segurosgoiena.com\/es\/particulares\/seguros-goiena\/seguros-patrimoniales\/motor\/seguro-de-coche\/turismos\/#primaryimage"},"thumbnailUrl":"https:\/\/www.segurosgoiena.com\/wp-content\/uploads\/2016\/12\/turismos.jpg","datePublished":"2016-12-01T09:32:45+00:00","dateModified":"2017-01-04T11:20:13+00:00","description":"Una completa gama de seguros turismo para todo tipo de veh\u00edculos de esta clase.","breadcrumb":{"@id":"http:\/\/www.segurosgoiena.com\/es\/particulares\/seguros-goiena\/seguros-patrimoniales\/motor\/seguro-de-coche\/turismos\/#breadcrumb"},"inLanguage":"es","potentialAction":[{"@type":"ReadAction","target":["http:\/\/www.segurosgoiena.com\/es\/particulares\/seguros-goiena\/seguros-patrimoniales\/motor\/seguro-de-coche\/turismos\/"]}]},{"@type":"ImageObject","inLanguage":"es","@id":"http:\/\/www.segurosgoiena.com\/es\/particulares\/seguros-goiena\/seguros-patrimoniales\/motor\/seguro-de-coche\/turismos\/#primaryimage","url":"https:\/\/www.segurosgoiena.com\/wp-content\/uploads\/2016\/12\/turismos.jpg","contentUrl":"https:\/\/www.segurosgoiena.com\/wp-content\/uploads\/2016\/12\/turismos.jpg","width":523,"height":425,"caption":"seguros-turismo"},{"@type":"BreadcrumbList","@id":"http:\/\/www.segurosgoiena.com\/es\/particulares\/seguros-goiena\/seguros-patrimoniales\/motor\/seguro-de-coche\/turismos\/#breadcrumb","itemListElement":[{"@type":"ListItem","position":1,"name":"Portada","item":"https:\/\/www.segurosgoiena.com\/eu\/"},{"@type":"ListItem","position":2,"name":"PARTICULARES","item":"https:\/\/www.segurosgoiena.com\/es\/particulares\/"},{"@type":"ListItem","position":3,"name":"SEGUROS GOIENA","item":"http:\/\/www.segurosgoiena.com\/es\/particulares\/seguros-goiena\/"},{"@type":"ListItem","position":4,"name":"SEGUROS PATRIMONIALES","item":"http:\/\/www.segurosgoiena.com\/es\/particulares\/seguros-goiena\/seguros-patrimoniales\/"},{"@type":"ListItem","position":5,"name":"MOTOR","item":"http:\/\/www.segurosgoiena.com\/es\/particulares\/seguros-goiena\/seguros-patrimoniales\/motor\/"},{"@type":"ListItem","position":6,"name":"Seguro de coche","item":"http:\/\/www.segurosgoiena.com\/es\/particulares\/seguros-goiena\/seguros-patrimoniales\/motor\/seguro-de-coche\/"},{"@type":"ListItem","position":7,"name":"Turismos"}]},{"@type":"WebSite","@id":"https:\/\/www.segurosgoiena.com\/eu\/#website","url":"https:\/\/www.segurosgoiena.com\/eu\/","name":"Seguros Goiena","description":"Seguros para empresas y particulares","potentialAction":[{"@type":"SearchAction","target":{"@type":"EntryPoint","urlTemplate":"https:\/\/www.segurosgoiena.com\/eu\/?s={search_term_string}"},"query-input":"required name=search_term_string"}],"inLanguage":"es"}]}},"_links":{"self":[{"href":"https:\/\/www.segurosgoiena.com\/es\/wp-json\/wp\/v2\/pages\/475","targetHints":{"allow":["GET"]}}],"collection":[{"href":"https:\/\/www.segurosgoiena.com\/es\/wp-json\/wp\/v2\/pages"}],"about":[{"href":"https:\/\/www.segurosgoiena.com\/es\/wp-json\/wp\/v2\/types\/page"}],"author":[{"embeddable":true,"href":"https:\/\/www.segurosgoiena.com\/es\/wp-json\/wp\/v2\/users\/1"}],"replies":[{"embeddable":true,"href":"https:\/\/www.segurosgoiena.com\/es\/wp-json\/wp\/v2\/comments?post=475"}],"version-history":[{"count":13,"href":"https:\/\/www.segurosgoiena.com\/es\/wp-json\/wp\/v2\/pages\/475\/revisions"}],"predecessor-version":[{"id":1698,"href":"https:\/\/www.segurosgoiena.com\/es\/wp-json\/wp\/v2\/pages\/475\/revisions\/1698"}],"up":[{"embeddable":true,"href":"https:\/\/www.segurosgoiena.com\/es\/wp-json\/wp\/v2\/pages\/467"}],"wp:featuredmedia":[{"embeddable":true,"href":"https:\/\/www.segurosgoiena.com\/es\/wp-json\/wp\/v2\/media\/510"}],"wp:attachment":[{"href":"https:\/\/www.segurosgoiena.com\/es\/wp-json\/wp\/v2\/media?parent=475"}],"curies":[{"name":"wp","href":"https:\/\/api.w.org\/{rel}","templated":true}]}}