{"id":449,"date":"2016-11-30T15:59:33","date_gmt":"2016-11-30T15:59:33","guid":{"rendered":"http:\/\/www.segurosgoiena.com\/?page_id=449\/"},"modified":"2022-04-01T06:14:53","modified_gmt":"2022-04-01T06:14:53","slug":"ventajas-goiena","status":"publish","type":"page","link":"https:\/\/www.segurosgoiena.com\/es\/particulares\/ventajas-goiena\/","title":{"rendered":"VENTAJAS GOIENA"},"content":{"rendered":"<h2>M\u00e1s de \u00a03.500 clientes nos avalan<\/h2>\n<p>Goiena Corredur\u00eda de Seguros S.L. es una empresa dedicada a la mediaci\u00f3n de seguros, que aporta valor a sus clientes, asesor\u00e1ndoles en la mejor soluci\u00f3n para la protecci\u00f3n de las personas, bienes y patrimonios.<\/p>\n<p><img loading=\"lazy\" decoding=\"async\" class=\"alignnone size-large wp-image-2837\" src=\"http:\/\/www.segurosgoiena.com\/wp-content\/uploads\/2022\/04\/25032022-_A7A9683-1024x683.jpg\" alt=\"seguros_goiena\" width=\"1024\" height=\"683\" srcset=\"https:\/\/www.segurosgoiena.com\/wp-content\/uploads\/2022\/04\/25032022-_A7A9683-1024x683.jpg 1024w, https:\/\/www.segurosgoiena.com\/wp-content\/uploads\/2022\/04\/25032022-_A7A9683-523x349.jpg 523w, https:\/\/www.segurosgoiena.com\/wp-content\/uploads\/2022\/04\/25032022-_A7A9683-148x100.jpg 148w, https:\/\/www.segurosgoiena.com\/wp-content\/uploads\/2022\/04\/25032022-_A7A9683-768x512.jpg 768w, https:\/\/www.segurosgoiena.com\/wp-content\/uploads\/2022\/04\/25032022-_A7A9683-1536x1024.jpg 1536w, https:\/\/www.segurosgoiena.com\/wp-content\/uploads\/2022\/04\/25032022-_A7A9683.jpg 1875w\" sizes=\"auto, (max-width: 1024px) 100vw, 1024px\" \/><\/p>\n<h3>Nuestro Objetivo<\/h3>\n<p>Ofrecer servicios integrales de asesoramiento en Seguros a Personas, Profesionales y Empresas. Nos preocupamos por solucionar las necesidades de cobertura de riesgos de nuestros clientes de una manera integral, con el compromiso de brindar una atenci\u00f3n cercana y de calidad; a trav\u00e9s de una formaci\u00f3n continua y de adaptaci\u00f3n a las nuevas tecnolog\u00edas.<\/p>\n<p>El valor de nuestro equipo humano, la experiencia y nuestra cercan\u00eda al cliente son nuestros principales activos corporativos.<\/p>\n<h3>Propuesta de valor<\/h3>\n<p>La r\u00e1pida evoluci\u00f3n de los mercados, su alta competitividad y la mayor exigencia de los clientes, han impulsado a nuestra organizaci\u00f3n hacia una estrategia basada en aportar un <strong>servicio cercano,<\/strong> transparente, <strong>y especializado en el asesoramiento de diferentes \u00e1reas de negocio y riesgos de particulares.<\/strong><\/p>\n<p><img loading=\"lazy\" decoding=\"async\" class=\"size-full wp-image-1499 alignright\" src=\"http:\/\/www.segurosgoiena.com\/wp-content\/uploads\/2016\/12\/reunion.jpg\" alt=\"\" width=\"532\" height=\"348\" srcset=\"https:\/\/www.segurosgoiena.com\/wp-content\/uploads\/2016\/12\/reunion.jpg 532w, https:\/\/www.segurosgoiena.com\/wp-content\/uploads\/2016\/12\/reunion-523x342.jpg 523w\" sizes=\"auto, (max-width: 532px) 100vw, 532px\" \/>La premisa de nuestra actividad es asesorar a nuestros clientes actuales y potenciales con profesionalidad, a trav\u00e9s de planes de seguros que cubran plenamente sus necesidades, y como resultado del an\u00e1lisis de las distintas alternativas del mercado.<\/p>\n<p>Todo ello soportado por un equipo humano, competente, honesto, estrictamente cumplidor de la legalidad y la responsabilidad social, altamente comprometido en la satisfacci\u00f3n del cliente ante el planteamiento de sus riesgos y la gesti\u00f3n del siniestro.<\/p>\n<h3>Nuestros Valores<\/h3>\n<h4>Cercan\u00eda<\/h4>\n<p>Nuestra oferta de valor m\u00e1s importante y principal se\u00f1a de identidad. Proximidad y confianza en el trato personal y humano. Estamos cerca de ti y tu familia.<\/p>\n<h4>Especializaci\u00f3n<\/h4>\n<p>Alto grado en el Asesoramiento de Salud, Vida, Ahorro e Inversi\u00f3n.<\/p>\n<h4>Integridad<\/h4>\n<p>Responsabilidad, Transparencia y Honestidad.<\/p>\n<h4>Independencia<\/h4>\n<p>Defendemos los intereses de nuestros clientes frente a las Compa\u00f1\u00edas de Seguros o terceros responsables.<\/p>\n<h4>Trabajo en equipo<\/h4>\n<p>Responsabilidad compartida. Generamos flujos de negocios y colaboraci\u00f3n con Gestor\u00edas Administrativas, Asesor\u00edas y Administradores de Fincas.<\/p>\n<h4>Pasi\u00f3n<\/h4>\n<p>Creemos en lo que hacemos.<\/p>\n","protected":false},"excerpt":{"rendered":"<p>M\u00e1s de \u00a03.500 clientes nos avalan Goiena Corredur\u00eda de Seguros S.L. es una empresa dedicada a la mediaci\u00f3n de seguros, que aporta valor a sus clientes, asesor\u00e1ndoles en la mejor soluci\u00f3n para la protecci\u00f3n de las personas, bienes y patrimonios. Nuestro Objetivo Ofrecer servicios integrales de asesoramiento en Seguros a Personas, Profesionales y Empresas. Nos [&hellip;]<\/p>\n","protected":false},"author":1,"featured_media":0,"parent":213,"menu_order":0,"comment_status":"closed","ping_status":"closed","template":"","meta":{"_acf_changed":false,"footnotes":""},"class_list":["post-449","page","type-page","status-publish","hentry"],"acf":[],"yoast_head":"<!-- This site is optimized with the Yoast SEO plugin v22.5 - https:\/\/yoast.com\/wordpress\/plugins\/seo\/ -->\n<title>Goiena Seguros | Ventajas<\/title>\n<meta name=\"description\" content=\"Goiena Corredur\u00eda de Seguros S.L. es una empresa dedicada a la mediaci\u00f3n de seguros, que aporta valor a sus clientes, asesor\u00e1ndoles en la mejor soluci\u00f3n.\" \/>\n<meta name=\"robots\" content=\"index, follow, max-snippet:-1, max-image-preview:large, max-video-preview:-1\" \/>\n<link rel=\"canonical\" href=\"https:\/\/www.segurosgoiena.com\/es\/particulares\/ventajas-goiena\/\" \/>\n<meta property=\"og:locale\" content=\"es_ES\" \/>\n<meta property=\"og:type\" content=\"article\" \/>\n<meta property=\"og:title\" content=\"Goiena Seguros | Ventajas\" \/>\n<meta property=\"og:description\" content=\"Goiena Corredur\u00eda de Seguros S.L. es una empresa dedicada a la mediaci\u00f3n de seguros, que aporta valor a sus clientes, asesor\u00e1ndoles en la mejor soluci\u00f3n.\" \/>\n<meta property=\"og:url\" content=\"https:\/\/www.segurosgoiena.com\/es\/particulares\/ventajas-goiena\/\" \/>\n<meta property=\"og:site_name\" content=\"Seguros Goiena\" \/>\n<meta property=\"article:modified_time\" content=\"2022-04-01T06:14:53+00:00\" \/>\n<meta property=\"og:image\" content=\"http:\/\/www.segurosgoiena.com\/wp-content\/uploads\/2022\/04\/25032022-_A7A9683-1024x683.jpg\" \/>\n<meta name=\"twitter:card\" content=\"summary_large_image\" \/>\n<meta name=\"twitter:label1\" content=\"Tiempo de lectura\" \/>\n\t<meta name=\"twitter:data1\" content=\"2 minutos\" \/>\n<script type=\"application\/ld+json\" class=\"yoast-schema-graph\">{\"@context\":\"https:\/\/schema.org\",\"@graph\":[{\"@type\":\"WebPage\",\"@id\":\"https:\/\/www.segurosgoiena.com\/es\/particulares\/ventajas-goiena\/\",\"url\":\"https:\/\/www.segurosgoiena.com\/es\/particulares\/ventajas-goiena\/\",\"name\":\"Goiena Seguros | Ventajas\",\"isPartOf\":{\"@id\":\"http:\/\/www.segurosgoiena.com\/eu\/#website\"},\"primaryImageOfPage\":{\"@id\":\"https:\/\/www.segurosgoiena.com\/es\/particulares\/ventajas-goiena\/#primaryimage\"},\"image\":{\"@id\":\"https:\/\/www.segurosgoiena.com\/es\/particulares\/ventajas-goiena\/#primaryimage\"},\"thumbnailUrl\":\"http:\/\/www.segurosgoiena.com\/wp-content\/uploads\/2022\/04\/25032022-_A7A9683-1024x683.jpg\",\"datePublished\":\"2016-11-30T15:59:33+00:00\",\"dateModified\":\"2022-04-01T06:14:53+00:00\",\"description\":\"Goiena Corredur\u00eda de Seguros S.L. es una empresa dedicada a la mediaci\u00f3n de seguros, que aporta valor a sus clientes, asesor\u00e1ndoles en la mejor soluci\u00f3n.\",\"breadcrumb\":{\"@id\":\"https:\/\/www.segurosgoiena.com\/es\/particulares\/ventajas-goiena\/#breadcrumb\"},\"inLanguage\":\"es\",\"potentialAction\":[{\"@type\":\"ReadAction\",\"target\":[\"https:\/\/www.segurosgoiena.com\/es\/particulares\/ventajas-goiena\/\"]}]},{\"@type\":\"ImageObject\",\"inLanguage\":\"es\",\"@id\":\"https:\/\/www.segurosgoiena.com\/es\/particulares\/ventajas-goiena\/#primaryimage\",\"url\":\"http:\/\/www.segurosgoiena.com\/wp-content\/uploads\/2022\/04\/25032022-_A7A9683-1024x683.jpg\",\"contentUrl\":\"http:\/\/www.segurosgoiena.com\/wp-content\/uploads\/2022\/04\/25032022-_A7A9683-1024x683.jpg\"},{\"@type\":\"BreadcrumbList\",\"@id\":\"https:\/\/www.segurosgoiena.com\/es\/particulares\/ventajas-goiena\/#breadcrumb\",\"itemListElement\":[{\"@type\":\"ListItem\",\"position\":1,\"name\":\"Portada\",\"item\":\"http:\/\/www.segurosgoiena.com\/eu\/\"},{\"@type\":\"ListItem\",\"position\":2,\"name\":\"PARTICULARES\",\"item\":\"https:\/\/www.segurosgoiena.com\/es\/particulares\/\"},{\"@type\":\"ListItem\",\"position\":3,\"name\":\"VENTAJAS GOIENA\"}]},{\"@type\":\"WebSite\",\"@id\":\"http:\/\/www.segurosgoiena.com\/eu\/#website\",\"url\":\"http:\/\/www.segurosgoiena.com\/eu\/\",\"name\":\"Seguros Goiena\",\"description\":\"Seguros para empresas y particulares\",\"potentialAction\":[{\"@type\":\"SearchAction\",\"target\":{\"@type\":\"EntryPoint\",\"urlTemplate\":\"http:\/\/www.segurosgoiena.com\/eu\/?s={search_term_string}\"},\"query-input\":\"required name=search_term_string\"}],\"inLanguage\":\"es\"}]}<\/script>\n<!-- \/ Yoast SEO plugin. -->","yoast_head_json":{"title":"Goiena Seguros | Ventajas","description":"Goiena Corredur\u00eda de Seguros S.L. es una empresa dedicada a la mediaci\u00f3n de seguros, que aporta valor a sus clientes, asesor\u00e1ndoles en la mejor soluci\u00f3n.","robots":{"index":"index","follow":"follow","max-snippet":"max-snippet:-1","max-image-preview":"max-image-preview:large","max-video-preview":"max-video-preview:-1"},"canonical":"https:\/\/www.segurosgoiena.com\/es\/particulares\/ventajas-goiena\/","og_locale":"es_ES","og_type":"article","og_title":"Goiena Seguros | Ventajas","og_description":"Goiena Corredur\u00eda de Seguros S.L. es una empresa dedicada a la mediaci\u00f3n de seguros, que aporta valor a sus clientes, asesor\u00e1ndoles en la mejor soluci\u00f3n.","og_url":"https:\/\/www.segurosgoiena.com\/es\/particulares\/ventajas-goiena\/","og_site_name":"Seguros Goiena","article_modified_time":"2022-04-01T06:14:53+00:00","og_image":[{"url":"http:\/\/www.segurosgoiena.com\/wp-content\/uploads\/2022\/04\/25032022-_A7A9683-1024x683.jpg"}],"twitter_card":"summary_large_image","twitter_misc":{"Tiempo de lectura":"2 minutos"},"schema":{"@context":"https:\/\/schema.org","@graph":[{"@type":"WebPage","@id":"https:\/\/www.segurosgoiena.com\/es\/particulares\/ventajas-goiena\/","url":"https:\/\/www.segurosgoiena.com\/es\/particulares\/ventajas-goiena\/","name":"Goiena Seguros | Ventajas","isPartOf":{"@id":"http:\/\/www.segurosgoiena.com\/eu\/#website"},"primaryImageOfPage":{"@id":"https:\/\/www.segurosgoiena.com\/es\/particulares\/ventajas-goiena\/#primaryimage"},"image":{"@id":"https:\/\/www.segurosgoiena.com\/es\/particulares\/ventajas-goiena\/#primaryimage"},"thumbnailUrl":"http:\/\/www.segurosgoiena.com\/wp-content\/uploads\/2022\/04\/25032022-_A7A9683-1024x683.jpg","datePublished":"2016-11-30T15:59:33+00:00","dateModified":"2022-04-01T06:14:53+00:00","description":"Goiena Corredur\u00eda de Seguros S.L. es una empresa dedicada a la mediaci\u00f3n de seguros, que aporta valor a sus clientes, asesor\u00e1ndoles en la mejor soluci\u00f3n.","breadcrumb":{"@id":"https:\/\/www.segurosgoiena.com\/es\/particulares\/ventajas-goiena\/#breadcrumb"},"inLanguage":"es","potentialAction":[{"@type":"ReadAction","target":["https:\/\/www.segurosgoiena.com\/es\/particulares\/ventajas-goiena\/"]}]},{"@type":"ImageObject","inLanguage":"es","@id":"https:\/\/www.segurosgoiena.com\/es\/particulares\/ventajas-goiena\/#primaryimage","url":"http:\/\/www.segurosgoiena.com\/wp-content\/uploads\/2022\/04\/25032022-_A7A9683-1024x683.jpg","contentUrl":"http:\/\/www.segurosgoiena.com\/wp-content\/uploads\/2022\/04\/25032022-_A7A9683-1024x683.jpg"},{"@type":"BreadcrumbList","@id":"https:\/\/www.segurosgoiena.com\/es\/particulares\/ventajas-goiena\/#breadcrumb","itemListElement":[{"@type":"ListItem","position":1,"name":"Portada","item":"http:\/\/www.segurosgoiena.com\/eu\/"},{"@type":"ListItem","position":2,"name":"PARTICULARES","item":"https:\/\/www.segurosgoiena.com\/es\/particulares\/"},{"@type":"ListItem","position":3,"name":"VENTAJAS GOIENA"}]},{"@type":"WebSite","@id":"http:\/\/www.segurosgoiena.com\/eu\/#website","url":"http:\/\/www.segurosgoiena.com\/eu\/","name":"Seguros Goiena","description":"Seguros para empresas y particulares","potentialAction":[{"@type":"SearchAction","target":{"@type":"EntryPoint","urlTemplate":"http:\/\/www.segurosgoiena.com\/eu\/?s={search_term_string}"},"query-input":"required name=search_term_string"}],"inLanguage":"es"}]}},"_links":{"self":[{"href":"https:\/\/www.segurosgoiena.com\/es\/wp-json\/wp\/v2\/pages\/449","targetHints":{"allow":["GET"]}}],"collection":[{"href":"https:\/\/www.segurosgoiena.com\/es\/wp-json\/wp\/v2\/pages"}],"about":[{"href":"https:\/\/www.segurosgoiena.com\/es\/wp-json\/wp\/v2\/types\/page"}],"author":[{"embeddable":true,"href":"https:\/\/www.segurosgoiena.com\/es\/wp-json\/wp\/v2\/users\/1"}],"replies":[{"embeddable":true,"href":"https:\/\/www.segurosgoiena.com\/es\/wp-json\/wp\/v2\/comments?post=449"}],"version-history":[{"count":23,"href":"https:\/\/www.segurosgoiena.com\/es\/wp-json\/wp\/v2\/pages\/449\/revisions"}],"predecessor-version":[{"id":2839,"href":"https:\/\/www.segurosgoiena.com\/es\/wp-json\/wp\/v2\/pages\/449\/revisions\/2839"}],"up":[{"embeddable":true,"href":"https:\/\/www.segurosgoiena.com\/es\/wp-json\/wp\/v2\/pages\/213"}],"wp:attachment":[{"href":"https:\/\/www.segurosgoiena.com\/es\/wp-json\/wp\/v2\/media?parent=449"}],"curies":[{"name":"wp","href":"https:\/\/api.w.org\/{rel}","templated":true}]}}