{"id":428,"date":"2016-11-30T13:39:59","date_gmt":"2016-11-30T13:39:59","guid":{"rendered":"http:\/\/www.segurosgoiena.com\/?page_id=428\/"},"modified":"2017-02-06T14:34:16","modified_gmt":"2017-02-06T14:34:16","slug":"jubilacion","status":"publish","type":"page","link":"https:\/\/www.segurosgoiena.com\/es\/particulares\/seguros-goiena\/vida-ahorro-e-inversion\/prevision-y-pensiones\/jubilacion\/","title":{"rendered":"Jubilaci\u00f3n"},"content":{"rendered":"<p>La \u00e9poca de la jubilaci\u00f3n ha cambiado en los \u00faltimos a\u00f1os. Con el aumento de la esperanza de vida, tras jubilarse, a uno le pueden quedar tranquilamente 20 a\u00f1os de vida, con lo que, si la salud lo permite, hay mucho tiempo para seguir disfrutando\u2026<\/p>\n<h4>Pero, \u00bfC\u00f3mo evolucionar\u00e1 nuestro actual Sistema de Pensiones?<\/h4>\n<p>El progresivo aumento de la esperanza de vida que incrementa el importe de las pensiones a pagar por el sistema p\u00fablico, unido a la dificultad de elevar las cotizaciones sociales, previs\u00edblemente har\u00e1 necesaria la introducci\u00f3n de nuevos ajustes para conseguir el equilibrio del sistema.<\/p>\n","protected":false},"excerpt":{"rendered":"<p>La \u00e9poca de la jubilaci\u00f3n ha cambiado en los \u00faltimos a\u00f1os. Con el aumento de la esperanza de vida, tras jubilarse, a uno le pueden quedar tranquilamente 20 a\u00f1os de vida, con lo que, si la salud lo permite, hay mucho tiempo para seguir disfrutando\u2026 Pero, \u00bfC\u00f3mo evolucionar\u00e1 nuestro actual Sistema de Pensiones? El progresivo [&hellip;]<\/p>\n","protected":false},"author":1,"featured_media":1050,"parent":426,"menu_order":10,"comment_status":"closed","ping_status":"closed","template":"page-templates\/template-producto.php","meta":{"_acf_changed":false,"footnotes":""},"class_list":["post-428","page","type-page","status-publish","has-post-thumbnail","hentry"],"acf":[],"yoast_head":"<!-- This site is optimized with the Yoast SEO plugin v22.5 - https:\/\/yoast.com\/wordpress\/plugins\/seo\/ -->\n<title>Goiena Seguros | Ahorro-Jubilaci\u00f3n<\/title>\n<meta name=\"description\" content=\"La \u00e9poca de la jubilaci\u00f3n ha cambiado en los \u00faltimos a\u00f1os. Prep\u00e1rese para los cambios en el sistema de pensiones.\" \/>\n<meta name=\"robots\" content=\"index, follow, max-snippet:-1, max-image-preview:large, max-video-preview:-1\" \/>\n<link rel=\"canonical\" href=\"https:\/\/www.segurosgoiena.com\/es\/particulares\/seguros-goiena\/vida-ahorro-e-inversion\/prevision-y-pensiones\/jubilacion\/\" \/>\n<meta property=\"og:locale\" content=\"es_ES\" \/>\n<meta property=\"og:type\" content=\"article\" \/>\n<meta property=\"og:title\" content=\"Goiena Seguros | Ahorro-Jubilaci\u00f3n\" \/>\n<meta property=\"og:description\" content=\"La \u00e9poca de la jubilaci\u00f3n ha cambiado en los \u00faltimos a\u00f1os. Prep\u00e1rese para los cambios en el sistema de pensiones.\" \/>\n<meta property=\"og:url\" content=\"https:\/\/www.segurosgoiena.com\/es\/particulares\/seguros-goiena\/vida-ahorro-e-inversion\/prevision-y-pensiones\/jubilacion\/\" \/>\n<meta property=\"og:site_name\" content=\"Seguros Goiena\" \/>\n<meta property=\"article:modified_time\" content=\"2017-02-06T14:34:16+00:00\" \/>\n<meta property=\"og:image\" content=\"https:\/\/www.segurosgoiena.com\/wp-content\/uploads\/2016\/12\/jubilacion.jpg\" \/>\n\t<meta property=\"og:image:width\" content=\"523\" \/>\n\t<meta property=\"og:image:height\" content=\"425\" \/>\n\t<meta property=\"og:image:type\" content=\"image\/jpeg\" \/>\n<meta name=\"twitter:card\" content=\"summary_large_image\" \/>\n<meta name=\"twitter:label1\" content=\"Tiempo de lectura\" \/>\n\t<meta name=\"twitter:data1\" content=\"1 minuto\" \/>\n<script type=\"application\/ld+json\" class=\"yoast-schema-graph\">{\"@context\":\"https:\/\/schema.org\",\"@graph\":[{\"@type\":\"WebPage\",\"@id\":\"https:\/\/www.segurosgoiena.com\/es\/particulares\/seguros-goiena\/vida-ahorro-e-inversion\/prevision-y-pensiones\/jubilacion\/\",\"url\":\"https:\/\/www.segurosgoiena.com\/es\/particulares\/seguros-goiena\/vida-ahorro-e-inversion\/prevision-y-pensiones\/jubilacion\/\",\"name\":\"Goiena Seguros | Ahorro-Jubilaci\u00f3n\",\"isPartOf\":{\"@id\":\"http:\/\/www.segurosgoiena.com\/es\/#website\"},\"primaryImageOfPage\":{\"@id\":\"https:\/\/www.segurosgoiena.com\/es\/particulares\/seguros-goiena\/vida-ahorro-e-inversion\/prevision-y-pensiones\/jubilacion\/#primaryimage\"},\"image\":{\"@id\":\"https:\/\/www.segurosgoiena.com\/es\/particulares\/seguros-goiena\/vida-ahorro-e-inversion\/prevision-y-pensiones\/jubilacion\/#primaryimage\"},\"thumbnailUrl\":\"https:\/\/www.segurosgoiena.com\/wp-content\/uploads\/2016\/12\/jubilacion.jpg\",\"datePublished\":\"2016-11-30T13:39:59+00:00\",\"dateModified\":\"2017-02-06T14:34:16+00:00\",\"description\":\"La \u00e9poca de la jubilaci\u00f3n ha cambiado en los \u00faltimos a\u00f1os. Prep\u00e1rese para los cambios en el sistema de pensiones.\",\"breadcrumb\":{\"@id\":\"https:\/\/www.segurosgoiena.com\/es\/particulares\/seguros-goiena\/vida-ahorro-e-inversion\/prevision-y-pensiones\/jubilacion\/#breadcrumb\"},\"inLanguage\":\"es\",\"potentialAction\":[{\"@type\":\"ReadAction\",\"target\":[\"https:\/\/www.segurosgoiena.com\/es\/particulares\/seguros-goiena\/vida-ahorro-e-inversion\/prevision-y-pensiones\/jubilacion\/\"]}]},{\"@type\":\"ImageObject\",\"inLanguage\":\"es\",\"@id\":\"https:\/\/www.segurosgoiena.com\/es\/particulares\/seguros-goiena\/vida-ahorro-e-inversion\/prevision-y-pensiones\/jubilacion\/#primaryimage\",\"url\":\"https:\/\/www.segurosgoiena.com\/wp-content\/uploads\/2016\/12\/jubilacion.jpg\",\"contentUrl\":\"https:\/\/www.segurosgoiena.com\/wp-content\/uploads\/2016\/12\/jubilacion.jpg\",\"width\":523,\"height\":425,\"caption\":\"jubilacion\"},{\"@type\":\"BreadcrumbList\",\"@id\":\"https:\/\/www.segurosgoiena.com\/es\/particulares\/seguros-goiena\/vida-ahorro-e-inversion\/prevision-y-pensiones\/jubilacion\/#breadcrumb\",\"itemListElement\":[{\"@type\":\"ListItem\",\"position\":1,\"name\":\"Portada\",\"item\":\"http:\/\/www.segurosgoiena.com\/es\/\"},{\"@type\":\"ListItem\",\"position\":2,\"name\":\"PARTICULARES\",\"item\":\"http:\/\/www.segurosgoiena.com\/es\/particulares\/\"},{\"@type\":\"ListItem\",\"position\":3,\"name\":\"SEGUROS GOIENA\",\"item\":\"https:\/\/www.segurosgoiena.com\/es\/particulares\/seguros-goiena\/\"},{\"@type\":\"ListItem\",\"position\":4,\"name\":\"VIDA, AHORRO, INVERSI\u00d3N\",\"item\":\"https:\/\/www.segurosgoiena.com\/es\/particulares\/seguros-goiena\/vida-ahorro-e-inversion\/\"},{\"@type\":\"ListItem\",\"position\":5,\"name\":\"PREVISI\u00d3N Y PENSIONES\",\"item\":\"https:\/\/www.segurosgoiena.com\/es\/particulares\/seguros-goiena\/vida-ahorro-e-inversion\/prevision-y-pensiones\/\"},{\"@type\":\"ListItem\",\"position\":6,\"name\":\"Jubilaci\u00f3n\"}]},{\"@type\":\"WebSite\",\"@id\":\"http:\/\/www.segurosgoiena.com\/es\/#website\",\"url\":\"http:\/\/www.segurosgoiena.com\/es\/\",\"name\":\"Seguros Goiena\",\"description\":\"Seguros para empresas y particulares\",\"potentialAction\":[{\"@type\":\"SearchAction\",\"target\":{\"@type\":\"EntryPoint\",\"urlTemplate\":\"http:\/\/www.segurosgoiena.com\/es\/?s={search_term_string}\"},\"query-input\":\"required name=search_term_string\"}],\"inLanguage\":\"es\"}]}<\/script>\n<!-- \/ Yoast SEO plugin. -->","yoast_head_json":{"title":"Goiena Seguros | Ahorro-Jubilaci\u00f3n","description":"La \u00e9poca de la jubilaci\u00f3n ha cambiado en los \u00faltimos a\u00f1os. Prep\u00e1rese para los cambios en el sistema de pensiones.","robots":{"index":"index","follow":"follow","max-snippet":"max-snippet:-1","max-image-preview":"max-image-preview:large","max-video-preview":"max-video-preview:-1"},"canonical":"https:\/\/www.segurosgoiena.com\/es\/particulares\/seguros-goiena\/vida-ahorro-e-inversion\/prevision-y-pensiones\/jubilacion\/","og_locale":"es_ES","og_type":"article","og_title":"Goiena Seguros | Ahorro-Jubilaci\u00f3n","og_description":"La \u00e9poca de la jubilaci\u00f3n ha cambiado en los \u00faltimos a\u00f1os. Prep\u00e1rese para los cambios en el sistema de pensiones.","og_url":"https:\/\/www.segurosgoiena.com\/es\/particulares\/seguros-goiena\/vida-ahorro-e-inversion\/prevision-y-pensiones\/jubilacion\/","og_site_name":"Seguros Goiena","article_modified_time":"2017-02-06T14:34:16+00:00","og_image":[{"width":523,"height":425,"url":"https:\/\/www.segurosgoiena.com\/wp-content\/uploads\/2016\/12\/jubilacion.jpg","type":"image\/jpeg"}],"twitter_card":"summary_large_image","twitter_misc":{"Tiempo de lectura":"1 minuto"},"schema":{"@context":"https:\/\/schema.org","@graph":[{"@type":"WebPage","@id":"https:\/\/www.segurosgoiena.com\/es\/particulares\/seguros-goiena\/vida-ahorro-e-inversion\/prevision-y-pensiones\/jubilacion\/","url":"https:\/\/www.segurosgoiena.com\/es\/particulares\/seguros-goiena\/vida-ahorro-e-inversion\/prevision-y-pensiones\/jubilacion\/","name":"Goiena Seguros | Ahorro-Jubilaci\u00f3n","isPartOf":{"@id":"http:\/\/www.segurosgoiena.com\/es\/#website"},"primaryImageOfPage":{"@id":"https:\/\/www.segurosgoiena.com\/es\/particulares\/seguros-goiena\/vida-ahorro-e-inversion\/prevision-y-pensiones\/jubilacion\/#primaryimage"},"image":{"@id":"https:\/\/www.segurosgoiena.com\/es\/particulares\/seguros-goiena\/vida-ahorro-e-inversion\/prevision-y-pensiones\/jubilacion\/#primaryimage"},"thumbnailUrl":"https:\/\/www.segurosgoiena.com\/wp-content\/uploads\/2016\/12\/jubilacion.jpg","datePublished":"2016-11-30T13:39:59+00:00","dateModified":"2017-02-06T14:34:16+00:00","description":"La \u00e9poca de la jubilaci\u00f3n ha cambiado en los \u00faltimos a\u00f1os. Prep\u00e1rese para los cambios en el sistema de pensiones.","breadcrumb":{"@id":"https:\/\/www.segurosgoiena.com\/es\/particulares\/seguros-goiena\/vida-ahorro-e-inversion\/prevision-y-pensiones\/jubilacion\/#breadcrumb"},"inLanguage":"es","potentialAction":[{"@type":"ReadAction","target":["https:\/\/www.segurosgoiena.com\/es\/particulares\/seguros-goiena\/vida-ahorro-e-inversion\/prevision-y-pensiones\/jubilacion\/"]}]},{"@type":"ImageObject","inLanguage":"es","@id":"https:\/\/www.segurosgoiena.com\/es\/particulares\/seguros-goiena\/vida-ahorro-e-inversion\/prevision-y-pensiones\/jubilacion\/#primaryimage","url":"https:\/\/www.segurosgoiena.com\/wp-content\/uploads\/2016\/12\/jubilacion.jpg","contentUrl":"https:\/\/www.segurosgoiena.com\/wp-content\/uploads\/2016\/12\/jubilacion.jpg","width":523,"height":425,"caption":"jubilacion"},{"@type":"BreadcrumbList","@id":"https:\/\/www.segurosgoiena.com\/es\/particulares\/seguros-goiena\/vida-ahorro-e-inversion\/prevision-y-pensiones\/jubilacion\/#breadcrumb","itemListElement":[{"@type":"ListItem","position":1,"name":"Portada","item":"http:\/\/www.segurosgoiena.com\/es\/"},{"@type":"ListItem","position":2,"name":"PARTICULARES","item":"http:\/\/www.segurosgoiena.com\/es\/particulares\/"},{"@type":"ListItem","position":3,"name":"SEGUROS GOIENA","item":"https:\/\/www.segurosgoiena.com\/es\/particulares\/seguros-goiena\/"},{"@type":"ListItem","position":4,"name":"VIDA, AHORRO, INVERSI\u00d3N","item":"https:\/\/www.segurosgoiena.com\/es\/particulares\/seguros-goiena\/vida-ahorro-e-inversion\/"},{"@type":"ListItem","position":5,"name":"PREVISI\u00d3N Y PENSIONES","item":"https:\/\/www.segurosgoiena.com\/es\/particulares\/seguros-goiena\/vida-ahorro-e-inversion\/prevision-y-pensiones\/"},{"@type":"ListItem","position":6,"name":"Jubilaci\u00f3n"}]},{"@type":"WebSite","@id":"http:\/\/www.segurosgoiena.com\/es\/#website","url":"http:\/\/www.segurosgoiena.com\/es\/","name":"Seguros Goiena","description":"Seguros para empresas y particulares","potentialAction":[{"@type":"SearchAction","target":{"@type":"EntryPoint","urlTemplate":"http:\/\/www.segurosgoiena.com\/es\/?s={search_term_string}"},"query-input":"required name=search_term_string"}],"inLanguage":"es"}]}},"_links":{"self":[{"href":"https:\/\/www.segurosgoiena.com\/es\/wp-json\/wp\/v2\/pages\/428","targetHints":{"allow":["GET"]}}],"collection":[{"href":"https:\/\/www.segurosgoiena.com\/es\/wp-json\/wp\/v2\/pages"}],"about":[{"href":"https:\/\/www.segurosgoiena.com\/es\/wp-json\/wp\/v2\/types\/page"}],"author":[{"embeddable":true,"href":"https:\/\/www.segurosgoiena.com\/es\/wp-json\/wp\/v2\/users\/1"}],"replies":[{"embeddable":true,"href":"https:\/\/www.segurosgoiena.com\/es\/wp-json\/wp\/v2\/comments?post=428"}],"version-history":[{"count":8,"href":"https:\/\/www.segurosgoiena.com\/es\/wp-json\/wp\/v2\/pages\/428\/revisions"}],"predecessor-version":[{"id":2065,"href":"https:\/\/www.segurosgoiena.com\/es\/wp-json\/wp\/v2\/pages\/428\/revisions\/2065"}],"up":[{"embeddable":true,"href":"https:\/\/www.segurosgoiena.com\/es\/wp-json\/wp\/v2\/pages\/426"}],"wp:featuredmedia":[{"embeddable":true,"href":"https:\/\/www.segurosgoiena.com\/es\/wp-json\/wp\/v2\/media\/1050"}],"wp:attachment":[{"href":"https:\/\/www.segurosgoiena.com\/es\/wp-json\/wp\/v2\/media?parent=428"}],"curies":[{"name":"wp","href":"https:\/\/api.w.org\/{rel}","templated":true}]}}