{"id":422,"date":"2016-11-30T13:17:54","date_gmt":"2016-11-30T13:17:54","guid":{"rendered":"http:\/\/www.segurosgoiena.com\/?page_id=422\/"},"modified":"2017-01-03T11:44:13","modified_gmt":"2017-01-03T11:44:13","slug":"seguro-de-rentas","status":"publish","type":"page","link":"https:\/\/www.segurosgoiena.com\/es\/particulares\/seguros-goiena\/vida-ahorro-e-inversion\/soluciones-de-ahorro\/jubilacion\/seguro-de-rentas\/","title":{"rendered":"Seguro de rentas"},"content":{"rendered":"<p>El <strong>seguro de rentas<\/strong> tiene como principal objetivo permitir que los asegurados cuenten con ingresos fijos y garantizados cuando m\u00e1s lo necesiten. Y es que es posible transformar un determinado capital en una renta temporal o para siempre, mejorando la calidad de vida del cliente con un mayor nivel econ\u00f3mico. Asimismo, los seguros de rentas cuentan con una excelente tributaci\u00f3n, con una rentabilidad total m\u00e1s elevada, pues sus exenciones fiscales hacen que la renta contratada sea pr\u00e1cticamente neta al percibirse.<\/p>\n<h4>Pensando en tu futuro<\/h4>\n","protected":false},"excerpt":{"rendered":"<p>El seguro de rentas tiene como principal objetivo permitir que los asegurados cuenten con ingresos fijos y garantizados cuando m\u00e1s lo necesiten. Y es que es posible transformar un determinado capital en una renta temporal o para siempre, mejorando la calidad de vida del cliente con un mayor nivel econ\u00f3mico. Asimismo, los seguros de rentas [&hellip;]<\/p>\n","protected":false},"author":1,"featured_media":1190,"parent":414,"menu_order":40,"comment_status":"closed","ping_status":"closed","template":"page-templates\/template-producto.php","meta":{"_acf_changed":false,"footnotes":""},"class_list":["post-422","page","type-page","status-publish","has-post-thumbnail","hentry"],"acf":[],"yoast_head":"<!-- This site is optimized with the Yoast SEO plugin v22.5 - https:\/\/yoast.com\/wordpress\/plugins\/seo\/ -->\n<title>Goiena Seguros | Jubilaci\u00f3n-Seguro de rentas<\/title>\n<meta name=\"robots\" content=\"index, follow, max-snippet:-1, max-image-preview:large, max-video-preview:-1\" \/>\n<link rel=\"canonical\" href=\"http:\/\/www.segurosgoiena.com\/es\/particulares\/seguros-goiena\/vida-ahorro-e-inversion\/soluciones-de-ahorro\/jubilacion\/seguro-de-rentas\/\" \/>\n<meta property=\"og:locale\" content=\"es_ES\" \/>\n<meta property=\"og:type\" content=\"article\" \/>\n<meta property=\"og:title\" content=\"Goiena Seguros | Jubilaci\u00f3n-Seguro de rentas\" \/>\n<meta property=\"og:description\" content=\"El seguro de rentas tiene como principal objetivo permitir que los asegurados cuenten con ingresos fijos y garantizados cuando m\u00e1s lo necesiten. Y es que es posible transformar un determinado capital en una renta temporal o para siempre, mejorando la calidad de vida del cliente con un mayor nivel econ\u00f3mico. Asimismo, los seguros de rentas [&hellip;]\" \/>\n<meta property=\"og:url\" content=\"http:\/\/www.segurosgoiena.com\/es\/particulares\/seguros-goiena\/vida-ahorro-e-inversion\/soluciones-de-ahorro\/jubilacion\/seguro-de-rentas\/\" \/>\n<meta property=\"og:site_name\" content=\"Seguros Goiena\" \/>\n<meta property=\"article:modified_time\" content=\"2017-01-03T11:44:13+00:00\" \/>\n<meta property=\"og:image\" content=\"http:\/\/www.segurosgoiena.com\/wp-content\/uploads\/2016\/12\/rentas.jpg\" \/>\n\t<meta property=\"og:image:width\" content=\"523\" \/>\n\t<meta property=\"og:image:height\" content=\"425\" \/>\n\t<meta property=\"og:image:type\" content=\"image\/jpeg\" \/>\n<meta name=\"twitter:card\" content=\"summary_large_image\" \/>\n<script type=\"application\/ld+json\" class=\"yoast-schema-graph\">{\"@context\":\"https:\/\/schema.org\",\"@graph\":[{\"@type\":\"WebPage\",\"@id\":\"http:\/\/www.segurosgoiena.com\/es\/particulares\/seguros-goiena\/vida-ahorro-e-inversion\/soluciones-de-ahorro\/jubilacion\/seguro-de-rentas\/\",\"url\":\"http:\/\/www.segurosgoiena.com\/es\/particulares\/seguros-goiena\/vida-ahorro-e-inversion\/soluciones-de-ahorro\/jubilacion\/seguro-de-rentas\/\",\"name\":\"Goiena Seguros | Jubilaci\u00f3n-Seguro de rentas\",\"isPartOf\":{\"@id\":\"https:\/\/www.segurosgoiena.com\/eu\/#website\"},\"primaryImageOfPage\":{\"@id\":\"http:\/\/www.segurosgoiena.com\/es\/particulares\/seguros-goiena\/vida-ahorro-e-inversion\/soluciones-de-ahorro\/jubilacion\/seguro-de-rentas\/#primaryimage\"},\"image\":{\"@id\":\"http:\/\/www.segurosgoiena.com\/es\/particulares\/seguros-goiena\/vida-ahorro-e-inversion\/soluciones-de-ahorro\/jubilacion\/seguro-de-rentas\/#primaryimage\"},\"thumbnailUrl\":\"https:\/\/www.segurosgoiena.com\/wp-content\/uploads\/2016\/12\/rentas.jpg\",\"datePublished\":\"2016-11-30T13:17:54+00:00\",\"dateModified\":\"2017-01-03T11:44:13+00:00\",\"breadcrumb\":{\"@id\":\"http:\/\/www.segurosgoiena.com\/es\/particulares\/seguros-goiena\/vida-ahorro-e-inversion\/soluciones-de-ahorro\/jubilacion\/seguro-de-rentas\/#breadcrumb\"},\"inLanguage\":\"es\",\"potentialAction\":[{\"@type\":\"ReadAction\",\"target\":[\"http:\/\/www.segurosgoiena.com\/es\/particulares\/seguros-goiena\/vida-ahorro-e-inversion\/soluciones-de-ahorro\/jubilacion\/seguro-de-rentas\/\"]}]},{\"@type\":\"ImageObject\",\"inLanguage\":\"es\",\"@id\":\"http:\/\/www.segurosgoiena.com\/es\/particulares\/seguros-goiena\/vida-ahorro-e-inversion\/soluciones-de-ahorro\/jubilacion\/seguro-de-rentas\/#primaryimage\",\"url\":\"https:\/\/www.segurosgoiena.com\/wp-content\/uploads\/2016\/12\/rentas.jpg\",\"contentUrl\":\"https:\/\/www.segurosgoiena.com\/wp-content\/uploads\/2016\/12\/rentas.jpg\",\"width\":523,\"height\":425,\"caption\":\"seguro-de-rentas\"},{\"@type\":\"BreadcrumbList\",\"@id\":\"http:\/\/www.segurosgoiena.com\/es\/particulares\/seguros-goiena\/vida-ahorro-e-inversion\/soluciones-de-ahorro\/jubilacion\/seguro-de-rentas\/#breadcrumb\",\"itemListElement\":[{\"@type\":\"ListItem\",\"position\":1,\"name\":\"Portada\",\"item\":\"https:\/\/www.segurosgoiena.com\/eu\/\"},{\"@type\":\"ListItem\",\"position\":2,\"name\":\"PARTICULARES\",\"item\":\"https:\/\/www.segurosgoiena.com\/es\/particulares\/\"},{\"@type\":\"ListItem\",\"position\":3,\"name\":\"SEGUROS GOIENA\",\"item\":\"http:\/\/www.segurosgoiena.com\/es\/particulares\/seguros-goiena\/\"},{\"@type\":\"ListItem\",\"position\":4,\"name\":\"VIDA, AHORRO, INVERSI\u00d3N\",\"item\":\"http:\/\/www.segurosgoiena.com\/es\/particulares\/seguros-goiena\/vida-ahorro-e-inversion\/\"},{\"@type\":\"ListItem\",\"position\":5,\"name\":\"SOLUCIONES DE AHORRO\",\"item\":\"http:\/\/www.segurosgoiena.com\/es\/particulares\/seguros-goiena\/vida-ahorro-e-inversion\/soluciones-de-ahorro\/\"},{\"@type\":\"ListItem\",\"position\":6,\"name\":\"Jubilaci\u00f3n\",\"item\":\"http:\/\/www.segurosgoiena.com\/es\/particulares\/seguros-goiena\/vida-ahorro-e-inversion\/soluciones-de-ahorro\/jubilacion\/\"},{\"@type\":\"ListItem\",\"position\":7,\"name\":\"Seguro de rentas\"}]},{\"@type\":\"WebSite\",\"@id\":\"https:\/\/www.segurosgoiena.com\/eu\/#website\",\"url\":\"https:\/\/www.segurosgoiena.com\/eu\/\",\"name\":\"Seguros Goiena\",\"description\":\"Seguros para empresas y particulares\",\"potentialAction\":[{\"@type\":\"SearchAction\",\"target\":{\"@type\":\"EntryPoint\",\"urlTemplate\":\"https:\/\/www.segurosgoiena.com\/eu\/?s={search_term_string}\"},\"query-input\":\"required name=search_term_string\"}],\"inLanguage\":\"es\"}]}<\/script>\n<!-- \/ Yoast SEO plugin. -->","yoast_head_json":{"title":"Goiena Seguros | Jubilaci\u00f3n-Seguro de rentas","robots":{"index":"index","follow":"follow","max-snippet":"max-snippet:-1","max-image-preview":"max-image-preview:large","max-video-preview":"max-video-preview:-1"},"canonical":"http:\/\/www.segurosgoiena.com\/es\/particulares\/seguros-goiena\/vida-ahorro-e-inversion\/soluciones-de-ahorro\/jubilacion\/seguro-de-rentas\/","og_locale":"es_ES","og_type":"article","og_title":"Goiena Seguros | Jubilaci\u00f3n-Seguro de rentas","og_description":"El seguro de rentas tiene como principal objetivo permitir que los asegurados cuenten con ingresos fijos y garantizados cuando m\u00e1s lo necesiten. Y es que es posible transformar un determinado capital en una renta temporal o para siempre, mejorando la calidad de vida del cliente con un mayor nivel econ\u00f3mico. Asimismo, los seguros de rentas [&hellip;]","og_url":"http:\/\/www.segurosgoiena.com\/es\/particulares\/seguros-goiena\/vida-ahorro-e-inversion\/soluciones-de-ahorro\/jubilacion\/seguro-de-rentas\/","og_site_name":"Seguros Goiena","article_modified_time":"2017-01-03T11:44:13+00:00","og_image":[{"width":523,"height":425,"url":"http:\/\/www.segurosgoiena.com\/wp-content\/uploads\/2016\/12\/rentas.jpg","type":"image\/jpeg"}],"twitter_card":"summary_large_image","schema":{"@context":"https:\/\/schema.org","@graph":[{"@type":"WebPage","@id":"http:\/\/www.segurosgoiena.com\/es\/particulares\/seguros-goiena\/vida-ahorro-e-inversion\/soluciones-de-ahorro\/jubilacion\/seguro-de-rentas\/","url":"http:\/\/www.segurosgoiena.com\/es\/particulares\/seguros-goiena\/vida-ahorro-e-inversion\/soluciones-de-ahorro\/jubilacion\/seguro-de-rentas\/","name":"Goiena Seguros | Jubilaci\u00f3n-Seguro de rentas","isPartOf":{"@id":"https:\/\/www.segurosgoiena.com\/eu\/#website"},"primaryImageOfPage":{"@id":"http:\/\/www.segurosgoiena.com\/es\/particulares\/seguros-goiena\/vida-ahorro-e-inversion\/soluciones-de-ahorro\/jubilacion\/seguro-de-rentas\/#primaryimage"},"image":{"@id":"http:\/\/www.segurosgoiena.com\/es\/particulares\/seguros-goiena\/vida-ahorro-e-inversion\/soluciones-de-ahorro\/jubilacion\/seguro-de-rentas\/#primaryimage"},"thumbnailUrl":"https:\/\/www.segurosgoiena.com\/wp-content\/uploads\/2016\/12\/rentas.jpg","datePublished":"2016-11-30T13:17:54+00:00","dateModified":"2017-01-03T11:44:13+00:00","breadcrumb":{"@id":"http:\/\/www.segurosgoiena.com\/es\/particulares\/seguros-goiena\/vida-ahorro-e-inversion\/soluciones-de-ahorro\/jubilacion\/seguro-de-rentas\/#breadcrumb"},"inLanguage":"es","potentialAction":[{"@type":"ReadAction","target":["http:\/\/www.segurosgoiena.com\/es\/particulares\/seguros-goiena\/vida-ahorro-e-inversion\/soluciones-de-ahorro\/jubilacion\/seguro-de-rentas\/"]}]},{"@type":"ImageObject","inLanguage":"es","@id":"http:\/\/www.segurosgoiena.com\/es\/particulares\/seguros-goiena\/vida-ahorro-e-inversion\/soluciones-de-ahorro\/jubilacion\/seguro-de-rentas\/#primaryimage","url":"https:\/\/www.segurosgoiena.com\/wp-content\/uploads\/2016\/12\/rentas.jpg","contentUrl":"https:\/\/www.segurosgoiena.com\/wp-content\/uploads\/2016\/12\/rentas.jpg","width":523,"height":425,"caption":"seguro-de-rentas"},{"@type":"BreadcrumbList","@id":"http:\/\/www.segurosgoiena.com\/es\/particulares\/seguros-goiena\/vida-ahorro-e-inversion\/soluciones-de-ahorro\/jubilacion\/seguro-de-rentas\/#breadcrumb","itemListElement":[{"@type":"ListItem","position":1,"name":"Portada","item":"https:\/\/www.segurosgoiena.com\/eu\/"},{"@type":"ListItem","position":2,"name":"PARTICULARES","item":"https:\/\/www.segurosgoiena.com\/es\/particulares\/"},{"@type":"ListItem","position":3,"name":"SEGUROS GOIENA","item":"http:\/\/www.segurosgoiena.com\/es\/particulares\/seguros-goiena\/"},{"@type":"ListItem","position":4,"name":"VIDA, AHORRO, INVERSI\u00d3N","item":"http:\/\/www.segurosgoiena.com\/es\/particulares\/seguros-goiena\/vida-ahorro-e-inversion\/"},{"@type":"ListItem","position":5,"name":"SOLUCIONES DE AHORRO","item":"http:\/\/www.segurosgoiena.com\/es\/particulares\/seguros-goiena\/vida-ahorro-e-inversion\/soluciones-de-ahorro\/"},{"@type":"ListItem","position":6,"name":"Jubilaci\u00f3n","item":"http:\/\/www.segurosgoiena.com\/es\/particulares\/seguros-goiena\/vida-ahorro-e-inversion\/soluciones-de-ahorro\/jubilacion\/"},{"@type":"ListItem","position":7,"name":"Seguro de rentas"}]},{"@type":"WebSite","@id":"https:\/\/www.segurosgoiena.com\/eu\/#website","url":"https:\/\/www.segurosgoiena.com\/eu\/","name":"Seguros Goiena","description":"Seguros para empresas y particulares","potentialAction":[{"@type":"SearchAction","target":{"@type":"EntryPoint","urlTemplate":"https:\/\/www.segurosgoiena.com\/eu\/?s={search_term_string}"},"query-input":"required name=search_term_string"}],"inLanguage":"es"}]}},"_links":{"self":[{"href":"https:\/\/www.segurosgoiena.com\/es\/wp-json\/wp\/v2\/pages\/422","targetHints":{"allow":["GET"]}}],"collection":[{"href":"https:\/\/www.segurosgoiena.com\/es\/wp-json\/wp\/v2\/pages"}],"about":[{"href":"https:\/\/www.segurosgoiena.com\/es\/wp-json\/wp\/v2\/types\/page"}],"author":[{"embeddable":true,"href":"https:\/\/www.segurosgoiena.com\/es\/wp-json\/wp\/v2\/users\/1"}],"replies":[{"embeddable":true,"href":"https:\/\/www.segurosgoiena.com\/es\/wp-json\/wp\/v2\/comments?post=422"}],"version-history":[{"count":33,"href":"https:\/\/www.segurosgoiena.com\/es\/wp-json\/wp\/v2\/pages\/422\/revisions"}],"predecessor-version":[{"id":1686,"href":"https:\/\/www.segurosgoiena.com\/es\/wp-json\/wp\/v2\/pages\/422\/revisions\/1686"}],"up":[{"embeddable":true,"href":"https:\/\/www.segurosgoiena.com\/es\/wp-json\/wp\/v2\/pages\/414"}],"wp:featuredmedia":[{"embeddable":true,"href":"https:\/\/www.segurosgoiena.com\/es\/wp-json\/wp\/v2\/media\/1190"}],"wp:attachment":[{"href":"https:\/\/www.segurosgoiena.com\/es\/wp-json\/wp\/v2\/media?parent=422"}],"curies":[{"name":"wp","href":"https:\/\/api.w.org\/{rel}","templated":true}]}}