{"id":412,"date":"2016-11-30T13:02:29","date_gmt":"2016-11-30T13:02:29","guid":{"rendered":"http:\/\/www.segurosgoiena.com\/?page_id=412\/"},"modified":"2017-01-03T12:03:52","modified_gmt":"2017-01-03T12:03:52","slug":"soluciones-de-inversion","status":"publish","type":"page","link":"https:\/\/www.segurosgoiena.com\/es\/particulares\/seguros-goiena\/vida-ahorro-e-inversion\/soluciones-de-inversion\/","title":{"rendered":"SOLUCIONES DE INVERSI\u00d3N"},"content":{"rendered":"<h4>\u00bfC\u00f3mo obtener el m\u00e1ximo por tu dinero?<\/h4>\n<p>La pregunta b\u00e1sica de todo inversor es: \u00bfd\u00f3nde invierto mi dinero? \u00bfEn bolsa, en renta fija, en fondos de inversi\u00f3n? Teniendo en cuenta tu perfil de inversi\u00f3n y tus preferencias, te ayudamos a encontrar el camino adecuado para elegir, de las m\u00faltiples soluciones\u00a0de inversi\u00f3n que existen, la que mejor se adapte a tus caracter\u00edsticas.<\/p>\n","protected":false},"excerpt":{"rendered":"<p>\u00bfC\u00f3mo obtener el m\u00e1ximo por tu dinero? La pregunta b\u00e1sica de todo inversor es: \u00bfd\u00f3nde invierto mi dinero? \u00bfEn bolsa, en renta fija, en fondos de inversi\u00f3n? Teniendo en cuenta tu perfil de inversi\u00f3n y tus preferencias, te ayudamos a encontrar el camino adecuado para elegir, de las m\u00faltiples soluciones\u00a0de inversi\u00f3n que existen, la que [&hellip;]<\/p>\n","protected":false},"author":1,"featured_media":1198,"parent":389,"menu_order":40,"comment_status":"closed","ping_status":"closed","template":"page-templates\/template-producto.php","meta":{"_acf_changed":false,"footnotes":""},"class_list":["post-412","page","type-page","status-publish","has-post-thumbnail","hentry"],"acf":[],"yoast_head":"<!-- This site is optimized with the Yoast SEO plugin v22.5 - https:\/\/yoast.com\/wordpress\/plugins\/seo\/ -->\n<title>Goiena Seguros | Soluciones de inversi\u00f3n<\/title>\n<meta name=\"description\" content=\"Te ayudamos a encontrar el camino adecuado para elegir, de las m\u00faltiples soluciones de inversi\u00f3n que existen, la que mejor se adapte a tus caracter\u00edsticas.\" \/>\n<meta name=\"robots\" content=\"index, follow, max-snippet:-1, max-image-preview:large, max-video-preview:-1\" \/>\n<link rel=\"canonical\" href=\"http:\/\/www.segurosgoiena.com\/es\/particulares\/seguros-goiena\/vida-ahorro-e-inversion\/soluciones-de-inversion\/\" \/>\n<meta property=\"og:locale\" content=\"es_ES\" \/>\n<meta property=\"og:type\" content=\"article\" \/>\n<meta property=\"og:title\" content=\"Goiena Seguros | Soluciones de inversi\u00f3n\" \/>\n<meta property=\"og:description\" content=\"Te ayudamos a encontrar el camino adecuado para elegir, de las m\u00faltiples soluciones de inversi\u00f3n que existen, la que mejor se adapte a tus caracter\u00edsticas.\" \/>\n<meta property=\"og:url\" content=\"http:\/\/www.segurosgoiena.com\/es\/particulares\/seguros-goiena\/vida-ahorro-e-inversion\/soluciones-de-inversion\/\" \/>\n<meta property=\"og:site_name\" content=\"Seguros Goiena\" \/>\n<meta property=\"article:modified_time\" content=\"2017-01-03T12:03:52+00:00\" \/>\n<meta property=\"og:image\" content=\"http:\/\/www.segurosgoiena.com\/wp-content\/uploads\/2016\/12\/soluciones-de-inversion.jpg\" \/>\n\t<meta property=\"og:image:width\" content=\"523\" \/>\n\t<meta property=\"og:image:height\" content=\"425\" \/>\n\t<meta property=\"og:image:type\" content=\"image\/jpeg\" \/>\n<meta name=\"twitter:card\" content=\"summary_large_image\" \/>\n<script type=\"application\/ld+json\" class=\"yoast-schema-graph\">{\"@context\":\"https:\/\/schema.org\",\"@graph\":[{\"@type\":\"WebPage\",\"@id\":\"http:\/\/www.segurosgoiena.com\/es\/particulares\/seguros-goiena\/vida-ahorro-e-inversion\/soluciones-de-inversion\/\",\"url\":\"http:\/\/www.segurosgoiena.com\/es\/particulares\/seguros-goiena\/vida-ahorro-e-inversion\/soluciones-de-inversion\/\",\"name\":\"Goiena Seguros | Soluciones de inversi\u00f3n\",\"isPartOf\":{\"@id\":\"https:\/\/www.segurosgoiena.com\/eu\/#website\"},\"primaryImageOfPage\":{\"@id\":\"http:\/\/www.segurosgoiena.com\/es\/particulares\/seguros-goiena\/vida-ahorro-e-inversion\/soluciones-de-inversion\/#primaryimage\"},\"image\":{\"@id\":\"http:\/\/www.segurosgoiena.com\/es\/particulares\/seguros-goiena\/vida-ahorro-e-inversion\/soluciones-de-inversion\/#primaryimage\"},\"thumbnailUrl\":\"https:\/\/www.segurosgoiena.com\/wp-content\/uploads\/2016\/12\/soluciones-de-inversion.jpg\",\"datePublished\":\"2016-11-30T13:02:29+00:00\",\"dateModified\":\"2017-01-03T12:03:52+00:00\",\"description\":\"Te ayudamos a encontrar el camino adecuado para elegir, de las m\u00faltiples soluciones de inversi\u00f3n que existen, la que mejor se adapte a tus caracter\u00edsticas.\",\"breadcrumb\":{\"@id\":\"http:\/\/www.segurosgoiena.com\/es\/particulares\/seguros-goiena\/vida-ahorro-e-inversion\/soluciones-de-inversion\/#breadcrumb\"},\"inLanguage\":\"es\",\"potentialAction\":[{\"@type\":\"ReadAction\",\"target\":[\"http:\/\/www.segurosgoiena.com\/es\/particulares\/seguros-goiena\/vida-ahorro-e-inversion\/soluciones-de-inversion\/\"]}]},{\"@type\":\"ImageObject\",\"inLanguage\":\"es\",\"@id\":\"http:\/\/www.segurosgoiena.com\/es\/particulares\/seguros-goiena\/vida-ahorro-e-inversion\/soluciones-de-inversion\/#primaryimage\",\"url\":\"https:\/\/www.segurosgoiena.com\/wp-content\/uploads\/2016\/12\/soluciones-de-inversion.jpg\",\"contentUrl\":\"https:\/\/www.segurosgoiena.com\/wp-content\/uploads\/2016\/12\/soluciones-de-inversion.jpg\",\"width\":523,\"height\":425,\"caption\":\"soluciones-de-inversion\"},{\"@type\":\"BreadcrumbList\",\"@id\":\"http:\/\/www.segurosgoiena.com\/es\/particulares\/seguros-goiena\/vida-ahorro-e-inversion\/soluciones-de-inversion\/#breadcrumb\",\"itemListElement\":[{\"@type\":\"ListItem\",\"position\":1,\"name\":\"Portada\",\"item\":\"https:\/\/www.segurosgoiena.com\/eu\/\"},{\"@type\":\"ListItem\",\"position\":2,\"name\":\"PARTICULARES\",\"item\":\"https:\/\/www.segurosgoiena.com\/es\/particulares\/\"},{\"@type\":\"ListItem\",\"position\":3,\"name\":\"SEGUROS GOIENA\",\"item\":\"http:\/\/www.segurosgoiena.com\/es\/particulares\/seguros-goiena\/\"},{\"@type\":\"ListItem\",\"position\":4,\"name\":\"VIDA, AHORRO, INVERSI\u00d3N\",\"item\":\"http:\/\/www.segurosgoiena.com\/es\/particulares\/seguros-goiena\/vida-ahorro-e-inversion\/\"},{\"@type\":\"ListItem\",\"position\":5,\"name\":\"SOLUCIONES DE INVERSI\u00d3N\"}]},{\"@type\":\"WebSite\",\"@id\":\"https:\/\/www.segurosgoiena.com\/eu\/#website\",\"url\":\"https:\/\/www.segurosgoiena.com\/eu\/\",\"name\":\"Seguros Goiena\",\"description\":\"Seguros para empresas y particulares\",\"potentialAction\":[{\"@type\":\"SearchAction\",\"target\":{\"@type\":\"EntryPoint\",\"urlTemplate\":\"https:\/\/www.segurosgoiena.com\/eu\/?s={search_term_string}\"},\"query-input\":\"required name=search_term_string\"}],\"inLanguage\":\"es\"}]}<\/script>\n<!-- \/ Yoast SEO plugin. -->","yoast_head_json":{"title":"Goiena Seguros | Soluciones de inversi\u00f3n","description":"Te ayudamos a encontrar el camino adecuado para elegir, de las m\u00faltiples soluciones de inversi\u00f3n que existen, la que mejor se adapte a tus caracter\u00edsticas.","robots":{"index":"index","follow":"follow","max-snippet":"max-snippet:-1","max-image-preview":"max-image-preview:large","max-video-preview":"max-video-preview:-1"},"canonical":"http:\/\/www.segurosgoiena.com\/es\/particulares\/seguros-goiena\/vida-ahorro-e-inversion\/soluciones-de-inversion\/","og_locale":"es_ES","og_type":"article","og_title":"Goiena Seguros | Soluciones de inversi\u00f3n","og_description":"Te ayudamos a encontrar el camino adecuado para elegir, de las m\u00faltiples soluciones de inversi\u00f3n que existen, la que mejor se adapte a tus caracter\u00edsticas.","og_url":"http:\/\/www.segurosgoiena.com\/es\/particulares\/seguros-goiena\/vida-ahorro-e-inversion\/soluciones-de-inversion\/","og_site_name":"Seguros Goiena","article_modified_time":"2017-01-03T12:03:52+00:00","og_image":[{"width":523,"height":425,"url":"http:\/\/www.segurosgoiena.com\/wp-content\/uploads\/2016\/12\/soluciones-de-inversion.jpg","type":"image\/jpeg"}],"twitter_card":"summary_large_image","schema":{"@context":"https:\/\/schema.org","@graph":[{"@type":"WebPage","@id":"http:\/\/www.segurosgoiena.com\/es\/particulares\/seguros-goiena\/vida-ahorro-e-inversion\/soluciones-de-inversion\/","url":"http:\/\/www.segurosgoiena.com\/es\/particulares\/seguros-goiena\/vida-ahorro-e-inversion\/soluciones-de-inversion\/","name":"Goiena Seguros | Soluciones de inversi\u00f3n","isPartOf":{"@id":"https:\/\/www.segurosgoiena.com\/eu\/#website"},"primaryImageOfPage":{"@id":"http:\/\/www.segurosgoiena.com\/es\/particulares\/seguros-goiena\/vida-ahorro-e-inversion\/soluciones-de-inversion\/#primaryimage"},"image":{"@id":"http:\/\/www.segurosgoiena.com\/es\/particulares\/seguros-goiena\/vida-ahorro-e-inversion\/soluciones-de-inversion\/#primaryimage"},"thumbnailUrl":"https:\/\/www.segurosgoiena.com\/wp-content\/uploads\/2016\/12\/soluciones-de-inversion.jpg","datePublished":"2016-11-30T13:02:29+00:00","dateModified":"2017-01-03T12:03:52+00:00","description":"Te ayudamos a encontrar el camino adecuado para elegir, de las m\u00faltiples soluciones de inversi\u00f3n que existen, la que mejor se adapte a tus caracter\u00edsticas.","breadcrumb":{"@id":"http:\/\/www.segurosgoiena.com\/es\/particulares\/seguros-goiena\/vida-ahorro-e-inversion\/soluciones-de-inversion\/#breadcrumb"},"inLanguage":"es","potentialAction":[{"@type":"ReadAction","target":["http:\/\/www.segurosgoiena.com\/es\/particulares\/seguros-goiena\/vida-ahorro-e-inversion\/soluciones-de-inversion\/"]}]},{"@type":"ImageObject","inLanguage":"es","@id":"http:\/\/www.segurosgoiena.com\/es\/particulares\/seguros-goiena\/vida-ahorro-e-inversion\/soluciones-de-inversion\/#primaryimage","url":"https:\/\/www.segurosgoiena.com\/wp-content\/uploads\/2016\/12\/soluciones-de-inversion.jpg","contentUrl":"https:\/\/www.segurosgoiena.com\/wp-content\/uploads\/2016\/12\/soluciones-de-inversion.jpg","width":523,"height":425,"caption":"soluciones-de-inversion"},{"@type":"BreadcrumbList","@id":"http:\/\/www.segurosgoiena.com\/es\/particulares\/seguros-goiena\/vida-ahorro-e-inversion\/soluciones-de-inversion\/#breadcrumb","itemListElement":[{"@type":"ListItem","position":1,"name":"Portada","item":"https:\/\/www.segurosgoiena.com\/eu\/"},{"@type":"ListItem","position":2,"name":"PARTICULARES","item":"https:\/\/www.segurosgoiena.com\/es\/particulares\/"},{"@type":"ListItem","position":3,"name":"SEGUROS GOIENA","item":"http:\/\/www.segurosgoiena.com\/es\/particulares\/seguros-goiena\/"},{"@type":"ListItem","position":4,"name":"VIDA, AHORRO, INVERSI\u00d3N","item":"http:\/\/www.segurosgoiena.com\/es\/particulares\/seguros-goiena\/vida-ahorro-e-inversion\/"},{"@type":"ListItem","position":5,"name":"SOLUCIONES DE INVERSI\u00d3N"}]},{"@type":"WebSite","@id":"https:\/\/www.segurosgoiena.com\/eu\/#website","url":"https:\/\/www.segurosgoiena.com\/eu\/","name":"Seguros Goiena","description":"Seguros para empresas y particulares","potentialAction":[{"@type":"SearchAction","target":{"@type":"EntryPoint","urlTemplate":"https:\/\/www.segurosgoiena.com\/eu\/?s={search_term_string}"},"query-input":"required name=search_term_string"}],"inLanguage":"es"}]}},"_links":{"self":[{"href":"https:\/\/www.segurosgoiena.com\/es\/wp-json\/wp\/v2\/pages\/412","targetHints":{"allow":["GET"]}}],"collection":[{"href":"https:\/\/www.segurosgoiena.com\/es\/wp-json\/wp\/v2\/pages"}],"about":[{"href":"https:\/\/www.segurosgoiena.com\/es\/wp-json\/wp\/v2\/types\/page"}],"author":[{"embeddable":true,"href":"https:\/\/www.segurosgoiena.com\/es\/wp-json\/wp\/v2\/users\/1"}],"replies":[{"embeddable":true,"href":"https:\/\/www.segurosgoiena.com\/es\/wp-json\/wp\/v2\/comments?post=412"}],"version-history":[{"count":29,"href":"https:\/\/www.segurosgoiena.com\/es\/wp-json\/wp\/v2\/pages\/412\/revisions"}],"predecessor-version":[{"id":1691,"href":"https:\/\/www.segurosgoiena.com\/es\/wp-json\/wp\/v2\/pages\/412\/revisions\/1691"}],"up":[{"embeddable":true,"href":"https:\/\/www.segurosgoiena.com\/es\/wp-json\/wp\/v2\/pages\/389"}],"wp:featuredmedia":[{"embeddable":true,"href":"https:\/\/www.segurosgoiena.com\/es\/wp-json\/wp\/v2\/media\/1198"}],"wp:attachment":[{"href":"https:\/\/www.segurosgoiena.com\/es\/wp-json\/wp\/v2\/media?parent=412"}],"curies":[{"name":"wp","href":"https:\/\/api.w.org\/{rel}","templated":true}]}}