{"id":213,"date":"2016-11-29T09:09:15","date_gmt":"2016-11-29T09:09:15","guid":{"rendered":"http:\/\/www.segurosgoiena.com\/es\/?page_id=213"},"modified":"2017-01-05T10:40:39","modified_gmt":"2017-01-05T10:40:39","slug":"particulares","status":"publish","type":"page","link":"https:\/\/www.segurosgoiena.com\/es\/particulares\/","title":{"rendered":"PARTICULARES"},"content":{"rendered":"","protected":false},"excerpt":{"rendered":"","protected":false},"author":1,"featured_media":0,"parent":0,"menu_order":0,"comment_status":"closed","ping_status":"closed","template":"page-templates\/template-home.php","meta":{"_acf_changed":false,"footnotes":""},"class_list":["post-213","page","type-page","status-publish","hentry"],"acf":[],"yoast_head":"<!-- This site is optimized with the Yoast SEO plugin v22.5 - https:\/\/yoast.com\/wordpress\/plugins\/seo\/ -->\n<title>Goiena Seguros | Seguros para Particulares<\/title>\n<meta name=\"description\" content=\"Goiena Corredur\u00eda de Seguros se dedica a la mediaci\u00f3n de seguros para particulares, dando soluci\u00f3n a sus clientes en protecci\u00f3n de personas y bienes.\" \/>\n<meta name=\"robots\" content=\"index, follow, max-snippet:-1, max-image-preview:large, max-video-preview:-1\" \/>\n<link rel=\"canonical\" href=\"http:\/\/www.segurosgoiena.com\/es\/particulares\/\" \/>\n<meta property=\"og:locale\" content=\"es_ES\" \/>\n<meta property=\"og:type\" content=\"article\" \/>\n<meta property=\"og:title\" content=\"Goiena Seguros | Seguros para Particulares\" \/>\n<meta property=\"og:description\" content=\"Goiena Corredur\u00eda de Seguros se dedica a la mediaci\u00f3n de seguros para particulares, dando soluci\u00f3n a sus clientes en protecci\u00f3n de personas y bienes.\" \/>\n<meta property=\"og:url\" content=\"http:\/\/www.segurosgoiena.com\/es\/particulares\/\" \/>\n<meta property=\"og:site_name\" content=\"Seguros Goiena\" \/>\n<meta property=\"article:modified_time\" content=\"2017-01-05T10:40:39+00:00\" \/>\n<meta name=\"twitter:card\" content=\"summary_large_image\" \/>\n<script type=\"application\/ld+json\" class=\"yoast-schema-graph\">{\"@context\":\"https:\/\/schema.org\",\"@graph\":[{\"@type\":\"WebPage\",\"@id\":\"http:\/\/www.segurosgoiena.com\/es\/particulares\/\",\"url\":\"http:\/\/www.segurosgoiena.com\/es\/particulares\/\",\"name\":\"Goiena Seguros | Seguros para Particulares\",\"isPartOf\":{\"@id\":\"http:\/\/www.segurosgoiena.com\/es\/#website\"},\"datePublished\":\"2016-11-29T09:09:15+00:00\",\"dateModified\":\"2017-01-05T10:40:39+00:00\",\"description\":\"Goiena Corredur\u00eda de Seguros se dedica a la mediaci\u00f3n de seguros para particulares, dando soluci\u00f3n a sus clientes en protecci\u00f3n de personas y bienes.\",\"breadcrumb\":{\"@id\":\"http:\/\/www.segurosgoiena.com\/es\/particulares\/#breadcrumb\"},\"inLanguage\":\"es\",\"potentialAction\":[{\"@type\":\"ReadAction\",\"target\":[\"http:\/\/www.segurosgoiena.com\/es\/particulares\/\"]}]},{\"@type\":\"BreadcrumbList\",\"@id\":\"http:\/\/www.segurosgoiena.com\/es\/particulares\/#breadcrumb\",\"itemListElement\":[{\"@type\":\"ListItem\",\"position\":1,\"name\":\"Portada\",\"item\":\"http:\/\/www.segurosgoiena.com\/es\/\"},{\"@type\":\"ListItem\",\"position\":2,\"name\":\"PARTICULARES\"}]},{\"@type\":\"WebSite\",\"@id\":\"http:\/\/www.segurosgoiena.com\/es\/#website\",\"url\":\"http:\/\/www.segurosgoiena.com\/es\/\",\"name\":\"Seguros Goiena\",\"description\":\"Seguros para empresas y particulares\",\"potentialAction\":[{\"@type\":\"SearchAction\",\"target\":{\"@type\":\"EntryPoint\",\"urlTemplate\":\"http:\/\/www.segurosgoiena.com\/es\/?s={search_term_string}\"},\"query-input\":\"required name=search_term_string\"}],\"inLanguage\":\"es\"}]}<\/script>\n<!-- \/ Yoast SEO plugin. -->","yoast_head_json":{"title":"Goiena Seguros | Seguros para Particulares","description":"Goiena Corredur\u00eda de Seguros se dedica a la mediaci\u00f3n de seguros para particulares, dando soluci\u00f3n a sus clientes en protecci\u00f3n de personas y bienes.","robots":{"index":"index","follow":"follow","max-snippet":"max-snippet:-1","max-image-preview":"max-image-preview:large","max-video-preview":"max-video-preview:-1"},"canonical":"http:\/\/www.segurosgoiena.com\/es\/particulares\/","og_locale":"es_ES","og_type":"article","og_title":"Goiena Seguros | Seguros para Particulares","og_description":"Goiena Corredur\u00eda de Seguros se dedica a la mediaci\u00f3n de seguros para particulares, dando soluci\u00f3n a sus clientes en protecci\u00f3n de personas y bienes.","og_url":"http:\/\/www.segurosgoiena.com\/es\/particulares\/","og_site_name":"Seguros Goiena","article_modified_time":"2017-01-05T10:40:39+00:00","twitter_card":"summary_large_image","schema":{"@context":"https:\/\/schema.org","@graph":[{"@type":"WebPage","@id":"http:\/\/www.segurosgoiena.com\/es\/particulares\/","url":"http:\/\/www.segurosgoiena.com\/es\/particulares\/","name":"Goiena Seguros | Seguros para Particulares","isPartOf":{"@id":"http:\/\/www.segurosgoiena.com\/es\/#website"},"datePublished":"2016-11-29T09:09:15+00:00","dateModified":"2017-01-05T10:40:39+00:00","description":"Goiena Corredur\u00eda de Seguros se dedica a la mediaci\u00f3n de seguros para particulares, dando soluci\u00f3n a sus clientes en protecci\u00f3n de personas y bienes.","breadcrumb":{"@id":"http:\/\/www.segurosgoiena.com\/es\/particulares\/#breadcrumb"},"inLanguage":"es","potentialAction":[{"@type":"ReadAction","target":["http:\/\/www.segurosgoiena.com\/es\/particulares\/"]}]},{"@type":"BreadcrumbList","@id":"http:\/\/www.segurosgoiena.com\/es\/particulares\/#breadcrumb","itemListElement":[{"@type":"ListItem","position":1,"name":"Portada","item":"http:\/\/www.segurosgoiena.com\/es\/"},{"@type":"ListItem","position":2,"name":"PARTICULARES"}]},{"@type":"WebSite","@id":"http:\/\/www.segurosgoiena.com\/es\/#website","url":"http:\/\/www.segurosgoiena.com\/es\/","name":"Seguros Goiena","description":"Seguros para empresas y particulares","potentialAction":[{"@type":"SearchAction","target":{"@type":"EntryPoint","urlTemplate":"http:\/\/www.segurosgoiena.com\/es\/?s={search_term_string}"},"query-input":"required name=search_term_string"}],"inLanguage":"es"}]}},"_links":{"self":[{"href":"https:\/\/www.segurosgoiena.com\/es\/wp-json\/wp\/v2\/pages\/213","targetHints":{"allow":["GET"]}}],"collection":[{"href":"https:\/\/www.segurosgoiena.com\/es\/wp-json\/wp\/v2\/pages"}],"about":[{"href":"https:\/\/www.segurosgoiena.com\/es\/wp-json\/wp\/v2\/types\/page"}],"author":[{"embeddable":true,"href":"https:\/\/www.segurosgoiena.com\/es\/wp-json\/wp\/v2\/users\/1"}],"replies":[{"embeddable":true,"href":"https:\/\/www.segurosgoiena.com\/es\/wp-json\/wp\/v2\/comments?post=213"}],"version-history":[{"count":3,"href":"https:\/\/www.segurosgoiena.com\/es\/wp-json\/wp\/v2\/pages\/213\/revisions"}],"predecessor-version":[{"id":923,"href":"https:\/\/www.segurosgoiena.com\/es\/wp-json\/wp\/v2\/pages\/213\/revisions\/923"}],"wp:attachment":[{"href":"https:\/\/www.segurosgoiena.com\/es\/wp-json\/wp\/v2\/media?parent=213"}],"curies":[{"name":"wp","href":"https:\/\/api.w.org\/{rel}","templated":true}]}}