{"id":112,"date":"2016-11-24T14:38:00","date_gmt":"2016-11-24T14:38:00","guid":{"rendered":"http:\/\/www.segurosgoiena.com\/es\/?page_id=112"},"modified":"2017-01-10T15:57:14","modified_gmt":"2017-01-10T15:57:14","slug":"colectivos-de-ahorro","status":"publish","type":"page","link":"https:\/\/www.segurosgoiena.com\/es\/empresas\/seguros-goiena\/pymes\/empleados\/soluciones-de-ahorro\/colectivos-de-ahorro\/","title":{"rendered":"Colectivos de Ahorro"},"content":{"rendered":"<p>El seguro colectivo de ahorro mantiene diferentes <b>f\u00f3rmulas retributivas diferidas<\/b> y de previsi\u00f3n social que garantizan el pago de compromisos establecidos entre la Empresa y sus trabajadores (per\u00edodo m\u00ednimo, dos a\u00f1os), como pueden ser: permanencia en la empresa, productividad, incremento del volumen de ventas, jubilaci\u00f3n etc. Es un instrumento de motivaci\u00f3n e incentivo que tambi\u00e9n contribuye a la consecuci\u00f3n de los objetivos a medio plazo de la Empresa.<\/p>\n","protected":false},"excerpt":{"rendered":"<p>El seguro colectivo de ahorro mantiene diferentes f\u00f3rmulas retributivas diferidas y de previsi\u00f3n social que garantizan el pago de compromisos establecidos entre la Empresa y sus trabajadores (per\u00edodo m\u00ednimo, dos a\u00f1os), como pueden ser: permanencia en la empresa, productividad, incremento del volumen de ventas, jubilaci\u00f3n etc. Es un instrumento de motivaci\u00f3n e incentivo que tambi\u00e9n [&hellip;]<\/p>\n","protected":false},"author":1,"featured_media":232,"parent":108,"menu_order":20,"comment_status":"closed","ping_status":"closed","template":"page-templates\/template-producto.php","meta":{"_acf_changed":false,"footnotes":""},"class_list":["post-112","page","type-page","status-publish","has-post-thumbnail","hentry"],"acf":[],"yoast_head":"<!-- This site is optimized with the Yoast SEO plugin v22.5 - https:\/\/yoast.com\/wordpress\/plugins\/seo\/ -->\n<title>Goiena Seguros | PYMES- Empleados- colectivos de ahorro<\/title>\n<meta name=\"description\" content=\"Los seguros colectivos de ahorro mantienen diferentes f\u00f3rmulas retributivas que garantizan el pago de compromisos entre la Empresa y sus trabajadores.\" \/>\n<meta name=\"robots\" content=\"index, follow, max-snippet:-1, max-image-preview:large, max-video-preview:-1\" \/>\n<link rel=\"canonical\" href=\"https:\/\/www.segurosgoiena.com\/es\/empresas\/seguros-goiena\/pymes\/empleados\/soluciones-de-ahorro\/colectivos-de-ahorro\/\" \/>\n<meta property=\"og:locale\" content=\"es_ES\" \/>\n<meta property=\"og:type\" content=\"article\" \/>\n<meta property=\"og:title\" content=\"Goiena Seguros | PYMES- Empleados- colectivos de ahorro\" \/>\n<meta property=\"og:description\" content=\"Los seguros colectivos de ahorro mantienen diferentes f\u00f3rmulas retributivas que garantizan el pago de compromisos entre la Empresa y sus trabajadores.\" \/>\n<meta property=\"og:url\" content=\"https:\/\/www.segurosgoiena.com\/es\/empresas\/seguros-goiena\/pymes\/empleados\/soluciones-de-ahorro\/colectivos-de-ahorro\/\" \/>\n<meta property=\"og:site_name\" content=\"Seguros Goiena\" \/>\n<meta property=\"article:modified_time\" content=\"2017-01-10T15:57:14+00:00\" \/>\n<meta property=\"og:image\" content=\"https:\/\/www.segurosgoiena.com\/wp-content\/uploads\/2016\/11\/colectivos-de-ahorro.jpg\" \/>\n\t<meta property=\"og:image:width\" content=\"523\" \/>\n\t<meta property=\"og:image:height\" content=\"425\" \/>\n\t<meta property=\"og:image:type\" content=\"image\/jpeg\" \/>\n<meta name=\"twitter:card\" content=\"summary_large_image\" \/>\n<script type=\"application\/ld+json\" class=\"yoast-schema-graph\">{\"@context\":\"https:\/\/schema.org\",\"@graph\":[{\"@type\":\"WebPage\",\"@id\":\"https:\/\/www.segurosgoiena.com\/es\/empresas\/seguros-goiena\/pymes\/empleados\/soluciones-de-ahorro\/colectivos-de-ahorro\/\",\"url\":\"https:\/\/www.segurosgoiena.com\/es\/empresas\/seguros-goiena\/pymes\/empleados\/soluciones-de-ahorro\/colectivos-de-ahorro\/\",\"name\":\"Goiena Seguros | PYMES- Empleados- colectivos de ahorro\",\"isPartOf\":{\"@id\":\"https:\/\/www.segurosgoiena.com\/eu\/#website\"},\"primaryImageOfPage\":{\"@id\":\"https:\/\/www.segurosgoiena.com\/es\/empresas\/seguros-goiena\/pymes\/empleados\/soluciones-de-ahorro\/colectivos-de-ahorro\/#primaryimage\"},\"image\":{\"@id\":\"https:\/\/www.segurosgoiena.com\/es\/empresas\/seguros-goiena\/pymes\/empleados\/soluciones-de-ahorro\/colectivos-de-ahorro\/#primaryimage\"},\"thumbnailUrl\":\"https:\/\/www.segurosgoiena.com\/wp-content\/uploads\/2016\/11\/colectivos-de-ahorro.jpg\",\"datePublished\":\"2016-11-24T14:38:00+00:00\",\"dateModified\":\"2017-01-10T15:57:14+00:00\",\"description\":\"Los seguros colectivos de ahorro mantienen diferentes f\u00f3rmulas retributivas que garantizan el pago de compromisos entre la Empresa y sus trabajadores.\",\"breadcrumb\":{\"@id\":\"https:\/\/www.segurosgoiena.com\/es\/empresas\/seguros-goiena\/pymes\/empleados\/soluciones-de-ahorro\/colectivos-de-ahorro\/#breadcrumb\"},\"inLanguage\":\"es\",\"potentialAction\":[{\"@type\":\"ReadAction\",\"target\":[\"https:\/\/www.segurosgoiena.com\/es\/empresas\/seguros-goiena\/pymes\/empleados\/soluciones-de-ahorro\/colectivos-de-ahorro\/\"]}]},{\"@type\":\"ImageObject\",\"inLanguage\":\"es\",\"@id\":\"https:\/\/www.segurosgoiena.com\/es\/empresas\/seguros-goiena\/pymes\/empleados\/soluciones-de-ahorro\/colectivos-de-ahorro\/#primaryimage\",\"url\":\"https:\/\/www.segurosgoiena.com\/wp-content\/uploads\/2016\/11\/colectivos-de-ahorro.jpg\",\"contentUrl\":\"https:\/\/www.segurosgoiena.com\/wp-content\/uploads\/2016\/11\/colectivos-de-ahorro.jpg\",\"width\":523,\"height\":425},{\"@type\":\"BreadcrumbList\",\"@id\":\"https:\/\/www.segurosgoiena.com\/es\/empresas\/seguros-goiena\/pymes\/empleados\/soluciones-de-ahorro\/colectivos-de-ahorro\/#breadcrumb\",\"itemListElement\":[{\"@type\":\"ListItem\",\"position\":1,\"name\":\"Portada\",\"item\":\"https:\/\/www.segurosgoiena.com\/eu\/\"},{\"@type\":\"ListItem\",\"position\":2,\"name\":\"EMPRESAS\",\"item\":\"http:\/\/www.segurosgoiena.com\/es\/empresas\/\"},{\"@type\":\"ListItem\",\"position\":3,\"name\":\"SEGUROS GOIENA\",\"item\":\"http:\/\/www.segurosgoiena.com\/es\/empresas\/seguros-goiena\/\"},{\"@type\":\"ListItem\",\"position\":4,\"name\":\"PYMES\",\"item\":\"https:\/\/www.segurosgoiena.com\/es\/empresas\/seguros-goiena\/pymes\/\"},{\"@type\":\"ListItem\",\"position\":5,\"name\":\"EMPLEADOS\",\"item\":\"http:\/\/www.segurosgoiena.com\/es\/empresas\/seguros-goiena\/pymes\/empleados\/\"},{\"@type\":\"ListItem\",\"position\":6,\"name\":\"Soluciones de Ahorro\",\"item\":\"https:\/\/www.segurosgoiena.com\/es\/empresas\/seguros-goiena\/pymes\/empleados\/soluciones-de-ahorro\/\"},{\"@type\":\"ListItem\",\"position\":7,\"name\":\"Colectivos de Ahorro\"}]},{\"@type\":\"WebSite\",\"@id\":\"https:\/\/www.segurosgoiena.com\/eu\/#website\",\"url\":\"https:\/\/www.segurosgoiena.com\/eu\/\",\"name\":\"Seguros Goiena\",\"description\":\"Seguros para empresas y particulares\",\"potentialAction\":[{\"@type\":\"SearchAction\",\"target\":{\"@type\":\"EntryPoint\",\"urlTemplate\":\"https:\/\/www.segurosgoiena.com\/eu\/?s={search_term_string}\"},\"query-input\":\"required name=search_term_string\"}],\"inLanguage\":\"es\"}]}<\/script>\n<!-- \/ Yoast SEO plugin. -->","yoast_head_json":{"title":"Goiena Seguros | PYMES- Empleados- colectivos de ahorro","description":"Los seguros colectivos de ahorro mantienen diferentes f\u00f3rmulas retributivas que garantizan el pago de compromisos entre la Empresa y sus trabajadores.","robots":{"index":"index","follow":"follow","max-snippet":"max-snippet:-1","max-image-preview":"max-image-preview:large","max-video-preview":"max-video-preview:-1"},"canonical":"https:\/\/www.segurosgoiena.com\/es\/empresas\/seguros-goiena\/pymes\/empleados\/soluciones-de-ahorro\/colectivos-de-ahorro\/","og_locale":"es_ES","og_type":"article","og_title":"Goiena Seguros | PYMES- Empleados- colectivos de ahorro","og_description":"Los seguros colectivos de ahorro mantienen diferentes f\u00f3rmulas retributivas que garantizan el pago de compromisos entre la Empresa y sus trabajadores.","og_url":"https:\/\/www.segurosgoiena.com\/es\/empresas\/seguros-goiena\/pymes\/empleados\/soluciones-de-ahorro\/colectivos-de-ahorro\/","og_site_name":"Seguros Goiena","article_modified_time":"2017-01-10T15:57:14+00:00","og_image":[{"width":523,"height":425,"url":"https:\/\/www.segurosgoiena.com\/wp-content\/uploads\/2016\/11\/colectivos-de-ahorro.jpg","type":"image\/jpeg"}],"twitter_card":"summary_large_image","schema":{"@context":"https:\/\/schema.org","@graph":[{"@type":"WebPage","@id":"https:\/\/www.segurosgoiena.com\/es\/empresas\/seguros-goiena\/pymes\/empleados\/soluciones-de-ahorro\/colectivos-de-ahorro\/","url":"https:\/\/www.segurosgoiena.com\/es\/empresas\/seguros-goiena\/pymes\/empleados\/soluciones-de-ahorro\/colectivos-de-ahorro\/","name":"Goiena Seguros | PYMES- Empleados- colectivos de ahorro","isPartOf":{"@id":"https:\/\/www.segurosgoiena.com\/eu\/#website"},"primaryImageOfPage":{"@id":"https:\/\/www.segurosgoiena.com\/es\/empresas\/seguros-goiena\/pymes\/empleados\/soluciones-de-ahorro\/colectivos-de-ahorro\/#primaryimage"},"image":{"@id":"https:\/\/www.segurosgoiena.com\/es\/empresas\/seguros-goiena\/pymes\/empleados\/soluciones-de-ahorro\/colectivos-de-ahorro\/#primaryimage"},"thumbnailUrl":"https:\/\/www.segurosgoiena.com\/wp-content\/uploads\/2016\/11\/colectivos-de-ahorro.jpg","datePublished":"2016-11-24T14:38:00+00:00","dateModified":"2017-01-10T15:57:14+00:00","description":"Los seguros colectivos de ahorro mantienen diferentes f\u00f3rmulas retributivas que garantizan el pago de compromisos entre la Empresa y sus trabajadores.","breadcrumb":{"@id":"https:\/\/www.segurosgoiena.com\/es\/empresas\/seguros-goiena\/pymes\/empleados\/soluciones-de-ahorro\/colectivos-de-ahorro\/#breadcrumb"},"inLanguage":"es","potentialAction":[{"@type":"ReadAction","target":["https:\/\/www.segurosgoiena.com\/es\/empresas\/seguros-goiena\/pymes\/empleados\/soluciones-de-ahorro\/colectivos-de-ahorro\/"]}]},{"@type":"ImageObject","inLanguage":"es","@id":"https:\/\/www.segurosgoiena.com\/es\/empresas\/seguros-goiena\/pymes\/empleados\/soluciones-de-ahorro\/colectivos-de-ahorro\/#primaryimage","url":"https:\/\/www.segurosgoiena.com\/wp-content\/uploads\/2016\/11\/colectivos-de-ahorro.jpg","contentUrl":"https:\/\/www.segurosgoiena.com\/wp-content\/uploads\/2016\/11\/colectivos-de-ahorro.jpg","width":523,"height":425},{"@type":"BreadcrumbList","@id":"https:\/\/www.segurosgoiena.com\/es\/empresas\/seguros-goiena\/pymes\/empleados\/soluciones-de-ahorro\/colectivos-de-ahorro\/#breadcrumb","itemListElement":[{"@type":"ListItem","position":1,"name":"Portada","item":"https:\/\/www.segurosgoiena.com\/eu\/"},{"@type":"ListItem","position":2,"name":"EMPRESAS","item":"http:\/\/www.segurosgoiena.com\/es\/empresas\/"},{"@type":"ListItem","position":3,"name":"SEGUROS GOIENA","item":"http:\/\/www.segurosgoiena.com\/es\/empresas\/seguros-goiena\/"},{"@type":"ListItem","position":4,"name":"PYMES","item":"https:\/\/www.segurosgoiena.com\/es\/empresas\/seguros-goiena\/pymes\/"},{"@type":"ListItem","position":5,"name":"EMPLEADOS","item":"http:\/\/www.segurosgoiena.com\/es\/empresas\/seguros-goiena\/pymes\/empleados\/"},{"@type":"ListItem","position":6,"name":"Soluciones de Ahorro","item":"https:\/\/www.segurosgoiena.com\/es\/empresas\/seguros-goiena\/pymes\/empleados\/soluciones-de-ahorro\/"},{"@type":"ListItem","position":7,"name":"Colectivos de Ahorro"}]},{"@type":"WebSite","@id":"https:\/\/www.segurosgoiena.com\/eu\/#website","url":"https:\/\/www.segurosgoiena.com\/eu\/","name":"Seguros Goiena","description":"Seguros para empresas y particulares","potentialAction":[{"@type":"SearchAction","target":{"@type":"EntryPoint","urlTemplate":"https:\/\/www.segurosgoiena.com\/eu\/?s={search_term_string}"},"query-input":"required name=search_term_string"}],"inLanguage":"es"}]}},"_links":{"self":[{"href":"https:\/\/www.segurosgoiena.com\/es\/wp-json\/wp\/v2\/pages\/112","targetHints":{"allow":["GET"]}}],"collection":[{"href":"https:\/\/www.segurosgoiena.com\/es\/wp-json\/wp\/v2\/pages"}],"about":[{"href":"https:\/\/www.segurosgoiena.com\/es\/wp-json\/wp\/v2\/types\/page"}],"author":[{"embeddable":true,"href":"https:\/\/www.segurosgoiena.com\/es\/wp-json\/wp\/v2\/users\/1"}],"replies":[{"embeddable":true,"href":"https:\/\/www.segurosgoiena.com\/es\/wp-json\/wp\/v2\/comments?post=112"}],"version-history":[{"count":4,"href":"https:\/\/www.segurosgoiena.com\/es\/wp-json\/wp\/v2\/pages\/112\/revisions"}],"predecessor-version":[{"id":1582,"href":"https:\/\/www.segurosgoiena.com\/es\/wp-json\/wp\/v2\/pages\/112\/revisions\/1582"}],"up":[{"embeddable":true,"href":"https:\/\/www.segurosgoiena.com\/es\/wp-json\/wp\/v2\/pages\/108"}],"wp:featuredmedia":[{"embeddable":true,"href":"https:\/\/www.segurosgoiena.com\/es\/wp-json\/wp\/v2\/media\/232"}],"wp:attachment":[{"href":"https:\/\/www.segurosgoiena.com\/es\/wp-json\/wp\/v2\/media?parent=112"}],"curies":[{"name":"wp","href":"https:\/\/api.w.org\/{rel}","templated":true}]}}