{"id":107,"date":"2016-11-24T14:35:38","date_gmt":"2016-11-24T14:35:38","guid":{"rendered":"http:\/\/www.segurosgoiena.com\/es\/?page_id=107"},"modified":"2017-01-10T15:44:40","modified_gmt":"2017-01-10T15:44:40","slug":"colectivos-de-jubilacion","status":"publish","type":"page","link":"https:\/\/www.segurosgoiena.com\/es\/empresas\/seguros-goiena\/pymes\/empleados\/soluciones-de-ahorro\/colectivos-de-jubilacion\/","title":{"rendered":"Colectivos de Jubilaci\u00f3n"},"content":{"rendered":"<p>Los Seguros Colectivos de Jubilaci\u00f3n son productos cuyo objetivo b\u00e1sico es la constituci\u00f3n de un capital en la fecha de jubilaci\u00f3n de sus empleados, ya se trate de la cobertura de Premios de Jubilaci\u00f3n, otros compromisos asumidos por la empresa con sus empleados o como incentivo voluntario para conservar a sus empleados m\u00e1s cualificados o directivos.<\/p>\n<p>Se trata de prestaciones para empleados, y para \u00a0todo tipo de empresas, deriven o no de la instrumentaci\u00f3n de compromisos por pensiones.<\/p>\n","protected":false},"excerpt":{"rendered":"<p>Los Seguros Colectivos de Jubilaci\u00f3n son productos cuyo objetivo b\u00e1sico es la constituci\u00f3n de un capital en la fecha de jubilaci\u00f3n de sus empleados, ya se trate de la cobertura de Premios de Jubilaci\u00f3n, otros compromisos asumidos por la empresa con sus empleados o como incentivo voluntario para conservar a sus empleados m\u00e1s cualificados o [&hellip;]<\/p>\n","protected":false},"author":1,"featured_media":234,"parent":108,"menu_order":10,"comment_status":"closed","ping_status":"closed","template":"page-templates\/template-producto.php","meta":{"_acf_changed":false,"footnotes":""},"class_list":["post-107","page","type-page","status-publish","has-post-thumbnail","hentry"],"acf":[],"yoast_head":"<!-- This site is optimized with the Yoast SEO plugin v22.5 - https:\/\/yoast.com\/wordpress\/plugins\/seo\/ -->\n<title>Goiena Seguros | PYMES- Empleados- colectivos de jubilaci\u00f3n<\/title>\n<meta name=\"description\" content=\"Los Seguros Colectivos de Jubilaci\u00f3n tratan de prestaciones para empleados, y para todo tipo de empresas.\" \/>\n<meta name=\"robots\" content=\"index, follow, max-snippet:-1, max-image-preview:large, max-video-preview:-1\" \/>\n<link rel=\"canonical\" href=\"https:\/\/www.segurosgoiena.com\/es\/empresas\/seguros-goiena\/pymes\/empleados\/soluciones-de-ahorro\/colectivos-de-jubilacion\/\" \/>\n<meta property=\"og:locale\" content=\"es_ES\" \/>\n<meta property=\"og:type\" content=\"article\" \/>\n<meta property=\"og:title\" content=\"Goiena Seguros | PYMES- Empleados- colectivos de jubilaci\u00f3n\" \/>\n<meta property=\"og:description\" content=\"Los Seguros Colectivos de Jubilaci\u00f3n tratan de prestaciones para empleados, y para todo tipo de empresas.\" \/>\n<meta property=\"og:url\" content=\"https:\/\/www.segurosgoiena.com\/es\/empresas\/seguros-goiena\/pymes\/empleados\/soluciones-de-ahorro\/colectivos-de-jubilacion\/\" \/>\n<meta property=\"og:site_name\" content=\"Seguros Goiena\" \/>\n<meta property=\"article:modified_time\" content=\"2017-01-10T15:44:40+00:00\" \/>\n<meta property=\"og:image\" content=\"https:\/\/www.segurosgoiena.com\/wp-content\/uploads\/2016\/11\/colectivos-de-jubilacion.jpg\" \/>\n\t<meta property=\"og:image:width\" content=\"523\" \/>\n\t<meta property=\"og:image:height\" content=\"425\" \/>\n\t<meta property=\"og:image:type\" content=\"image\/jpeg\" \/>\n<meta name=\"twitter:card\" content=\"summary_large_image\" \/>\n<script type=\"application\/ld+json\" class=\"yoast-schema-graph\">{\"@context\":\"https:\/\/schema.org\",\"@graph\":[{\"@type\":\"WebPage\",\"@id\":\"https:\/\/www.segurosgoiena.com\/es\/empresas\/seguros-goiena\/pymes\/empleados\/soluciones-de-ahorro\/colectivos-de-jubilacion\/\",\"url\":\"https:\/\/www.segurosgoiena.com\/es\/empresas\/seguros-goiena\/pymes\/empleados\/soluciones-de-ahorro\/colectivos-de-jubilacion\/\",\"name\":\"Goiena Seguros | PYMES- Empleados- colectivos de jubilaci\u00f3n\",\"isPartOf\":{\"@id\":\"https:\/\/www.segurosgoiena.com\/eu\/#website\"},\"primaryImageOfPage\":{\"@id\":\"https:\/\/www.segurosgoiena.com\/es\/empresas\/seguros-goiena\/pymes\/empleados\/soluciones-de-ahorro\/colectivos-de-jubilacion\/#primaryimage\"},\"image\":{\"@id\":\"https:\/\/www.segurosgoiena.com\/es\/empresas\/seguros-goiena\/pymes\/empleados\/soluciones-de-ahorro\/colectivos-de-jubilacion\/#primaryimage\"},\"thumbnailUrl\":\"https:\/\/www.segurosgoiena.com\/wp-content\/uploads\/2016\/11\/colectivos-de-jubilacion.jpg\",\"datePublished\":\"2016-11-24T14:35:38+00:00\",\"dateModified\":\"2017-01-10T15:44:40+00:00\",\"description\":\"Los Seguros Colectivos de Jubilaci\u00f3n tratan de prestaciones para empleados, y para todo tipo de empresas.\",\"breadcrumb\":{\"@id\":\"https:\/\/www.segurosgoiena.com\/es\/empresas\/seguros-goiena\/pymes\/empleados\/soluciones-de-ahorro\/colectivos-de-jubilacion\/#breadcrumb\"},\"inLanguage\":\"es\",\"potentialAction\":[{\"@type\":\"ReadAction\",\"target\":[\"https:\/\/www.segurosgoiena.com\/es\/empresas\/seguros-goiena\/pymes\/empleados\/soluciones-de-ahorro\/colectivos-de-jubilacion\/\"]}]},{\"@type\":\"ImageObject\",\"inLanguage\":\"es\",\"@id\":\"https:\/\/www.segurosgoiena.com\/es\/empresas\/seguros-goiena\/pymes\/empleados\/soluciones-de-ahorro\/colectivos-de-jubilacion\/#primaryimage\",\"url\":\"https:\/\/www.segurosgoiena.com\/wp-content\/uploads\/2016\/11\/colectivos-de-jubilacion.jpg\",\"contentUrl\":\"https:\/\/www.segurosgoiena.com\/wp-content\/uploads\/2016\/11\/colectivos-de-jubilacion.jpg\",\"width\":523,\"height\":425},{\"@type\":\"BreadcrumbList\",\"@id\":\"https:\/\/www.segurosgoiena.com\/es\/empresas\/seguros-goiena\/pymes\/empleados\/soluciones-de-ahorro\/colectivos-de-jubilacion\/#breadcrumb\",\"itemListElement\":[{\"@type\":\"ListItem\",\"position\":1,\"name\":\"Portada\",\"item\":\"https:\/\/www.segurosgoiena.com\/eu\/\"},{\"@type\":\"ListItem\",\"position\":2,\"name\":\"EMPRESAS\",\"item\":\"http:\/\/www.segurosgoiena.com\/es\/empresas\/\"},{\"@type\":\"ListItem\",\"position\":3,\"name\":\"SEGUROS GOIENA\",\"item\":\"http:\/\/www.segurosgoiena.com\/es\/empresas\/seguros-goiena\/\"},{\"@type\":\"ListItem\",\"position\":4,\"name\":\"PYMES\",\"item\":\"https:\/\/www.segurosgoiena.com\/es\/empresas\/seguros-goiena\/pymes\/\"},{\"@type\":\"ListItem\",\"position\":5,\"name\":\"EMPLEADOS\",\"item\":\"http:\/\/www.segurosgoiena.com\/es\/empresas\/seguros-goiena\/pymes\/empleados\/\"},{\"@type\":\"ListItem\",\"position\":6,\"name\":\"Soluciones de Ahorro\",\"item\":\"https:\/\/www.segurosgoiena.com\/es\/empresas\/seguros-goiena\/pymes\/empleados\/soluciones-de-ahorro\/\"},{\"@type\":\"ListItem\",\"position\":7,\"name\":\"Colectivos de Jubilaci\u00f3n\"}]},{\"@type\":\"WebSite\",\"@id\":\"https:\/\/www.segurosgoiena.com\/eu\/#website\",\"url\":\"https:\/\/www.segurosgoiena.com\/eu\/\",\"name\":\"Seguros Goiena\",\"description\":\"Seguros para empresas y particulares\",\"potentialAction\":[{\"@type\":\"SearchAction\",\"target\":{\"@type\":\"EntryPoint\",\"urlTemplate\":\"https:\/\/www.segurosgoiena.com\/eu\/?s={search_term_string}\"},\"query-input\":\"required name=search_term_string\"}],\"inLanguage\":\"es\"}]}<\/script>\n<!-- \/ Yoast SEO plugin. -->","yoast_head_json":{"title":"Goiena Seguros | PYMES- Empleados- colectivos de jubilaci\u00f3n","description":"Los Seguros Colectivos de Jubilaci\u00f3n tratan de prestaciones para empleados, y para todo tipo de empresas.","robots":{"index":"index","follow":"follow","max-snippet":"max-snippet:-1","max-image-preview":"max-image-preview:large","max-video-preview":"max-video-preview:-1"},"canonical":"https:\/\/www.segurosgoiena.com\/es\/empresas\/seguros-goiena\/pymes\/empleados\/soluciones-de-ahorro\/colectivos-de-jubilacion\/","og_locale":"es_ES","og_type":"article","og_title":"Goiena Seguros | PYMES- Empleados- colectivos de jubilaci\u00f3n","og_description":"Los Seguros Colectivos de Jubilaci\u00f3n tratan de prestaciones para empleados, y para todo tipo de empresas.","og_url":"https:\/\/www.segurosgoiena.com\/es\/empresas\/seguros-goiena\/pymes\/empleados\/soluciones-de-ahorro\/colectivos-de-jubilacion\/","og_site_name":"Seguros Goiena","article_modified_time":"2017-01-10T15:44:40+00:00","og_image":[{"width":523,"height":425,"url":"https:\/\/www.segurosgoiena.com\/wp-content\/uploads\/2016\/11\/colectivos-de-jubilacion.jpg","type":"image\/jpeg"}],"twitter_card":"summary_large_image","schema":{"@context":"https:\/\/schema.org","@graph":[{"@type":"WebPage","@id":"https:\/\/www.segurosgoiena.com\/es\/empresas\/seguros-goiena\/pymes\/empleados\/soluciones-de-ahorro\/colectivos-de-jubilacion\/","url":"https:\/\/www.segurosgoiena.com\/es\/empresas\/seguros-goiena\/pymes\/empleados\/soluciones-de-ahorro\/colectivos-de-jubilacion\/","name":"Goiena Seguros | PYMES- Empleados- colectivos de jubilaci\u00f3n","isPartOf":{"@id":"https:\/\/www.segurosgoiena.com\/eu\/#website"},"primaryImageOfPage":{"@id":"https:\/\/www.segurosgoiena.com\/es\/empresas\/seguros-goiena\/pymes\/empleados\/soluciones-de-ahorro\/colectivos-de-jubilacion\/#primaryimage"},"image":{"@id":"https:\/\/www.segurosgoiena.com\/es\/empresas\/seguros-goiena\/pymes\/empleados\/soluciones-de-ahorro\/colectivos-de-jubilacion\/#primaryimage"},"thumbnailUrl":"https:\/\/www.segurosgoiena.com\/wp-content\/uploads\/2016\/11\/colectivos-de-jubilacion.jpg","datePublished":"2016-11-24T14:35:38+00:00","dateModified":"2017-01-10T15:44:40+00:00","description":"Los Seguros Colectivos de Jubilaci\u00f3n tratan de prestaciones para empleados, y para todo tipo de empresas.","breadcrumb":{"@id":"https:\/\/www.segurosgoiena.com\/es\/empresas\/seguros-goiena\/pymes\/empleados\/soluciones-de-ahorro\/colectivos-de-jubilacion\/#breadcrumb"},"inLanguage":"es","potentialAction":[{"@type":"ReadAction","target":["https:\/\/www.segurosgoiena.com\/es\/empresas\/seguros-goiena\/pymes\/empleados\/soluciones-de-ahorro\/colectivos-de-jubilacion\/"]}]},{"@type":"ImageObject","inLanguage":"es","@id":"https:\/\/www.segurosgoiena.com\/es\/empresas\/seguros-goiena\/pymes\/empleados\/soluciones-de-ahorro\/colectivos-de-jubilacion\/#primaryimage","url":"https:\/\/www.segurosgoiena.com\/wp-content\/uploads\/2016\/11\/colectivos-de-jubilacion.jpg","contentUrl":"https:\/\/www.segurosgoiena.com\/wp-content\/uploads\/2016\/11\/colectivos-de-jubilacion.jpg","width":523,"height":425},{"@type":"BreadcrumbList","@id":"https:\/\/www.segurosgoiena.com\/es\/empresas\/seguros-goiena\/pymes\/empleados\/soluciones-de-ahorro\/colectivos-de-jubilacion\/#breadcrumb","itemListElement":[{"@type":"ListItem","position":1,"name":"Portada","item":"https:\/\/www.segurosgoiena.com\/eu\/"},{"@type":"ListItem","position":2,"name":"EMPRESAS","item":"http:\/\/www.segurosgoiena.com\/es\/empresas\/"},{"@type":"ListItem","position":3,"name":"SEGUROS GOIENA","item":"http:\/\/www.segurosgoiena.com\/es\/empresas\/seguros-goiena\/"},{"@type":"ListItem","position":4,"name":"PYMES","item":"https:\/\/www.segurosgoiena.com\/es\/empresas\/seguros-goiena\/pymes\/"},{"@type":"ListItem","position":5,"name":"EMPLEADOS","item":"http:\/\/www.segurosgoiena.com\/es\/empresas\/seguros-goiena\/pymes\/empleados\/"},{"@type":"ListItem","position":6,"name":"Soluciones de Ahorro","item":"https:\/\/www.segurosgoiena.com\/es\/empresas\/seguros-goiena\/pymes\/empleados\/soluciones-de-ahorro\/"},{"@type":"ListItem","position":7,"name":"Colectivos de Jubilaci\u00f3n"}]},{"@type":"WebSite","@id":"https:\/\/www.segurosgoiena.com\/eu\/#website","url":"https:\/\/www.segurosgoiena.com\/eu\/","name":"Seguros Goiena","description":"Seguros para empresas y particulares","potentialAction":[{"@type":"SearchAction","target":{"@type":"EntryPoint","urlTemplate":"https:\/\/www.segurosgoiena.com\/eu\/?s={search_term_string}"},"query-input":"required name=search_term_string"}],"inLanguage":"es"}]}},"_links":{"self":[{"href":"https:\/\/www.segurosgoiena.com\/es\/wp-json\/wp\/v2\/pages\/107","targetHints":{"allow":["GET"]}}],"collection":[{"href":"https:\/\/www.segurosgoiena.com\/es\/wp-json\/wp\/v2\/pages"}],"about":[{"href":"https:\/\/www.segurosgoiena.com\/es\/wp-json\/wp\/v2\/types\/page"}],"author":[{"embeddable":true,"href":"https:\/\/www.segurosgoiena.com\/es\/wp-json\/wp\/v2\/users\/1"}],"replies":[{"embeddable":true,"href":"https:\/\/www.segurosgoiena.com\/es\/wp-json\/wp\/v2\/comments?post=107"}],"version-history":[{"count":6,"href":"https:\/\/www.segurosgoiena.com\/es\/wp-json\/wp\/v2\/pages\/107\/revisions"}],"predecessor-version":[{"id":1581,"href":"https:\/\/www.segurosgoiena.com\/es\/wp-json\/wp\/v2\/pages\/107\/revisions\/1581"}],"up":[{"embeddable":true,"href":"https:\/\/www.segurosgoiena.com\/es\/wp-json\/wp\/v2\/pages\/108"}],"wp:featuredmedia":[{"embeddable":true,"href":"https:\/\/www.segurosgoiena.com\/es\/wp-json\/wp\/v2\/media\/234"}],"wp:attachment":[{"href":"https:\/\/www.segurosgoiena.com\/es\/wp-json\/wp\/v2\/media?parent=107"}],"curies":[{"name":"wp","href":"https:\/\/api.w.org\/{rel}","templated":true}]}}