{"id":430,"date":"2016-11-30T13:46:10","date_gmt":"2016-11-30T13:46:10","guid":{"rendered":"http:\/\/www.segurosgoiena.com\/?page_id=430\/"},"modified":"2017-02-07T12:09:06","modified_gmt":"2017-02-07T12:09:06","slug":"epsv-entidad-de-prevision-social-voluntaria","status":"publish","type":"page","link":"http:\/\/www.segurosgoiena.com\/eu\/epsv-entidad-de-prevision-social-voluntaria\/","title":{"rendered":"EPSV (Entidad de Previsi\u00f3n Social Voluntaria)"},"content":{"rendered":"<h4>\u00bfTe afectan las normas fiscales del Pa\u00eds Vasco?<\/h4>\n<p>La<strong> EPSV (Entidad de Previsi\u00f3n Social Voluntaria)<\/strong> es un producto de ahorro e inversi\u00f3n a largo plazo, totalmente flexible, exclusivo para residentes en la comunidad aut\u00f3noma del Pa\u00eds Vasco que tiene por objetivo constituir un capital para complementar la pensi\u00f3n de jubilaci\u00f3n de la Seguridad Social y, al mismo tiempo, beneficiarte de un excelente tratamiento fiscal.<\/p>\n","protected":false},"excerpt":{"rendered":"<p>\u00bfTe afectan las normas fiscales del Pa\u00eds Vasco? La EPSV (Entidad de Previsi\u00f3n Social Voluntaria) es un producto de ahorro e inversi\u00f3n a largo plazo, totalmente flexible, exclusivo para residentes en la comunidad aut\u00f3noma del Pa\u00eds Vasco que tiene por objetivo constituir un capital para complementar la pensi\u00f3n de jubilaci\u00f3n de la Seguridad Social y, [&hellip;]<\/p>\n","protected":false},"author":1,"featured_media":1176,"parent":0,"menu_order":10,"comment_status":"closed","ping_status":"closed","template":"page-templates\/template-producto.php","meta":{"_acf_changed":false,"footnotes":""},"class_list":["post-430","page","type-page","status-publish","has-post-thumbnail","hentry"],"acf":[],"yoast_head":"<!-- This site is optimized with the Yoast SEO plugin v22.5 - https:\/\/yoast.com\/wordpress\/plugins\/seo\/ -->\n<title>Goiena Seguros | Jubilaci\u00f3n-EPSV<\/title>\n<meta name=\"description\" content=\"La EPSV (Entidad de Previsi\u00f3n Social Voluntaria) es un producto de ahorro e inversi\u00f3n a largo plazo, flexible y exclusivo para residentes en el Pa\u00eds Vasco.\" \/>\n<meta name=\"robots\" content=\"index, follow, max-snippet:-1, max-image-preview:large, max-video-preview:-1\" \/>\n<link rel=\"canonical\" href=\"http:\/\/www.segurosgoiena.com\/eu\/epsv-entidad-de-prevision-social-voluntaria\/\" \/>\n<meta property=\"og:locale\" content=\"en_US\" \/>\n<meta property=\"og:type\" content=\"article\" \/>\n<meta property=\"og:title\" content=\"Goiena Seguros | Jubilaci\u00f3n-EPSV\" \/>\n<meta property=\"og:description\" content=\"La EPSV (Entidad de Previsi\u00f3n Social Voluntaria) es un producto de ahorro e inversi\u00f3n a largo plazo, flexible y exclusivo para residentes en el Pa\u00eds Vasco.\" \/>\n<meta property=\"og:url\" content=\"http:\/\/www.segurosgoiena.com\/eu\/epsv-entidad-de-prevision-social-voluntaria\/\" \/>\n<meta property=\"og:site_name\" content=\"Seguros Goiena\" \/>\n<meta property=\"article:modified_time\" content=\"2017-02-07T12:09:06+00:00\" \/>\n<meta property=\"og:image\" content=\"http:\/\/www.segurosgoiena.com\/wp-content\/uploads\/2016\/12\/entidades-de-prevision-social-voluntaria.jpg\" \/>\n\t<meta property=\"og:image:width\" content=\"523\" \/>\n\t<meta property=\"og:image:height\" content=\"425\" \/>\n\t<meta property=\"og:image:type\" content=\"image\/jpeg\" \/>\n<meta name=\"twitter:card\" content=\"summary_large_image\" \/>\n<script type=\"application\/ld+json\" class=\"yoast-schema-graph\">{\"@context\":\"https:\/\/schema.org\",\"@graph\":[{\"@type\":\"WebPage\",\"@id\":\"http:\/\/www.segurosgoiena.com\/eu\/epsv-entidad-de-prevision-social-voluntaria\/\",\"url\":\"http:\/\/www.segurosgoiena.com\/eu\/epsv-entidad-de-prevision-social-voluntaria\/\",\"name\":\"Goiena Seguros | Jubilaci\u00f3n-EPSV\",\"isPartOf\":{\"@id\":\"http:\/\/www.segurosgoiena.com\/es\/#website\"},\"primaryImageOfPage\":{\"@id\":\"http:\/\/www.segurosgoiena.com\/eu\/epsv-entidad-de-prevision-social-voluntaria\/#primaryimage\"},\"image\":{\"@id\":\"http:\/\/www.segurosgoiena.com\/eu\/epsv-entidad-de-prevision-social-voluntaria\/#primaryimage\"},\"thumbnailUrl\":\"http:\/\/www.segurosgoiena.com\/wp-content\/uploads\/2016\/12\/entidades-de-prevision-social-voluntaria.jpg\",\"datePublished\":\"2016-11-30T13:46:10+00:00\",\"dateModified\":\"2017-02-07T12:09:06+00:00\",\"description\":\"La EPSV (Entidad de Previsi\u00f3n Social Voluntaria) es un producto de ahorro e inversi\u00f3n a largo plazo, flexible y exclusivo para residentes en el Pa\u00eds Vasco.\",\"breadcrumb\":{\"@id\":\"http:\/\/www.segurosgoiena.com\/eu\/epsv-entidad-de-prevision-social-voluntaria\/#breadcrumb\"},\"inLanguage\":\"eu\",\"potentialAction\":[{\"@type\":\"ReadAction\",\"target\":[\"http:\/\/www.segurosgoiena.com\/eu\/epsv-entidad-de-prevision-social-voluntaria\/\"]}]},{\"@type\":\"ImageObject\",\"inLanguage\":\"eu\",\"@id\":\"http:\/\/www.segurosgoiena.com\/eu\/epsv-entidad-de-prevision-social-voluntaria\/#primaryimage\",\"url\":\"http:\/\/www.segurosgoiena.com\/wp-content\/uploads\/2016\/12\/entidades-de-prevision-social-voluntaria.jpg\",\"contentUrl\":\"http:\/\/www.segurosgoiena.com\/wp-content\/uploads\/2016\/12\/entidades-de-prevision-social-voluntaria.jpg\",\"width\":523,\"height\":425,\"caption\":\"epsv\"},{\"@type\":\"BreadcrumbList\",\"@id\":\"http:\/\/www.segurosgoiena.com\/eu\/epsv-entidad-de-prevision-social-voluntaria\/#breadcrumb\",\"itemListElement\":[{\"@type\":\"ListItem\",\"position\":1,\"name\":\"Portada\",\"item\":\"http:\/\/www.segurosgoiena.com\/es\/\"},{\"@type\":\"ListItem\",\"position\":2,\"name\":\"EPSV (Entidad de Previsi\u00f3n Social Voluntaria)\"}]},{\"@type\":\"WebSite\",\"@id\":\"http:\/\/www.segurosgoiena.com\/es\/#website\",\"url\":\"http:\/\/www.segurosgoiena.com\/es\/\",\"name\":\"Seguros Goiena\",\"description\":\"Otro sitio realizado con WordPress\",\"potentialAction\":[{\"@type\":\"SearchAction\",\"target\":{\"@type\":\"EntryPoint\",\"urlTemplate\":\"http:\/\/www.segurosgoiena.com\/es\/?s={search_term_string}\"},\"query-input\":\"required name=search_term_string\"}],\"inLanguage\":\"eu\"}]}<\/script>\n<!-- \/ Yoast SEO plugin. -->","yoast_head_json":{"title":"Goiena Seguros | Jubilaci\u00f3n-EPSV","description":"La EPSV (Entidad de Previsi\u00f3n Social Voluntaria) es un producto de ahorro e inversi\u00f3n a largo plazo, flexible y exclusivo para residentes en el Pa\u00eds Vasco.","robots":{"index":"index","follow":"follow","max-snippet":"max-snippet:-1","max-image-preview":"max-image-preview:large","max-video-preview":"max-video-preview:-1"},"canonical":"http:\/\/www.segurosgoiena.com\/eu\/epsv-entidad-de-prevision-social-voluntaria\/","og_locale":"en_US","og_type":"article","og_title":"Goiena Seguros | Jubilaci\u00f3n-EPSV","og_description":"La EPSV (Entidad de Previsi\u00f3n Social Voluntaria) es un producto de ahorro e inversi\u00f3n a largo plazo, flexible y exclusivo para residentes en el Pa\u00eds Vasco.","og_url":"http:\/\/www.segurosgoiena.com\/eu\/epsv-entidad-de-prevision-social-voluntaria\/","og_site_name":"Seguros Goiena","article_modified_time":"2017-02-07T12:09:06+00:00","og_image":[{"width":523,"height":425,"url":"http:\/\/www.segurosgoiena.com\/wp-content\/uploads\/2016\/12\/entidades-de-prevision-social-voluntaria.jpg","type":"image\/jpeg"}],"twitter_card":"summary_large_image","schema":{"@context":"https:\/\/schema.org","@graph":[{"@type":"WebPage","@id":"http:\/\/www.segurosgoiena.com\/eu\/epsv-entidad-de-prevision-social-voluntaria\/","url":"http:\/\/www.segurosgoiena.com\/eu\/epsv-entidad-de-prevision-social-voluntaria\/","name":"Goiena Seguros | Jubilaci\u00f3n-EPSV","isPartOf":{"@id":"http:\/\/www.segurosgoiena.com\/es\/#website"},"primaryImageOfPage":{"@id":"http:\/\/www.segurosgoiena.com\/eu\/epsv-entidad-de-prevision-social-voluntaria\/#primaryimage"},"image":{"@id":"http:\/\/www.segurosgoiena.com\/eu\/epsv-entidad-de-prevision-social-voluntaria\/#primaryimage"},"thumbnailUrl":"http:\/\/www.segurosgoiena.com\/wp-content\/uploads\/2016\/12\/entidades-de-prevision-social-voluntaria.jpg","datePublished":"2016-11-30T13:46:10+00:00","dateModified":"2017-02-07T12:09:06+00:00","description":"La EPSV (Entidad de Previsi\u00f3n Social Voluntaria) es un producto de ahorro e inversi\u00f3n a largo plazo, flexible y exclusivo para residentes en el Pa\u00eds Vasco.","breadcrumb":{"@id":"http:\/\/www.segurosgoiena.com\/eu\/epsv-entidad-de-prevision-social-voluntaria\/#breadcrumb"},"inLanguage":"eu","potentialAction":[{"@type":"ReadAction","target":["http:\/\/www.segurosgoiena.com\/eu\/epsv-entidad-de-prevision-social-voluntaria\/"]}]},{"@type":"ImageObject","inLanguage":"eu","@id":"http:\/\/www.segurosgoiena.com\/eu\/epsv-entidad-de-prevision-social-voluntaria\/#primaryimage","url":"http:\/\/www.segurosgoiena.com\/wp-content\/uploads\/2016\/12\/entidades-de-prevision-social-voluntaria.jpg","contentUrl":"http:\/\/www.segurosgoiena.com\/wp-content\/uploads\/2016\/12\/entidades-de-prevision-social-voluntaria.jpg","width":523,"height":425,"caption":"epsv"},{"@type":"BreadcrumbList","@id":"http:\/\/www.segurosgoiena.com\/eu\/epsv-entidad-de-prevision-social-voluntaria\/#breadcrumb","itemListElement":[{"@type":"ListItem","position":1,"name":"Portada","item":"http:\/\/www.segurosgoiena.com\/es\/"},{"@type":"ListItem","position":2,"name":"EPSV (Entidad de Previsi\u00f3n Social Voluntaria)"}]},{"@type":"WebSite","@id":"http:\/\/www.segurosgoiena.com\/es\/#website","url":"http:\/\/www.segurosgoiena.com\/es\/","name":"Seguros Goiena","description":"Otro sitio realizado con WordPress","potentialAction":[{"@type":"SearchAction","target":{"@type":"EntryPoint","urlTemplate":"http:\/\/www.segurosgoiena.com\/es\/?s={search_term_string}"},"query-input":"required name=search_term_string"}],"inLanguage":"eu"}]}},"_links":{"self":[{"href":"http:\/\/www.segurosgoiena.com\/eu\/wp-json\/wp\/v2\/pages\/430","targetHints":{"allow":["GET"]}}],"collection":[{"href":"http:\/\/www.segurosgoiena.com\/eu\/wp-json\/wp\/v2\/pages"}],"about":[{"href":"http:\/\/www.segurosgoiena.com\/eu\/wp-json\/wp\/v2\/types\/page"}],"author":[{"embeddable":true,"href":"http:\/\/www.segurosgoiena.com\/eu\/wp-json\/wp\/v2\/users\/1"}],"replies":[{"embeddable":true,"href":"http:\/\/www.segurosgoiena.com\/eu\/wp-json\/wp\/v2\/comments?post=430"}],"version-history":[{"count":38,"href":"http:\/\/www.segurosgoiena.com\/eu\/wp-json\/wp\/v2\/pages\/430\/revisions"}],"predecessor-version":[{"id":2095,"href":"http:\/\/www.segurosgoiena.com\/eu\/wp-json\/wp\/v2\/pages\/430\/revisions\/2095"}],"wp:featuredmedia":[{"embeddable":true,"href":"http:\/\/www.segurosgoiena.com\/eu\/wp-json\/wp\/v2\/media\/1176"}],"wp:attachment":[{"href":"http:\/\/www.segurosgoiena.com\/eu\/wp-json\/wp\/v2\/media?parent=430"}],"curies":[{"name":"wp","href":"https:\/\/api.w.org\/{rel}","templated":true}]}}