{"id":2010,"date":"2016-11-29T12:10:19","date_gmt":"2016-11-29T12:10:19","guid":{"rendered":"http:\/\/www.segurosgoiena.com\/administracion-y-entidades-publicas\/"},"modified":"2017-02-01T14:03:47","modified_gmt":"2017-02-01T14:03:47","slug":"administrazio-eta-erakunde-publikoak","status":"publish","type":"page","link":"http:\/\/www.segurosgoiena.com\/eu\/enpresak\/goiena-aseguruak\/arrisku-handien-asegurua-enpresentzat\/administrazio-eta-erakunde-publikoak\/","title":{"rendered":"ADMINISTRAZIO ETA ERAKUNDE PUBLIKOAK"},"content":{"rendered":"<p>Administrazio eta erakunde publikoetarako aseguruak sektore publikoko enpresei egokituta daude.<\/p>\n<p>Administrazioek dauzkaten arrisku batzuek aurrekontu egonkortasuna kolokan jartzen dute eta eragina daukate zergadunarengan.<\/p>\n<p>Sektore publikoko aseguru programek \u2013administrazio zentrala, erkidegokoa, tokikoa eta enpresa publikoak barne\u2013 aholkularitza integrala ematen dute; baita ondare babes nahiz babes pertsonal egokia ere.<\/p>\n","protected":false},"excerpt":{"rendered":"<p>Administrazio eta erakunde publikoetarako aseguruak sektore publikoko enpresei egokituta daude. Administrazioek dauzkaten arrisku batzuek aurrekontu egonkortasuna kolokan jartzen dute eta eragina daukate zergadunarengan. Sektore publikoko aseguru programek \u2013administrazio zentrala, erkidegokoa, tokikoa eta enpresa publikoak barne\u2013 aholkularitza integrala ematen dute; baita ondare babes nahiz babes pertsonal egokia ere.<\/p>\n","protected":false},"author":1,"featured_media":326,"parent":2232,"menu_order":60,"comment_status":"closed","ping_status":"closed","template":"page-templates\/template-producto.php","meta":{"_acf_changed":false,"footnotes":""},"class_list":["post-2010","page","type-page","status-publish","has-post-thumbnail","hentry"],"acf":[],"yoast_head":"<!-- This site is optimized with the Yoast SEO plugin v22.5 - https:\/\/yoast.com\/wordpress\/plugins\/seo\/ -->\n<title>Goiena Seguros | Empresas- Administraci\u00f3n y entidades p\u00fablicas<\/title>\n<meta name=\"description\" content=\"Los Seguros de Administraci\u00f3n y Entidades P\u00fablicas est\u00e1n adaptados a las empresas del sector p\u00fablico y los riegos a los que puedan incurrir.\" \/>\n<meta name=\"robots\" content=\"index, follow, max-snippet:-1, max-image-preview:large, max-video-preview:-1\" \/>\n<link rel=\"canonical\" href=\"https:\/\/www.segurosgoiena.com\/eu\/enpresak\/goiena-aseguruak\/arrisku-handien-asegurua-enpresentzat\/administrazio-eta-erakunde-publikoak\/\" \/>\n<meta property=\"og:locale\" content=\"en_US\" \/>\n<meta property=\"og:type\" content=\"article\" \/>\n<meta property=\"og:title\" content=\"Goiena Seguros | Empresas- Administraci\u00f3n y entidades p\u00fablicas\" \/>\n<meta property=\"og:description\" content=\"Los Seguros de Administraci\u00f3n y Entidades P\u00fablicas est\u00e1n adaptados a las empresas del sector p\u00fablico y los riegos a los que puedan incurrir.\" \/>\n<meta property=\"og:url\" content=\"https:\/\/www.segurosgoiena.com\/eu\/enpresak\/goiena-aseguruak\/arrisku-handien-asegurua-enpresentzat\/administrazio-eta-erakunde-publikoak\/\" \/>\n<meta property=\"og:site_name\" content=\"Seguros Goiena\" \/>\n<meta property=\"article:modified_time\" content=\"2017-02-01T14:03:47+00:00\" \/>\n<meta property=\"og:image\" content=\"https:\/\/www.segurosgoiena.com\/wp-content\/uploads\/2016\/11\/administracion-y-entidades-publicas.jpg\" \/>\n\t<meta property=\"og:image:width\" content=\"523\" \/>\n\t<meta property=\"og:image:height\" content=\"425\" \/>\n\t<meta property=\"og:image:type\" content=\"image\/jpeg\" \/>\n<meta name=\"twitter:card\" content=\"summary_large_image\" \/>\n<script type=\"application\/ld+json\" class=\"yoast-schema-graph\">{\"@context\":\"https:\/\/schema.org\",\"@graph\":[{\"@type\":\"WebPage\",\"@id\":\"https:\/\/www.segurosgoiena.com\/eu\/enpresak\/goiena-aseguruak\/arrisku-handien-asegurua-enpresentzat\/administrazio-eta-erakunde-publikoak\/\",\"url\":\"https:\/\/www.segurosgoiena.com\/eu\/enpresak\/goiena-aseguruak\/arrisku-handien-asegurua-enpresentzat\/administrazio-eta-erakunde-publikoak\/\",\"name\":\"Goiena Seguros | Empresas- Administraci\u00f3n y entidades p\u00fablicas\",\"isPartOf\":{\"@id\":\"http:\/\/www.segurosgoiena.com\/es\/#website\"},\"primaryImageOfPage\":{\"@id\":\"https:\/\/www.segurosgoiena.com\/eu\/enpresak\/goiena-aseguruak\/arrisku-handien-asegurua-enpresentzat\/administrazio-eta-erakunde-publikoak\/#primaryimage\"},\"image\":{\"@id\":\"https:\/\/www.segurosgoiena.com\/eu\/enpresak\/goiena-aseguruak\/arrisku-handien-asegurua-enpresentzat\/administrazio-eta-erakunde-publikoak\/#primaryimage\"},\"thumbnailUrl\":\"http:\/\/www.segurosgoiena.com\/wp-content\/uploads\/2016\/11\/administracion-y-entidades-publicas.jpg\",\"datePublished\":\"2016-11-29T12:10:19+00:00\",\"dateModified\":\"2017-02-01T14:03:47+00:00\",\"description\":\"Los Seguros de Administraci\u00f3n y Entidades P\u00fablicas est\u00e1n adaptados a las empresas del sector p\u00fablico y los riegos a los que puedan incurrir.\",\"breadcrumb\":{\"@id\":\"https:\/\/www.segurosgoiena.com\/eu\/enpresak\/goiena-aseguruak\/arrisku-handien-asegurua-enpresentzat\/administrazio-eta-erakunde-publikoak\/#breadcrumb\"},\"inLanguage\":\"eu\",\"potentialAction\":[{\"@type\":\"ReadAction\",\"target\":[\"https:\/\/www.segurosgoiena.com\/eu\/enpresak\/goiena-aseguruak\/arrisku-handien-asegurua-enpresentzat\/administrazio-eta-erakunde-publikoak\/\"]}]},{\"@type\":\"ImageObject\",\"inLanguage\":\"eu\",\"@id\":\"https:\/\/www.segurosgoiena.com\/eu\/enpresak\/goiena-aseguruak\/arrisku-handien-asegurua-enpresentzat\/administrazio-eta-erakunde-publikoak\/#primaryimage\",\"url\":\"http:\/\/www.segurosgoiena.com\/wp-content\/uploads\/2016\/11\/administracion-y-entidades-publicas.jpg\",\"contentUrl\":\"http:\/\/www.segurosgoiena.com\/wp-content\/uploads\/2016\/11\/administracion-y-entidades-publicas.jpg\",\"width\":523,\"height\":425},{\"@type\":\"BreadcrumbList\",\"@id\":\"https:\/\/www.segurosgoiena.com\/eu\/enpresak\/goiena-aseguruak\/arrisku-handien-asegurua-enpresentzat\/administrazio-eta-erakunde-publikoak\/#breadcrumb\",\"itemListElement\":[{\"@type\":\"ListItem\",\"position\":1,\"name\":\"Portada\",\"item\":\"http:\/\/www.segurosgoiena.com\/es\/\"},{\"@type\":\"ListItem\",\"position\":2,\"name\":\"ENPRESAK\",\"item\":\"https:\/\/www.segurosgoiena.com\/eu\/enpresak\/\"},{\"@type\":\"ListItem\",\"position\":3,\"name\":\"GOIENA ASEGURUAK\",\"item\":\"https:\/\/www.segurosgoiena.com\/eu\/enpresak\/goiena-aseguruak\/\"},{\"@type\":\"ListItem\",\"position\":4,\"name\":\"ARRISKU HANDIEN ASEGURUA ENPRESENTZAT\",\"item\":\"http:\/\/www.segurosgoiena.com\/eu\/enpresak\/goiena-aseguruak\/arrisku-handien-asegurua-enpresentzat\/\"},{\"@type\":\"ListItem\",\"position\":5,\"name\":\"ADMINISTRAZIO ETA ERAKUNDE PUBLIKOAK\"}]},{\"@type\":\"WebSite\",\"@id\":\"http:\/\/www.segurosgoiena.com\/es\/#website\",\"url\":\"http:\/\/www.segurosgoiena.com\/es\/\",\"name\":\"Seguros Goiena\",\"description\":\"Otro sitio realizado con WordPress\",\"potentialAction\":[{\"@type\":\"SearchAction\",\"target\":{\"@type\":\"EntryPoint\",\"urlTemplate\":\"http:\/\/www.segurosgoiena.com\/es\/?s={search_term_string}\"},\"query-input\":\"required name=search_term_string\"}],\"inLanguage\":\"eu\"}]}<\/script>\n<!-- \/ Yoast SEO plugin. -->","yoast_head_json":{"title":"Goiena Seguros | Empresas- Administraci\u00f3n y entidades p\u00fablicas","description":"Los Seguros de Administraci\u00f3n y Entidades P\u00fablicas est\u00e1n adaptados a las empresas del sector p\u00fablico y los riegos a los que puedan incurrir.","robots":{"index":"index","follow":"follow","max-snippet":"max-snippet:-1","max-image-preview":"max-image-preview:large","max-video-preview":"max-video-preview:-1"},"canonical":"https:\/\/www.segurosgoiena.com\/eu\/enpresak\/goiena-aseguruak\/arrisku-handien-asegurua-enpresentzat\/administrazio-eta-erakunde-publikoak\/","og_locale":"en_US","og_type":"article","og_title":"Goiena Seguros | Empresas- Administraci\u00f3n y entidades p\u00fablicas","og_description":"Los Seguros de Administraci\u00f3n y Entidades P\u00fablicas est\u00e1n adaptados a las empresas del sector p\u00fablico y los riegos a los que puedan incurrir.","og_url":"https:\/\/www.segurosgoiena.com\/eu\/enpresak\/goiena-aseguruak\/arrisku-handien-asegurua-enpresentzat\/administrazio-eta-erakunde-publikoak\/","og_site_name":"Seguros Goiena","article_modified_time":"2017-02-01T14:03:47+00:00","og_image":[{"width":523,"height":425,"url":"https:\/\/www.segurosgoiena.com\/wp-content\/uploads\/2016\/11\/administracion-y-entidades-publicas.jpg","type":"image\/jpeg"}],"twitter_card":"summary_large_image","schema":{"@context":"https:\/\/schema.org","@graph":[{"@type":"WebPage","@id":"https:\/\/www.segurosgoiena.com\/eu\/enpresak\/goiena-aseguruak\/arrisku-handien-asegurua-enpresentzat\/administrazio-eta-erakunde-publikoak\/","url":"https:\/\/www.segurosgoiena.com\/eu\/enpresak\/goiena-aseguruak\/arrisku-handien-asegurua-enpresentzat\/administrazio-eta-erakunde-publikoak\/","name":"Goiena Seguros | Empresas- Administraci\u00f3n y entidades p\u00fablicas","isPartOf":{"@id":"http:\/\/www.segurosgoiena.com\/es\/#website"},"primaryImageOfPage":{"@id":"https:\/\/www.segurosgoiena.com\/eu\/enpresak\/goiena-aseguruak\/arrisku-handien-asegurua-enpresentzat\/administrazio-eta-erakunde-publikoak\/#primaryimage"},"image":{"@id":"https:\/\/www.segurosgoiena.com\/eu\/enpresak\/goiena-aseguruak\/arrisku-handien-asegurua-enpresentzat\/administrazio-eta-erakunde-publikoak\/#primaryimage"},"thumbnailUrl":"http:\/\/www.segurosgoiena.com\/wp-content\/uploads\/2016\/11\/administracion-y-entidades-publicas.jpg","datePublished":"2016-11-29T12:10:19+00:00","dateModified":"2017-02-01T14:03:47+00:00","description":"Los Seguros de Administraci\u00f3n y Entidades P\u00fablicas est\u00e1n adaptados a las empresas del sector p\u00fablico y los riegos a los que puedan incurrir.","breadcrumb":{"@id":"https:\/\/www.segurosgoiena.com\/eu\/enpresak\/goiena-aseguruak\/arrisku-handien-asegurua-enpresentzat\/administrazio-eta-erakunde-publikoak\/#breadcrumb"},"inLanguage":"eu","potentialAction":[{"@type":"ReadAction","target":["https:\/\/www.segurosgoiena.com\/eu\/enpresak\/goiena-aseguruak\/arrisku-handien-asegurua-enpresentzat\/administrazio-eta-erakunde-publikoak\/"]}]},{"@type":"ImageObject","inLanguage":"eu","@id":"https:\/\/www.segurosgoiena.com\/eu\/enpresak\/goiena-aseguruak\/arrisku-handien-asegurua-enpresentzat\/administrazio-eta-erakunde-publikoak\/#primaryimage","url":"http:\/\/www.segurosgoiena.com\/wp-content\/uploads\/2016\/11\/administracion-y-entidades-publicas.jpg","contentUrl":"http:\/\/www.segurosgoiena.com\/wp-content\/uploads\/2016\/11\/administracion-y-entidades-publicas.jpg","width":523,"height":425},{"@type":"BreadcrumbList","@id":"https:\/\/www.segurosgoiena.com\/eu\/enpresak\/goiena-aseguruak\/arrisku-handien-asegurua-enpresentzat\/administrazio-eta-erakunde-publikoak\/#breadcrumb","itemListElement":[{"@type":"ListItem","position":1,"name":"Portada","item":"http:\/\/www.segurosgoiena.com\/es\/"},{"@type":"ListItem","position":2,"name":"ENPRESAK","item":"https:\/\/www.segurosgoiena.com\/eu\/enpresak\/"},{"@type":"ListItem","position":3,"name":"GOIENA ASEGURUAK","item":"https:\/\/www.segurosgoiena.com\/eu\/enpresak\/goiena-aseguruak\/"},{"@type":"ListItem","position":4,"name":"ARRISKU HANDIEN ASEGURUA ENPRESENTZAT","item":"http:\/\/www.segurosgoiena.com\/eu\/enpresak\/goiena-aseguruak\/arrisku-handien-asegurua-enpresentzat\/"},{"@type":"ListItem","position":5,"name":"ADMINISTRAZIO ETA ERAKUNDE PUBLIKOAK"}]},{"@type":"WebSite","@id":"http:\/\/www.segurosgoiena.com\/es\/#website","url":"http:\/\/www.segurosgoiena.com\/es\/","name":"Seguros Goiena","description":"Otro sitio realizado con WordPress","potentialAction":[{"@type":"SearchAction","target":{"@type":"EntryPoint","urlTemplate":"http:\/\/www.segurosgoiena.com\/es\/?s={search_term_string}"},"query-input":"required name=search_term_string"}],"inLanguage":"eu"}]}},"_links":{"self":[{"href":"http:\/\/www.segurosgoiena.com\/eu\/wp-json\/wp\/v2\/pages\/2010","targetHints":{"allow":["GET"]}}],"collection":[{"href":"http:\/\/www.segurosgoiena.com\/eu\/wp-json\/wp\/v2\/pages"}],"about":[{"href":"http:\/\/www.segurosgoiena.com\/eu\/wp-json\/wp\/v2\/types\/page"}],"author":[{"embeddable":true,"href":"http:\/\/www.segurosgoiena.com\/eu\/wp-json\/wp\/v2\/users\/1"}],"replies":[{"embeddable":true,"href":"http:\/\/www.segurosgoiena.com\/eu\/wp-json\/wp\/v2\/comments?post=2010"}],"version-history":[{"count":8,"href":"http:\/\/www.segurosgoiena.com\/eu\/wp-json\/wp\/v2\/pages\/2010\/revisions"}],"predecessor-version":[{"id":2018,"href":"http:\/\/www.segurosgoiena.com\/eu\/wp-json\/wp\/v2\/pages\/2010\/revisions\/2018"}],"up":[{"embeddable":true,"href":"http:\/\/www.segurosgoiena.com\/eu\/wp-json\/wp\/v2\/pages\/2232"}],"wp:featuredmedia":[{"embeddable":true,"href":"http:\/\/www.segurosgoiena.com\/eu\/wp-json\/wp\/v2\/media\/326"}],"wp:attachment":[{"href":"http:\/\/www.segurosgoiena.com\/eu\/wp-json\/wp\/v2\/media?parent=2010"}],"curies":[{"name":"wp","href":"https:\/\/api.w.org\/{rel}","templated":true}]}}