{"id":2000,"date":"2016-11-29T12:10:02","date_gmt":"2016-11-29T12:10:02","guid":{"rendered":"http:\/\/www.segurosgoiena.com\/gestion-de-crisis-secuestro-y-extorsion\/"},"modified":"2017-02-01T10:02:24","modified_gmt":"2017-02-01T10:02:24","slug":"bahiketa-eta-estortsio-krisien-kudeaketa","status":"publish","type":"page","link":"http:\/\/www.segurosgoiena.com\/eu\/enpresak\/goiena-aseguruak\/arrisku-handien-asegurua-enpresentzat\/bahiketa-eta-estortsio-krisien-kudeaketa\/","title":{"rendered":"BAHIKETA ETA ESTORTSIO KRISIEN KUDEAKETA"},"content":{"rendered":"<p>Hedapen internazionala errealitate iraunkorra da gaur egungo enpresetan. Hedapen hori gorantz datozen herrialdeetan ardazten da bereziki.<\/p>\n<p>Leku horietako asko hazkunde handia izaten ari dira, baina, aldi berean, arrisku handiko lekutzat jotzen dira, bahiketa, estortsio eta legez kontrako atxiloketa kasuak direla eta.<\/p>\n","protected":false},"excerpt":{"rendered":"<p>Hedapen internazionala errealitate iraunkorra da gaur egungo enpresetan. Hedapen hori gorantz datozen herrialdeetan ardazten da bereziki. Leku horietako asko hazkunde handia izaten ari dira, baina, aldi berean, arrisku handiko lekutzat jotzen dira, bahiketa, estortsio eta legez kontrako atxiloketa kasuak direla eta.<\/p>\n","protected":false},"author":1,"featured_media":312,"parent":2232,"menu_order":50,"comment_status":"closed","ping_status":"closed","template":"page-templates\/template-producto.php","meta":{"_acf_changed":false,"footnotes":""},"class_list":["post-2000","page","type-page","status-publish","has-post-thumbnail","hentry"],"acf":[],"yoast_head":"<!-- This site is optimized with the Yoast SEO plugin v22.5 - https:\/\/yoast.com\/wordpress\/plugins\/seo\/ -->\n<title>Goiena Seguros | Empresas- Gesti\u00f3n de crisis; secuestro y extorsi\u00f3n<\/title>\n<meta name=\"description\" content=\"El Seguro de Gesti\u00f3n de Crisis ofrece una soluci\u00f3n completa ante las amenazas de pirater\u00eda a las que a diario se pueden enfrentar las empresas.\" \/>\n<meta name=\"robots\" content=\"index, follow, max-snippet:-1, max-image-preview:large, max-video-preview:-1\" \/>\n<link rel=\"canonical\" href=\"http:\/\/www.segurosgoiena.com\/eu\/enpresak\/goiena-aseguruak\/arrisku-handien-asegurua-enpresentzat\/bahiketa-eta-estortsio-krisien-kudeaketa\/\" \/>\n<meta property=\"og:locale\" content=\"en_US\" \/>\n<meta property=\"og:type\" content=\"article\" \/>\n<meta property=\"og:title\" content=\"Goiena Seguros | Empresas- Gesti\u00f3n de crisis; secuestro y extorsi\u00f3n\" \/>\n<meta property=\"og:description\" content=\"El Seguro de Gesti\u00f3n de Crisis ofrece una soluci\u00f3n completa ante las amenazas de pirater\u00eda a las que a diario se pueden enfrentar las empresas.\" \/>\n<meta property=\"og:url\" content=\"http:\/\/www.segurosgoiena.com\/eu\/enpresak\/goiena-aseguruak\/arrisku-handien-asegurua-enpresentzat\/bahiketa-eta-estortsio-krisien-kudeaketa\/\" \/>\n<meta property=\"og:site_name\" content=\"Seguros Goiena\" \/>\n<meta property=\"article:modified_time\" content=\"2017-02-01T10:02:24+00:00\" \/>\n<meta property=\"og:image\" content=\"http:\/\/www.segurosgoiena.com\/wp-content\/uploads\/2016\/11\/gestion-de-crisis-secuestro-y-extorsion.jpg\" \/>\n\t<meta property=\"og:image:width\" content=\"523\" \/>\n\t<meta property=\"og:image:height\" content=\"425\" \/>\n\t<meta property=\"og:image:type\" content=\"image\/jpeg\" \/>\n<meta name=\"twitter:card\" content=\"summary_large_image\" \/>\n<script type=\"application\/ld+json\" class=\"yoast-schema-graph\">{\"@context\":\"https:\/\/schema.org\",\"@graph\":[{\"@type\":\"WebPage\",\"@id\":\"http:\/\/www.segurosgoiena.com\/eu\/enpresak\/goiena-aseguruak\/arrisku-handien-asegurua-enpresentzat\/bahiketa-eta-estortsio-krisien-kudeaketa\/\",\"url\":\"http:\/\/www.segurosgoiena.com\/eu\/enpresak\/goiena-aseguruak\/arrisku-handien-asegurua-enpresentzat\/bahiketa-eta-estortsio-krisien-kudeaketa\/\",\"name\":\"Goiena Seguros | Empresas- Gesti\u00f3n de crisis; secuestro y extorsi\u00f3n\",\"isPartOf\":{\"@id\":\"http:\/\/www.segurosgoiena.com\/es\/#website\"},\"primaryImageOfPage\":{\"@id\":\"http:\/\/www.segurosgoiena.com\/eu\/enpresak\/goiena-aseguruak\/arrisku-handien-asegurua-enpresentzat\/bahiketa-eta-estortsio-krisien-kudeaketa\/#primaryimage\"},\"image\":{\"@id\":\"http:\/\/www.segurosgoiena.com\/eu\/enpresak\/goiena-aseguruak\/arrisku-handien-asegurua-enpresentzat\/bahiketa-eta-estortsio-krisien-kudeaketa\/#primaryimage\"},\"thumbnailUrl\":\"http:\/\/www.segurosgoiena.com\/wp-content\/uploads\/2016\/11\/gestion-de-crisis-secuestro-y-extorsion.jpg\",\"datePublished\":\"2016-11-29T12:10:02+00:00\",\"dateModified\":\"2017-02-01T10:02:24+00:00\",\"description\":\"El Seguro de Gesti\u00f3n de Crisis ofrece una soluci\u00f3n completa ante las amenazas de pirater\u00eda a las que a diario se pueden enfrentar las empresas.\",\"breadcrumb\":{\"@id\":\"http:\/\/www.segurosgoiena.com\/eu\/enpresak\/goiena-aseguruak\/arrisku-handien-asegurua-enpresentzat\/bahiketa-eta-estortsio-krisien-kudeaketa\/#breadcrumb\"},\"inLanguage\":\"eu\",\"potentialAction\":[{\"@type\":\"ReadAction\",\"target\":[\"http:\/\/www.segurosgoiena.com\/eu\/enpresak\/goiena-aseguruak\/arrisku-handien-asegurua-enpresentzat\/bahiketa-eta-estortsio-krisien-kudeaketa\/\"]}]},{\"@type\":\"ImageObject\",\"inLanguage\":\"eu\",\"@id\":\"http:\/\/www.segurosgoiena.com\/eu\/enpresak\/goiena-aseguruak\/arrisku-handien-asegurua-enpresentzat\/bahiketa-eta-estortsio-krisien-kudeaketa\/#primaryimage\",\"url\":\"http:\/\/www.segurosgoiena.com\/wp-content\/uploads\/2016\/11\/gestion-de-crisis-secuestro-y-extorsion.jpg\",\"contentUrl\":\"http:\/\/www.segurosgoiena.com\/wp-content\/uploads\/2016\/11\/gestion-de-crisis-secuestro-y-extorsion.jpg\",\"width\":523,\"height\":425},{\"@type\":\"BreadcrumbList\",\"@id\":\"http:\/\/www.segurosgoiena.com\/eu\/enpresak\/goiena-aseguruak\/arrisku-handien-asegurua-enpresentzat\/bahiketa-eta-estortsio-krisien-kudeaketa\/#breadcrumb\",\"itemListElement\":[{\"@type\":\"ListItem\",\"position\":1,\"name\":\"Portada\",\"item\":\"http:\/\/www.segurosgoiena.com\/es\/\"},{\"@type\":\"ListItem\",\"position\":2,\"name\":\"ENPRESAK\",\"item\":\"https:\/\/www.segurosgoiena.com\/eu\/enpresak\/\"},{\"@type\":\"ListItem\",\"position\":3,\"name\":\"GOIENA ASEGURUAK\",\"item\":\"https:\/\/www.segurosgoiena.com\/eu\/enpresak\/goiena-aseguruak\/\"},{\"@type\":\"ListItem\",\"position\":4,\"name\":\"ARRISKU HANDIEN ASEGURUA ENPRESENTZAT\",\"item\":\"http:\/\/www.segurosgoiena.com\/eu\/enpresak\/goiena-aseguruak\/arrisku-handien-asegurua-enpresentzat\/\"},{\"@type\":\"ListItem\",\"position\":5,\"name\":\"BAHIKETA ETA ESTORTSIO KRISIEN KUDEAKETA\"}]},{\"@type\":\"WebSite\",\"@id\":\"http:\/\/www.segurosgoiena.com\/es\/#website\",\"url\":\"http:\/\/www.segurosgoiena.com\/es\/\",\"name\":\"Seguros Goiena\",\"description\":\"Otro sitio realizado con WordPress\",\"potentialAction\":[{\"@type\":\"SearchAction\",\"target\":{\"@type\":\"EntryPoint\",\"urlTemplate\":\"http:\/\/www.segurosgoiena.com\/es\/?s={search_term_string}\"},\"query-input\":\"required name=search_term_string\"}],\"inLanguage\":\"eu\"}]}<\/script>\n<!-- \/ Yoast SEO plugin. -->","yoast_head_json":{"title":"Goiena Seguros | Empresas- Gesti\u00f3n de crisis; secuestro y extorsi\u00f3n","description":"El Seguro de Gesti\u00f3n de Crisis ofrece una soluci\u00f3n completa ante las amenazas de pirater\u00eda a las que a diario se pueden enfrentar las empresas.","robots":{"index":"index","follow":"follow","max-snippet":"max-snippet:-1","max-image-preview":"max-image-preview:large","max-video-preview":"max-video-preview:-1"},"canonical":"http:\/\/www.segurosgoiena.com\/eu\/enpresak\/goiena-aseguruak\/arrisku-handien-asegurua-enpresentzat\/bahiketa-eta-estortsio-krisien-kudeaketa\/","og_locale":"en_US","og_type":"article","og_title":"Goiena Seguros | Empresas- Gesti\u00f3n de crisis; secuestro y extorsi\u00f3n","og_description":"El Seguro de Gesti\u00f3n de Crisis ofrece una soluci\u00f3n completa ante las amenazas de pirater\u00eda a las que a diario se pueden enfrentar las empresas.","og_url":"http:\/\/www.segurosgoiena.com\/eu\/enpresak\/goiena-aseguruak\/arrisku-handien-asegurua-enpresentzat\/bahiketa-eta-estortsio-krisien-kudeaketa\/","og_site_name":"Seguros Goiena","article_modified_time":"2017-02-01T10:02:24+00:00","og_image":[{"width":523,"height":425,"url":"http:\/\/www.segurosgoiena.com\/wp-content\/uploads\/2016\/11\/gestion-de-crisis-secuestro-y-extorsion.jpg","type":"image\/jpeg"}],"twitter_card":"summary_large_image","schema":{"@context":"https:\/\/schema.org","@graph":[{"@type":"WebPage","@id":"http:\/\/www.segurosgoiena.com\/eu\/enpresak\/goiena-aseguruak\/arrisku-handien-asegurua-enpresentzat\/bahiketa-eta-estortsio-krisien-kudeaketa\/","url":"http:\/\/www.segurosgoiena.com\/eu\/enpresak\/goiena-aseguruak\/arrisku-handien-asegurua-enpresentzat\/bahiketa-eta-estortsio-krisien-kudeaketa\/","name":"Goiena Seguros | Empresas- Gesti\u00f3n de crisis; secuestro y extorsi\u00f3n","isPartOf":{"@id":"http:\/\/www.segurosgoiena.com\/es\/#website"},"primaryImageOfPage":{"@id":"http:\/\/www.segurosgoiena.com\/eu\/enpresak\/goiena-aseguruak\/arrisku-handien-asegurua-enpresentzat\/bahiketa-eta-estortsio-krisien-kudeaketa\/#primaryimage"},"image":{"@id":"http:\/\/www.segurosgoiena.com\/eu\/enpresak\/goiena-aseguruak\/arrisku-handien-asegurua-enpresentzat\/bahiketa-eta-estortsio-krisien-kudeaketa\/#primaryimage"},"thumbnailUrl":"http:\/\/www.segurosgoiena.com\/wp-content\/uploads\/2016\/11\/gestion-de-crisis-secuestro-y-extorsion.jpg","datePublished":"2016-11-29T12:10:02+00:00","dateModified":"2017-02-01T10:02:24+00:00","description":"El Seguro de Gesti\u00f3n de Crisis ofrece una soluci\u00f3n completa ante las amenazas de pirater\u00eda a las que a diario se pueden enfrentar las empresas.","breadcrumb":{"@id":"http:\/\/www.segurosgoiena.com\/eu\/enpresak\/goiena-aseguruak\/arrisku-handien-asegurua-enpresentzat\/bahiketa-eta-estortsio-krisien-kudeaketa\/#breadcrumb"},"inLanguage":"eu","potentialAction":[{"@type":"ReadAction","target":["http:\/\/www.segurosgoiena.com\/eu\/enpresak\/goiena-aseguruak\/arrisku-handien-asegurua-enpresentzat\/bahiketa-eta-estortsio-krisien-kudeaketa\/"]}]},{"@type":"ImageObject","inLanguage":"eu","@id":"http:\/\/www.segurosgoiena.com\/eu\/enpresak\/goiena-aseguruak\/arrisku-handien-asegurua-enpresentzat\/bahiketa-eta-estortsio-krisien-kudeaketa\/#primaryimage","url":"http:\/\/www.segurosgoiena.com\/wp-content\/uploads\/2016\/11\/gestion-de-crisis-secuestro-y-extorsion.jpg","contentUrl":"http:\/\/www.segurosgoiena.com\/wp-content\/uploads\/2016\/11\/gestion-de-crisis-secuestro-y-extorsion.jpg","width":523,"height":425},{"@type":"BreadcrumbList","@id":"http:\/\/www.segurosgoiena.com\/eu\/enpresak\/goiena-aseguruak\/arrisku-handien-asegurua-enpresentzat\/bahiketa-eta-estortsio-krisien-kudeaketa\/#breadcrumb","itemListElement":[{"@type":"ListItem","position":1,"name":"Portada","item":"http:\/\/www.segurosgoiena.com\/es\/"},{"@type":"ListItem","position":2,"name":"ENPRESAK","item":"https:\/\/www.segurosgoiena.com\/eu\/enpresak\/"},{"@type":"ListItem","position":3,"name":"GOIENA ASEGURUAK","item":"https:\/\/www.segurosgoiena.com\/eu\/enpresak\/goiena-aseguruak\/"},{"@type":"ListItem","position":4,"name":"ARRISKU HANDIEN ASEGURUA ENPRESENTZAT","item":"http:\/\/www.segurosgoiena.com\/eu\/enpresak\/goiena-aseguruak\/arrisku-handien-asegurua-enpresentzat\/"},{"@type":"ListItem","position":5,"name":"BAHIKETA ETA ESTORTSIO KRISIEN KUDEAKETA"}]},{"@type":"WebSite","@id":"http:\/\/www.segurosgoiena.com\/es\/#website","url":"http:\/\/www.segurosgoiena.com\/es\/","name":"Seguros Goiena","description":"Otro sitio realizado con WordPress","potentialAction":[{"@type":"SearchAction","target":{"@type":"EntryPoint","urlTemplate":"http:\/\/www.segurosgoiena.com\/es\/?s={search_term_string}"},"query-input":"required name=search_term_string"}],"inLanguage":"eu"}]}},"_links":{"self":[{"href":"http:\/\/www.segurosgoiena.com\/eu\/wp-json\/wp\/v2\/pages\/2000","targetHints":{"allow":["GET"]}}],"collection":[{"href":"http:\/\/www.segurosgoiena.com\/eu\/wp-json\/wp\/v2\/pages"}],"about":[{"href":"http:\/\/www.segurosgoiena.com\/eu\/wp-json\/wp\/v2\/types\/page"}],"author":[{"embeddable":true,"href":"http:\/\/www.segurosgoiena.com\/eu\/wp-json\/wp\/v2\/users\/1"}],"replies":[{"embeddable":true,"href":"http:\/\/www.segurosgoiena.com\/eu\/wp-json\/wp\/v2\/comments?post=2000"}],"version-history":[{"count":9,"href":"http:\/\/www.segurosgoiena.com\/eu\/wp-json\/wp\/v2\/pages\/2000\/revisions"}],"predecessor-version":[{"id":2009,"href":"http:\/\/www.segurosgoiena.com\/eu\/wp-json\/wp\/v2\/pages\/2000\/revisions\/2009"}],"up":[{"embeddable":true,"href":"http:\/\/www.segurosgoiena.com\/eu\/wp-json\/wp\/v2\/pages\/2232"}],"wp:featuredmedia":[{"embeddable":true,"href":"http:\/\/www.segurosgoiena.com\/eu\/wp-json\/wp\/v2\/media\/312"}],"wp:attachment":[{"href":"http:\/\/www.segurosgoiena.com\/eu\/wp-json\/wp\/v2\/media?parent=2000"}],"curies":[{"name":"wp","href":"https:\/\/api.w.org\/{rel}","templated":true}]}}