{"id":1985,"date":"2016-11-29T12:09:43","date_gmt":"2016-11-29T12:09:43","guid":{"rendered":"http:\/\/www.segurosgoiena.com\/responsabilidad-civil\/"},"modified":"2017-01-31T15:37:10","modified_gmt":"2017-01-31T15:37:10","slug":"erantzukizun-zibila","status":"publish","type":"page","link":"http:\/\/www.segurosgoiena.com\/eu\/enpresak\/goiena-aseguruak\/arrisku-handien-asegurua-enpresentzat\/erantzukizun-zibila\/","title":{"rendered":"ERANTZUKIZUN ZIBILA"},"content":{"rendered":"<p>Zure lanbide, industria edo enpresa jardueran hirugarrenei <strong>kalteak eragin diezazkiekezu, esaterako, kalte materialak, gorputz kalteak eta galera ekonomikoak<\/strong>; hori dela eta, babes ezazu zure enpresaren ondarea hirugarrenen erreklamazioen aurrean.<\/p>\n<p>Aseguru honen xedea <strong>hirugarrenen erreklamazioen aurrean ahalik eta babes handiena ematea da, ekonomia produktiboaren edozein sektoretan<\/strong>, lanbide, jolas eta aisialdi jarduerak barne.<\/p>\n","protected":false},"excerpt":{"rendered":"<p>Zure lanbide, industria edo enpresa jardueran hirugarrenei kalteak eragin diezazkiekezu, esaterako, kalte materialak, gorputz kalteak eta galera ekonomikoak; hori dela eta, babes ezazu zure enpresaren ondarea hirugarrenen erreklamazioen aurrean. Aseguru honen xedea hirugarrenen erreklamazioen aurrean ahalik eta babes handiena ematea da, ekonomia produktiboaren edozein sektoretan, lanbide, jolas eta aisialdi jarduerak barne.<\/p>\n","protected":false},"author":1,"featured_media":334,"parent":2232,"menu_order":40,"comment_status":"closed","ping_status":"closed","template":"page-templates\/template-producto.php","meta":{"_acf_changed":false,"footnotes":""},"class_list":["post-1985","page","type-page","status-publish","has-post-thumbnail","hentry"],"acf":[],"yoast_head":"<!-- This site is optimized with the Yoast SEO plugin v22.5 - https:\/\/yoast.com\/wordpress\/plugins\/seo\/ -->\n<title>Goiena Seguros | Empresas- responsabilidad civil<\/title>\n<meta name=\"description\" content=\"El seguro de responsavilidad civil est\u00e1 orientado a garantizar la m\u00e1xima protecci\u00f3n ante reclamaciones de terceros en cualquier sector.\" \/>\n<meta name=\"robots\" content=\"index, follow, max-snippet:-1, max-image-preview:large, max-video-preview:-1\" \/>\n<link rel=\"canonical\" href=\"http:\/\/www.segurosgoiena.com\/eu\/enpresak\/goiena-aseguruak\/arrisku-handien-asegurua-enpresentzat\/erantzukizun-zibila\/\" \/>\n<meta property=\"og:locale\" content=\"en_US\" \/>\n<meta property=\"og:type\" content=\"article\" \/>\n<meta property=\"og:title\" content=\"Goiena Seguros | Empresas- responsabilidad civil\" \/>\n<meta property=\"og:description\" content=\"El seguro de responsavilidad civil est\u00e1 orientado a garantizar la m\u00e1xima protecci\u00f3n ante reclamaciones de terceros en cualquier sector.\" \/>\n<meta property=\"og:url\" content=\"http:\/\/www.segurosgoiena.com\/eu\/enpresak\/goiena-aseguruak\/arrisku-handien-asegurua-enpresentzat\/erantzukizun-zibila\/\" \/>\n<meta property=\"og:site_name\" content=\"Seguros Goiena\" \/>\n<meta property=\"article:modified_time\" content=\"2017-01-31T15:37:10+00:00\" \/>\n<meta property=\"og:image\" content=\"http:\/\/www.segurosgoiena.com\/wp-content\/uploads\/2016\/11\/responsabilidad-civil-empresa.jpg\" \/>\n\t<meta property=\"og:image:width\" content=\"523\" \/>\n\t<meta property=\"og:image:height\" content=\"425\" \/>\n\t<meta property=\"og:image:type\" content=\"image\/jpeg\" \/>\n<meta name=\"twitter:card\" content=\"summary_large_image\" \/>\n<script type=\"application\/ld+json\" class=\"yoast-schema-graph\">{\"@context\":\"https:\/\/schema.org\",\"@graph\":[{\"@type\":\"WebPage\",\"@id\":\"http:\/\/www.segurosgoiena.com\/eu\/enpresak\/goiena-aseguruak\/arrisku-handien-asegurua-enpresentzat\/erantzukizun-zibila\/\",\"url\":\"http:\/\/www.segurosgoiena.com\/eu\/enpresak\/goiena-aseguruak\/arrisku-handien-asegurua-enpresentzat\/erantzukizun-zibila\/\",\"name\":\"Goiena Seguros | Empresas- responsabilidad civil\",\"isPartOf\":{\"@id\":\"http:\/\/www.segurosgoiena.com\/es\/#website\"},\"primaryImageOfPage\":{\"@id\":\"http:\/\/www.segurosgoiena.com\/eu\/enpresak\/goiena-aseguruak\/arrisku-handien-asegurua-enpresentzat\/erantzukizun-zibila\/#primaryimage\"},\"image\":{\"@id\":\"http:\/\/www.segurosgoiena.com\/eu\/enpresak\/goiena-aseguruak\/arrisku-handien-asegurua-enpresentzat\/erantzukizun-zibila\/#primaryimage\"},\"thumbnailUrl\":\"http:\/\/www.segurosgoiena.com\/wp-content\/uploads\/2016\/11\/responsabilidad-civil-empresa.jpg\",\"datePublished\":\"2016-11-29T12:09:43+00:00\",\"dateModified\":\"2017-01-31T15:37:10+00:00\",\"description\":\"El seguro de responsavilidad civil est\u00e1 orientado a garantizar la m\u00e1xima protecci\u00f3n ante reclamaciones de terceros en cualquier sector.\",\"breadcrumb\":{\"@id\":\"http:\/\/www.segurosgoiena.com\/eu\/enpresak\/goiena-aseguruak\/arrisku-handien-asegurua-enpresentzat\/erantzukizun-zibila\/#breadcrumb\"},\"inLanguage\":\"eu\",\"potentialAction\":[{\"@type\":\"ReadAction\",\"target\":[\"http:\/\/www.segurosgoiena.com\/eu\/enpresak\/goiena-aseguruak\/arrisku-handien-asegurua-enpresentzat\/erantzukizun-zibila\/\"]}]},{\"@type\":\"ImageObject\",\"inLanguage\":\"eu\",\"@id\":\"http:\/\/www.segurosgoiena.com\/eu\/enpresak\/goiena-aseguruak\/arrisku-handien-asegurua-enpresentzat\/erantzukizun-zibila\/#primaryimage\",\"url\":\"http:\/\/www.segurosgoiena.com\/wp-content\/uploads\/2016\/11\/responsabilidad-civil-empresa.jpg\",\"contentUrl\":\"http:\/\/www.segurosgoiena.com\/wp-content\/uploads\/2016\/11\/responsabilidad-civil-empresa.jpg\",\"width\":523,\"height\":425},{\"@type\":\"BreadcrumbList\",\"@id\":\"http:\/\/www.segurosgoiena.com\/eu\/enpresak\/goiena-aseguruak\/arrisku-handien-asegurua-enpresentzat\/erantzukizun-zibila\/#breadcrumb\",\"itemListElement\":[{\"@type\":\"ListItem\",\"position\":1,\"name\":\"Portada\",\"item\":\"http:\/\/www.segurosgoiena.com\/es\/\"},{\"@type\":\"ListItem\",\"position\":2,\"name\":\"ENPRESAK\",\"item\":\"https:\/\/www.segurosgoiena.com\/eu\/enpresak\/\"},{\"@type\":\"ListItem\",\"position\":3,\"name\":\"GOIENA ASEGURUAK\",\"item\":\"https:\/\/www.segurosgoiena.com\/eu\/enpresak\/goiena-aseguruak\/\"},{\"@type\":\"ListItem\",\"position\":4,\"name\":\"ARRISKU HANDIEN ASEGURUA ENPRESENTZAT\",\"item\":\"http:\/\/www.segurosgoiena.com\/eu\/enpresak\/goiena-aseguruak\/arrisku-handien-asegurua-enpresentzat\/\"},{\"@type\":\"ListItem\",\"position\":5,\"name\":\"ERANTZUKIZUN ZIBILA\"}]},{\"@type\":\"WebSite\",\"@id\":\"http:\/\/www.segurosgoiena.com\/es\/#website\",\"url\":\"http:\/\/www.segurosgoiena.com\/es\/\",\"name\":\"Seguros Goiena\",\"description\":\"Otro sitio realizado con WordPress\",\"potentialAction\":[{\"@type\":\"SearchAction\",\"target\":{\"@type\":\"EntryPoint\",\"urlTemplate\":\"http:\/\/www.segurosgoiena.com\/es\/?s={search_term_string}\"},\"query-input\":\"required name=search_term_string\"}],\"inLanguage\":\"eu\"}]}<\/script>\n<!-- \/ Yoast SEO plugin. -->","yoast_head_json":{"title":"Goiena Seguros | Empresas- responsabilidad civil","description":"El seguro de responsavilidad civil est\u00e1 orientado a garantizar la m\u00e1xima protecci\u00f3n ante reclamaciones de terceros en cualquier sector.","robots":{"index":"index","follow":"follow","max-snippet":"max-snippet:-1","max-image-preview":"max-image-preview:large","max-video-preview":"max-video-preview:-1"},"canonical":"http:\/\/www.segurosgoiena.com\/eu\/enpresak\/goiena-aseguruak\/arrisku-handien-asegurua-enpresentzat\/erantzukizun-zibila\/","og_locale":"en_US","og_type":"article","og_title":"Goiena Seguros | Empresas- responsabilidad civil","og_description":"El seguro de responsavilidad civil est\u00e1 orientado a garantizar la m\u00e1xima protecci\u00f3n ante reclamaciones de terceros en cualquier sector.","og_url":"http:\/\/www.segurosgoiena.com\/eu\/enpresak\/goiena-aseguruak\/arrisku-handien-asegurua-enpresentzat\/erantzukizun-zibila\/","og_site_name":"Seguros Goiena","article_modified_time":"2017-01-31T15:37:10+00:00","og_image":[{"width":523,"height":425,"url":"http:\/\/www.segurosgoiena.com\/wp-content\/uploads\/2016\/11\/responsabilidad-civil-empresa.jpg","type":"image\/jpeg"}],"twitter_card":"summary_large_image","schema":{"@context":"https:\/\/schema.org","@graph":[{"@type":"WebPage","@id":"http:\/\/www.segurosgoiena.com\/eu\/enpresak\/goiena-aseguruak\/arrisku-handien-asegurua-enpresentzat\/erantzukizun-zibila\/","url":"http:\/\/www.segurosgoiena.com\/eu\/enpresak\/goiena-aseguruak\/arrisku-handien-asegurua-enpresentzat\/erantzukizun-zibila\/","name":"Goiena Seguros | Empresas- responsabilidad civil","isPartOf":{"@id":"http:\/\/www.segurosgoiena.com\/es\/#website"},"primaryImageOfPage":{"@id":"http:\/\/www.segurosgoiena.com\/eu\/enpresak\/goiena-aseguruak\/arrisku-handien-asegurua-enpresentzat\/erantzukizun-zibila\/#primaryimage"},"image":{"@id":"http:\/\/www.segurosgoiena.com\/eu\/enpresak\/goiena-aseguruak\/arrisku-handien-asegurua-enpresentzat\/erantzukizun-zibila\/#primaryimage"},"thumbnailUrl":"http:\/\/www.segurosgoiena.com\/wp-content\/uploads\/2016\/11\/responsabilidad-civil-empresa.jpg","datePublished":"2016-11-29T12:09:43+00:00","dateModified":"2017-01-31T15:37:10+00:00","description":"El seguro de responsavilidad civil est\u00e1 orientado a garantizar la m\u00e1xima protecci\u00f3n ante reclamaciones de terceros en cualquier sector.","breadcrumb":{"@id":"http:\/\/www.segurosgoiena.com\/eu\/enpresak\/goiena-aseguruak\/arrisku-handien-asegurua-enpresentzat\/erantzukizun-zibila\/#breadcrumb"},"inLanguage":"eu","potentialAction":[{"@type":"ReadAction","target":["http:\/\/www.segurosgoiena.com\/eu\/enpresak\/goiena-aseguruak\/arrisku-handien-asegurua-enpresentzat\/erantzukizun-zibila\/"]}]},{"@type":"ImageObject","inLanguage":"eu","@id":"http:\/\/www.segurosgoiena.com\/eu\/enpresak\/goiena-aseguruak\/arrisku-handien-asegurua-enpresentzat\/erantzukizun-zibila\/#primaryimage","url":"http:\/\/www.segurosgoiena.com\/wp-content\/uploads\/2016\/11\/responsabilidad-civil-empresa.jpg","contentUrl":"http:\/\/www.segurosgoiena.com\/wp-content\/uploads\/2016\/11\/responsabilidad-civil-empresa.jpg","width":523,"height":425},{"@type":"BreadcrumbList","@id":"http:\/\/www.segurosgoiena.com\/eu\/enpresak\/goiena-aseguruak\/arrisku-handien-asegurua-enpresentzat\/erantzukizun-zibila\/#breadcrumb","itemListElement":[{"@type":"ListItem","position":1,"name":"Portada","item":"http:\/\/www.segurosgoiena.com\/es\/"},{"@type":"ListItem","position":2,"name":"ENPRESAK","item":"https:\/\/www.segurosgoiena.com\/eu\/enpresak\/"},{"@type":"ListItem","position":3,"name":"GOIENA ASEGURUAK","item":"https:\/\/www.segurosgoiena.com\/eu\/enpresak\/goiena-aseguruak\/"},{"@type":"ListItem","position":4,"name":"ARRISKU HANDIEN ASEGURUA ENPRESENTZAT","item":"http:\/\/www.segurosgoiena.com\/eu\/enpresak\/goiena-aseguruak\/arrisku-handien-asegurua-enpresentzat\/"},{"@type":"ListItem","position":5,"name":"ERANTZUKIZUN ZIBILA"}]},{"@type":"WebSite","@id":"http:\/\/www.segurosgoiena.com\/es\/#website","url":"http:\/\/www.segurosgoiena.com\/es\/","name":"Seguros Goiena","description":"Otro sitio realizado con WordPress","potentialAction":[{"@type":"SearchAction","target":{"@type":"EntryPoint","urlTemplate":"http:\/\/www.segurosgoiena.com\/es\/?s={search_term_string}"},"query-input":"required name=search_term_string"}],"inLanguage":"eu"}]}},"_links":{"self":[{"href":"http:\/\/www.segurosgoiena.com\/eu\/wp-json\/wp\/v2\/pages\/1985","targetHints":{"allow":["GET"]}}],"collection":[{"href":"http:\/\/www.segurosgoiena.com\/eu\/wp-json\/wp\/v2\/pages"}],"about":[{"href":"http:\/\/www.segurosgoiena.com\/eu\/wp-json\/wp\/v2\/types\/page"}],"author":[{"embeddable":true,"href":"http:\/\/www.segurosgoiena.com\/eu\/wp-json\/wp\/v2\/users\/1"}],"replies":[{"embeddable":true,"href":"http:\/\/www.segurosgoiena.com\/eu\/wp-json\/wp\/v2\/comments?post=1985"}],"version-history":[{"count":13,"href":"http:\/\/www.segurosgoiena.com\/eu\/wp-json\/wp\/v2\/pages\/1985\/revisions"}],"predecessor-version":[{"id":1998,"href":"http:\/\/www.segurosgoiena.com\/eu\/wp-json\/wp\/v2\/pages\/1985\/revisions\/1998"}],"up":[{"embeddable":true,"href":"http:\/\/www.segurosgoiena.com\/eu\/wp-json\/wp\/v2\/pages\/2232"}],"wp:featuredmedia":[{"embeddable":true,"href":"http:\/\/www.segurosgoiena.com\/eu\/wp-json\/wp\/v2\/media\/334"}],"wp:attachment":[{"href":"http:\/\/www.segurosgoiena.com\/eu\/wp-json\/wp\/v2\/media?parent=1985"}],"curies":[{"name":"wp","href":"https:\/\/api.w.org\/{rel}","templated":true}]}}