{"id":1936,"date":"2016-11-24T16:36:13","date_gmt":"2016-11-24T16:36:13","guid":{"rendered":"http:\/\/www.segurosgoiena.com\/enpresak\/goiena-aseguruak\/pymeak\/eraikuntza\/seguro-de-construccion-decenal\/"},"modified":"2017-01-30T09:21:52","modified_gmt":"2017-01-30T09:21:52","slug":"hamar-urterako-eraikuntza-asegurua","status":"publish","type":"page","link":"http:\/\/www.segurosgoiena.com\/eu\/enpresak\/goiena-aseguruak\/enpresa-txiki-eta-ertainak\/eraikuntza\/hamar-urterako-eraikuntza-asegurua\/","title":{"rendered":"Hamar urterako eraikuntza asegurua"},"content":{"rendered":"<p>Eraikuntza Legearen arabera, hamar urterako eraikuntza asegurua derrigorrezko aseguru bat da. Aseguru honek 10 urtean eraikuntzak izan ditzakeen eta eraikinaren erresistentziari zuzenki eragin diezaioketen akatsen ondoriozko kalte guztiak bermatzen ditu.<\/p>\n<h4>Ziurta ezazu zure lasaitasuna obra amaitu osteko 10 urteetan.<\/h4>\n","protected":false},"excerpt":{"rendered":"<p>Eraikuntza Legearen arabera, hamar urterako eraikuntza asegurua derrigorrezko aseguru bat da. Aseguru honek 10 urtean eraikuntzak izan ditzakeen eta eraikinaren erresistentziari zuzenki eragin diezaioketen akatsen ondoriozko kalte guztiak bermatzen ditu. Ziurta ezazu zure lasaitasuna obra amaitu osteko 10 urteetan.<\/p>\n","protected":false},"author":1,"featured_media":253,"parent":1909,"menu_order":10,"comment_status":"closed","ping_status":"closed","template":"page-templates\/template-producto.php","meta":{"_acf_changed":false,"footnotes":""},"class_list":["post-1936","page","type-page","status-publish","has-post-thumbnail","hentry"],"acf":[],"yoast_head":"<!-- This site is optimized with the Yoast SEO plugin v22.5 - https:\/\/yoast.com\/wordpress\/plugins\/seo\/ -->\n<title>Goiena Seguros | PYMES- Construcci\u00f3n- construcci\u00f3n decenal<\/title>\n<meta name=\"description\" content=\"El seguro de construcci\u00f3n decenal es un seguro obligatorio que garantiza durante un periodo de 10 a\u00f1os todos los da\u00f1os o defectos de la construcci\u00f3n.\" \/>\n<meta name=\"robots\" content=\"index, follow, max-snippet:-1, max-image-preview:large, max-video-preview:-1\" \/>\n<link rel=\"canonical\" href=\"http:\/\/www.segurosgoiena.com\/eu\/enpresak\/goiena-aseguruak\/enpresa-txiki-eta-ertainak\/eraikuntza\/hamar-urterako-eraikuntza-asegurua\/\" \/>\n<meta property=\"og:locale\" content=\"en_US\" \/>\n<meta property=\"og:type\" content=\"article\" \/>\n<meta property=\"og:title\" content=\"Goiena Seguros | PYMES- Construcci\u00f3n- construcci\u00f3n decenal\" \/>\n<meta property=\"og:description\" content=\"El seguro de construcci\u00f3n decenal es un seguro obligatorio que garantiza durante un periodo de 10 a\u00f1os todos los da\u00f1os o defectos de la construcci\u00f3n.\" \/>\n<meta property=\"og:url\" content=\"http:\/\/www.segurosgoiena.com\/eu\/enpresak\/goiena-aseguruak\/enpresa-txiki-eta-ertainak\/eraikuntza\/hamar-urterako-eraikuntza-asegurua\/\" \/>\n<meta property=\"og:site_name\" content=\"Seguros Goiena\" \/>\n<meta property=\"article:modified_time\" content=\"2017-01-30T09:21:52+00:00\" \/>\n<meta property=\"og:image\" content=\"http:\/\/www.segurosgoiena.com\/wp-content\/uploads\/2016\/11\/seguro-de-construccion-decenal.jpg\" \/>\n\t<meta property=\"og:image:width\" content=\"523\" \/>\n\t<meta property=\"og:image:height\" content=\"425\" \/>\n\t<meta property=\"og:image:type\" content=\"image\/jpeg\" \/>\n<meta name=\"twitter:card\" content=\"summary_large_image\" \/>\n<script type=\"application\/ld+json\" class=\"yoast-schema-graph\">{\"@context\":\"https:\/\/schema.org\",\"@graph\":[{\"@type\":\"WebPage\",\"@id\":\"http:\/\/www.segurosgoiena.com\/eu\/enpresak\/goiena-aseguruak\/enpresa-txiki-eta-ertainak\/eraikuntza\/hamar-urterako-eraikuntza-asegurua\/\",\"url\":\"http:\/\/www.segurosgoiena.com\/eu\/enpresak\/goiena-aseguruak\/enpresa-txiki-eta-ertainak\/eraikuntza\/hamar-urterako-eraikuntza-asegurua\/\",\"name\":\"Goiena Seguros | PYMES- Construcci\u00f3n- construcci\u00f3n decenal\",\"isPartOf\":{\"@id\":\"http:\/\/www.segurosgoiena.com\/es\/#website\"},\"primaryImageOfPage\":{\"@id\":\"http:\/\/www.segurosgoiena.com\/eu\/enpresak\/goiena-aseguruak\/enpresa-txiki-eta-ertainak\/eraikuntza\/hamar-urterako-eraikuntza-asegurua\/#primaryimage\"},\"image\":{\"@id\":\"http:\/\/www.segurosgoiena.com\/eu\/enpresak\/goiena-aseguruak\/enpresa-txiki-eta-ertainak\/eraikuntza\/hamar-urterako-eraikuntza-asegurua\/#primaryimage\"},\"thumbnailUrl\":\"http:\/\/www.segurosgoiena.com\/wp-content\/uploads\/2016\/11\/seguro-de-construccion-decenal.jpg\",\"datePublished\":\"2016-11-24T16:36:13+00:00\",\"dateModified\":\"2017-01-30T09:21:52+00:00\",\"description\":\"El seguro de construcci\u00f3n decenal es un seguro obligatorio que garantiza durante un periodo de 10 a\u00f1os todos los da\u00f1os o defectos de la construcci\u00f3n.\",\"breadcrumb\":{\"@id\":\"http:\/\/www.segurosgoiena.com\/eu\/enpresak\/goiena-aseguruak\/enpresa-txiki-eta-ertainak\/eraikuntza\/hamar-urterako-eraikuntza-asegurua\/#breadcrumb\"},\"inLanguage\":\"eu\",\"potentialAction\":[{\"@type\":\"ReadAction\",\"target\":[\"http:\/\/www.segurosgoiena.com\/eu\/enpresak\/goiena-aseguruak\/enpresa-txiki-eta-ertainak\/eraikuntza\/hamar-urterako-eraikuntza-asegurua\/\"]}]},{\"@type\":\"ImageObject\",\"inLanguage\":\"eu\",\"@id\":\"http:\/\/www.segurosgoiena.com\/eu\/enpresak\/goiena-aseguruak\/enpresa-txiki-eta-ertainak\/eraikuntza\/hamar-urterako-eraikuntza-asegurua\/#primaryimage\",\"url\":\"http:\/\/www.segurosgoiena.com\/wp-content\/uploads\/2016\/11\/seguro-de-construccion-decenal.jpg\",\"contentUrl\":\"http:\/\/www.segurosgoiena.com\/wp-content\/uploads\/2016\/11\/seguro-de-construccion-decenal.jpg\",\"width\":523,\"height\":425},{\"@type\":\"BreadcrumbList\",\"@id\":\"http:\/\/www.segurosgoiena.com\/eu\/enpresak\/goiena-aseguruak\/enpresa-txiki-eta-ertainak\/eraikuntza\/hamar-urterako-eraikuntza-asegurua\/#breadcrumb\",\"itemListElement\":[{\"@type\":\"ListItem\",\"position\":1,\"name\":\"Portada\",\"item\":\"http:\/\/www.segurosgoiena.com\/es\/\"},{\"@type\":\"ListItem\",\"position\":2,\"name\":\"ENPRESAK\",\"item\":\"https:\/\/www.segurosgoiena.com\/eu\/enpresak\/\"},{\"@type\":\"ListItem\",\"position\":3,\"name\":\"GOIENA ASEGURUAK\",\"item\":\"https:\/\/www.segurosgoiena.com\/eu\/enpresak\/goiena-aseguruak\/\"},{\"@type\":\"ListItem\",\"position\":4,\"name\":\"ENPRESA TXIKI ETA ERTAINAK\",\"item\":\"https:\/\/www.segurosgoiena.com\/eu\/enpresak\/goiena-aseguruak\/enpresa-txiki-eta-ertainak\/\"},{\"@type\":\"ListItem\",\"position\":5,\"name\":\"ERAIKUNTZA\",\"item\":\"https:\/\/www.segurosgoiena.com\/eu\/enpresak\/goiena-aseguruak\/enpresa-txiki-eta-ertainak\/eraikuntza\/\"},{\"@type\":\"ListItem\",\"position\":6,\"name\":\"Hamar urterako eraikuntza asegurua\"}]},{\"@type\":\"WebSite\",\"@id\":\"http:\/\/www.segurosgoiena.com\/es\/#website\",\"url\":\"http:\/\/www.segurosgoiena.com\/es\/\",\"name\":\"Seguros Goiena\",\"description\":\"Otro sitio realizado con WordPress\",\"potentialAction\":[{\"@type\":\"SearchAction\",\"target\":{\"@type\":\"EntryPoint\",\"urlTemplate\":\"http:\/\/www.segurosgoiena.com\/es\/?s={search_term_string}\"},\"query-input\":\"required name=search_term_string\"}],\"inLanguage\":\"eu\"}]}<\/script>\n<!-- \/ Yoast SEO plugin. -->","yoast_head_json":{"title":"Goiena Seguros | PYMES- Construcci\u00f3n- construcci\u00f3n decenal","description":"El seguro de construcci\u00f3n decenal es un seguro obligatorio que garantiza durante un periodo de 10 a\u00f1os todos los da\u00f1os o defectos de la construcci\u00f3n.","robots":{"index":"index","follow":"follow","max-snippet":"max-snippet:-1","max-image-preview":"max-image-preview:large","max-video-preview":"max-video-preview:-1"},"canonical":"http:\/\/www.segurosgoiena.com\/eu\/enpresak\/goiena-aseguruak\/enpresa-txiki-eta-ertainak\/eraikuntza\/hamar-urterako-eraikuntza-asegurua\/","og_locale":"en_US","og_type":"article","og_title":"Goiena Seguros | PYMES- Construcci\u00f3n- construcci\u00f3n decenal","og_description":"El seguro de construcci\u00f3n decenal es un seguro obligatorio que garantiza durante un periodo de 10 a\u00f1os todos los da\u00f1os o defectos de la construcci\u00f3n.","og_url":"http:\/\/www.segurosgoiena.com\/eu\/enpresak\/goiena-aseguruak\/enpresa-txiki-eta-ertainak\/eraikuntza\/hamar-urterako-eraikuntza-asegurua\/","og_site_name":"Seguros Goiena","article_modified_time":"2017-01-30T09:21:52+00:00","og_image":[{"width":523,"height":425,"url":"http:\/\/www.segurosgoiena.com\/wp-content\/uploads\/2016\/11\/seguro-de-construccion-decenal.jpg","type":"image\/jpeg"}],"twitter_card":"summary_large_image","schema":{"@context":"https:\/\/schema.org","@graph":[{"@type":"WebPage","@id":"http:\/\/www.segurosgoiena.com\/eu\/enpresak\/goiena-aseguruak\/enpresa-txiki-eta-ertainak\/eraikuntza\/hamar-urterako-eraikuntza-asegurua\/","url":"http:\/\/www.segurosgoiena.com\/eu\/enpresak\/goiena-aseguruak\/enpresa-txiki-eta-ertainak\/eraikuntza\/hamar-urterako-eraikuntza-asegurua\/","name":"Goiena Seguros | PYMES- Construcci\u00f3n- construcci\u00f3n decenal","isPartOf":{"@id":"http:\/\/www.segurosgoiena.com\/es\/#website"},"primaryImageOfPage":{"@id":"http:\/\/www.segurosgoiena.com\/eu\/enpresak\/goiena-aseguruak\/enpresa-txiki-eta-ertainak\/eraikuntza\/hamar-urterako-eraikuntza-asegurua\/#primaryimage"},"image":{"@id":"http:\/\/www.segurosgoiena.com\/eu\/enpresak\/goiena-aseguruak\/enpresa-txiki-eta-ertainak\/eraikuntza\/hamar-urterako-eraikuntza-asegurua\/#primaryimage"},"thumbnailUrl":"http:\/\/www.segurosgoiena.com\/wp-content\/uploads\/2016\/11\/seguro-de-construccion-decenal.jpg","datePublished":"2016-11-24T16:36:13+00:00","dateModified":"2017-01-30T09:21:52+00:00","description":"El seguro de construcci\u00f3n decenal es un seguro obligatorio que garantiza durante un periodo de 10 a\u00f1os todos los da\u00f1os o defectos de la construcci\u00f3n.","breadcrumb":{"@id":"http:\/\/www.segurosgoiena.com\/eu\/enpresak\/goiena-aseguruak\/enpresa-txiki-eta-ertainak\/eraikuntza\/hamar-urterako-eraikuntza-asegurua\/#breadcrumb"},"inLanguage":"eu","potentialAction":[{"@type":"ReadAction","target":["http:\/\/www.segurosgoiena.com\/eu\/enpresak\/goiena-aseguruak\/enpresa-txiki-eta-ertainak\/eraikuntza\/hamar-urterako-eraikuntza-asegurua\/"]}]},{"@type":"ImageObject","inLanguage":"eu","@id":"http:\/\/www.segurosgoiena.com\/eu\/enpresak\/goiena-aseguruak\/enpresa-txiki-eta-ertainak\/eraikuntza\/hamar-urterako-eraikuntza-asegurua\/#primaryimage","url":"http:\/\/www.segurosgoiena.com\/wp-content\/uploads\/2016\/11\/seguro-de-construccion-decenal.jpg","contentUrl":"http:\/\/www.segurosgoiena.com\/wp-content\/uploads\/2016\/11\/seguro-de-construccion-decenal.jpg","width":523,"height":425},{"@type":"BreadcrumbList","@id":"http:\/\/www.segurosgoiena.com\/eu\/enpresak\/goiena-aseguruak\/enpresa-txiki-eta-ertainak\/eraikuntza\/hamar-urterako-eraikuntza-asegurua\/#breadcrumb","itemListElement":[{"@type":"ListItem","position":1,"name":"Portada","item":"http:\/\/www.segurosgoiena.com\/es\/"},{"@type":"ListItem","position":2,"name":"ENPRESAK","item":"https:\/\/www.segurosgoiena.com\/eu\/enpresak\/"},{"@type":"ListItem","position":3,"name":"GOIENA ASEGURUAK","item":"https:\/\/www.segurosgoiena.com\/eu\/enpresak\/goiena-aseguruak\/"},{"@type":"ListItem","position":4,"name":"ENPRESA TXIKI ETA ERTAINAK","item":"https:\/\/www.segurosgoiena.com\/eu\/enpresak\/goiena-aseguruak\/enpresa-txiki-eta-ertainak\/"},{"@type":"ListItem","position":5,"name":"ERAIKUNTZA","item":"https:\/\/www.segurosgoiena.com\/eu\/enpresak\/goiena-aseguruak\/enpresa-txiki-eta-ertainak\/eraikuntza\/"},{"@type":"ListItem","position":6,"name":"Hamar urterako eraikuntza asegurua"}]},{"@type":"WebSite","@id":"http:\/\/www.segurosgoiena.com\/es\/#website","url":"http:\/\/www.segurosgoiena.com\/es\/","name":"Seguros Goiena","description":"Otro sitio realizado con WordPress","potentialAction":[{"@type":"SearchAction","target":{"@type":"EntryPoint","urlTemplate":"http:\/\/www.segurosgoiena.com\/es\/?s={search_term_string}"},"query-input":"required name=search_term_string"}],"inLanguage":"eu"}]}},"_links":{"self":[{"href":"http:\/\/www.segurosgoiena.com\/eu\/wp-json\/wp\/v2\/pages\/1936","targetHints":{"allow":["GET"]}}],"collection":[{"href":"http:\/\/www.segurosgoiena.com\/eu\/wp-json\/wp\/v2\/pages"}],"about":[{"href":"http:\/\/www.segurosgoiena.com\/eu\/wp-json\/wp\/v2\/types\/page"}],"author":[{"embeddable":true,"href":"http:\/\/www.segurosgoiena.com\/eu\/wp-json\/wp\/v2\/users\/1"}],"replies":[{"embeddable":true,"href":"http:\/\/www.segurosgoiena.com\/eu\/wp-json\/wp\/v2\/comments?post=1936"}],"version-history":[{"count":7,"href":"http:\/\/www.segurosgoiena.com\/eu\/wp-json\/wp\/v2\/pages\/1936\/revisions"}],"predecessor-version":[{"id":1943,"href":"http:\/\/www.segurosgoiena.com\/eu\/wp-json\/wp\/v2\/pages\/1936\/revisions\/1943"}],"up":[{"embeddable":true,"href":"http:\/\/www.segurosgoiena.com\/eu\/wp-json\/wp\/v2\/pages\/1909"}],"wp:featuredmedia":[{"embeddable":true,"href":"http:\/\/www.segurosgoiena.com\/eu\/wp-json\/wp\/v2\/media\/253"}],"wp:attachment":[{"href":"http:\/\/www.segurosgoiena.com\/eu\/wp-json\/wp\/v2\/media?parent=1936"}],"curies":[{"name":"wp","href":"https:\/\/api.w.org\/{rel}","templated":true}]}}