{"id":1913,"date":"2016-11-24T16:34:21","date_gmt":"2016-11-24T16:34:21","guid":{"rendered":"http:\/\/www.segurosgoiena.com\/enpresak\/goiena-aseguruak\/pymeak\/seguro-de-maquinaria-y-equipos-electronicos\/"},"modified":"2017-01-26T13:56:47","modified_gmt":"2017-01-26T13:56:47","slug":"makina-eta-ekipamendu-elektronikoetarako-asegurua","status":"publish","type":"page","link":"http:\/\/www.segurosgoiena.com\/eu\/enpresak\/goiena-aseguruak\/enpresa-txiki-eta-ertainak\/makina-eta-ekipamendu-elektronikoetarako-asegurua\/","title":{"rendered":"MAKINA ETA EKIPAMENDU ELEKTRONIKOETARAKO ASEGURUA"},"content":{"rendered":"<h3>MAKINETARAKO ASEGURUA<\/h3>\n<p>Aseguru honen xedea honako hauek estaltzea da: industria bateko aparatu, makina, instalazio eta ekipamendu mekanikoen multzoari eragindako kalte materialak; makina indibidualek \u2013estatikoak nahiz mugikorrak, berriak nahiz erabiliak\u2013 izan ditzaketen kalteak; energia sortu eta banatzeko makina eta instalazioei eragindako kalteak eta kontratistaren makinek eta ekipamenduek izandako kalteak. Aseguruaren xedea da enpresa batean jardunean dabiltzan makinek istripuz jasaten dituzten barne kalteak aseguratzea.<\/p>\n<h3>EKIPAMENDU ELEKTRONIKOETARAKO ASEGURUA<\/h3>\n<p>Honako hauek babesten ditu: datuak prozesatzeko ekipamenduak, ordenagailu pertsonalak eta horien periferikoak, monitoreak, inprimagailuak, eskanerrak, datu sareen zerbitzariak, makina eta robot industrialen komando elektronikoko ekipamenduak, irratia, telebista, elektromedikuntza, diseinu grafikoa, fotokopiagailuak, faxak, etab.<\/p>\n<p>Ekipamendu elektronikoetarako aseguruak estaldura ematen die aseguratutako ondasunek istripuz jasandako zuzeneko kalte materialei.<\/p>\n","protected":false},"excerpt":{"rendered":"<p>MAKINETARAKO ASEGURUA Aseguru honen xedea honako hauek estaltzea da: industria bateko aparatu, makina, instalazio eta ekipamendu mekanikoen multzoari eragindako kalte materialak; makina indibidualek \u2013estatikoak nahiz mugikorrak, berriak nahiz erabiliak\u2013 izan ditzaketen kalteak; energia sortu eta banatzeko makina eta instalazioei eragindako kalteak eta kontratistaren makinek eta ekipamenduek izandako kalteak. Aseguruaren xedea da enpresa batean jardunean dabiltzan [&hellip;]<\/p>\n","protected":false},"author":1,"featured_media":255,"parent":1774,"menu_order":80,"comment_status":"closed","ping_status":"closed","template":"page-templates\/template-producto.php","meta":{"_acf_changed":false,"footnotes":""},"class_list":["post-1913","page","type-page","status-publish","has-post-thumbnail","hentry"],"acf":[],"yoast_head":"<!-- This site is optimized with the Yoast SEO plugin v22.5 - https:\/\/yoast.com\/wordpress\/plugins\/seo\/ -->\n<title>Goiena Seguros | PYMES- Maquinaria y Equipos Electr\u00f3nicos<\/title>\n<meta name=\"description\" content=\"El seguro de maquinaria y equipos electr\u00f3nicos se dirige a cubrir los da\u00f1os materiales ocasionados al conjunto de aparatos, m\u00e1quinas,instalaciones y equipos\" \/>\n<meta name=\"robots\" content=\"index, follow, max-snippet:-1, max-image-preview:large, max-video-preview:-1\" \/>\n<link rel=\"canonical\" href=\"http:\/\/www.segurosgoiena.com\/eu\/enpresak\/goiena-aseguruak\/enpresa-txiki-eta-ertainak\/makina-eta-ekipamendu-elektronikoetarako-asegurua\/\" \/>\n<meta property=\"og:locale\" content=\"en_US\" \/>\n<meta property=\"og:type\" content=\"article\" \/>\n<meta property=\"og:title\" content=\"Goiena Seguros | PYMES- Maquinaria y Equipos Electr\u00f3nicos\" \/>\n<meta property=\"og:description\" content=\"El seguro de maquinaria y equipos electr\u00f3nicos se dirige a cubrir los da\u00f1os materiales ocasionados al conjunto de aparatos, m\u00e1quinas,instalaciones y equipos\" \/>\n<meta property=\"og:url\" content=\"http:\/\/www.segurosgoiena.com\/eu\/enpresak\/goiena-aseguruak\/enpresa-txiki-eta-ertainak\/makina-eta-ekipamendu-elektronikoetarako-asegurua\/\" \/>\n<meta property=\"og:site_name\" content=\"Seguros Goiena\" \/>\n<meta property=\"article:modified_time\" content=\"2017-01-26T13:56:47+00:00\" \/>\n<meta property=\"og:image\" content=\"http:\/\/www.segurosgoiena.com\/wp-content\/uploads\/2016\/11\/seguro-de-maquinaria-y-equipos-electronicos.jpg\" \/>\n\t<meta property=\"og:image:width\" content=\"523\" \/>\n\t<meta property=\"og:image:height\" content=\"425\" \/>\n\t<meta property=\"og:image:type\" content=\"image\/jpeg\" \/>\n<meta name=\"twitter:card\" content=\"summary_large_image\" \/>\n<meta name=\"twitter:label1\" content=\"Est. reading time\" \/>\n\t<meta name=\"twitter:data1\" content=\"1 minutua\" \/>\n<script type=\"application\/ld+json\" class=\"yoast-schema-graph\">{\"@context\":\"https:\/\/schema.org\",\"@graph\":[{\"@type\":\"WebPage\",\"@id\":\"http:\/\/www.segurosgoiena.com\/eu\/enpresak\/goiena-aseguruak\/enpresa-txiki-eta-ertainak\/makina-eta-ekipamendu-elektronikoetarako-asegurua\/\",\"url\":\"http:\/\/www.segurosgoiena.com\/eu\/enpresak\/goiena-aseguruak\/enpresa-txiki-eta-ertainak\/makina-eta-ekipamendu-elektronikoetarako-asegurua\/\",\"name\":\"Goiena Seguros | PYMES- Maquinaria y Equipos Electr\u00f3nicos\",\"isPartOf\":{\"@id\":\"http:\/\/www.segurosgoiena.com\/es\/#website\"},\"primaryImageOfPage\":{\"@id\":\"http:\/\/www.segurosgoiena.com\/eu\/enpresak\/goiena-aseguruak\/enpresa-txiki-eta-ertainak\/makina-eta-ekipamendu-elektronikoetarako-asegurua\/#primaryimage\"},\"image\":{\"@id\":\"http:\/\/www.segurosgoiena.com\/eu\/enpresak\/goiena-aseguruak\/enpresa-txiki-eta-ertainak\/makina-eta-ekipamendu-elektronikoetarako-asegurua\/#primaryimage\"},\"thumbnailUrl\":\"http:\/\/www.segurosgoiena.com\/wp-content\/uploads\/2016\/11\/seguro-de-maquinaria-y-equipos-electronicos.jpg\",\"datePublished\":\"2016-11-24T16:34:21+00:00\",\"dateModified\":\"2017-01-26T13:56:47+00:00\",\"description\":\"El seguro de maquinaria y equipos electr\u00f3nicos se dirige a cubrir los da\u00f1os materiales ocasionados al conjunto de aparatos, m\u00e1quinas,instalaciones y equipos\",\"breadcrumb\":{\"@id\":\"http:\/\/www.segurosgoiena.com\/eu\/enpresak\/goiena-aseguruak\/enpresa-txiki-eta-ertainak\/makina-eta-ekipamendu-elektronikoetarako-asegurua\/#breadcrumb\"},\"inLanguage\":\"eu\",\"potentialAction\":[{\"@type\":\"ReadAction\",\"target\":[\"http:\/\/www.segurosgoiena.com\/eu\/enpresak\/goiena-aseguruak\/enpresa-txiki-eta-ertainak\/makina-eta-ekipamendu-elektronikoetarako-asegurua\/\"]}]},{\"@type\":\"ImageObject\",\"inLanguage\":\"eu\",\"@id\":\"http:\/\/www.segurosgoiena.com\/eu\/enpresak\/goiena-aseguruak\/enpresa-txiki-eta-ertainak\/makina-eta-ekipamendu-elektronikoetarako-asegurua\/#primaryimage\",\"url\":\"http:\/\/www.segurosgoiena.com\/wp-content\/uploads\/2016\/11\/seguro-de-maquinaria-y-equipos-electronicos.jpg\",\"contentUrl\":\"http:\/\/www.segurosgoiena.com\/wp-content\/uploads\/2016\/11\/seguro-de-maquinaria-y-equipos-electronicos.jpg\",\"width\":523,\"height\":425},{\"@type\":\"BreadcrumbList\",\"@id\":\"http:\/\/www.segurosgoiena.com\/eu\/enpresak\/goiena-aseguruak\/enpresa-txiki-eta-ertainak\/makina-eta-ekipamendu-elektronikoetarako-asegurua\/#breadcrumb\",\"itemListElement\":[{\"@type\":\"ListItem\",\"position\":1,\"name\":\"Portada\",\"item\":\"http:\/\/www.segurosgoiena.com\/es\/\"},{\"@type\":\"ListItem\",\"position\":2,\"name\":\"ENPRESAK\",\"item\":\"https:\/\/www.segurosgoiena.com\/eu\/enpresak\/\"},{\"@type\":\"ListItem\",\"position\":3,\"name\":\"GOIENA ASEGURUAK\",\"item\":\"https:\/\/www.segurosgoiena.com\/eu\/enpresak\/goiena-aseguruak\/\"},{\"@type\":\"ListItem\",\"position\":4,\"name\":\"ENPRESA TXIKI ETA ERTAINAK\",\"item\":\"https:\/\/www.segurosgoiena.com\/eu\/enpresak\/goiena-aseguruak\/enpresa-txiki-eta-ertainak\/\"},{\"@type\":\"ListItem\",\"position\":5,\"name\":\"MAKINA ETA EKIPAMENDU ELEKTRONIKOETARAKO ASEGURUA\"}]},{\"@type\":\"WebSite\",\"@id\":\"http:\/\/www.segurosgoiena.com\/es\/#website\",\"url\":\"http:\/\/www.segurosgoiena.com\/es\/\",\"name\":\"Seguros Goiena\",\"description\":\"Otro sitio realizado con WordPress\",\"potentialAction\":[{\"@type\":\"SearchAction\",\"target\":{\"@type\":\"EntryPoint\",\"urlTemplate\":\"http:\/\/www.segurosgoiena.com\/es\/?s={search_term_string}\"},\"query-input\":\"required name=search_term_string\"}],\"inLanguage\":\"eu\"}]}<\/script>\n<!-- \/ Yoast SEO plugin. -->","yoast_head_json":{"title":"Goiena Seguros | PYMES- Maquinaria y Equipos Electr\u00f3nicos","description":"El seguro de maquinaria y equipos electr\u00f3nicos se dirige a cubrir los da\u00f1os materiales ocasionados al conjunto de aparatos, m\u00e1quinas,instalaciones y equipos","robots":{"index":"index","follow":"follow","max-snippet":"max-snippet:-1","max-image-preview":"max-image-preview:large","max-video-preview":"max-video-preview:-1"},"canonical":"http:\/\/www.segurosgoiena.com\/eu\/enpresak\/goiena-aseguruak\/enpresa-txiki-eta-ertainak\/makina-eta-ekipamendu-elektronikoetarako-asegurua\/","og_locale":"en_US","og_type":"article","og_title":"Goiena Seguros | PYMES- Maquinaria y Equipos Electr\u00f3nicos","og_description":"El seguro de maquinaria y equipos electr\u00f3nicos se dirige a cubrir los da\u00f1os materiales ocasionados al conjunto de aparatos, m\u00e1quinas,instalaciones y equipos","og_url":"http:\/\/www.segurosgoiena.com\/eu\/enpresak\/goiena-aseguruak\/enpresa-txiki-eta-ertainak\/makina-eta-ekipamendu-elektronikoetarako-asegurua\/","og_site_name":"Seguros Goiena","article_modified_time":"2017-01-26T13:56:47+00:00","og_image":[{"width":523,"height":425,"url":"http:\/\/www.segurosgoiena.com\/wp-content\/uploads\/2016\/11\/seguro-de-maquinaria-y-equipos-electronicos.jpg","type":"image\/jpeg"}],"twitter_card":"summary_large_image","twitter_misc":{"Est. reading time":"1 minutua"},"schema":{"@context":"https:\/\/schema.org","@graph":[{"@type":"WebPage","@id":"http:\/\/www.segurosgoiena.com\/eu\/enpresak\/goiena-aseguruak\/enpresa-txiki-eta-ertainak\/makina-eta-ekipamendu-elektronikoetarako-asegurua\/","url":"http:\/\/www.segurosgoiena.com\/eu\/enpresak\/goiena-aseguruak\/enpresa-txiki-eta-ertainak\/makina-eta-ekipamendu-elektronikoetarako-asegurua\/","name":"Goiena Seguros | PYMES- Maquinaria y Equipos Electr\u00f3nicos","isPartOf":{"@id":"http:\/\/www.segurosgoiena.com\/es\/#website"},"primaryImageOfPage":{"@id":"http:\/\/www.segurosgoiena.com\/eu\/enpresak\/goiena-aseguruak\/enpresa-txiki-eta-ertainak\/makina-eta-ekipamendu-elektronikoetarako-asegurua\/#primaryimage"},"image":{"@id":"http:\/\/www.segurosgoiena.com\/eu\/enpresak\/goiena-aseguruak\/enpresa-txiki-eta-ertainak\/makina-eta-ekipamendu-elektronikoetarako-asegurua\/#primaryimage"},"thumbnailUrl":"http:\/\/www.segurosgoiena.com\/wp-content\/uploads\/2016\/11\/seguro-de-maquinaria-y-equipos-electronicos.jpg","datePublished":"2016-11-24T16:34:21+00:00","dateModified":"2017-01-26T13:56:47+00:00","description":"El seguro de maquinaria y equipos electr\u00f3nicos se dirige a cubrir los da\u00f1os materiales ocasionados al conjunto de aparatos, m\u00e1quinas,instalaciones y equipos","breadcrumb":{"@id":"http:\/\/www.segurosgoiena.com\/eu\/enpresak\/goiena-aseguruak\/enpresa-txiki-eta-ertainak\/makina-eta-ekipamendu-elektronikoetarako-asegurua\/#breadcrumb"},"inLanguage":"eu","potentialAction":[{"@type":"ReadAction","target":["http:\/\/www.segurosgoiena.com\/eu\/enpresak\/goiena-aseguruak\/enpresa-txiki-eta-ertainak\/makina-eta-ekipamendu-elektronikoetarako-asegurua\/"]}]},{"@type":"ImageObject","inLanguage":"eu","@id":"http:\/\/www.segurosgoiena.com\/eu\/enpresak\/goiena-aseguruak\/enpresa-txiki-eta-ertainak\/makina-eta-ekipamendu-elektronikoetarako-asegurua\/#primaryimage","url":"http:\/\/www.segurosgoiena.com\/wp-content\/uploads\/2016\/11\/seguro-de-maquinaria-y-equipos-electronicos.jpg","contentUrl":"http:\/\/www.segurosgoiena.com\/wp-content\/uploads\/2016\/11\/seguro-de-maquinaria-y-equipos-electronicos.jpg","width":523,"height":425},{"@type":"BreadcrumbList","@id":"http:\/\/www.segurosgoiena.com\/eu\/enpresak\/goiena-aseguruak\/enpresa-txiki-eta-ertainak\/makina-eta-ekipamendu-elektronikoetarako-asegurua\/#breadcrumb","itemListElement":[{"@type":"ListItem","position":1,"name":"Portada","item":"http:\/\/www.segurosgoiena.com\/es\/"},{"@type":"ListItem","position":2,"name":"ENPRESAK","item":"https:\/\/www.segurosgoiena.com\/eu\/enpresak\/"},{"@type":"ListItem","position":3,"name":"GOIENA ASEGURUAK","item":"https:\/\/www.segurosgoiena.com\/eu\/enpresak\/goiena-aseguruak\/"},{"@type":"ListItem","position":4,"name":"ENPRESA TXIKI ETA ERTAINAK","item":"https:\/\/www.segurosgoiena.com\/eu\/enpresak\/goiena-aseguruak\/enpresa-txiki-eta-ertainak\/"},{"@type":"ListItem","position":5,"name":"MAKINA ETA EKIPAMENDU ELEKTRONIKOETARAKO ASEGURUA"}]},{"@type":"WebSite","@id":"http:\/\/www.segurosgoiena.com\/es\/#website","url":"http:\/\/www.segurosgoiena.com\/es\/","name":"Seguros Goiena","description":"Otro sitio realizado con WordPress","potentialAction":[{"@type":"SearchAction","target":{"@type":"EntryPoint","urlTemplate":"http:\/\/www.segurosgoiena.com\/es\/?s={search_term_string}"},"query-input":"required name=search_term_string"}],"inLanguage":"eu"}]}},"_links":{"self":[{"href":"http:\/\/www.segurosgoiena.com\/eu\/wp-json\/wp\/v2\/pages\/1913","targetHints":{"allow":["GET"]}}],"collection":[{"href":"http:\/\/www.segurosgoiena.com\/eu\/wp-json\/wp\/v2\/pages"}],"about":[{"href":"http:\/\/www.segurosgoiena.com\/eu\/wp-json\/wp\/v2\/types\/page"}],"author":[{"embeddable":true,"href":"http:\/\/www.segurosgoiena.com\/eu\/wp-json\/wp\/v2\/users\/1"}],"replies":[{"embeddable":true,"href":"http:\/\/www.segurosgoiena.com\/eu\/wp-json\/wp\/v2\/comments?post=1913"}],"version-history":[{"count":9,"href":"http:\/\/www.segurosgoiena.com\/eu\/wp-json\/wp\/v2\/pages\/1913\/revisions"}],"predecessor-version":[{"id":1922,"href":"http:\/\/www.segurosgoiena.com\/eu\/wp-json\/wp\/v2\/pages\/1913\/revisions\/1922"}],"up":[{"embeddable":true,"href":"http:\/\/www.segurosgoiena.com\/eu\/wp-json\/wp\/v2\/pages\/1774"}],"wp:featuredmedia":[{"embeddable":true,"href":"http:\/\/www.segurosgoiena.com\/eu\/wp-json\/wp\/v2\/media\/255"}],"wp:attachment":[{"href":"http:\/\/www.segurosgoiena.com\/eu\/wp-json\/wp\/v2\/media?parent=1913"}],"curies":[{"name":"wp","href":"https:\/\/api.w.org\/{rel}","templated":true}]}}