{"id":1818,"date":"2016-11-24T16:34:46","date_gmt":"2016-11-24T16:34:46","guid":{"rendered":"http:\/\/www.segurosgoiena.com\/enpresak\/goiena-aseguruak\/pymeak\/proteccion-juridica-empresarial\/"},"modified":"2017-01-19T16:12:00","modified_gmt":"2017-01-19T16:12:00","slug":"enpresako-babes-juridikoa","status":"publish","type":"page","link":"http:\/\/www.segurosgoiena.com\/eu\/enpresak\/goiena-aseguruak\/enpresa-txiki-eta-ertainak\/enpresako-babes-juridikoa\/","title":{"rendered":"ENPRESAKO BABES JURIDIKOA"},"content":{"rendered":"<p>Enpresa bat daukanak badaki zer zaila den enpresa hori administratzea. Lege laguntzari dagokionez, edozein negoziok baditu oso bereziak eta bereizgarriak diren behar batzuk. Enpresek, premia juridiko baten aurrean jardun behar dutenean, sarritan kanpoko zerbitzu juridikoetara jo behar izaten dute, eta horiek oso kostu handiak dakartzate beren ekonomiarako.<\/p>\n<p>Edozein ezustekoren edo zalantzaren aurrean, zuk eta zure enpresak guztiaz arduratuko den abokatu bat izango duzue. Behar duzun aldiro, adituek aholku emango dizute, eta lege arazoak konponduko. Hala, gauzarik inportanteena egingo duzu: zure negozioaren eguneroko martxa kudeatu.<\/p>\n","protected":false},"excerpt":{"rendered":"<p>Enpresa bat daukanak badaki zer zaila den enpresa hori administratzea. Lege laguntzari dagokionez, edozein negoziok baditu oso bereziak eta bereizgarriak diren behar batzuk. Enpresek, premia juridiko baten aurrean jardun behar dutenean, sarritan kanpoko zerbitzu juridikoetara jo behar izaten dute, eta horiek oso kostu handiak dakartzate beren ekonomiarako. Edozein ezustekoren edo zalantzaren aurrean, zuk eta zure [&hellip;]<\/p>\n","protected":false},"author":1,"featured_media":249,"parent":1774,"menu_order":50,"comment_status":"closed","ping_status":"closed","template":"page-templates\/template-producto.php","meta":{"_acf_changed":false,"footnotes":""},"class_list":["post-1818","page","type-page","status-publish","has-post-thumbnail","hentry"],"acf":[],"yoast_head":"<!-- This site is optimized with the Yoast SEO plugin v22.5 - https:\/\/yoast.com\/wordpress\/plugins\/seo\/ -->\n<title>Goiena Seguros | PYMES- Protecci\u00f3n jur\u00eddica empresarial<\/title>\n<meta name=\"description\" content=\"La protecci\u00f3n jur\u00eddica empresarial consiste en asistir, asesorar jur\u00eddicamente o efectuar tr\u00e1mites de reclamaci\u00f3n y defensa por v\u00eda amistosa y judicial.\" \/>\n<meta name=\"robots\" content=\"index, follow, max-snippet:-1, max-image-preview:large, max-video-preview:-1\" \/>\n<link rel=\"canonical\" href=\"http:\/\/www.segurosgoiena.com\/eu\/enpresak\/goiena-aseguruak\/enpresa-txiki-eta-ertainak\/enpresako-babes-juridikoa\/\" \/>\n<meta property=\"og:locale\" content=\"en_US\" \/>\n<meta property=\"og:type\" content=\"article\" \/>\n<meta property=\"og:title\" content=\"Goiena Seguros | PYMES- Protecci\u00f3n jur\u00eddica empresarial\" \/>\n<meta property=\"og:description\" content=\"La protecci\u00f3n jur\u00eddica empresarial consiste en asistir, asesorar jur\u00eddicamente o efectuar tr\u00e1mites de reclamaci\u00f3n y defensa por v\u00eda amistosa y judicial.\" \/>\n<meta property=\"og:url\" content=\"http:\/\/www.segurosgoiena.com\/eu\/enpresak\/goiena-aseguruak\/enpresa-txiki-eta-ertainak\/enpresako-babes-juridikoa\/\" \/>\n<meta property=\"og:site_name\" content=\"Seguros Goiena\" \/>\n<meta property=\"article:modified_time\" content=\"2017-01-19T16:12:00+00:00\" \/>\n<meta property=\"og:image\" content=\"http:\/\/www.segurosgoiena.com\/wp-content\/uploads\/2016\/11\/proteccion-juridica-empresarial.jpg\" \/>\n\t<meta property=\"og:image:width\" content=\"523\" \/>\n\t<meta property=\"og:image:height\" content=\"425\" \/>\n\t<meta property=\"og:image:type\" content=\"image\/jpeg\" \/>\n<meta name=\"twitter:card\" content=\"summary_large_image\" \/>\n<script type=\"application\/ld+json\" class=\"yoast-schema-graph\">{\"@context\":\"https:\/\/schema.org\",\"@graph\":[{\"@type\":\"WebPage\",\"@id\":\"http:\/\/www.segurosgoiena.com\/eu\/enpresak\/goiena-aseguruak\/enpresa-txiki-eta-ertainak\/enpresako-babes-juridikoa\/\",\"url\":\"http:\/\/www.segurosgoiena.com\/eu\/enpresak\/goiena-aseguruak\/enpresa-txiki-eta-ertainak\/enpresako-babes-juridikoa\/\",\"name\":\"Goiena Seguros | PYMES- Protecci\u00f3n jur\u00eddica empresarial\",\"isPartOf\":{\"@id\":\"http:\/\/www.segurosgoiena.com\/es\/#website\"},\"primaryImageOfPage\":{\"@id\":\"http:\/\/www.segurosgoiena.com\/eu\/enpresak\/goiena-aseguruak\/enpresa-txiki-eta-ertainak\/enpresako-babes-juridikoa\/#primaryimage\"},\"image\":{\"@id\":\"http:\/\/www.segurosgoiena.com\/eu\/enpresak\/goiena-aseguruak\/enpresa-txiki-eta-ertainak\/enpresako-babes-juridikoa\/#primaryimage\"},\"thumbnailUrl\":\"http:\/\/www.segurosgoiena.com\/wp-content\/uploads\/2016\/11\/proteccion-juridica-empresarial.jpg\",\"datePublished\":\"2016-11-24T16:34:46+00:00\",\"dateModified\":\"2017-01-19T16:12:00+00:00\",\"description\":\"La protecci\u00f3n jur\u00eddica empresarial consiste en asistir, asesorar jur\u00eddicamente o efectuar tr\u00e1mites de reclamaci\u00f3n y defensa por v\u00eda amistosa y judicial.\",\"breadcrumb\":{\"@id\":\"http:\/\/www.segurosgoiena.com\/eu\/enpresak\/goiena-aseguruak\/enpresa-txiki-eta-ertainak\/enpresako-babes-juridikoa\/#breadcrumb\"},\"inLanguage\":\"eu\",\"potentialAction\":[{\"@type\":\"ReadAction\",\"target\":[\"http:\/\/www.segurosgoiena.com\/eu\/enpresak\/goiena-aseguruak\/enpresa-txiki-eta-ertainak\/enpresako-babes-juridikoa\/\"]}]},{\"@type\":\"ImageObject\",\"inLanguage\":\"eu\",\"@id\":\"http:\/\/www.segurosgoiena.com\/eu\/enpresak\/goiena-aseguruak\/enpresa-txiki-eta-ertainak\/enpresako-babes-juridikoa\/#primaryimage\",\"url\":\"http:\/\/www.segurosgoiena.com\/wp-content\/uploads\/2016\/11\/proteccion-juridica-empresarial.jpg\",\"contentUrl\":\"http:\/\/www.segurosgoiena.com\/wp-content\/uploads\/2016\/11\/proteccion-juridica-empresarial.jpg\",\"width\":523,\"height\":425},{\"@type\":\"BreadcrumbList\",\"@id\":\"http:\/\/www.segurosgoiena.com\/eu\/enpresak\/goiena-aseguruak\/enpresa-txiki-eta-ertainak\/enpresako-babes-juridikoa\/#breadcrumb\",\"itemListElement\":[{\"@type\":\"ListItem\",\"position\":1,\"name\":\"Portada\",\"item\":\"http:\/\/www.segurosgoiena.com\/es\/\"},{\"@type\":\"ListItem\",\"position\":2,\"name\":\"ENPRESAK\",\"item\":\"https:\/\/www.segurosgoiena.com\/eu\/enpresak\/\"},{\"@type\":\"ListItem\",\"position\":3,\"name\":\"GOIENA ASEGURUAK\",\"item\":\"https:\/\/www.segurosgoiena.com\/eu\/enpresak\/goiena-aseguruak\/\"},{\"@type\":\"ListItem\",\"position\":4,\"name\":\"ENPRESA TXIKI ETA ERTAINAK\",\"item\":\"https:\/\/www.segurosgoiena.com\/eu\/enpresak\/goiena-aseguruak\/enpresa-txiki-eta-ertainak\/\"},{\"@type\":\"ListItem\",\"position\":5,\"name\":\"ENPRESAKO BABES JURIDIKOA\"}]},{\"@type\":\"WebSite\",\"@id\":\"http:\/\/www.segurosgoiena.com\/es\/#website\",\"url\":\"http:\/\/www.segurosgoiena.com\/es\/\",\"name\":\"Seguros Goiena\",\"description\":\"Otro sitio realizado con WordPress\",\"potentialAction\":[{\"@type\":\"SearchAction\",\"target\":{\"@type\":\"EntryPoint\",\"urlTemplate\":\"http:\/\/www.segurosgoiena.com\/es\/?s={search_term_string}\"},\"query-input\":\"required name=search_term_string\"}],\"inLanguage\":\"eu\"}]}<\/script>\n<!-- \/ Yoast SEO plugin. -->","yoast_head_json":{"title":"Goiena Seguros | PYMES- Protecci\u00f3n jur\u00eddica empresarial","description":"La protecci\u00f3n jur\u00eddica empresarial consiste en asistir, asesorar jur\u00eddicamente o efectuar tr\u00e1mites de reclamaci\u00f3n y defensa por v\u00eda amistosa y judicial.","robots":{"index":"index","follow":"follow","max-snippet":"max-snippet:-1","max-image-preview":"max-image-preview:large","max-video-preview":"max-video-preview:-1"},"canonical":"http:\/\/www.segurosgoiena.com\/eu\/enpresak\/goiena-aseguruak\/enpresa-txiki-eta-ertainak\/enpresako-babes-juridikoa\/","og_locale":"en_US","og_type":"article","og_title":"Goiena Seguros | PYMES- Protecci\u00f3n jur\u00eddica empresarial","og_description":"La protecci\u00f3n jur\u00eddica empresarial consiste en asistir, asesorar jur\u00eddicamente o efectuar tr\u00e1mites de reclamaci\u00f3n y defensa por v\u00eda amistosa y judicial.","og_url":"http:\/\/www.segurosgoiena.com\/eu\/enpresak\/goiena-aseguruak\/enpresa-txiki-eta-ertainak\/enpresako-babes-juridikoa\/","og_site_name":"Seguros Goiena","article_modified_time":"2017-01-19T16:12:00+00:00","og_image":[{"width":523,"height":425,"url":"http:\/\/www.segurosgoiena.com\/wp-content\/uploads\/2016\/11\/proteccion-juridica-empresarial.jpg","type":"image\/jpeg"}],"twitter_card":"summary_large_image","schema":{"@context":"https:\/\/schema.org","@graph":[{"@type":"WebPage","@id":"http:\/\/www.segurosgoiena.com\/eu\/enpresak\/goiena-aseguruak\/enpresa-txiki-eta-ertainak\/enpresako-babes-juridikoa\/","url":"http:\/\/www.segurosgoiena.com\/eu\/enpresak\/goiena-aseguruak\/enpresa-txiki-eta-ertainak\/enpresako-babes-juridikoa\/","name":"Goiena Seguros | PYMES- Protecci\u00f3n jur\u00eddica empresarial","isPartOf":{"@id":"http:\/\/www.segurosgoiena.com\/es\/#website"},"primaryImageOfPage":{"@id":"http:\/\/www.segurosgoiena.com\/eu\/enpresak\/goiena-aseguruak\/enpresa-txiki-eta-ertainak\/enpresako-babes-juridikoa\/#primaryimage"},"image":{"@id":"http:\/\/www.segurosgoiena.com\/eu\/enpresak\/goiena-aseguruak\/enpresa-txiki-eta-ertainak\/enpresako-babes-juridikoa\/#primaryimage"},"thumbnailUrl":"http:\/\/www.segurosgoiena.com\/wp-content\/uploads\/2016\/11\/proteccion-juridica-empresarial.jpg","datePublished":"2016-11-24T16:34:46+00:00","dateModified":"2017-01-19T16:12:00+00:00","description":"La protecci\u00f3n jur\u00eddica empresarial consiste en asistir, asesorar jur\u00eddicamente o efectuar tr\u00e1mites de reclamaci\u00f3n y defensa por v\u00eda amistosa y judicial.","breadcrumb":{"@id":"http:\/\/www.segurosgoiena.com\/eu\/enpresak\/goiena-aseguruak\/enpresa-txiki-eta-ertainak\/enpresako-babes-juridikoa\/#breadcrumb"},"inLanguage":"eu","potentialAction":[{"@type":"ReadAction","target":["http:\/\/www.segurosgoiena.com\/eu\/enpresak\/goiena-aseguruak\/enpresa-txiki-eta-ertainak\/enpresako-babes-juridikoa\/"]}]},{"@type":"ImageObject","inLanguage":"eu","@id":"http:\/\/www.segurosgoiena.com\/eu\/enpresak\/goiena-aseguruak\/enpresa-txiki-eta-ertainak\/enpresako-babes-juridikoa\/#primaryimage","url":"http:\/\/www.segurosgoiena.com\/wp-content\/uploads\/2016\/11\/proteccion-juridica-empresarial.jpg","contentUrl":"http:\/\/www.segurosgoiena.com\/wp-content\/uploads\/2016\/11\/proteccion-juridica-empresarial.jpg","width":523,"height":425},{"@type":"BreadcrumbList","@id":"http:\/\/www.segurosgoiena.com\/eu\/enpresak\/goiena-aseguruak\/enpresa-txiki-eta-ertainak\/enpresako-babes-juridikoa\/#breadcrumb","itemListElement":[{"@type":"ListItem","position":1,"name":"Portada","item":"http:\/\/www.segurosgoiena.com\/es\/"},{"@type":"ListItem","position":2,"name":"ENPRESAK","item":"https:\/\/www.segurosgoiena.com\/eu\/enpresak\/"},{"@type":"ListItem","position":3,"name":"GOIENA ASEGURUAK","item":"https:\/\/www.segurosgoiena.com\/eu\/enpresak\/goiena-aseguruak\/"},{"@type":"ListItem","position":4,"name":"ENPRESA TXIKI ETA ERTAINAK","item":"https:\/\/www.segurosgoiena.com\/eu\/enpresak\/goiena-aseguruak\/enpresa-txiki-eta-ertainak\/"},{"@type":"ListItem","position":5,"name":"ENPRESAKO BABES JURIDIKOA"}]},{"@type":"WebSite","@id":"http:\/\/www.segurosgoiena.com\/es\/#website","url":"http:\/\/www.segurosgoiena.com\/es\/","name":"Seguros Goiena","description":"Otro sitio realizado con WordPress","potentialAction":[{"@type":"SearchAction","target":{"@type":"EntryPoint","urlTemplate":"http:\/\/www.segurosgoiena.com\/es\/?s={search_term_string}"},"query-input":"required name=search_term_string"}],"inLanguage":"eu"}]}},"_links":{"self":[{"href":"http:\/\/www.segurosgoiena.com\/eu\/wp-json\/wp\/v2\/pages\/1818","targetHints":{"allow":["GET"]}}],"collection":[{"href":"http:\/\/www.segurosgoiena.com\/eu\/wp-json\/wp\/v2\/pages"}],"about":[{"href":"http:\/\/www.segurosgoiena.com\/eu\/wp-json\/wp\/v2\/types\/page"}],"author":[{"embeddable":true,"href":"http:\/\/www.segurosgoiena.com\/eu\/wp-json\/wp\/v2\/users\/1"}],"replies":[{"embeddable":true,"href":"http:\/\/www.segurosgoiena.com\/eu\/wp-json\/wp\/v2\/comments?post=1818"}],"version-history":[{"count":5,"href":"http:\/\/www.segurosgoiena.com\/eu\/wp-json\/wp\/v2\/pages\/1818\/revisions"}],"predecessor-version":[{"id":1823,"href":"http:\/\/www.segurosgoiena.com\/eu\/wp-json\/wp\/v2\/pages\/1818\/revisions\/1823"}],"up":[{"embeddable":true,"href":"http:\/\/www.segurosgoiena.com\/eu\/wp-json\/wp\/v2\/pages\/1774"}],"wp:featuredmedia":[{"embeddable":true,"href":"http:\/\/www.segurosgoiena.com\/eu\/wp-json\/wp\/v2\/media\/249"}],"wp:attachment":[{"href":"http:\/\/www.segurosgoiena.com\/eu\/wp-json\/wp\/v2\/media?parent=1818"}],"curies":[{"name":"wp","href":"https:\/\/api.w.org\/{rel}","templated":true}]}}