{"id":1813,"date":"2016-11-24T16:34:55","date_gmt":"2016-11-24T16:34:55","guid":{"rendered":"http:\/\/www.segurosgoiena.com\/enpresak\/goiena-aseguruak\/pymeak\/seguro-transporte-de-mercancias\/"},"modified":"2017-01-25T13:20:23","modified_gmt":"2017-01-25T13:20:23","slug":"salgaien-garraiorako-asegurua","status":"publish","type":"page","link":"http:\/\/www.segurosgoiena.com\/eu\/enpresak\/goiena-aseguruak\/enpresa-txiki-eta-ertainak\/salgaien-garraiorako-asegurua\/","title":{"rendered":"SALGAIEN GARRAIORAKO ASEGURUA"},"content":{"rendered":"<p>Leku eta une egokian egotea horren garrantzitsua den mundu honetan, ziur gaude logistikak berebiziko garrantzia duela zure negozioan. Neurrira egindako soluzio honen bidez, ez da egongo lur, itsaso nahiz airetiko ezustekorik zure aurreikuspenak zapuztuko dituenik eta zure enpresaren arrakasta txikituko duenik.<\/p>\n<p>Salgaiak leku batetik bestera segurtasunez eramatea funtsezkoa da zure negozioan. Eta zure ondasunek arrisku potentzial ugari izaten dituzte garraioan zehar, lur, itsaso nahiz aire bidez eramaten dira eta.<\/p>\n<p>Inportantea da, edozein enpresarentzat, salgaien ardura hartu eta garraiobidean kargatzen direnetik azken hartzaileak jasotzen dituenera arte, salgaiok ondo babestuta edukitzea. Salgaien garraioa jarduera konplexua da, eta kargaren balioa ahalik eta ondoen ziurtatzea eskatzen du.<\/p>\n","protected":false},"excerpt":{"rendered":"<p>Leku eta une egokian egotea horren garrantzitsua den mundu honetan, ziur gaude logistikak berebiziko garrantzia duela zure negozioan. Neurrira egindako soluzio honen bidez, ez da egongo lur, itsaso nahiz airetiko ezustekorik zure aurreikuspenak zapuztuko dituenik eta zure enpresaren arrakasta txikituko duenik. Salgaiak leku batetik bestera segurtasunez eramatea funtsezkoa da zure negozioan. Eta zure ondasunek arrisku [&hellip;]<\/p>\n","protected":false},"author":1,"featured_media":263,"parent":1774,"menu_order":40,"comment_status":"closed","ping_status":"closed","template":"page-templates\/template-producto.php","meta":{"_acf_changed":false,"footnotes":""},"class_list":["post-1813","page","type-page","status-publish","has-post-thumbnail","hentry"],"acf":[],"yoast_head":"<!-- This site is optimized with the Yoast SEO plugin v22.5 - https:\/\/yoast.com\/wordpress\/plugins\/seo\/ -->\n<title>Goiena Seguros | PYMES- Transporte de mercanc\u00edas<\/title>\n<meta name=\"description\" content=\"El Seguro de transporte de mercanc\u00edas indemniza los da\u00f1os que puedan sufrir con ocasi\u00f3n o consecuencia del transporte las mercanc\u00edas porteadas.\" \/>\n<meta name=\"robots\" content=\"index, follow, max-snippet:-1, max-image-preview:large, max-video-preview:-1\" \/>\n<link rel=\"canonical\" href=\"http:\/\/www.segurosgoiena.com\/eu\/enpresak\/goiena-aseguruak\/enpresa-txiki-eta-ertainak\/salgaien-garraiorako-asegurua\/\" \/>\n<meta property=\"og:locale\" content=\"en_US\" \/>\n<meta property=\"og:type\" content=\"article\" \/>\n<meta property=\"og:title\" content=\"Goiena Seguros | PYMES- Transporte de mercanc\u00edas\" \/>\n<meta property=\"og:description\" content=\"El Seguro de transporte de mercanc\u00edas indemniza los da\u00f1os que puedan sufrir con ocasi\u00f3n o consecuencia del transporte las mercanc\u00edas porteadas.\" \/>\n<meta property=\"og:url\" content=\"http:\/\/www.segurosgoiena.com\/eu\/enpresak\/goiena-aseguruak\/enpresa-txiki-eta-ertainak\/salgaien-garraiorako-asegurua\/\" \/>\n<meta property=\"og:site_name\" content=\"Seguros Goiena\" \/>\n<meta property=\"article:modified_time\" content=\"2017-01-25T13:20:23+00:00\" \/>\n<meta property=\"og:image\" content=\"http:\/\/www.segurosgoiena.com\/wp-content\/uploads\/2016\/11\/seguro-transporte-de-mercancias.jpg\" \/>\n\t<meta property=\"og:image:width\" content=\"523\" \/>\n\t<meta property=\"og:image:height\" content=\"425\" \/>\n\t<meta property=\"og:image:type\" content=\"image\/jpeg\" \/>\n<meta name=\"twitter:card\" content=\"summary_large_image\" \/>\n<meta name=\"twitter:label1\" content=\"Est. reading time\" \/>\n\t<meta name=\"twitter:data1\" content=\"1 minutua\" \/>\n<script type=\"application\/ld+json\" class=\"yoast-schema-graph\">{\"@context\":\"https:\/\/schema.org\",\"@graph\":[{\"@type\":\"WebPage\",\"@id\":\"http:\/\/www.segurosgoiena.com\/eu\/enpresak\/goiena-aseguruak\/enpresa-txiki-eta-ertainak\/salgaien-garraiorako-asegurua\/\",\"url\":\"http:\/\/www.segurosgoiena.com\/eu\/enpresak\/goiena-aseguruak\/enpresa-txiki-eta-ertainak\/salgaien-garraiorako-asegurua\/\",\"name\":\"Goiena Seguros | PYMES- Transporte de mercanc\u00edas\",\"isPartOf\":{\"@id\":\"http:\/\/www.segurosgoiena.com\/es\/#website\"},\"primaryImageOfPage\":{\"@id\":\"http:\/\/www.segurosgoiena.com\/eu\/enpresak\/goiena-aseguruak\/enpresa-txiki-eta-ertainak\/salgaien-garraiorako-asegurua\/#primaryimage\"},\"image\":{\"@id\":\"http:\/\/www.segurosgoiena.com\/eu\/enpresak\/goiena-aseguruak\/enpresa-txiki-eta-ertainak\/salgaien-garraiorako-asegurua\/#primaryimage\"},\"thumbnailUrl\":\"http:\/\/www.segurosgoiena.com\/wp-content\/uploads\/2016\/11\/seguro-transporte-de-mercancias.jpg\",\"datePublished\":\"2016-11-24T16:34:55+00:00\",\"dateModified\":\"2017-01-25T13:20:23+00:00\",\"description\":\"El Seguro de transporte de mercanc\u00edas indemniza los da\u00f1os que puedan sufrir con ocasi\u00f3n o consecuencia del transporte las mercanc\u00edas porteadas.\",\"breadcrumb\":{\"@id\":\"http:\/\/www.segurosgoiena.com\/eu\/enpresak\/goiena-aseguruak\/enpresa-txiki-eta-ertainak\/salgaien-garraiorako-asegurua\/#breadcrumb\"},\"inLanguage\":\"eu\",\"potentialAction\":[{\"@type\":\"ReadAction\",\"target\":[\"http:\/\/www.segurosgoiena.com\/eu\/enpresak\/goiena-aseguruak\/enpresa-txiki-eta-ertainak\/salgaien-garraiorako-asegurua\/\"]}]},{\"@type\":\"ImageObject\",\"inLanguage\":\"eu\",\"@id\":\"http:\/\/www.segurosgoiena.com\/eu\/enpresak\/goiena-aseguruak\/enpresa-txiki-eta-ertainak\/salgaien-garraiorako-asegurua\/#primaryimage\",\"url\":\"http:\/\/www.segurosgoiena.com\/wp-content\/uploads\/2016\/11\/seguro-transporte-de-mercancias.jpg\",\"contentUrl\":\"http:\/\/www.segurosgoiena.com\/wp-content\/uploads\/2016\/11\/seguro-transporte-de-mercancias.jpg\",\"width\":523,\"height\":425},{\"@type\":\"BreadcrumbList\",\"@id\":\"http:\/\/www.segurosgoiena.com\/eu\/enpresak\/goiena-aseguruak\/enpresa-txiki-eta-ertainak\/salgaien-garraiorako-asegurua\/#breadcrumb\",\"itemListElement\":[{\"@type\":\"ListItem\",\"position\":1,\"name\":\"Portada\",\"item\":\"http:\/\/www.segurosgoiena.com\/es\/\"},{\"@type\":\"ListItem\",\"position\":2,\"name\":\"ENPRESAK\",\"item\":\"https:\/\/www.segurosgoiena.com\/eu\/enpresak\/\"},{\"@type\":\"ListItem\",\"position\":3,\"name\":\"GOIENA ASEGURUAK\",\"item\":\"https:\/\/www.segurosgoiena.com\/eu\/enpresak\/goiena-aseguruak\/\"},{\"@type\":\"ListItem\",\"position\":4,\"name\":\"ENPRESA TXIKI ETA ERTAINAK\",\"item\":\"https:\/\/www.segurosgoiena.com\/eu\/enpresak\/goiena-aseguruak\/enpresa-txiki-eta-ertainak\/\"},{\"@type\":\"ListItem\",\"position\":5,\"name\":\"SALGAIEN GARRAIORAKO ASEGURUA\"}]},{\"@type\":\"WebSite\",\"@id\":\"http:\/\/www.segurosgoiena.com\/es\/#website\",\"url\":\"http:\/\/www.segurosgoiena.com\/es\/\",\"name\":\"Seguros Goiena\",\"description\":\"Otro sitio realizado con WordPress\",\"potentialAction\":[{\"@type\":\"SearchAction\",\"target\":{\"@type\":\"EntryPoint\",\"urlTemplate\":\"http:\/\/www.segurosgoiena.com\/es\/?s={search_term_string}\"},\"query-input\":\"required name=search_term_string\"}],\"inLanguage\":\"eu\"}]}<\/script>\n<!-- \/ Yoast SEO plugin. -->","yoast_head_json":{"title":"Goiena Seguros | PYMES- Transporte de mercanc\u00edas","description":"El Seguro de transporte de mercanc\u00edas indemniza los da\u00f1os que puedan sufrir con ocasi\u00f3n o consecuencia del transporte las mercanc\u00edas porteadas.","robots":{"index":"index","follow":"follow","max-snippet":"max-snippet:-1","max-image-preview":"max-image-preview:large","max-video-preview":"max-video-preview:-1"},"canonical":"http:\/\/www.segurosgoiena.com\/eu\/enpresak\/goiena-aseguruak\/enpresa-txiki-eta-ertainak\/salgaien-garraiorako-asegurua\/","og_locale":"en_US","og_type":"article","og_title":"Goiena Seguros | PYMES- Transporte de mercanc\u00edas","og_description":"El Seguro de transporte de mercanc\u00edas indemniza los da\u00f1os que puedan sufrir con ocasi\u00f3n o consecuencia del transporte las mercanc\u00edas porteadas.","og_url":"http:\/\/www.segurosgoiena.com\/eu\/enpresak\/goiena-aseguruak\/enpresa-txiki-eta-ertainak\/salgaien-garraiorako-asegurua\/","og_site_name":"Seguros Goiena","article_modified_time":"2017-01-25T13:20:23+00:00","og_image":[{"width":523,"height":425,"url":"http:\/\/www.segurosgoiena.com\/wp-content\/uploads\/2016\/11\/seguro-transporte-de-mercancias.jpg","type":"image\/jpeg"}],"twitter_card":"summary_large_image","twitter_misc":{"Est. reading time":"1 minutua"},"schema":{"@context":"https:\/\/schema.org","@graph":[{"@type":"WebPage","@id":"http:\/\/www.segurosgoiena.com\/eu\/enpresak\/goiena-aseguruak\/enpresa-txiki-eta-ertainak\/salgaien-garraiorako-asegurua\/","url":"http:\/\/www.segurosgoiena.com\/eu\/enpresak\/goiena-aseguruak\/enpresa-txiki-eta-ertainak\/salgaien-garraiorako-asegurua\/","name":"Goiena Seguros | PYMES- Transporte de mercanc\u00edas","isPartOf":{"@id":"http:\/\/www.segurosgoiena.com\/es\/#website"},"primaryImageOfPage":{"@id":"http:\/\/www.segurosgoiena.com\/eu\/enpresak\/goiena-aseguruak\/enpresa-txiki-eta-ertainak\/salgaien-garraiorako-asegurua\/#primaryimage"},"image":{"@id":"http:\/\/www.segurosgoiena.com\/eu\/enpresak\/goiena-aseguruak\/enpresa-txiki-eta-ertainak\/salgaien-garraiorako-asegurua\/#primaryimage"},"thumbnailUrl":"http:\/\/www.segurosgoiena.com\/wp-content\/uploads\/2016\/11\/seguro-transporte-de-mercancias.jpg","datePublished":"2016-11-24T16:34:55+00:00","dateModified":"2017-01-25T13:20:23+00:00","description":"El Seguro de transporte de mercanc\u00edas indemniza los da\u00f1os que puedan sufrir con ocasi\u00f3n o consecuencia del transporte las mercanc\u00edas porteadas.","breadcrumb":{"@id":"http:\/\/www.segurosgoiena.com\/eu\/enpresak\/goiena-aseguruak\/enpresa-txiki-eta-ertainak\/salgaien-garraiorako-asegurua\/#breadcrumb"},"inLanguage":"eu","potentialAction":[{"@type":"ReadAction","target":["http:\/\/www.segurosgoiena.com\/eu\/enpresak\/goiena-aseguruak\/enpresa-txiki-eta-ertainak\/salgaien-garraiorako-asegurua\/"]}]},{"@type":"ImageObject","inLanguage":"eu","@id":"http:\/\/www.segurosgoiena.com\/eu\/enpresak\/goiena-aseguruak\/enpresa-txiki-eta-ertainak\/salgaien-garraiorako-asegurua\/#primaryimage","url":"http:\/\/www.segurosgoiena.com\/wp-content\/uploads\/2016\/11\/seguro-transporte-de-mercancias.jpg","contentUrl":"http:\/\/www.segurosgoiena.com\/wp-content\/uploads\/2016\/11\/seguro-transporte-de-mercancias.jpg","width":523,"height":425},{"@type":"BreadcrumbList","@id":"http:\/\/www.segurosgoiena.com\/eu\/enpresak\/goiena-aseguruak\/enpresa-txiki-eta-ertainak\/salgaien-garraiorako-asegurua\/#breadcrumb","itemListElement":[{"@type":"ListItem","position":1,"name":"Portada","item":"http:\/\/www.segurosgoiena.com\/es\/"},{"@type":"ListItem","position":2,"name":"ENPRESAK","item":"https:\/\/www.segurosgoiena.com\/eu\/enpresak\/"},{"@type":"ListItem","position":3,"name":"GOIENA ASEGURUAK","item":"https:\/\/www.segurosgoiena.com\/eu\/enpresak\/goiena-aseguruak\/"},{"@type":"ListItem","position":4,"name":"ENPRESA TXIKI ETA ERTAINAK","item":"https:\/\/www.segurosgoiena.com\/eu\/enpresak\/goiena-aseguruak\/enpresa-txiki-eta-ertainak\/"},{"@type":"ListItem","position":5,"name":"SALGAIEN GARRAIORAKO ASEGURUA"}]},{"@type":"WebSite","@id":"http:\/\/www.segurosgoiena.com\/es\/#website","url":"http:\/\/www.segurosgoiena.com\/es\/","name":"Seguros Goiena","description":"Otro sitio realizado con WordPress","potentialAction":[{"@type":"SearchAction","target":{"@type":"EntryPoint","urlTemplate":"http:\/\/www.segurosgoiena.com\/es\/?s={search_term_string}"},"query-input":"required name=search_term_string"}],"inLanguage":"eu"}]}},"_links":{"self":[{"href":"http:\/\/www.segurosgoiena.com\/eu\/wp-json\/wp\/v2\/pages\/1813","targetHints":{"allow":["GET"]}}],"collection":[{"href":"http:\/\/www.segurosgoiena.com\/eu\/wp-json\/wp\/v2\/pages"}],"about":[{"href":"http:\/\/www.segurosgoiena.com\/eu\/wp-json\/wp\/v2\/types\/page"}],"author":[{"embeddable":true,"href":"http:\/\/www.segurosgoiena.com\/eu\/wp-json\/wp\/v2\/users\/1"}],"replies":[{"embeddable":true,"href":"http:\/\/www.segurosgoiena.com\/eu\/wp-json\/wp\/v2\/comments?post=1813"}],"version-history":[{"count":8,"href":"http:\/\/www.segurosgoiena.com\/eu\/wp-json\/wp\/v2\/pages\/1813\/revisions"}],"predecessor-version":[{"id":1895,"href":"http:\/\/www.segurosgoiena.com\/eu\/wp-json\/wp\/v2\/pages\/1813\/revisions\/1895"}],"up":[{"embeddable":true,"href":"http:\/\/www.segurosgoiena.com\/eu\/wp-json\/wp\/v2\/pages\/1774"}],"wp:featuredmedia":[{"embeddable":true,"href":"http:\/\/www.segurosgoiena.com\/eu\/wp-json\/wp\/v2\/media\/263"}],"wp:attachment":[{"href":"http:\/\/www.segurosgoiena.com\/eu\/wp-json\/wp\/v2\/media?parent=1813"}],"curies":[{"name":"wp","href":"https:\/\/api.w.org\/{rel}","templated":true}]}}