{"id":1798,"date":"2016-11-24T14:38:34","date_gmt":"2016-11-24T14:38:34","guid":{"rendered":"http:\/\/www.segurosgoiena.com\/enpresak\/goiena-aseguruak\/pymeak\/enplegatuak\/aurrezki-soluzioak\/prevision-epsv-y-pensiones-colectivos\/"},"modified":"2017-01-24T10:42:24","modified_gmt":"2017-01-24T10:42:24","slug":"aurreikuspen-bgae-eta-pentsio-aseguru-kolektiboak","status":"publish","type":"page","link":"http:\/\/www.segurosgoiena.com\/eu\/enpresak\/goiena-aseguruak\/enpresa-txiki-eta-ertainak\/enplegatuak\/aurrezki-soluzioak\/aurreikuspen-bgae-eta-pentsio-aseguru-kolektiboak\/","title":{"rendered":"Aurreikuspen (BGAE) eta pentsio aseguru kolektiboak"},"content":{"rendered":"<h4>Zure etorkizuna babesteko modurik onena.<\/h4>\n<p>Zure langileei biharko egun hobe bat eraikitzen laguntzen diezunean, enpresarekiko gogobetetzea eta lotura sendotzen ari zara.<\/p>\n","protected":false},"excerpt":{"rendered":"<p>Zure etorkizuna babesteko modurik onena. Zure langileei biharko egun hobe bat eraikitzen laguntzen diezunean, enpresarekiko gogobetetzea eta lotura sendotzen ari zara.<\/p>\n","protected":false},"author":1,"featured_media":247,"parent":1790,"menu_order":30,"comment_status":"closed","ping_status":"closed","template":"page-templates\/template-producto.php","meta":{"_acf_changed":false,"footnotes":""},"class_list":["post-1798","page","type-page","status-publish","has-post-thumbnail","hentry"],"acf":[],"yoast_head":"<!-- This site is optimized with the Yoast SEO plugin v22.5 - https:\/\/yoast.com\/wordpress\/plugins\/seo\/ -->\n<title>Goiena Seguros | PYMES- Empleados- previsi\u00f3n<\/title>\n<meta name=\"description\" content=\"Con el plan de previsi\u00f3n ayudar\u00e1 a construir un ma\u00f1ana mejor a sus empleados, aumentando la satisfacci\u00f3n y vinculaci\u00f3n con su empresa.\" \/>\n<meta name=\"robots\" content=\"index, follow, max-snippet:-1, max-image-preview:large, max-video-preview:-1\" \/>\n<link rel=\"canonical\" href=\"https:\/\/www.segurosgoiena.com\/eu\/enpresak\/goiena-aseguruak\/enpresa-txiki-eta-ertainak\/enplegatuak\/aurrezki-soluzioak\/aurreikuspen-bgae-eta-pentsio-aseguru-kolektiboak\/\" \/>\n<meta property=\"og:locale\" content=\"en_US\" \/>\n<meta property=\"og:type\" content=\"article\" \/>\n<meta property=\"og:title\" content=\"Goiena Seguros | PYMES- Empleados- previsi\u00f3n\" \/>\n<meta property=\"og:description\" content=\"Con el plan de previsi\u00f3n ayudar\u00e1 a construir un ma\u00f1ana mejor a sus empleados, aumentando la satisfacci\u00f3n y vinculaci\u00f3n con su empresa.\" \/>\n<meta property=\"og:url\" content=\"https:\/\/www.segurosgoiena.com\/eu\/enpresak\/goiena-aseguruak\/enpresa-txiki-eta-ertainak\/enplegatuak\/aurrezki-soluzioak\/aurreikuspen-bgae-eta-pentsio-aseguru-kolektiboak\/\" \/>\n<meta property=\"og:site_name\" content=\"Seguros Goiena\" \/>\n<meta property=\"article:modified_time\" content=\"2017-01-24T10:42:24+00:00\" \/>\n<meta property=\"og:image\" content=\"https:\/\/www.segurosgoiena.com\/wp-content\/uploads\/2016\/11\/prevision-epsv-y-pensiones-colectivos.jpg\" \/>\n\t<meta property=\"og:image:width\" content=\"523\" \/>\n\t<meta property=\"og:image:height\" content=\"425\" \/>\n\t<meta property=\"og:image:type\" content=\"image\/jpeg\" \/>\n<meta name=\"twitter:card\" content=\"summary_large_image\" \/>\n<script type=\"application\/ld+json\" class=\"yoast-schema-graph\">{\"@context\":\"https:\/\/schema.org\",\"@graph\":[{\"@type\":\"WebPage\",\"@id\":\"https:\/\/www.segurosgoiena.com\/eu\/enpresak\/goiena-aseguruak\/enpresa-txiki-eta-ertainak\/enplegatuak\/aurrezki-soluzioak\/aurreikuspen-bgae-eta-pentsio-aseguru-kolektiboak\/\",\"url\":\"https:\/\/www.segurosgoiena.com\/eu\/enpresak\/goiena-aseguruak\/enpresa-txiki-eta-ertainak\/enplegatuak\/aurrezki-soluzioak\/aurreikuspen-bgae-eta-pentsio-aseguru-kolektiboak\/\",\"name\":\"Goiena Seguros | PYMES- Empleados- previsi\u00f3n\",\"isPartOf\":{\"@id\":\"http:\/\/www.segurosgoiena.com\/es\/#website\"},\"primaryImageOfPage\":{\"@id\":\"https:\/\/www.segurosgoiena.com\/eu\/enpresak\/goiena-aseguruak\/enpresa-txiki-eta-ertainak\/enplegatuak\/aurrezki-soluzioak\/aurreikuspen-bgae-eta-pentsio-aseguru-kolektiboak\/#primaryimage\"},\"image\":{\"@id\":\"https:\/\/www.segurosgoiena.com\/eu\/enpresak\/goiena-aseguruak\/enpresa-txiki-eta-ertainak\/enplegatuak\/aurrezki-soluzioak\/aurreikuspen-bgae-eta-pentsio-aseguru-kolektiboak\/#primaryimage\"},\"thumbnailUrl\":\"http:\/\/www.segurosgoiena.com\/wp-content\/uploads\/2016\/11\/prevision-epsv-y-pensiones-colectivos.jpg\",\"datePublished\":\"2016-11-24T14:38:34+00:00\",\"dateModified\":\"2017-01-24T10:42:24+00:00\",\"description\":\"Con el plan de previsi\u00f3n ayudar\u00e1 a construir un ma\u00f1ana mejor a sus empleados, aumentando la satisfacci\u00f3n y vinculaci\u00f3n con su empresa.\",\"breadcrumb\":{\"@id\":\"https:\/\/www.segurosgoiena.com\/eu\/enpresak\/goiena-aseguruak\/enpresa-txiki-eta-ertainak\/enplegatuak\/aurrezki-soluzioak\/aurreikuspen-bgae-eta-pentsio-aseguru-kolektiboak\/#breadcrumb\"},\"inLanguage\":\"eu\",\"potentialAction\":[{\"@type\":\"ReadAction\",\"target\":[\"https:\/\/www.segurosgoiena.com\/eu\/enpresak\/goiena-aseguruak\/enpresa-txiki-eta-ertainak\/enplegatuak\/aurrezki-soluzioak\/aurreikuspen-bgae-eta-pentsio-aseguru-kolektiboak\/\"]}]},{\"@type\":\"ImageObject\",\"inLanguage\":\"eu\",\"@id\":\"https:\/\/www.segurosgoiena.com\/eu\/enpresak\/goiena-aseguruak\/enpresa-txiki-eta-ertainak\/enplegatuak\/aurrezki-soluzioak\/aurreikuspen-bgae-eta-pentsio-aseguru-kolektiboak\/#primaryimage\",\"url\":\"http:\/\/www.segurosgoiena.com\/wp-content\/uploads\/2016\/11\/prevision-epsv-y-pensiones-colectivos.jpg\",\"contentUrl\":\"http:\/\/www.segurosgoiena.com\/wp-content\/uploads\/2016\/11\/prevision-epsv-y-pensiones-colectivos.jpg\",\"width\":523,\"height\":425},{\"@type\":\"BreadcrumbList\",\"@id\":\"https:\/\/www.segurosgoiena.com\/eu\/enpresak\/goiena-aseguruak\/enpresa-txiki-eta-ertainak\/enplegatuak\/aurrezki-soluzioak\/aurreikuspen-bgae-eta-pentsio-aseguru-kolektiboak\/#breadcrumb\",\"itemListElement\":[{\"@type\":\"ListItem\",\"position\":1,\"name\":\"Portada\",\"item\":\"http:\/\/www.segurosgoiena.com\/es\/\"},{\"@type\":\"ListItem\",\"position\":2,\"name\":\"ENPRESAK\",\"item\":\"https:\/\/www.segurosgoiena.com\/eu\/enpresak\/\"},{\"@type\":\"ListItem\",\"position\":3,\"name\":\"GOIENA ASEGURUAK\",\"item\":\"https:\/\/www.segurosgoiena.com\/eu\/enpresak\/goiena-aseguruak\/\"},{\"@type\":\"ListItem\",\"position\":4,\"name\":\"ENPRESA TXIKI ETA ERTAINAK\",\"item\":\"https:\/\/www.segurosgoiena.com\/eu\/enpresak\/goiena-aseguruak\/enpresa-txiki-eta-ertainak\/\"},{\"@type\":\"ListItem\",\"position\":5,\"name\":\"ENPLEGATUAK\",\"item\":\"https:\/\/www.segurosgoiena.com\/eu\/enpresak\/goiena-aseguruak\/enpresa-txiki-eta-ertainak\/enplegatuak\/\"},{\"@type\":\"ListItem\",\"position\":6,\"name\":\"Aurrezki soluzioak\",\"item\":\"https:\/\/www.segurosgoiena.com\/eu\/enpresak\/goiena-aseguruak\/enpresa-txiki-eta-ertainak\/enplegatuak\/aurrezki-soluzioak\/\"},{\"@type\":\"ListItem\",\"position\":7,\"name\":\"Aurreikuspen (BGAE) eta pentsio aseguru kolektiboak\"}]},{\"@type\":\"WebSite\",\"@id\":\"http:\/\/www.segurosgoiena.com\/es\/#website\",\"url\":\"http:\/\/www.segurosgoiena.com\/es\/\",\"name\":\"Seguros Goiena\",\"description\":\"Otro sitio realizado con WordPress\",\"potentialAction\":[{\"@type\":\"SearchAction\",\"target\":{\"@type\":\"EntryPoint\",\"urlTemplate\":\"http:\/\/www.segurosgoiena.com\/es\/?s={search_term_string}\"},\"query-input\":\"required name=search_term_string\"}],\"inLanguage\":\"eu\"}]}<\/script>\n<!-- \/ Yoast SEO plugin. -->","yoast_head_json":{"title":"Goiena Seguros | PYMES- Empleados- previsi\u00f3n","description":"Con el plan de previsi\u00f3n ayudar\u00e1 a construir un ma\u00f1ana mejor a sus empleados, aumentando la satisfacci\u00f3n y vinculaci\u00f3n con su empresa.","robots":{"index":"index","follow":"follow","max-snippet":"max-snippet:-1","max-image-preview":"max-image-preview:large","max-video-preview":"max-video-preview:-1"},"canonical":"https:\/\/www.segurosgoiena.com\/eu\/enpresak\/goiena-aseguruak\/enpresa-txiki-eta-ertainak\/enplegatuak\/aurrezki-soluzioak\/aurreikuspen-bgae-eta-pentsio-aseguru-kolektiboak\/","og_locale":"en_US","og_type":"article","og_title":"Goiena Seguros | PYMES- Empleados- previsi\u00f3n","og_description":"Con el plan de previsi\u00f3n ayudar\u00e1 a construir un ma\u00f1ana mejor a sus empleados, aumentando la satisfacci\u00f3n y vinculaci\u00f3n con su empresa.","og_url":"https:\/\/www.segurosgoiena.com\/eu\/enpresak\/goiena-aseguruak\/enpresa-txiki-eta-ertainak\/enplegatuak\/aurrezki-soluzioak\/aurreikuspen-bgae-eta-pentsio-aseguru-kolektiboak\/","og_site_name":"Seguros Goiena","article_modified_time":"2017-01-24T10:42:24+00:00","og_image":[{"width":523,"height":425,"url":"https:\/\/www.segurosgoiena.com\/wp-content\/uploads\/2016\/11\/prevision-epsv-y-pensiones-colectivos.jpg","type":"image\/jpeg"}],"twitter_card":"summary_large_image","schema":{"@context":"https:\/\/schema.org","@graph":[{"@type":"WebPage","@id":"https:\/\/www.segurosgoiena.com\/eu\/enpresak\/goiena-aseguruak\/enpresa-txiki-eta-ertainak\/enplegatuak\/aurrezki-soluzioak\/aurreikuspen-bgae-eta-pentsio-aseguru-kolektiboak\/","url":"https:\/\/www.segurosgoiena.com\/eu\/enpresak\/goiena-aseguruak\/enpresa-txiki-eta-ertainak\/enplegatuak\/aurrezki-soluzioak\/aurreikuspen-bgae-eta-pentsio-aseguru-kolektiboak\/","name":"Goiena Seguros | PYMES- Empleados- previsi\u00f3n","isPartOf":{"@id":"http:\/\/www.segurosgoiena.com\/es\/#website"},"primaryImageOfPage":{"@id":"https:\/\/www.segurosgoiena.com\/eu\/enpresak\/goiena-aseguruak\/enpresa-txiki-eta-ertainak\/enplegatuak\/aurrezki-soluzioak\/aurreikuspen-bgae-eta-pentsio-aseguru-kolektiboak\/#primaryimage"},"image":{"@id":"https:\/\/www.segurosgoiena.com\/eu\/enpresak\/goiena-aseguruak\/enpresa-txiki-eta-ertainak\/enplegatuak\/aurrezki-soluzioak\/aurreikuspen-bgae-eta-pentsio-aseguru-kolektiboak\/#primaryimage"},"thumbnailUrl":"http:\/\/www.segurosgoiena.com\/wp-content\/uploads\/2016\/11\/prevision-epsv-y-pensiones-colectivos.jpg","datePublished":"2016-11-24T14:38:34+00:00","dateModified":"2017-01-24T10:42:24+00:00","description":"Con el plan de previsi\u00f3n ayudar\u00e1 a construir un ma\u00f1ana mejor a sus empleados, aumentando la satisfacci\u00f3n y vinculaci\u00f3n con su empresa.","breadcrumb":{"@id":"https:\/\/www.segurosgoiena.com\/eu\/enpresak\/goiena-aseguruak\/enpresa-txiki-eta-ertainak\/enplegatuak\/aurrezki-soluzioak\/aurreikuspen-bgae-eta-pentsio-aseguru-kolektiboak\/#breadcrumb"},"inLanguage":"eu","potentialAction":[{"@type":"ReadAction","target":["https:\/\/www.segurosgoiena.com\/eu\/enpresak\/goiena-aseguruak\/enpresa-txiki-eta-ertainak\/enplegatuak\/aurrezki-soluzioak\/aurreikuspen-bgae-eta-pentsio-aseguru-kolektiboak\/"]}]},{"@type":"ImageObject","inLanguage":"eu","@id":"https:\/\/www.segurosgoiena.com\/eu\/enpresak\/goiena-aseguruak\/enpresa-txiki-eta-ertainak\/enplegatuak\/aurrezki-soluzioak\/aurreikuspen-bgae-eta-pentsio-aseguru-kolektiboak\/#primaryimage","url":"http:\/\/www.segurosgoiena.com\/wp-content\/uploads\/2016\/11\/prevision-epsv-y-pensiones-colectivos.jpg","contentUrl":"http:\/\/www.segurosgoiena.com\/wp-content\/uploads\/2016\/11\/prevision-epsv-y-pensiones-colectivos.jpg","width":523,"height":425},{"@type":"BreadcrumbList","@id":"https:\/\/www.segurosgoiena.com\/eu\/enpresak\/goiena-aseguruak\/enpresa-txiki-eta-ertainak\/enplegatuak\/aurrezki-soluzioak\/aurreikuspen-bgae-eta-pentsio-aseguru-kolektiboak\/#breadcrumb","itemListElement":[{"@type":"ListItem","position":1,"name":"Portada","item":"http:\/\/www.segurosgoiena.com\/es\/"},{"@type":"ListItem","position":2,"name":"ENPRESAK","item":"https:\/\/www.segurosgoiena.com\/eu\/enpresak\/"},{"@type":"ListItem","position":3,"name":"GOIENA ASEGURUAK","item":"https:\/\/www.segurosgoiena.com\/eu\/enpresak\/goiena-aseguruak\/"},{"@type":"ListItem","position":4,"name":"ENPRESA TXIKI ETA ERTAINAK","item":"https:\/\/www.segurosgoiena.com\/eu\/enpresak\/goiena-aseguruak\/enpresa-txiki-eta-ertainak\/"},{"@type":"ListItem","position":5,"name":"ENPLEGATUAK","item":"https:\/\/www.segurosgoiena.com\/eu\/enpresak\/goiena-aseguruak\/enpresa-txiki-eta-ertainak\/enplegatuak\/"},{"@type":"ListItem","position":6,"name":"Aurrezki soluzioak","item":"https:\/\/www.segurosgoiena.com\/eu\/enpresak\/goiena-aseguruak\/enpresa-txiki-eta-ertainak\/enplegatuak\/aurrezki-soluzioak\/"},{"@type":"ListItem","position":7,"name":"Aurreikuspen (BGAE) eta pentsio aseguru kolektiboak"}]},{"@type":"WebSite","@id":"http:\/\/www.segurosgoiena.com\/es\/#website","url":"http:\/\/www.segurosgoiena.com\/es\/","name":"Seguros Goiena","description":"Otro sitio realizado con WordPress","potentialAction":[{"@type":"SearchAction","target":{"@type":"EntryPoint","urlTemplate":"http:\/\/www.segurosgoiena.com\/es\/?s={search_term_string}"},"query-input":"required name=search_term_string"}],"inLanguage":"eu"}]}},"_links":{"self":[{"href":"http:\/\/www.segurosgoiena.com\/eu\/wp-json\/wp\/v2\/pages\/1798","targetHints":{"allow":["GET"]}}],"collection":[{"href":"http:\/\/www.segurosgoiena.com\/eu\/wp-json\/wp\/v2\/pages"}],"about":[{"href":"http:\/\/www.segurosgoiena.com\/eu\/wp-json\/wp\/v2\/types\/page"}],"author":[{"embeddable":true,"href":"http:\/\/www.segurosgoiena.com\/eu\/wp-json\/wp\/v2\/users\/1"}],"replies":[{"embeddable":true,"href":"http:\/\/www.segurosgoiena.com\/eu\/wp-json\/wp\/v2\/comments?post=1798"}],"version-history":[{"count":9,"href":"http:\/\/www.segurosgoiena.com\/eu\/wp-json\/wp\/v2\/pages\/1798\/revisions"}],"predecessor-version":[{"id":1867,"href":"http:\/\/www.segurosgoiena.com\/eu\/wp-json\/wp\/v2\/pages\/1798\/revisions\/1867"}],"up":[{"embeddable":true,"href":"http:\/\/www.segurosgoiena.com\/eu\/wp-json\/wp\/v2\/pages\/1790"}],"wp:featuredmedia":[{"embeddable":true,"href":"http:\/\/www.segurosgoiena.com\/eu\/wp-json\/wp\/v2\/media\/247"}],"wp:attachment":[{"href":"http:\/\/www.segurosgoiena.com\/eu\/wp-json\/wp\/v2\/media?parent=1798"}],"curies":[{"name":"wp","href":"https:\/\/api.w.org\/{rel}","templated":true}]}}