{"id":1737,"date":"2016-11-24T11:09:40","date_gmt":"2016-11-24T11:09:40","guid":{"rendered":"http:\/\/www.segurosgoiena.com\/seguro-multirriesgo-comercios-y-negocios\/"},"modified":"2017-02-13T13:58:18","modified_gmt":"2017-02-13T13:58:18","slug":"saltoki-eta-negozioetarako-arrisku-anitzeko-asegurua","status":"publish","type":"page","link":"http:\/\/www.segurosgoiena.com\/eu\/enpresak\/goiena-aseguruak\/autonomoak\/saltoki-eta-negozioetarako-arrisku-anitzeko-asegurua\/","title":{"rendered":"SALTOKI ETA NEGOZIOETARAKO ARRISKU ANITZEKO ASEGURUA"},"content":{"rendered":"<p>Establezimendu publiko bateko bezeroarentzako arreta arrisku askoren eraginpean egon daiteke, eta horrek arriskuan jar dezake lokalean dauden pertsonen integritatea, negozioaren etorkizuna eta emaitzen kontua.<\/p>\n<h4>Autonomoentzako Arrisku Anitzeko Asegurua aukera ona da zure jarduera komertziala aseguratu eta seguruago senti zaitezen.<\/h4>\n","protected":false},"excerpt":{"rendered":"<p>Establezimendu publiko bateko bezeroarentzako arreta arrisku askoren eraginpean egon daiteke, eta horrek arriskuan jar dezake lokalean dauden pertsonen integritatea, negozioaren etorkizuna eta emaitzen kontua. Autonomoentzako Arrisku Anitzeko Asegurua aukera ona da zure jarduera komertziala aseguratu eta seguruago senti zaitezen.<\/p>\n","protected":false},"author":1,"featured_media":208,"parent":2227,"menu_order":60,"comment_status":"closed","ping_status":"closed","template":"page-templates\/template-producto.php","meta":{"_acf_changed":false,"footnotes":""},"class_list":["post-1737","page","type-page","status-publish","has-post-thumbnail","hentry"],"acf":[],"yoast_head":"<!-- This site is optimized with the Yoast SEO plugin v22.5 - https:\/\/yoast.com\/wordpress\/plugins\/seo\/ -->\n<title>Goiena Seguros | Aut\u00f3nomos- Multirriesgo<\/title>\n<meta name=\"description\" content=\"El Seguro Multirriesgo para Aut\u00f3nomos es una buena decisi\u00f3n para asegurar su actividad comercial y sentirse m\u00e1s seguro.\" \/>\n<meta name=\"robots\" content=\"index, follow, max-snippet:-1, max-image-preview:large, max-video-preview:-1\" \/>\n<link rel=\"canonical\" href=\"http:\/\/www.segurosgoiena.com\/eu\/enpresak\/goiena-aseguruak\/autonomoak\/saltoki-eta-negozioetarako-arrisku-anitzeko-asegurua\/\" \/>\n<meta property=\"og:locale\" content=\"en_US\" \/>\n<meta property=\"og:type\" content=\"article\" \/>\n<meta property=\"og:title\" content=\"Goiena Seguros | Aut\u00f3nomos- Multirriesgo\" \/>\n<meta property=\"og:description\" content=\"El Seguro Multirriesgo para Aut\u00f3nomos es una buena decisi\u00f3n para asegurar su actividad comercial y sentirse m\u00e1s seguro.\" \/>\n<meta property=\"og:url\" content=\"http:\/\/www.segurosgoiena.com\/eu\/enpresak\/goiena-aseguruak\/autonomoak\/saltoki-eta-negozioetarako-arrisku-anitzeko-asegurua\/\" \/>\n<meta property=\"og:site_name\" content=\"Seguros Goiena\" \/>\n<meta property=\"article:modified_time\" content=\"2017-02-13T13:58:18+00:00\" \/>\n<meta property=\"og:image\" content=\"http:\/\/www.segurosgoiena.com\/wp-content\/uploads\/2016\/11\/seguro-multirriesgo-comercios-y-negocios.jpg\" \/>\n\t<meta property=\"og:image:width\" content=\"523\" \/>\n\t<meta property=\"og:image:height\" content=\"425\" \/>\n\t<meta property=\"og:image:type\" content=\"image\/jpeg\" \/>\n<meta name=\"twitter:card\" content=\"summary_large_image\" \/>\n<script type=\"application\/ld+json\" class=\"yoast-schema-graph\">{\"@context\":\"https:\/\/schema.org\",\"@graph\":[{\"@type\":\"WebPage\",\"@id\":\"http:\/\/www.segurosgoiena.com\/eu\/enpresak\/goiena-aseguruak\/autonomoak\/saltoki-eta-negozioetarako-arrisku-anitzeko-asegurua\/\",\"url\":\"http:\/\/www.segurosgoiena.com\/eu\/enpresak\/goiena-aseguruak\/autonomoak\/saltoki-eta-negozioetarako-arrisku-anitzeko-asegurua\/\",\"name\":\"Goiena Seguros | Aut\u00f3nomos- Multirriesgo\",\"isPartOf\":{\"@id\":\"http:\/\/www.segurosgoiena.com\/es\/#website\"},\"primaryImageOfPage\":{\"@id\":\"http:\/\/www.segurosgoiena.com\/eu\/enpresak\/goiena-aseguruak\/autonomoak\/saltoki-eta-negozioetarako-arrisku-anitzeko-asegurua\/#primaryimage\"},\"image\":{\"@id\":\"http:\/\/www.segurosgoiena.com\/eu\/enpresak\/goiena-aseguruak\/autonomoak\/saltoki-eta-negozioetarako-arrisku-anitzeko-asegurua\/#primaryimage\"},\"thumbnailUrl\":\"http:\/\/www.segurosgoiena.com\/wp-content\/uploads\/2016\/11\/seguro-multirriesgo-comercios-y-negocios.jpg\",\"datePublished\":\"2016-11-24T11:09:40+00:00\",\"dateModified\":\"2017-02-13T13:58:18+00:00\",\"description\":\"El Seguro Multirriesgo para Aut\u00f3nomos es una buena decisi\u00f3n para asegurar su actividad comercial y sentirse m\u00e1s seguro.\",\"breadcrumb\":{\"@id\":\"http:\/\/www.segurosgoiena.com\/eu\/enpresak\/goiena-aseguruak\/autonomoak\/saltoki-eta-negozioetarako-arrisku-anitzeko-asegurua\/#breadcrumb\"},\"inLanguage\":\"eu\",\"potentialAction\":[{\"@type\":\"ReadAction\",\"target\":[\"http:\/\/www.segurosgoiena.com\/eu\/enpresak\/goiena-aseguruak\/autonomoak\/saltoki-eta-negozioetarako-arrisku-anitzeko-asegurua\/\"]}]},{\"@type\":\"ImageObject\",\"inLanguage\":\"eu\",\"@id\":\"http:\/\/www.segurosgoiena.com\/eu\/enpresak\/goiena-aseguruak\/autonomoak\/saltoki-eta-negozioetarako-arrisku-anitzeko-asegurua\/#primaryimage\",\"url\":\"http:\/\/www.segurosgoiena.com\/wp-content\/uploads\/2016\/11\/seguro-multirriesgo-comercios-y-negocios.jpg\",\"contentUrl\":\"http:\/\/www.segurosgoiena.com\/wp-content\/uploads\/2016\/11\/seguro-multirriesgo-comercios-y-negocios.jpg\",\"width\":523,\"height\":425},{\"@type\":\"BreadcrumbList\",\"@id\":\"http:\/\/www.segurosgoiena.com\/eu\/enpresak\/goiena-aseguruak\/autonomoak\/saltoki-eta-negozioetarako-arrisku-anitzeko-asegurua\/#breadcrumb\",\"itemListElement\":[{\"@type\":\"ListItem\",\"position\":1,\"name\":\"Portada\",\"item\":\"http:\/\/www.segurosgoiena.com\/es\/\"},{\"@type\":\"ListItem\",\"position\":2,\"name\":\"ENPRESAK\",\"item\":\"https:\/\/www.segurosgoiena.com\/eu\/enpresak\/\"},{\"@type\":\"ListItem\",\"position\":3,\"name\":\"GOIENA ASEGURUAK\",\"item\":\"https:\/\/www.segurosgoiena.com\/eu\/enpresak\/goiena-aseguruak\/\"},{\"@type\":\"ListItem\",\"position\":4,\"name\":\"AUTONOMOAK\",\"item\":\"https:\/\/www.segurosgoiena.com\/eu\/enpresak\/goiena-aseguruak\/autonomoak\/\"},{\"@type\":\"ListItem\",\"position\":5,\"name\":\"SALTOKI ETA NEGOZIOETARAKO ARRISKU ANITZEKO ASEGURUA\"}]},{\"@type\":\"WebSite\",\"@id\":\"http:\/\/www.segurosgoiena.com\/es\/#website\",\"url\":\"http:\/\/www.segurosgoiena.com\/es\/\",\"name\":\"Seguros Goiena\",\"description\":\"Otro sitio realizado con WordPress\",\"potentialAction\":[{\"@type\":\"SearchAction\",\"target\":{\"@type\":\"EntryPoint\",\"urlTemplate\":\"http:\/\/www.segurosgoiena.com\/es\/?s={search_term_string}\"},\"query-input\":\"required name=search_term_string\"}],\"inLanguage\":\"eu\"}]}<\/script>\n<!-- \/ Yoast SEO plugin. -->","yoast_head_json":{"title":"Goiena Seguros | Aut\u00f3nomos- Multirriesgo","description":"El Seguro Multirriesgo para Aut\u00f3nomos es una buena decisi\u00f3n para asegurar su actividad comercial y sentirse m\u00e1s seguro.","robots":{"index":"index","follow":"follow","max-snippet":"max-snippet:-1","max-image-preview":"max-image-preview:large","max-video-preview":"max-video-preview:-1"},"canonical":"http:\/\/www.segurosgoiena.com\/eu\/enpresak\/goiena-aseguruak\/autonomoak\/saltoki-eta-negozioetarako-arrisku-anitzeko-asegurua\/","og_locale":"en_US","og_type":"article","og_title":"Goiena Seguros | Aut\u00f3nomos- Multirriesgo","og_description":"El Seguro Multirriesgo para Aut\u00f3nomos es una buena decisi\u00f3n para asegurar su actividad comercial y sentirse m\u00e1s seguro.","og_url":"http:\/\/www.segurosgoiena.com\/eu\/enpresak\/goiena-aseguruak\/autonomoak\/saltoki-eta-negozioetarako-arrisku-anitzeko-asegurua\/","og_site_name":"Seguros Goiena","article_modified_time":"2017-02-13T13:58:18+00:00","og_image":[{"width":523,"height":425,"url":"http:\/\/www.segurosgoiena.com\/wp-content\/uploads\/2016\/11\/seguro-multirriesgo-comercios-y-negocios.jpg","type":"image\/jpeg"}],"twitter_card":"summary_large_image","schema":{"@context":"https:\/\/schema.org","@graph":[{"@type":"WebPage","@id":"http:\/\/www.segurosgoiena.com\/eu\/enpresak\/goiena-aseguruak\/autonomoak\/saltoki-eta-negozioetarako-arrisku-anitzeko-asegurua\/","url":"http:\/\/www.segurosgoiena.com\/eu\/enpresak\/goiena-aseguruak\/autonomoak\/saltoki-eta-negozioetarako-arrisku-anitzeko-asegurua\/","name":"Goiena Seguros | Aut\u00f3nomos- Multirriesgo","isPartOf":{"@id":"http:\/\/www.segurosgoiena.com\/es\/#website"},"primaryImageOfPage":{"@id":"http:\/\/www.segurosgoiena.com\/eu\/enpresak\/goiena-aseguruak\/autonomoak\/saltoki-eta-negozioetarako-arrisku-anitzeko-asegurua\/#primaryimage"},"image":{"@id":"http:\/\/www.segurosgoiena.com\/eu\/enpresak\/goiena-aseguruak\/autonomoak\/saltoki-eta-negozioetarako-arrisku-anitzeko-asegurua\/#primaryimage"},"thumbnailUrl":"http:\/\/www.segurosgoiena.com\/wp-content\/uploads\/2016\/11\/seguro-multirriesgo-comercios-y-negocios.jpg","datePublished":"2016-11-24T11:09:40+00:00","dateModified":"2017-02-13T13:58:18+00:00","description":"El Seguro Multirriesgo para Aut\u00f3nomos es una buena decisi\u00f3n para asegurar su actividad comercial y sentirse m\u00e1s seguro.","breadcrumb":{"@id":"http:\/\/www.segurosgoiena.com\/eu\/enpresak\/goiena-aseguruak\/autonomoak\/saltoki-eta-negozioetarako-arrisku-anitzeko-asegurua\/#breadcrumb"},"inLanguage":"eu","potentialAction":[{"@type":"ReadAction","target":["http:\/\/www.segurosgoiena.com\/eu\/enpresak\/goiena-aseguruak\/autonomoak\/saltoki-eta-negozioetarako-arrisku-anitzeko-asegurua\/"]}]},{"@type":"ImageObject","inLanguage":"eu","@id":"http:\/\/www.segurosgoiena.com\/eu\/enpresak\/goiena-aseguruak\/autonomoak\/saltoki-eta-negozioetarako-arrisku-anitzeko-asegurua\/#primaryimage","url":"http:\/\/www.segurosgoiena.com\/wp-content\/uploads\/2016\/11\/seguro-multirriesgo-comercios-y-negocios.jpg","contentUrl":"http:\/\/www.segurosgoiena.com\/wp-content\/uploads\/2016\/11\/seguro-multirriesgo-comercios-y-negocios.jpg","width":523,"height":425},{"@type":"BreadcrumbList","@id":"http:\/\/www.segurosgoiena.com\/eu\/enpresak\/goiena-aseguruak\/autonomoak\/saltoki-eta-negozioetarako-arrisku-anitzeko-asegurua\/#breadcrumb","itemListElement":[{"@type":"ListItem","position":1,"name":"Portada","item":"http:\/\/www.segurosgoiena.com\/es\/"},{"@type":"ListItem","position":2,"name":"ENPRESAK","item":"https:\/\/www.segurosgoiena.com\/eu\/enpresak\/"},{"@type":"ListItem","position":3,"name":"GOIENA ASEGURUAK","item":"https:\/\/www.segurosgoiena.com\/eu\/enpresak\/goiena-aseguruak\/"},{"@type":"ListItem","position":4,"name":"AUTONOMOAK","item":"https:\/\/www.segurosgoiena.com\/eu\/enpresak\/goiena-aseguruak\/autonomoak\/"},{"@type":"ListItem","position":5,"name":"SALTOKI ETA NEGOZIOETARAKO ARRISKU ANITZEKO ASEGURUA"}]},{"@type":"WebSite","@id":"http:\/\/www.segurosgoiena.com\/es\/#website","url":"http:\/\/www.segurosgoiena.com\/es\/","name":"Seguros Goiena","description":"Otro sitio realizado con WordPress","potentialAction":[{"@type":"SearchAction","target":{"@type":"EntryPoint","urlTemplate":"http:\/\/www.segurosgoiena.com\/es\/?s={search_term_string}"},"query-input":"required name=search_term_string"}],"inLanguage":"eu"}]}},"_links":{"self":[{"href":"http:\/\/www.segurosgoiena.com\/eu\/wp-json\/wp\/v2\/pages\/1737","targetHints":{"allow":["GET"]}}],"collection":[{"href":"http:\/\/www.segurosgoiena.com\/eu\/wp-json\/wp\/v2\/pages"}],"about":[{"href":"http:\/\/www.segurosgoiena.com\/eu\/wp-json\/wp\/v2\/types\/page"}],"author":[{"embeddable":true,"href":"http:\/\/www.segurosgoiena.com\/eu\/wp-json\/wp\/v2\/users\/1"}],"replies":[{"embeddable":true,"href":"http:\/\/www.segurosgoiena.com\/eu\/wp-json\/wp\/v2\/comments?post=1737"}],"version-history":[{"count":15,"href":"http:\/\/www.segurosgoiena.com\/eu\/wp-json\/wp\/v2\/pages\/1737\/revisions"}],"predecessor-version":[{"id":2129,"href":"http:\/\/www.segurosgoiena.com\/eu\/wp-json\/wp\/v2\/pages\/1737\/revisions\/2129"}],"up":[{"embeddable":true,"href":"http:\/\/www.segurosgoiena.com\/eu\/wp-json\/wp\/v2\/pages\/2227"}],"wp:featuredmedia":[{"embeddable":true,"href":"http:\/\/www.segurosgoiena.com\/eu\/wp-json\/wp\/v2\/media\/208"}],"wp:attachment":[{"href":"http:\/\/www.segurosgoiena.com\/eu\/wp-json\/wp\/v2\/media?parent=1737"}],"curies":[{"name":"wp","href":"https:\/\/api.w.org\/{rel}","templated":true}]}}