{"id":487,"date":"2016-12-01T10:09:57","date_gmt":"2016-12-01T10:09:57","guid":{"rendered":"http:\/\/www.segurosgoiena.com\/?page_id=487\/"},"modified":"2017-01-05T16:11:18","modified_gmt":"2017-01-05T16:11:18","slug":"seguro-de-retirada-de-carnet","status":"publish","type":"page","link":"http:\/\/www.segurosgoiena.com\/es\/particulares\/seguros-goiena\/otros-seguros\/seguro-de-retirada-de-carnet\/","title":{"rendered":"SEGURO DE RETIRADA DE CARNET"},"content":{"rendered":"<p>Hoy en d\u00eda poder disponer en todo momento del carnet de conducir es necesario en la vida cotidiana: para ir trabajar, para los momentos de ocio o para cualquier imprevisto. El seguro de retirada de carnet est\u00e1 pensado para evitar el perjuicio econ\u00f3mico ocasionado por la privaci\u00f3n del permiso de conducci\u00f3n de veh\u00edculos, autom\u00f3viles, o por la p\u00e9rdida de puntos.<\/p>\n<h4>Nunca sin mi carnet.<\/h4>\n","protected":false},"excerpt":{"rendered":"<p>Hoy en d\u00eda poder disponer en todo momento del carnet de conducir es necesario en la vida cotidiana: para ir trabajar, para los momentos de ocio o para cualquier imprevisto. El seguro de retirada de carnet est\u00e1 pensado para evitar el perjuicio econ\u00f3mico ocasionado por la privaci\u00f3n del permiso de conducci\u00f3n de veh\u00edculos, autom\u00f3viles, o [&hellip;]<\/p>\n","protected":false},"author":1,"featured_media":532,"parent":402,"menu_order":30,"comment_status":"closed","ping_status":"closed","template":"page-templates\/template-producto.php","meta":{"_acf_changed":false,"footnotes":""},"class_list":["post-487","page","type-page","status-publish","has-post-thumbnail","hentry"],"acf":[],"yoast_head":"<!-- This site is optimized with the Yoast SEO plugin v22.5 - https:\/\/yoast.com\/wordpress\/plugins\/seo\/ -->\n<title>Goiena Seguros | Seguro de retirada de carnet<\/title>\n<meta name=\"description\" content=\"El seguro de retirada de carnet est\u00e1 pensado para evitar el perjuicio econ\u00f3mico ocasionado por la privaci\u00f3n del permiso de conducci\u00f3n de veh\u00edculos\" \/>\n<meta name=\"robots\" content=\"index, follow, max-snippet:-1, max-image-preview:large, max-video-preview:-1\" \/>\n<link rel=\"canonical\" href=\"https:\/\/www.segurosgoiena.com\/es\/particulares\/seguros-goiena\/otros-seguros\/seguro-de-retirada-de-carnet\/\" \/>\n<meta property=\"og:locale\" content=\"es_ES\" \/>\n<meta property=\"og:type\" content=\"article\" \/>\n<meta property=\"og:title\" content=\"Goiena Seguros | Seguro de retirada de carnet\" \/>\n<meta property=\"og:description\" content=\"El seguro de retirada de carnet est\u00e1 pensado para evitar el perjuicio econ\u00f3mico ocasionado por la privaci\u00f3n del permiso de conducci\u00f3n de veh\u00edculos\" \/>\n<meta property=\"og:url\" content=\"https:\/\/www.segurosgoiena.com\/es\/particulares\/seguros-goiena\/otros-seguros\/seguro-de-retirada-de-carnet\/\" \/>\n<meta property=\"og:site_name\" content=\"Seguros Goiena\" \/>\n<meta property=\"article:modified_time\" content=\"2017-01-05T16:11:18+00:00\" \/>\n<meta property=\"og:image\" content=\"https:\/\/www.segurosgoiena.com\/wp-content\/uploads\/2016\/12\/seguro-de-retirada-carnet.jpg\" \/>\n\t<meta property=\"og:image:width\" content=\"523\" \/>\n\t<meta property=\"og:image:height\" content=\"425\" \/>\n\t<meta property=\"og:image:type\" content=\"image\/jpeg\" \/>\n<meta name=\"twitter:card\" content=\"summary_large_image\" \/>\n<script type=\"application\/ld+json\" class=\"yoast-schema-graph\">{\"@context\":\"https:\/\/schema.org\",\"@graph\":[{\"@type\":\"WebPage\",\"@id\":\"https:\/\/www.segurosgoiena.com\/es\/particulares\/seguros-goiena\/otros-seguros\/seguro-de-retirada-de-carnet\/\",\"url\":\"https:\/\/www.segurosgoiena.com\/es\/particulares\/seguros-goiena\/otros-seguros\/seguro-de-retirada-de-carnet\/\",\"name\":\"Goiena Seguros | Seguro de retirada de carnet\",\"isPartOf\":{\"@id\":\"https:\/\/www.segurosgoiena.com\/es\/#website\"},\"primaryImageOfPage\":{\"@id\":\"https:\/\/www.segurosgoiena.com\/es\/particulares\/seguros-goiena\/otros-seguros\/seguro-de-retirada-de-carnet\/#primaryimage\"},\"image\":{\"@id\":\"https:\/\/www.segurosgoiena.com\/es\/particulares\/seguros-goiena\/otros-seguros\/seguro-de-retirada-de-carnet\/#primaryimage\"},\"thumbnailUrl\":\"http:\/\/www.segurosgoiena.com\/wp-content\/uploads\/2016\/12\/seguro-de-retirada-carnet.jpg\",\"datePublished\":\"2016-12-01T10:09:57+00:00\",\"dateModified\":\"2017-01-05T16:11:18+00:00\",\"description\":\"El seguro de retirada de carnet est\u00e1 pensado para evitar el perjuicio econ\u00f3mico ocasionado por la privaci\u00f3n del permiso de conducci\u00f3n de veh\u00edculos\",\"breadcrumb\":{\"@id\":\"https:\/\/www.segurosgoiena.com\/es\/particulares\/seguros-goiena\/otros-seguros\/seguro-de-retirada-de-carnet\/#breadcrumb\"},\"inLanguage\":\"es\",\"potentialAction\":[{\"@type\":\"ReadAction\",\"target\":[\"https:\/\/www.segurosgoiena.com\/es\/particulares\/seguros-goiena\/otros-seguros\/seguro-de-retirada-de-carnet\/\"]}]},{\"@type\":\"ImageObject\",\"inLanguage\":\"es\",\"@id\":\"https:\/\/www.segurosgoiena.com\/es\/particulares\/seguros-goiena\/otros-seguros\/seguro-de-retirada-de-carnet\/#primaryimage\",\"url\":\"http:\/\/www.segurosgoiena.com\/wp-content\/uploads\/2016\/12\/seguro-de-retirada-carnet.jpg\",\"contentUrl\":\"http:\/\/www.segurosgoiena.com\/wp-content\/uploads\/2016\/12\/seguro-de-retirada-carnet.jpg\",\"width\":523,\"height\":425,\"caption\":\"seguro-de-retirada-carnet\"},{\"@type\":\"BreadcrumbList\",\"@id\":\"https:\/\/www.segurosgoiena.com\/es\/particulares\/seguros-goiena\/otros-seguros\/seguro-de-retirada-de-carnet\/#breadcrumb\",\"itemListElement\":[{\"@type\":\"ListItem\",\"position\":1,\"name\":\"Portada\",\"item\":\"https:\/\/www.segurosgoiena.com\/es\/\"},{\"@type\":\"ListItem\",\"position\":2,\"name\":\"PARTICULARES\",\"item\":\"http:\/\/www.segurosgoiena.com\/es\/particulares\/\"},{\"@type\":\"ListItem\",\"position\":3,\"name\":\"SEGUROS GOIENA\",\"item\":\"http:\/\/www.segurosgoiena.com\/es\/particulares\/seguros-goiena\/\"},{\"@type\":\"ListItem\",\"position\":4,\"name\":\"OTROS SEGUROS\",\"item\":\"http:\/\/www.segurosgoiena.com\/es\/particulares\/seguros-goiena\/otros-seguros\/\"},{\"@type\":\"ListItem\",\"position\":5,\"name\":\"SEGURO DE RETIRADA DE CARNET\"}]},{\"@type\":\"WebSite\",\"@id\":\"https:\/\/www.segurosgoiena.com\/es\/#website\",\"url\":\"https:\/\/www.segurosgoiena.com\/es\/\",\"name\":\"Seguros Goiena\",\"description\":\"Seguros para empresas y particulares\",\"potentialAction\":[{\"@type\":\"SearchAction\",\"target\":{\"@type\":\"EntryPoint\",\"urlTemplate\":\"https:\/\/www.segurosgoiena.com\/es\/?s={search_term_string}\"},\"query-input\":\"required name=search_term_string\"}],\"inLanguage\":\"es\"}]}<\/script>\n<!-- \/ Yoast SEO plugin. -->","yoast_head_json":{"title":"Goiena Seguros | Seguro de retirada de carnet","description":"El seguro de retirada de carnet est\u00e1 pensado para evitar el perjuicio econ\u00f3mico ocasionado por la privaci\u00f3n del permiso de conducci\u00f3n de veh\u00edculos","robots":{"index":"index","follow":"follow","max-snippet":"max-snippet:-1","max-image-preview":"max-image-preview:large","max-video-preview":"max-video-preview:-1"},"canonical":"https:\/\/www.segurosgoiena.com\/es\/particulares\/seguros-goiena\/otros-seguros\/seguro-de-retirada-de-carnet\/","og_locale":"es_ES","og_type":"article","og_title":"Goiena Seguros | Seguro de retirada de carnet","og_description":"El seguro de retirada de carnet est\u00e1 pensado para evitar el perjuicio econ\u00f3mico ocasionado por la privaci\u00f3n del permiso de conducci\u00f3n de veh\u00edculos","og_url":"https:\/\/www.segurosgoiena.com\/es\/particulares\/seguros-goiena\/otros-seguros\/seguro-de-retirada-de-carnet\/","og_site_name":"Seguros Goiena","article_modified_time":"2017-01-05T16:11:18+00:00","og_image":[{"width":523,"height":425,"url":"https:\/\/www.segurosgoiena.com\/wp-content\/uploads\/2016\/12\/seguro-de-retirada-carnet.jpg","type":"image\/jpeg"}],"twitter_card":"summary_large_image","schema":{"@context":"https:\/\/schema.org","@graph":[{"@type":"WebPage","@id":"https:\/\/www.segurosgoiena.com\/es\/particulares\/seguros-goiena\/otros-seguros\/seguro-de-retirada-de-carnet\/","url":"https:\/\/www.segurosgoiena.com\/es\/particulares\/seguros-goiena\/otros-seguros\/seguro-de-retirada-de-carnet\/","name":"Goiena Seguros | Seguro de retirada de carnet","isPartOf":{"@id":"https:\/\/www.segurosgoiena.com\/es\/#website"},"primaryImageOfPage":{"@id":"https:\/\/www.segurosgoiena.com\/es\/particulares\/seguros-goiena\/otros-seguros\/seguro-de-retirada-de-carnet\/#primaryimage"},"image":{"@id":"https:\/\/www.segurosgoiena.com\/es\/particulares\/seguros-goiena\/otros-seguros\/seguro-de-retirada-de-carnet\/#primaryimage"},"thumbnailUrl":"http:\/\/www.segurosgoiena.com\/wp-content\/uploads\/2016\/12\/seguro-de-retirada-carnet.jpg","datePublished":"2016-12-01T10:09:57+00:00","dateModified":"2017-01-05T16:11:18+00:00","description":"El seguro de retirada de carnet est\u00e1 pensado para evitar el perjuicio econ\u00f3mico ocasionado por la privaci\u00f3n del permiso de conducci\u00f3n de veh\u00edculos","breadcrumb":{"@id":"https:\/\/www.segurosgoiena.com\/es\/particulares\/seguros-goiena\/otros-seguros\/seguro-de-retirada-de-carnet\/#breadcrumb"},"inLanguage":"es","potentialAction":[{"@type":"ReadAction","target":["https:\/\/www.segurosgoiena.com\/es\/particulares\/seguros-goiena\/otros-seguros\/seguro-de-retirada-de-carnet\/"]}]},{"@type":"ImageObject","inLanguage":"es","@id":"https:\/\/www.segurosgoiena.com\/es\/particulares\/seguros-goiena\/otros-seguros\/seguro-de-retirada-de-carnet\/#primaryimage","url":"http:\/\/www.segurosgoiena.com\/wp-content\/uploads\/2016\/12\/seguro-de-retirada-carnet.jpg","contentUrl":"http:\/\/www.segurosgoiena.com\/wp-content\/uploads\/2016\/12\/seguro-de-retirada-carnet.jpg","width":523,"height":425,"caption":"seguro-de-retirada-carnet"},{"@type":"BreadcrumbList","@id":"https:\/\/www.segurosgoiena.com\/es\/particulares\/seguros-goiena\/otros-seguros\/seguro-de-retirada-de-carnet\/#breadcrumb","itemListElement":[{"@type":"ListItem","position":1,"name":"Portada","item":"https:\/\/www.segurosgoiena.com\/es\/"},{"@type":"ListItem","position":2,"name":"PARTICULARES","item":"http:\/\/www.segurosgoiena.com\/es\/particulares\/"},{"@type":"ListItem","position":3,"name":"SEGUROS GOIENA","item":"http:\/\/www.segurosgoiena.com\/es\/particulares\/seguros-goiena\/"},{"@type":"ListItem","position":4,"name":"OTROS SEGUROS","item":"http:\/\/www.segurosgoiena.com\/es\/particulares\/seguros-goiena\/otros-seguros\/"},{"@type":"ListItem","position":5,"name":"SEGURO DE RETIRADA DE CARNET"}]},{"@type":"WebSite","@id":"https:\/\/www.segurosgoiena.com\/es\/#website","url":"https:\/\/www.segurosgoiena.com\/es\/","name":"Seguros Goiena","description":"Seguros para empresas y particulares","potentialAction":[{"@type":"SearchAction","target":{"@type":"EntryPoint","urlTemplate":"https:\/\/www.segurosgoiena.com\/es\/?s={search_term_string}"},"query-input":"required name=search_term_string"}],"inLanguage":"es"}]}},"_links":{"self":[{"href":"http:\/\/www.segurosgoiena.com\/es\/wp-json\/wp\/v2\/pages\/487","targetHints":{"allow":["GET"]}}],"collection":[{"href":"http:\/\/www.segurosgoiena.com\/es\/wp-json\/wp\/v2\/pages"}],"about":[{"href":"http:\/\/www.segurosgoiena.com\/es\/wp-json\/wp\/v2\/types\/page"}],"author":[{"embeddable":true,"href":"http:\/\/www.segurosgoiena.com\/es\/wp-json\/wp\/v2\/users\/1"}],"replies":[{"embeddable":true,"href":"http:\/\/www.segurosgoiena.com\/es\/wp-json\/wp\/v2\/comments?post=487"}],"version-history":[{"count":14,"href":"http:\/\/www.segurosgoiena.com\/es\/wp-json\/wp\/v2\/pages\/487\/revisions"}],"predecessor-version":[{"id":1713,"href":"http:\/\/www.segurosgoiena.com\/es\/wp-json\/wp\/v2\/pages\/487\/revisions\/1713"}],"up":[{"embeddable":true,"href":"http:\/\/www.segurosgoiena.com\/es\/wp-json\/wp\/v2\/pages\/402"}],"wp:featuredmedia":[{"embeddable":true,"href":"http:\/\/www.segurosgoiena.com\/es\/wp-json\/wp\/v2\/media\/532"}],"wp:attachment":[{"href":"http:\/\/www.segurosgoiena.com\/es\/wp-json\/wp\/v2\/media?parent=487"}],"curies":[{"name":"wp","href":"https:\/\/api.w.org\/{rel}","templated":true}]}}