{"id":405,"date":"2016-11-30T12:50:39","date_gmt":"2016-11-30T12:50:39","guid":{"rendered":"http:\/\/www.segurosgoiena.com\/?page_id=405\/"},"modified":"2017-01-03T11:17:03","modified_gmt":"2017-01-03T11:17:03","slug":"seguro-de-vida","status":"publish","type":"page","link":"http:\/\/www.segurosgoiena.com\/es\/particulares\/seguros-goiena\/vida-ahorro-e-inversion\/seguro-de-vida\/","title":{"rendered":"SEGURO DE VIDA"},"content":{"rendered":"<p>\u00bfPor qu\u00e9 un seguro de Vida? \u00a0\u00bfHas pensado qu\u00e9 pasar\u00eda si un d\u00eda faltases?<\/p>\n<p>Hay cosas a las que no queremos enfrentarnos. Porque la vida es nuestro mayor tesoro, asegura la tranquilidad econ\u00f3mica y emocional de los tuyos, \u00a0proporcionando una cobertura econ\u00f3mica para continuar con tus proyectos y compromisos de pago. Protege a los tuyos ante cualquier imprevisto, ya sea por fallecimiento, invalidez o cualquier otra causa.<\/p>\n<h4>\u00bfVas a arriesgarte a perder lo que tanto te cost\u00f3 conseguir?<\/h4>\n","protected":false},"excerpt":{"rendered":"<p>\u00bfPor qu\u00e9 un seguro de Vida? \u00a0\u00bfHas pensado qu\u00e9 pasar\u00eda si un d\u00eda faltases? Hay cosas a las que no queremos enfrentarnos. Porque la vida es nuestro mayor tesoro, asegura la tranquilidad econ\u00f3mica y emocional de los tuyos, \u00a0proporcionando una cobertura econ\u00f3mica para continuar con tus proyectos y compromisos de pago. Protege a los tuyos [&hellip;]<\/p>\n","protected":false},"author":1,"featured_media":508,"parent":389,"menu_order":10,"comment_status":"closed","ping_status":"closed","template":"page-templates\/template-producto.php","meta":{"_acf_changed":false,"footnotes":""},"class_list":["post-405","page","type-page","status-publish","has-post-thumbnail","hentry"],"acf":[],"yoast_head":"<!-- This site is optimized with the Yoast SEO plugin v22.5 - https:\/\/yoast.com\/wordpress\/plugins\/seo\/ -->\n<title>Goiena Seguros | Seguro de vida<\/title>\n<meta name=\"robots\" content=\"index, follow, max-snippet:-1, max-image-preview:large, max-video-preview:-1\" \/>\n<link rel=\"canonical\" href=\"http:\/\/www.segurosgoiena.com\/es\/particulares\/seguros-goiena\/vida-ahorro-e-inversion\/seguro-de-vida\/\" \/>\n<meta property=\"og:locale\" content=\"es_ES\" \/>\n<meta property=\"og:type\" content=\"article\" \/>\n<meta property=\"og:title\" content=\"Goiena Seguros | Seguro de vida\" \/>\n<meta property=\"og:description\" content=\"\u00bfPor qu\u00e9 un seguro de Vida? \u00a0\u00bfHas pensado qu\u00e9 pasar\u00eda si un d\u00eda faltases? Hay cosas a las que no queremos enfrentarnos. Porque la vida es nuestro mayor tesoro, asegura la tranquilidad econ\u00f3mica y emocional de los tuyos, \u00a0proporcionando una cobertura econ\u00f3mica para continuar con tus proyectos y compromisos de pago. Protege a los tuyos [&hellip;]\" \/>\n<meta property=\"og:url\" content=\"http:\/\/www.segurosgoiena.com\/es\/particulares\/seguros-goiena\/vida-ahorro-e-inversion\/seguro-de-vida\/\" \/>\n<meta property=\"og:site_name\" content=\"Seguros Goiena\" \/>\n<meta property=\"article:modified_time\" content=\"2017-01-03T11:17:03+00:00\" \/>\n<meta property=\"og:image\" content=\"http:\/\/www.segurosgoiena.com\/wp-content\/uploads\/2016\/12\/seguro-de-vida.jpg\" \/>\n\t<meta property=\"og:image:width\" content=\"523\" \/>\n\t<meta property=\"og:image:height\" content=\"425\" \/>\n\t<meta property=\"og:image:type\" content=\"image\/jpeg\" \/>\n<meta name=\"twitter:card\" content=\"summary_large_image\" \/>\n<script type=\"application\/ld+json\" class=\"yoast-schema-graph\">{\"@context\":\"https:\/\/schema.org\",\"@graph\":[{\"@type\":\"WebPage\",\"@id\":\"http:\/\/www.segurosgoiena.com\/es\/particulares\/seguros-goiena\/vida-ahorro-e-inversion\/seguro-de-vida\/\",\"url\":\"http:\/\/www.segurosgoiena.com\/es\/particulares\/seguros-goiena\/vida-ahorro-e-inversion\/seguro-de-vida\/\",\"name\":\"Goiena Seguros | Seguro de vida\",\"isPartOf\":{\"@id\":\"https:\/\/www.segurosgoiena.com\/es\/#website\"},\"primaryImageOfPage\":{\"@id\":\"http:\/\/www.segurosgoiena.com\/es\/particulares\/seguros-goiena\/vida-ahorro-e-inversion\/seguro-de-vida\/#primaryimage\"},\"image\":{\"@id\":\"http:\/\/www.segurosgoiena.com\/es\/particulares\/seguros-goiena\/vida-ahorro-e-inversion\/seguro-de-vida\/#primaryimage\"},\"thumbnailUrl\":\"http:\/\/www.segurosgoiena.com\/wp-content\/uploads\/2016\/12\/seguro-de-vida.jpg\",\"datePublished\":\"2016-11-30T12:50:39+00:00\",\"dateModified\":\"2017-01-03T11:17:03+00:00\",\"breadcrumb\":{\"@id\":\"http:\/\/www.segurosgoiena.com\/es\/particulares\/seguros-goiena\/vida-ahorro-e-inversion\/seguro-de-vida\/#breadcrumb\"},\"inLanguage\":\"es\",\"potentialAction\":[{\"@type\":\"ReadAction\",\"target\":[\"http:\/\/www.segurosgoiena.com\/es\/particulares\/seguros-goiena\/vida-ahorro-e-inversion\/seguro-de-vida\/\"]}]},{\"@type\":\"ImageObject\",\"inLanguage\":\"es\",\"@id\":\"http:\/\/www.segurosgoiena.com\/es\/particulares\/seguros-goiena\/vida-ahorro-e-inversion\/seguro-de-vida\/#primaryimage\",\"url\":\"http:\/\/www.segurosgoiena.com\/wp-content\/uploads\/2016\/12\/seguro-de-vida.jpg\",\"contentUrl\":\"http:\/\/www.segurosgoiena.com\/wp-content\/uploads\/2016\/12\/seguro-de-vida.jpg\",\"width\":523,\"height\":425,\"caption\":\"seguro-de-vida\"},{\"@type\":\"BreadcrumbList\",\"@id\":\"http:\/\/www.segurosgoiena.com\/es\/particulares\/seguros-goiena\/vida-ahorro-e-inversion\/seguro-de-vida\/#breadcrumb\",\"itemListElement\":[{\"@type\":\"ListItem\",\"position\":1,\"name\":\"Portada\",\"item\":\"https:\/\/www.segurosgoiena.com\/es\/\"},{\"@type\":\"ListItem\",\"position\":2,\"name\":\"PARTICULARES\",\"item\":\"http:\/\/www.segurosgoiena.com\/es\/particulares\/\"},{\"@type\":\"ListItem\",\"position\":3,\"name\":\"SEGUROS GOIENA\",\"item\":\"http:\/\/www.segurosgoiena.com\/es\/particulares\/seguros-goiena\/\"},{\"@type\":\"ListItem\",\"position\":4,\"name\":\"VIDA, AHORRO, INVERSI\u00d3N\",\"item\":\"http:\/\/www.segurosgoiena.com\/es\/particulares\/seguros-goiena\/vida-ahorro-e-inversion\/\"},{\"@type\":\"ListItem\",\"position\":5,\"name\":\"SEGURO DE VIDA\"}]},{\"@type\":\"WebSite\",\"@id\":\"https:\/\/www.segurosgoiena.com\/es\/#website\",\"url\":\"https:\/\/www.segurosgoiena.com\/es\/\",\"name\":\"Seguros Goiena\",\"description\":\"Seguros para empresas y particulares\",\"potentialAction\":[{\"@type\":\"SearchAction\",\"target\":{\"@type\":\"EntryPoint\",\"urlTemplate\":\"https:\/\/www.segurosgoiena.com\/es\/?s={search_term_string}\"},\"query-input\":\"required name=search_term_string\"}],\"inLanguage\":\"es\"}]}<\/script>\n<!-- \/ Yoast SEO plugin. -->","yoast_head_json":{"title":"Goiena Seguros | Seguro de vida","robots":{"index":"index","follow":"follow","max-snippet":"max-snippet:-1","max-image-preview":"max-image-preview:large","max-video-preview":"max-video-preview:-1"},"canonical":"http:\/\/www.segurosgoiena.com\/es\/particulares\/seguros-goiena\/vida-ahorro-e-inversion\/seguro-de-vida\/","og_locale":"es_ES","og_type":"article","og_title":"Goiena Seguros | Seguro de vida","og_description":"\u00bfPor qu\u00e9 un seguro de Vida? \u00a0\u00bfHas pensado qu\u00e9 pasar\u00eda si un d\u00eda faltases? Hay cosas a las que no queremos enfrentarnos. Porque la vida es nuestro mayor tesoro, asegura la tranquilidad econ\u00f3mica y emocional de los tuyos, \u00a0proporcionando una cobertura econ\u00f3mica para continuar con tus proyectos y compromisos de pago. Protege a los tuyos [&hellip;]","og_url":"http:\/\/www.segurosgoiena.com\/es\/particulares\/seguros-goiena\/vida-ahorro-e-inversion\/seguro-de-vida\/","og_site_name":"Seguros Goiena","article_modified_time":"2017-01-03T11:17:03+00:00","og_image":[{"width":523,"height":425,"url":"http:\/\/www.segurosgoiena.com\/wp-content\/uploads\/2016\/12\/seguro-de-vida.jpg","type":"image\/jpeg"}],"twitter_card":"summary_large_image","schema":{"@context":"https:\/\/schema.org","@graph":[{"@type":"WebPage","@id":"http:\/\/www.segurosgoiena.com\/es\/particulares\/seguros-goiena\/vida-ahorro-e-inversion\/seguro-de-vida\/","url":"http:\/\/www.segurosgoiena.com\/es\/particulares\/seguros-goiena\/vida-ahorro-e-inversion\/seguro-de-vida\/","name":"Goiena Seguros | Seguro de vida","isPartOf":{"@id":"https:\/\/www.segurosgoiena.com\/es\/#website"},"primaryImageOfPage":{"@id":"http:\/\/www.segurosgoiena.com\/es\/particulares\/seguros-goiena\/vida-ahorro-e-inversion\/seguro-de-vida\/#primaryimage"},"image":{"@id":"http:\/\/www.segurosgoiena.com\/es\/particulares\/seguros-goiena\/vida-ahorro-e-inversion\/seguro-de-vida\/#primaryimage"},"thumbnailUrl":"http:\/\/www.segurosgoiena.com\/wp-content\/uploads\/2016\/12\/seguro-de-vida.jpg","datePublished":"2016-11-30T12:50:39+00:00","dateModified":"2017-01-03T11:17:03+00:00","breadcrumb":{"@id":"http:\/\/www.segurosgoiena.com\/es\/particulares\/seguros-goiena\/vida-ahorro-e-inversion\/seguro-de-vida\/#breadcrumb"},"inLanguage":"es","potentialAction":[{"@type":"ReadAction","target":["http:\/\/www.segurosgoiena.com\/es\/particulares\/seguros-goiena\/vida-ahorro-e-inversion\/seguro-de-vida\/"]}]},{"@type":"ImageObject","inLanguage":"es","@id":"http:\/\/www.segurosgoiena.com\/es\/particulares\/seguros-goiena\/vida-ahorro-e-inversion\/seguro-de-vida\/#primaryimage","url":"http:\/\/www.segurosgoiena.com\/wp-content\/uploads\/2016\/12\/seguro-de-vida.jpg","contentUrl":"http:\/\/www.segurosgoiena.com\/wp-content\/uploads\/2016\/12\/seguro-de-vida.jpg","width":523,"height":425,"caption":"seguro-de-vida"},{"@type":"BreadcrumbList","@id":"http:\/\/www.segurosgoiena.com\/es\/particulares\/seguros-goiena\/vida-ahorro-e-inversion\/seguro-de-vida\/#breadcrumb","itemListElement":[{"@type":"ListItem","position":1,"name":"Portada","item":"https:\/\/www.segurosgoiena.com\/es\/"},{"@type":"ListItem","position":2,"name":"PARTICULARES","item":"http:\/\/www.segurosgoiena.com\/es\/particulares\/"},{"@type":"ListItem","position":3,"name":"SEGUROS GOIENA","item":"http:\/\/www.segurosgoiena.com\/es\/particulares\/seguros-goiena\/"},{"@type":"ListItem","position":4,"name":"VIDA, AHORRO, INVERSI\u00d3N","item":"http:\/\/www.segurosgoiena.com\/es\/particulares\/seguros-goiena\/vida-ahorro-e-inversion\/"},{"@type":"ListItem","position":5,"name":"SEGURO DE VIDA"}]},{"@type":"WebSite","@id":"https:\/\/www.segurosgoiena.com\/es\/#website","url":"https:\/\/www.segurosgoiena.com\/es\/","name":"Seguros Goiena","description":"Seguros para empresas y particulares","potentialAction":[{"@type":"SearchAction","target":{"@type":"EntryPoint","urlTemplate":"https:\/\/www.segurosgoiena.com\/es\/?s={search_term_string}"},"query-input":"required name=search_term_string"}],"inLanguage":"es"}]}},"_links":{"self":[{"href":"http:\/\/www.segurosgoiena.com\/es\/wp-json\/wp\/v2\/pages\/405","targetHints":{"allow":["GET"]}}],"collection":[{"href":"http:\/\/www.segurosgoiena.com\/es\/wp-json\/wp\/v2\/pages"}],"about":[{"href":"http:\/\/www.segurosgoiena.com\/es\/wp-json\/wp\/v2\/types\/page"}],"author":[{"embeddable":true,"href":"http:\/\/www.segurosgoiena.com\/es\/wp-json\/wp\/v2\/users\/1"}],"replies":[{"embeddable":true,"href":"http:\/\/www.segurosgoiena.com\/es\/wp-json\/wp\/v2\/comments?post=405"}],"version-history":[{"count":18,"href":"http:\/\/www.segurosgoiena.com\/es\/wp-json\/wp\/v2\/pages\/405\/revisions"}],"predecessor-version":[{"id":1475,"href":"http:\/\/www.segurosgoiena.com\/es\/wp-json\/wp\/v2\/pages\/405\/revisions\/1475"}],"up":[{"embeddable":true,"href":"http:\/\/www.segurosgoiena.com\/es\/wp-json\/wp\/v2\/pages\/389"}],"wp:featuredmedia":[{"embeddable":true,"href":"http:\/\/www.segurosgoiena.com\/es\/wp-json\/wp\/v2\/media\/508"}],"wp:attachment":[{"href":"http:\/\/www.segurosgoiena.com\/es\/wp-json\/wp\/v2\/media?parent=405"}],"curies":[{"name":"wp","href":"https:\/\/api.w.org\/{rel}","templated":true}]}}