{"id":298,"date":"2016-11-29T12:11:26","date_gmt":"2016-11-29T12:11:26","guid":{"rendered":"http:\/\/www.segurosgoiena.com\/es\/?page_id=298"},"modified":"2017-01-12T15:04:59","modified_gmt":"2017-01-12T15:04:59","slug":"seguro-de-responsabilidad-civil-medioambiental","status":"publish","type":"page","link":"http:\/\/www.segurosgoiena.com\/es\/empresas\/seguros-goiena\/grandes-riesgos-empresas\/responsabilidad-civil\/seguro-de-responsabilidad-civil-medioambiental\/","title":{"rendered":"Seguro de Responsabilidad Civil Medioambiental"},"content":{"rendered":"<h4>Comprometidos con el Medio Ambiente<\/h4>\n<p>La Responsabilidad Civil Medioambiental, fundamentada principalmente en la <a href=\"http:\/\/www.boe.es\/buscar\/doc.php?id=BOE-A-2007-18475\" target=\"_blank\">Ley 26\/2007 <\/a>, es la responsabilidad ilimitada que obliga a prevenir con medidas urgentes los da\u00f1os a los recursos naturales y, si se produce el da\u00f1o, reparar los recursos naturales para devolverlos a su estado original.<\/p>\n<p><b>El titular de cualquier actividad econ\u00f3mica o profesional, sea la que sea debe asumir la totalidad de los costes en los que incurra por estas acciones preventivas o reparadoras<\/b>. Es una responsabilidad administrativa (la exige la Administraci\u00f3n p\u00fablica) y adicional a la responsabilidad civil.<\/p>\n<p>Es err\u00f3neo pensar que el mayor riesgo, lo generan s\u00f3lo las grandes empresas; las medianas o peque\u00f1as empresas tienen potencial para generar da\u00f1os medioambientales cuya reparaci\u00f3n tenga un coste superior a su capacidad econ\u00f3mica.<\/p>\n<p>La contaminaci\u00f3n asegurada es aquella directamente atribuible a la actividad o instalaci\u00f3n y que se produzca de forma accidental y aleatoria, es decir, que sea extraordinaria y que no se haya causado de forma intencionada y consentida<\/p>\n","protected":false},"excerpt":{"rendered":"<p>Comprometidos con el Medio Ambiente La Responsabilidad Civil Medioambiental, fundamentada principalmente en la Ley 26\/2007 , es la responsabilidad ilimitada que obliga a prevenir con medidas urgentes los da\u00f1os a los recursos naturales y, si se produce el da\u00f1o, reparar los recursos naturales para devolverlos a su estado original. El titular de cualquier actividad econ\u00f3mica [&hellip;]<\/p>\n","protected":false},"author":1,"featured_media":353,"parent":286,"menu_order":20,"comment_status":"closed","ping_status":"closed","template":"page-templates\/template-producto.php","meta":{"_acf_changed":false,"footnotes":""},"class_list":["post-298","page","type-page","status-publish","has-post-thumbnail","hentry"],"acf":[],"yoast_head":"<!-- This site is optimized with the Yoast SEO plugin v22.5 - https:\/\/yoast.com\/wordpress\/plugins\/seo\/ -->\n<title>Goiena Seguros | Empresas- responsabilidad civil medioambiental<\/title>\n<meta name=\"description\" content=\"El seguro de responsabilidad civil medioambiental ampara la responsabilidad del asegurado por los da\u00f1os causados por la contaminaci\u00f3n medioambiental.\" \/>\n<meta name=\"robots\" content=\"index, follow, max-snippet:-1, max-image-preview:large, max-video-preview:-1\" \/>\n<link rel=\"canonical\" href=\"https:\/\/www.segurosgoiena.com\/es\/empresas\/seguros-goiena\/grandes-riesgos-empresas\/responsabilidad-civil\/seguro-de-responsabilidad-civil-medioambiental\/\" \/>\n<meta property=\"og:locale\" content=\"es_ES\" \/>\n<meta property=\"og:type\" content=\"article\" \/>\n<meta property=\"og:title\" content=\"Goiena Seguros | Empresas- responsabilidad civil medioambiental\" \/>\n<meta property=\"og:description\" content=\"El seguro de responsabilidad civil medioambiental ampara la responsabilidad del asegurado por los da\u00f1os causados por la contaminaci\u00f3n medioambiental.\" \/>\n<meta property=\"og:url\" content=\"https:\/\/www.segurosgoiena.com\/es\/empresas\/seguros-goiena\/grandes-riesgos-empresas\/responsabilidad-civil\/seguro-de-responsabilidad-civil-medioambiental\/\" \/>\n<meta property=\"og:site_name\" content=\"Seguros Goiena\" \/>\n<meta property=\"article:modified_time\" content=\"2017-01-12T15:04:59+00:00\" \/>\n<meta property=\"og:image\" content=\"https:\/\/www.segurosgoiena.com\/wp-content\/uploads\/2016\/11\/seguro-de-responsabilidad-civil-medioambiental.jpg\" \/>\n\t<meta property=\"og:image:width\" content=\"523\" \/>\n\t<meta property=\"og:image:height\" content=\"425\" \/>\n\t<meta property=\"og:image:type\" content=\"image\/jpeg\" \/>\n<meta name=\"twitter:card\" content=\"summary_large_image\" \/>\n<meta name=\"twitter:label1\" content=\"Tiempo de lectura\" \/>\n\t<meta name=\"twitter:data1\" content=\"1 minuto\" \/>\n<script type=\"application\/ld+json\" class=\"yoast-schema-graph\">{\"@context\":\"https:\/\/schema.org\",\"@graph\":[{\"@type\":\"WebPage\",\"@id\":\"https:\/\/www.segurosgoiena.com\/es\/empresas\/seguros-goiena\/grandes-riesgos-empresas\/responsabilidad-civil\/seguro-de-responsabilidad-civil-medioambiental\/\",\"url\":\"https:\/\/www.segurosgoiena.com\/es\/empresas\/seguros-goiena\/grandes-riesgos-empresas\/responsabilidad-civil\/seguro-de-responsabilidad-civil-medioambiental\/\",\"name\":\"Goiena Seguros | Empresas- responsabilidad civil medioambiental\",\"isPartOf\":{\"@id\":\"http:\/\/www.segurosgoiena.com\/es\/#website\"},\"primaryImageOfPage\":{\"@id\":\"https:\/\/www.segurosgoiena.com\/es\/empresas\/seguros-goiena\/grandes-riesgos-empresas\/responsabilidad-civil\/seguro-de-responsabilidad-civil-medioambiental\/#primaryimage\"},\"image\":{\"@id\":\"https:\/\/www.segurosgoiena.com\/es\/empresas\/seguros-goiena\/grandes-riesgos-empresas\/responsabilidad-civil\/seguro-de-responsabilidad-civil-medioambiental\/#primaryimage\"},\"thumbnailUrl\":\"http:\/\/www.segurosgoiena.com\/wp-content\/uploads\/2016\/11\/seguro-de-responsabilidad-civil-medioambiental.jpg\",\"datePublished\":\"2016-11-29T12:11:26+00:00\",\"dateModified\":\"2017-01-12T15:04:59+00:00\",\"description\":\"El seguro de responsabilidad civil medioambiental ampara la responsabilidad del asegurado por los da\u00f1os causados por la contaminaci\u00f3n medioambiental.\",\"breadcrumb\":{\"@id\":\"https:\/\/www.segurosgoiena.com\/es\/empresas\/seguros-goiena\/grandes-riesgos-empresas\/responsabilidad-civil\/seguro-de-responsabilidad-civil-medioambiental\/#breadcrumb\"},\"inLanguage\":\"es\",\"potentialAction\":[{\"@type\":\"ReadAction\",\"target\":[\"https:\/\/www.segurosgoiena.com\/es\/empresas\/seguros-goiena\/grandes-riesgos-empresas\/responsabilidad-civil\/seguro-de-responsabilidad-civil-medioambiental\/\"]}]},{\"@type\":\"ImageObject\",\"inLanguage\":\"es\",\"@id\":\"https:\/\/www.segurosgoiena.com\/es\/empresas\/seguros-goiena\/grandes-riesgos-empresas\/responsabilidad-civil\/seguro-de-responsabilidad-civil-medioambiental\/#primaryimage\",\"url\":\"http:\/\/www.segurosgoiena.com\/wp-content\/uploads\/2016\/11\/seguro-de-responsabilidad-civil-medioambiental.jpg\",\"contentUrl\":\"http:\/\/www.segurosgoiena.com\/wp-content\/uploads\/2016\/11\/seguro-de-responsabilidad-civil-medioambiental.jpg\",\"width\":523,\"height\":425},{\"@type\":\"BreadcrumbList\",\"@id\":\"https:\/\/www.segurosgoiena.com\/es\/empresas\/seguros-goiena\/grandes-riesgos-empresas\/responsabilidad-civil\/seguro-de-responsabilidad-civil-medioambiental\/#breadcrumb\",\"itemListElement\":[{\"@type\":\"ListItem\",\"position\":1,\"name\":\"Portada\",\"item\":\"http:\/\/www.segurosgoiena.com\/es\/\"},{\"@type\":\"ListItem\",\"position\":2,\"name\":\"EMPRESAS\",\"item\":\"http:\/\/www.segurosgoiena.com\/es\/empresas\/\"},{\"@type\":\"ListItem\",\"position\":3,\"name\":\"SEGUROS GOIENA\",\"item\":\"http:\/\/www.segurosgoiena.com\/es\/empresas\/seguros-goiena\/\"},{\"@type\":\"ListItem\",\"position\":4,\"name\":\"GRANDES RIESGOS EMPRESAS\",\"item\":\"https:\/\/www.segurosgoiena.com\/es\/empresas\/seguros-goiena\/grandes-riesgos-empresas\/\"},{\"@type\":\"ListItem\",\"position\":5,\"name\":\"RESPONSABILIDAD CIVIL\",\"item\":\"https:\/\/www.segurosgoiena.com\/es\/empresas\/seguros-goiena\/grandes-riesgos-empresas\/responsabilidad-civil\/\"},{\"@type\":\"ListItem\",\"position\":6,\"name\":\"Seguro de Responsabilidad Civil Medioambiental\"}]},{\"@type\":\"WebSite\",\"@id\":\"http:\/\/www.segurosgoiena.com\/es\/#website\",\"url\":\"http:\/\/www.segurosgoiena.com\/es\/\",\"name\":\"Seguros Goiena\",\"description\":\"Seguros para empresas y particulares\",\"potentialAction\":[{\"@type\":\"SearchAction\",\"target\":{\"@type\":\"EntryPoint\",\"urlTemplate\":\"http:\/\/www.segurosgoiena.com\/es\/?s={search_term_string}\"},\"query-input\":\"required name=search_term_string\"}],\"inLanguage\":\"es\"}]}<\/script>\n<!-- \/ Yoast SEO plugin. -->","yoast_head_json":{"title":"Goiena Seguros | Empresas- responsabilidad civil medioambiental","description":"El seguro de responsabilidad civil medioambiental ampara la responsabilidad del asegurado por los da\u00f1os causados por la contaminaci\u00f3n medioambiental.","robots":{"index":"index","follow":"follow","max-snippet":"max-snippet:-1","max-image-preview":"max-image-preview:large","max-video-preview":"max-video-preview:-1"},"canonical":"https:\/\/www.segurosgoiena.com\/es\/empresas\/seguros-goiena\/grandes-riesgos-empresas\/responsabilidad-civil\/seguro-de-responsabilidad-civil-medioambiental\/","og_locale":"es_ES","og_type":"article","og_title":"Goiena Seguros | Empresas- responsabilidad civil medioambiental","og_description":"El seguro de responsabilidad civil medioambiental ampara la responsabilidad del asegurado por los da\u00f1os causados por la contaminaci\u00f3n medioambiental.","og_url":"https:\/\/www.segurosgoiena.com\/es\/empresas\/seguros-goiena\/grandes-riesgos-empresas\/responsabilidad-civil\/seguro-de-responsabilidad-civil-medioambiental\/","og_site_name":"Seguros Goiena","article_modified_time":"2017-01-12T15:04:59+00:00","og_image":[{"width":523,"height":425,"url":"https:\/\/www.segurosgoiena.com\/wp-content\/uploads\/2016\/11\/seguro-de-responsabilidad-civil-medioambiental.jpg","type":"image\/jpeg"}],"twitter_card":"summary_large_image","twitter_misc":{"Tiempo de lectura":"1 minuto"},"schema":{"@context":"https:\/\/schema.org","@graph":[{"@type":"WebPage","@id":"https:\/\/www.segurosgoiena.com\/es\/empresas\/seguros-goiena\/grandes-riesgos-empresas\/responsabilidad-civil\/seguro-de-responsabilidad-civil-medioambiental\/","url":"https:\/\/www.segurosgoiena.com\/es\/empresas\/seguros-goiena\/grandes-riesgos-empresas\/responsabilidad-civil\/seguro-de-responsabilidad-civil-medioambiental\/","name":"Goiena Seguros | Empresas- responsabilidad civil medioambiental","isPartOf":{"@id":"http:\/\/www.segurosgoiena.com\/es\/#website"},"primaryImageOfPage":{"@id":"https:\/\/www.segurosgoiena.com\/es\/empresas\/seguros-goiena\/grandes-riesgos-empresas\/responsabilidad-civil\/seguro-de-responsabilidad-civil-medioambiental\/#primaryimage"},"image":{"@id":"https:\/\/www.segurosgoiena.com\/es\/empresas\/seguros-goiena\/grandes-riesgos-empresas\/responsabilidad-civil\/seguro-de-responsabilidad-civil-medioambiental\/#primaryimage"},"thumbnailUrl":"http:\/\/www.segurosgoiena.com\/wp-content\/uploads\/2016\/11\/seguro-de-responsabilidad-civil-medioambiental.jpg","datePublished":"2016-11-29T12:11:26+00:00","dateModified":"2017-01-12T15:04:59+00:00","description":"El seguro de responsabilidad civil medioambiental ampara la responsabilidad del asegurado por los da\u00f1os causados por la contaminaci\u00f3n medioambiental.","breadcrumb":{"@id":"https:\/\/www.segurosgoiena.com\/es\/empresas\/seguros-goiena\/grandes-riesgos-empresas\/responsabilidad-civil\/seguro-de-responsabilidad-civil-medioambiental\/#breadcrumb"},"inLanguage":"es","potentialAction":[{"@type":"ReadAction","target":["https:\/\/www.segurosgoiena.com\/es\/empresas\/seguros-goiena\/grandes-riesgos-empresas\/responsabilidad-civil\/seguro-de-responsabilidad-civil-medioambiental\/"]}]},{"@type":"ImageObject","inLanguage":"es","@id":"https:\/\/www.segurosgoiena.com\/es\/empresas\/seguros-goiena\/grandes-riesgos-empresas\/responsabilidad-civil\/seguro-de-responsabilidad-civil-medioambiental\/#primaryimage","url":"http:\/\/www.segurosgoiena.com\/wp-content\/uploads\/2016\/11\/seguro-de-responsabilidad-civil-medioambiental.jpg","contentUrl":"http:\/\/www.segurosgoiena.com\/wp-content\/uploads\/2016\/11\/seguro-de-responsabilidad-civil-medioambiental.jpg","width":523,"height":425},{"@type":"BreadcrumbList","@id":"https:\/\/www.segurosgoiena.com\/es\/empresas\/seguros-goiena\/grandes-riesgos-empresas\/responsabilidad-civil\/seguro-de-responsabilidad-civil-medioambiental\/#breadcrumb","itemListElement":[{"@type":"ListItem","position":1,"name":"Portada","item":"http:\/\/www.segurosgoiena.com\/es\/"},{"@type":"ListItem","position":2,"name":"EMPRESAS","item":"http:\/\/www.segurosgoiena.com\/es\/empresas\/"},{"@type":"ListItem","position":3,"name":"SEGUROS GOIENA","item":"http:\/\/www.segurosgoiena.com\/es\/empresas\/seguros-goiena\/"},{"@type":"ListItem","position":4,"name":"GRANDES RIESGOS EMPRESAS","item":"https:\/\/www.segurosgoiena.com\/es\/empresas\/seguros-goiena\/grandes-riesgos-empresas\/"},{"@type":"ListItem","position":5,"name":"RESPONSABILIDAD CIVIL","item":"https:\/\/www.segurosgoiena.com\/es\/empresas\/seguros-goiena\/grandes-riesgos-empresas\/responsabilidad-civil\/"},{"@type":"ListItem","position":6,"name":"Seguro de Responsabilidad Civil Medioambiental"}]},{"@type":"WebSite","@id":"http:\/\/www.segurosgoiena.com\/es\/#website","url":"http:\/\/www.segurosgoiena.com\/es\/","name":"Seguros Goiena","description":"Seguros para empresas y particulares","potentialAction":[{"@type":"SearchAction","target":{"@type":"EntryPoint","urlTemplate":"http:\/\/www.segurosgoiena.com\/es\/?s={search_term_string}"},"query-input":"required name=search_term_string"}],"inLanguage":"es"}]}},"_links":{"self":[{"href":"http:\/\/www.segurosgoiena.com\/es\/wp-json\/wp\/v2\/pages\/298","targetHints":{"allow":["GET"]}}],"collection":[{"href":"http:\/\/www.segurosgoiena.com\/es\/wp-json\/wp\/v2\/pages"}],"about":[{"href":"http:\/\/www.segurosgoiena.com\/es\/wp-json\/wp\/v2\/types\/page"}],"author":[{"embeddable":true,"href":"http:\/\/www.segurosgoiena.com\/es\/wp-json\/wp\/v2\/users\/1"}],"replies":[{"embeddable":true,"href":"http:\/\/www.segurosgoiena.com\/es\/wp-json\/wp\/v2\/comments?post=298"}],"version-history":[{"count":10,"href":"http:\/\/www.segurosgoiena.com\/es\/wp-json\/wp\/v2\/pages\/298\/revisions"}],"predecessor-version":[{"id":1731,"href":"http:\/\/www.segurosgoiena.com\/es\/wp-json\/wp\/v2\/pages\/298\/revisions\/1731"}],"up":[{"embeddable":true,"href":"http:\/\/www.segurosgoiena.com\/es\/wp-json\/wp\/v2\/pages\/286"}],"wp:featuredmedia":[{"embeddable":true,"href":"http:\/\/www.segurosgoiena.com\/es\/wp-json\/wp\/v2\/media\/353"}],"wp:attachment":[{"href":"http:\/\/www.segurosgoiena.com\/es\/wp-json\/wp\/v2\/media?parent=298"}],"curies":[{"name":"wp","href":"https:\/\/api.w.org\/{rel}","templated":true}]}}