{"id":296,"date":"2016-11-29T12:10:40","date_gmt":"2016-11-29T12:10:40","guid":{"rendered":"http:\/\/www.segurosgoiena.com\/es\/?page_id=296"},"modified":"2017-01-12T14:59:25","modified_gmt":"2017-01-12T14:59:25","slug":"do-administradores-y-directivos","status":"publish","type":"page","link":"http:\/\/www.segurosgoiena.com\/es\/empresas\/seguros-goiena\/grandes-riesgos-empresas\/responsabilidad-civil\/do-administradores-y-directivos\/","title":{"rendered":"D&#038;O Administradores y Directivos"},"content":{"rendered":"<h4>Porque la toma decisiones que afecta al rumbo de su empresa \u00a0\u00a1es parte del d\u00eda a d\u00eda!<\/h4>\n<p>Si sucede algo inesperado, no ponga en jaque su patrimonio.<\/p>\n<p>Una decisi\u00f3n estrat\u00e9gica, una falta de adecuaci\u00f3n a la legislaci\u00f3n vigente, una pol\u00edtica de legislaci\u00f3n interna no equitativa, la simple aprobaci\u00f3n de las cuentas anuales, son situaciones que pueden suponer un riesgo para el administrador, gerente o directivo. \u00c9stos se pueden encontrar en la tesitura de tener que hacer frente a demandas contra su persona que pongan en peligro su patrimonio personal o incluso la viabilidad de la empresa que dirigen. El Seguro de Responsabilidad Civil Administradores y Directivos (D&amp;O) cobra especial relevancia si queremos <b>dejar a salvo nuestro patrimonio privativo.<\/b><\/p>\n","protected":false},"excerpt":{"rendered":"<p>Porque la toma decisiones que afecta al rumbo de su empresa \u00a0\u00a1es parte del d\u00eda a d\u00eda! Si sucede algo inesperado, no ponga en jaque su patrimonio. Una decisi\u00f3n estrat\u00e9gica, una falta de adecuaci\u00f3n a la legislaci\u00f3n vigente, una pol\u00edtica de legislaci\u00f3n interna no equitativa, la simple aprobaci\u00f3n de las cuentas anuales, son situaciones que [&hellip;]<\/p>\n","protected":false},"author":1,"featured_media":317,"parent":286,"menu_order":10,"comment_status":"closed","ping_status":"closed","template":"page-templates\/template-producto.php","meta":{"_acf_changed":false,"footnotes":""},"class_list":["post-296","page","type-page","status-publish","has-post-thumbnail","hentry"],"acf":[],"yoast_head":"<!-- This site is optimized with the Yoast SEO plugin v22.5 - https:\/\/yoast.com\/wordpress\/plugins\/seo\/ -->\n<title>Goiena Seguros | Empresas- Administradores y Directivos<\/title>\n<meta name=\"description\" content=\"Un seguro de Administradores y Directivos protege a los miembros del \u00f3rgano de administraci\u00f3n de una sociedad y a personas con cargos de direcci\u00f3n.\" \/>\n<meta name=\"robots\" content=\"index, follow, max-snippet:-1, max-image-preview:large, max-video-preview:-1\" \/>\n<link rel=\"canonical\" href=\"https:\/\/www.segurosgoiena.com\/es\/empresas\/seguros-goiena\/grandes-riesgos-empresas\/responsabilidad-civil\/do-administradores-y-directivos\/\" \/>\n<meta property=\"og:locale\" content=\"es_ES\" \/>\n<meta property=\"og:type\" content=\"article\" \/>\n<meta property=\"og:title\" content=\"Goiena Seguros | Empresas- Administradores y Directivos\" \/>\n<meta property=\"og:description\" content=\"Un seguro de Administradores y Directivos protege a los miembros del \u00f3rgano de administraci\u00f3n de una sociedad y a personas con cargos de direcci\u00f3n.\" \/>\n<meta property=\"og:url\" content=\"https:\/\/www.segurosgoiena.com\/es\/empresas\/seguros-goiena\/grandes-riesgos-empresas\/responsabilidad-civil\/do-administradores-y-directivos\/\" \/>\n<meta property=\"og:site_name\" content=\"Seguros Goiena\" \/>\n<meta property=\"article:modified_time\" content=\"2017-01-12T14:59:25+00:00\" \/>\n<meta property=\"og:image\" content=\"https:\/\/www.segurosgoiena.com\/wp-content\/uploads\/2016\/11\/D-and-O-administradores-y-directivos.jpg\" \/>\n\t<meta property=\"og:image:width\" content=\"523\" \/>\n\t<meta property=\"og:image:height\" content=\"425\" \/>\n\t<meta property=\"og:image:type\" content=\"image\/jpeg\" \/>\n<meta name=\"twitter:card\" content=\"summary_large_image\" \/>\n<meta name=\"twitter:label1\" content=\"Tiempo de lectura\" \/>\n\t<meta name=\"twitter:data1\" content=\"1 minuto\" \/>\n<script type=\"application\/ld+json\" class=\"yoast-schema-graph\">{\"@context\":\"https:\/\/schema.org\",\"@graph\":[{\"@type\":\"WebPage\",\"@id\":\"https:\/\/www.segurosgoiena.com\/es\/empresas\/seguros-goiena\/grandes-riesgos-empresas\/responsabilidad-civil\/do-administradores-y-directivos\/\",\"url\":\"https:\/\/www.segurosgoiena.com\/es\/empresas\/seguros-goiena\/grandes-riesgos-empresas\/responsabilidad-civil\/do-administradores-y-directivos\/\",\"name\":\"Goiena Seguros | Empresas- Administradores y Directivos\",\"isPartOf\":{\"@id\":\"http:\/\/www.segurosgoiena.com\/es\/#website\"},\"primaryImageOfPage\":{\"@id\":\"https:\/\/www.segurosgoiena.com\/es\/empresas\/seguros-goiena\/grandes-riesgos-empresas\/responsabilidad-civil\/do-administradores-y-directivos\/#primaryimage\"},\"image\":{\"@id\":\"https:\/\/www.segurosgoiena.com\/es\/empresas\/seguros-goiena\/grandes-riesgos-empresas\/responsabilidad-civil\/do-administradores-y-directivos\/#primaryimage\"},\"thumbnailUrl\":\"http:\/\/www.segurosgoiena.com\/wp-content\/uploads\/2016\/11\/D-and-O-administradores-y-directivos.jpg\",\"datePublished\":\"2016-11-29T12:10:40+00:00\",\"dateModified\":\"2017-01-12T14:59:25+00:00\",\"description\":\"Un seguro de Administradores y Directivos protege a los miembros del \u00f3rgano de administraci\u00f3n de una sociedad y a personas con cargos de direcci\u00f3n.\",\"breadcrumb\":{\"@id\":\"https:\/\/www.segurosgoiena.com\/es\/empresas\/seguros-goiena\/grandes-riesgos-empresas\/responsabilidad-civil\/do-administradores-y-directivos\/#breadcrumb\"},\"inLanguage\":\"es\",\"potentialAction\":[{\"@type\":\"ReadAction\",\"target\":[\"https:\/\/www.segurosgoiena.com\/es\/empresas\/seguros-goiena\/grandes-riesgos-empresas\/responsabilidad-civil\/do-administradores-y-directivos\/\"]}]},{\"@type\":\"ImageObject\",\"inLanguage\":\"es\",\"@id\":\"https:\/\/www.segurosgoiena.com\/es\/empresas\/seguros-goiena\/grandes-riesgos-empresas\/responsabilidad-civil\/do-administradores-y-directivos\/#primaryimage\",\"url\":\"http:\/\/www.segurosgoiena.com\/wp-content\/uploads\/2016\/11\/D-and-O-administradores-y-directivos.jpg\",\"contentUrl\":\"http:\/\/www.segurosgoiena.com\/wp-content\/uploads\/2016\/11\/D-and-O-administradores-y-directivos.jpg\",\"width\":523,\"height\":425},{\"@type\":\"BreadcrumbList\",\"@id\":\"https:\/\/www.segurosgoiena.com\/es\/empresas\/seguros-goiena\/grandes-riesgos-empresas\/responsabilidad-civil\/do-administradores-y-directivos\/#breadcrumb\",\"itemListElement\":[{\"@type\":\"ListItem\",\"position\":1,\"name\":\"Portada\",\"item\":\"http:\/\/www.segurosgoiena.com\/es\/\"},{\"@type\":\"ListItem\",\"position\":2,\"name\":\"EMPRESAS\",\"item\":\"http:\/\/www.segurosgoiena.com\/es\/empresas\/\"},{\"@type\":\"ListItem\",\"position\":3,\"name\":\"SEGUROS GOIENA\",\"item\":\"http:\/\/www.segurosgoiena.com\/es\/empresas\/seguros-goiena\/\"},{\"@type\":\"ListItem\",\"position\":4,\"name\":\"GRANDES RIESGOS EMPRESAS\",\"item\":\"https:\/\/www.segurosgoiena.com\/es\/empresas\/seguros-goiena\/grandes-riesgos-empresas\/\"},{\"@type\":\"ListItem\",\"position\":5,\"name\":\"RESPONSABILIDAD CIVIL\",\"item\":\"https:\/\/www.segurosgoiena.com\/es\/empresas\/seguros-goiena\/grandes-riesgos-empresas\/responsabilidad-civil\/\"},{\"@type\":\"ListItem\",\"position\":6,\"name\":\"D&#038;O Administradores y Directivos\"}]},{\"@type\":\"WebSite\",\"@id\":\"http:\/\/www.segurosgoiena.com\/es\/#website\",\"url\":\"http:\/\/www.segurosgoiena.com\/es\/\",\"name\":\"Seguros Goiena\",\"description\":\"Seguros para empresas y particulares\",\"potentialAction\":[{\"@type\":\"SearchAction\",\"target\":{\"@type\":\"EntryPoint\",\"urlTemplate\":\"http:\/\/www.segurosgoiena.com\/es\/?s={search_term_string}\"},\"query-input\":\"required name=search_term_string\"}],\"inLanguage\":\"es\"}]}<\/script>\n<!-- \/ Yoast SEO plugin. -->","yoast_head_json":{"title":"Goiena Seguros | Empresas- Administradores y Directivos","description":"Un seguro de Administradores y Directivos protege a los miembros del \u00f3rgano de administraci\u00f3n de una sociedad y a personas con cargos de direcci\u00f3n.","robots":{"index":"index","follow":"follow","max-snippet":"max-snippet:-1","max-image-preview":"max-image-preview:large","max-video-preview":"max-video-preview:-1"},"canonical":"https:\/\/www.segurosgoiena.com\/es\/empresas\/seguros-goiena\/grandes-riesgos-empresas\/responsabilidad-civil\/do-administradores-y-directivos\/","og_locale":"es_ES","og_type":"article","og_title":"Goiena Seguros | Empresas- Administradores y Directivos","og_description":"Un seguro de Administradores y Directivos protege a los miembros del \u00f3rgano de administraci\u00f3n de una sociedad y a personas con cargos de direcci\u00f3n.","og_url":"https:\/\/www.segurosgoiena.com\/es\/empresas\/seguros-goiena\/grandes-riesgos-empresas\/responsabilidad-civil\/do-administradores-y-directivos\/","og_site_name":"Seguros Goiena","article_modified_time":"2017-01-12T14:59:25+00:00","og_image":[{"width":523,"height":425,"url":"https:\/\/www.segurosgoiena.com\/wp-content\/uploads\/2016\/11\/D-and-O-administradores-y-directivos.jpg","type":"image\/jpeg"}],"twitter_card":"summary_large_image","twitter_misc":{"Tiempo de lectura":"1 minuto"},"schema":{"@context":"https:\/\/schema.org","@graph":[{"@type":"WebPage","@id":"https:\/\/www.segurosgoiena.com\/es\/empresas\/seguros-goiena\/grandes-riesgos-empresas\/responsabilidad-civil\/do-administradores-y-directivos\/","url":"https:\/\/www.segurosgoiena.com\/es\/empresas\/seguros-goiena\/grandes-riesgos-empresas\/responsabilidad-civil\/do-administradores-y-directivos\/","name":"Goiena Seguros | Empresas- Administradores y Directivos","isPartOf":{"@id":"http:\/\/www.segurosgoiena.com\/es\/#website"},"primaryImageOfPage":{"@id":"https:\/\/www.segurosgoiena.com\/es\/empresas\/seguros-goiena\/grandes-riesgos-empresas\/responsabilidad-civil\/do-administradores-y-directivos\/#primaryimage"},"image":{"@id":"https:\/\/www.segurosgoiena.com\/es\/empresas\/seguros-goiena\/grandes-riesgos-empresas\/responsabilidad-civil\/do-administradores-y-directivos\/#primaryimage"},"thumbnailUrl":"http:\/\/www.segurosgoiena.com\/wp-content\/uploads\/2016\/11\/D-and-O-administradores-y-directivos.jpg","datePublished":"2016-11-29T12:10:40+00:00","dateModified":"2017-01-12T14:59:25+00:00","description":"Un seguro de Administradores y Directivos protege a los miembros del \u00f3rgano de administraci\u00f3n de una sociedad y a personas con cargos de direcci\u00f3n.","breadcrumb":{"@id":"https:\/\/www.segurosgoiena.com\/es\/empresas\/seguros-goiena\/grandes-riesgos-empresas\/responsabilidad-civil\/do-administradores-y-directivos\/#breadcrumb"},"inLanguage":"es","potentialAction":[{"@type":"ReadAction","target":["https:\/\/www.segurosgoiena.com\/es\/empresas\/seguros-goiena\/grandes-riesgos-empresas\/responsabilidad-civil\/do-administradores-y-directivos\/"]}]},{"@type":"ImageObject","inLanguage":"es","@id":"https:\/\/www.segurosgoiena.com\/es\/empresas\/seguros-goiena\/grandes-riesgos-empresas\/responsabilidad-civil\/do-administradores-y-directivos\/#primaryimage","url":"http:\/\/www.segurosgoiena.com\/wp-content\/uploads\/2016\/11\/D-and-O-administradores-y-directivos.jpg","contentUrl":"http:\/\/www.segurosgoiena.com\/wp-content\/uploads\/2016\/11\/D-and-O-administradores-y-directivos.jpg","width":523,"height":425},{"@type":"BreadcrumbList","@id":"https:\/\/www.segurosgoiena.com\/es\/empresas\/seguros-goiena\/grandes-riesgos-empresas\/responsabilidad-civil\/do-administradores-y-directivos\/#breadcrumb","itemListElement":[{"@type":"ListItem","position":1,"name":"Portada","item":"http:\/\/www.segurosgoiena.com\/es\/"},{"@type":"ListItem","position":2,"name":"EMPRESAS","item":"http:\/\/www.segurosgoiena.com\/es\/empresas\/"},{"@type":"ListItem","position":3,"name":"SEGUROS GOIENA","item":"http:\/\/www.segurosgoiena.com\/es\/empresas\/seguros-goiena\/"},{"@type":"ListItem","position":4,"name":"GRANDES RIESGOS EMPRESAS","item":"https:\/\/www.segurosgoiena.com\/es\/empresas\/seguros-goiena\/grandes-riesgos-empresas\/"},{"@type":"ListItem","position":5,"name":"RESPONSABILIDAD CIVIL","item":"https:\/\/www.segurosgoiena.com\/es\/empresas\/seguros-goiena\/grandes-riesgos-empresas\/responsabilidad-civil\/"},{"@type":"ListItem","position":6,"name":"D&#038;O Administradores y Directivos"}]},{"@type":"WebSite","@id":"http:\/\/www.segurosgoiena.com\/es\/#website","url":"http:\/\/www.segurosgoiena.com\/es\/","name":"Seguros Goiena","description":"Seguros para empresas y particulares","potentialAction":[{"@type":"SearchAction","target":{"@type":"EntryPoint","urlTemplate":"http:\/\/www.segurosgoiena.com\/es\/?s={search_term_string}"},"query-input":"required name=search_term_string"}],"inLanguage":"es"}]}},"_links":{"self":[{"href":"http:\/\/www.segurosgoiena.com\/es\/wp-json\/wp\/v2\/pages\/296","targetHints":{"allow":["GET"]}}],"collection":[{"href":"http:\/\/www.segurosgoiena.com\/es\/wp-json\/wp\/v2\/pages"}],"about":[{"href":"http:\/\/www.segurosgoiena.com\/es\/wp-json\/wp\/v2\/types\/page"}],"author":[{"embeddable":true,"href":"http:\/\/www.segurosgoiena.com\/es\/wp-json\/wp\/v2\/users\/1"}],"replies":[{"embeddable":true,"href":"http:\/\/www.segurosgoiena.com\/es\/wp-json\/wp\/v2\/comments?post=296"}],"version-history":[{"count":11,"href":"http:\/\/www.segurosgoiena.com\/es\/wp-json\/wp\/v2\/pages\/296\/revisions"}],"predecessor-version":[{"id":1621,"href":"http:\/\/www.segurosgoiena.com\/es\/wp-json\/wp\/v2\/pages\/296\/revisions\/1621"}],"up":[{"embeddable":true,"href":"http:\/\/www.segurosgoiena.com\/es\/wp-json\/wp\/v2\/pages\/286"}],"wp:featuredmedia":[{"embeddable":true,"href":"http:\/\/www.segurosgoiena.com\/es\/wp-json\/wp\/v2\/media\/317"}],"wp:attachment":[{"href":"http:\/\/www.segurosgoiena.com\/es\/wp-json\/wp\/v2\/media?parent=296"}],"curies":[{"name":"wp","href":"https:\/\/api.w.org\/{rel}","templated":true}]}}