{"id":288,"date":"2016-11-29T12:10:19","date_gmt":"2016-11-29T12:10:19","guid":{"rendered":"http:\/\/www.segurosgoiena.com\/es\/?page_id=288"},"modified":"2017-01-12T15:29:52","modified_gmt":"2017-01-12T15:29:52","slug":"administracion-y-entidades-publicas","status":"publish","type":"page","link":"http:\/\/www.segurosgoiena.com\/es\/empresas\/seguros-goiena\/grandes-riesgos-empresas\/administracion-y-entidades-publicas\/","title":{"rendered":"ADMINISTRACI\u00d3N Y ENTIDADES P\u00daBLICAS"},"content":{"rendered":"<p>Los Seguros de Administraci\u00f3n y Entidades P\u00fablicas est\u00e1n adaptados a las empresas del sector p\u00fablico.<\/p>\n<p>Las administraciones incurren en riesgos que comprometen la estabilidad presupuestaria y repercuten en el contribuyente.<\/p>\n<p>Los programas de seguros del Sector P\u00fablico, incluyendo la Administraci\u00f3n Central, Auton\u00f3mica y Local, as\u00ed como Empresas P\u00fablicas, prestan un asesoramiento integral y facilitan la adecuada protecci\u00f3n patrimonial y personal.<\/p>\n","protected":false},"excerpt":{"rendered":"<p>Los Seguros de Administraci\u00f3n y Entidades P\u00fablicas est\u00e1n adaptados a las empresas del sector p\u00fablico. Las administraciones incurren en riesgos que comprometen la estabilidad presupuestaria y repercuten en el contribuyente. Los programas de seguros del Sector P\u00fablico, incluyendo la Administraci\u00f3n Central, Auton\u00f3mica y Local, as\u00ed como Empresas P\u00fablicas, prestan un asesoramiento integral y facilitan la [&hellip;]<\/p>\n","protected":false},"author":1,"featured_media":325,"parent":64,"menu_order":60,"comment_status":"closed","ping_status":"closed","template":"page-templates\/template-producto.php","meta":{"_acf_changed":false,"footnotes":""},"class_list":["post-288","page","type-page","status-publish","has-post-thumbnail","hentry"],"acf":[],"yoast_head":"<!-- This site is optimized with the Yoast SEO plugin v22.5 - https:\/\/yoast.com\/wordpress\/plugins\/seo\/ -->\n<title>Goiena Seguros | Empresas- Administraci\u00f3n y entidades p\u00fablicas<\/title>\n<meta name=\"description\" content=\"Los Seguros de Administraci\u00f3n y Entidades P\u00fablicas est\u00e1n adaptados a las empresas del sector p\u00fablico y los riegos a los que puedan incurrir.\" \/>\n<meta name=\"robots\" content=\"index, follow, max-snippet:-1, max-image-preview:large, max-video-preview:-1\" \/>\n<link rel=\"canonical\" href=\"http:\/\/www.segurosgoiena.com\/es\/empresas\/seguros-goiena\/grandes-riesgos-empresas\/administracion-y-entidades-publicas\/\" \/>\n<meta property=\"og:locale\" content=\"es_ES\" \/>\n<meta property=\"og:type\" content=\"article\" \/>\n<meta property=\"og:title\" content=\"Goiena Seguros | Empresas- Administraci\u00f3n y entidades p\u00fablicas\" \/>\n<meta property=\"og:description\" content=\"Los Seguros de Administraci\u00f3n y Entidades P\u00fablicas est\u00e1n adaptados a las empresas del sector p\u00fablico y los riegos a los que puedan incurrir.\" \/>\n<meta property=\"og:url\" content=\"http:\/\/www.segurosgoiena.com\/es\/empresas\/seguros-goiena\/grandes-riesgos-empresas\/administracion-y-entidades-publicas\/\" \/>\n<meta property=\"og:site_name\" content=\"Seguros Goiena\" \/>\n<meta property=\"article:modified_time\" content=\"2017-01-12T15:29:52+00:00\" \/>\n<meta property=\"og:image\" content=\"http:\/\/www.segurosgoiena.com\/wp-content\/uploads\/2016\/11\/administracion-y-entidades-publicas.jpg\" \/>\n\t<meta property=\"og:image:width\" content=\"523\" \/>\n\t<meta property=\"og:image:height\" content=\"425\" \/>\n\t<meta property=\"og:image:type\" content=\"image\/jpeg\" \/>\n<meta name=\"twitter:card\" content=\"summary_large_image\" \/>\n<script type=\"application\/ld+json\" class=\"yoast-schema-graph\">{\"@context\":\"https:\/\/schema.org\",\"@graph\":[{\"@type\":\"WebPage\",\"@id\":\"http:\/\/www.segurosgoiena.com\/es\/empresas\/seguros-goiena\/grandes-riesgos-empresas\/administracion-y-entidades-publicas\/\",\"url\":\"http:\/\/www.segurosgoiena.com\/es\/empresas\/seguros-goiena\/grandes-riesgos-empresas\/administracion-y-entidades-publicas\/\",\"name\":\"Goiena Seguros | Empresas- Administraci\u00f3n y entidades p\u00fablicas\",\"isPartOf\":{\"@id\":\"http:\/\/www.segurosgoiena.com\/es\/#website\"},\"primaryImageOfPage\":{\"@id\":\"http:\/\/www.segurosgoiena.com\/es\/empresas\/seguros-goiena\/grandes-riesgos-empresas\/administracion-y-entidades-publicas\/#primaryimage\"},\"image\":{\"@id\":\"http:\/\/www.segurosgoiena.com\/es\/empresas\/seguros-goiena\/grandes-riesgos-empresas\/administracion-y-entidades-publicas\/#primaryimage\"},\"thumbnailUrl\":\"http:\/\/www.segurosgoiena.com\/wp-content\/uploads\/2016\/11\/administracion-y-entidades-publicas.jpg\",\"datePublished\":\"2016-11-29T12:10:19+00:00\",\"dateModified\":\"2017-01-12T15:29:52+00:00\",\"description\":\"Los Seguros de Administraci\u00f3n y Entidades P\u00fablicas est\u00e1n adaptados a las empresas del sector p\u00fablico y los riegos a los que puedan incurrir.\",\"breadcrumb\":{\"@id\":\"http:\/\/www.segurosgoiena.com\/es\/empresas\/seguros-goiena\/grandes-riesgos-empresas\/administracion-y-entidades-publicas\/#breadcrumb\"},\"inLanguage\":\"es\",\"potentialAction\":[{\"@type\":\"ReadAction\",\"target\":[\"http:\/\/www.segurosgoiena.com\/es\/empresas\/seguros-goiena\/grandes-riesgos-empresas\/administracion-y-entidades-publicas\/\"]}]},{\"@type\":\"ImageObject\",\"inLanguage\":\"es\",\"@id\":\"http:\/\/www.segurosgoiena.com\/es\/empresas\/seguros-goiena\/grandes-riesgos-empresas\/administracion-y-entidades-publicas\/#primaryimage\",\"url\":\"http:\/\/www.segurosgoiena.com\/wp-content\/uploads\/2016\/11\/administracion-y-entidades-publicas.jpg\",\"contentUrl\":\"http:\/\/www.segurosgoiena.com\/wp-content\/uploads\/2016\/11\/administracion-y-entidades-publicas.jpg\",\"width\":523,\"height\":425},{\"@type\":\"BreadcrumbList\",\"@id\":\"http:\/\/www.segurosgoiena.com\/es\/empresas\/seguros-goiena\/grandes-riesgos-empresas\/administracion-y-entidades-publicas\/#breadcrumb\",\"itemListElement\":[{\"@type\":\"ListItem\",\"position\":1,\"name\":\"Portada\",\"item\":\"http:\/\/www.segurosgoiena.com\/es\/\"},{\"@type\":\"ListItem\",\"position\":2,\"name\":\"EMPRESAS\",\"item\":\"http:\/\/www.segurosgoiena.com\/es\/empresas\/\"},{\"@type\":\"ListItem\",\"position\":3,\"name\":\"SEGUROS GOIENA\",\"item\":\"http:\/\/www.segurosgoiena.com\/es\/empresas\/seguros-goiena\/\"},{\"@type\":\"ListItem\",\"position\":4,\"name\":\"GRANDES RIESGOS EMPRESAS\",\"item\":\"https:\/\/www.segurosgoiena.com\/es\/empresas\/seguros-goiena\/grandes-riesgos-empresas\/\"},{\"@type\":\"ListItem\",\"position\":5,\"name\":\"ADMINISTRACI\u00d3N Y ENTIDADES P\u00daBLICAS\"}]},{\"@type\":\"WebSite\",\"@id\":\"http:\/\/www.segurosgoiena.com\/es\/#website\",\"url\":\"http:\/\/www.segurosgoiena.com\/es\/\",\"name\":\"Seguros Goiena\",\"description\":\"Seguros para empresas y particulares\",\"potentialAction\":[{\"@type\":\"SearchAction\",\"target\":{\"@type\":\"EntryPoint\",\"urlTemplate\":\"http:\/\/www.segurosgoiena.com\/es\/?s={search_term_string}\"},\"query-input\":\"required name=search_term_string\"}],\"inLanguage\":\"es\"}]}<\/script>\n<!-- \/ Yoast SEO plugin. -->","yoast_head_json":{"title":"Goiena Seguros | Empresas- Administraci\u00f3n y entidades p\u00fablicas","description":"Los Seguros de Administraci\u00f3n y Entidades P\u00fablicas est\u00e1n adaptados a las empresas del sector p\u00fablico y los riegos a los que puedan incurrir.","robots":{"index":"index","follow":"follow","max-snippet":"max-snippet:-1","max-image-preview":"max-image-preview:large","max-video-preview":"max-video-preview:-1"},"canonical":"http:\/\/www.segurosgoiena.com\/es\/empresas\/seguros-goiena\/grandes-riesgos-empresas\/administracion-y-entidades-publicas\/","og_locale":"es_ES","og_type":"article","og_title":"Goiena Seguros | Empresas- Administraci\u00f3n y entidades p\u00fablicas","og_description":"Los Seguros de Administraci\u00f3n y Entidades P\u00fablicas est\u00e1n adaptados a las empresas del sector p\u00fablico y los riegos a los que puedan incurrir.","og_url":"http:\/\/www.segurosgoiena.com\/es\/empresas\/seguros-goiena\/grandes-riesgos-empresas\/administracion-y-entidades-publicas\/","og_site_name":"Seguros Goiena","article_modified_time":"2017-01-12T15:29:52+00:00","og_image":[{"width":523,"height":425,"url":"http:\/\/www.segurosgoiena.com\/wp-content\/uploads\/2016\/11\/administracion-y-entidades-publicas.jpg","type":"image\/jpeg"}],"twitter_card":"summary_large_image","schema":{"@context":"https:\/\/schema.org","@graph":[{"@type":"WebPage","@id":"http:\/\/www.segurosgoiena.com\/es\/empresas\/seguros-goiena\/grandes-riesgos-empresas\/administracion-y-entidades-publicas\/","url":"http:\/\/www.segurosgoiena.com\/es\/empresas\/seguros-goiena\/grandes-riesgos-empresas\/administracion-y-entidades-publicas\/","name":"Goiena Seguros | Empresas- Administraci\u00f3n y entidades p\u00fablicas","isPartOf":{"@id":"http:\/\/www.segurosgoiena.com\/es\/#website"},"primaryImageOfPage":{"@id":"http:\/\/www.segurosgoiena.com\/es\/empresas\/seguros-goiena\/grandes-riesgos-empresas\/administracion-y-entidades-publicas\/#primaryimage"},"image":{"@id":"http:\/\/www.segurosgoiena.com\/es\/empresas\/seguros-goiena\/grandes-riesgos-empresas\/administracion-y-entidades-publicas\/#primaryimage"},"thumbnailUrl":"http:\/\/www.segurosgoiena.com\/wp-content\/uploads\/2016\/11\/administracion-y-entidades-publicas.jpg","datePublished":"2016-11-29T12:10:19+00:00","dateModified":"2017-01-12T15:29:52+00:00","description":"Los Seguros de Administraci\u00f3n y Entidades P\u00fablicas est\u00e1n adaptados a las empresas del sector p\u00fablico y los riegos a los que puedan incurrir.","breadcrumb":{"@id":"http:\/\/www.segurosgoiena.com\/es\/empresas\/seguros-goiena\/grandes-riesgos-empresas\/administracion-y-entidades-publicas\/#breadcrumb"},"inLanguage":"es","potentialAction":[{"@type":"ReadAction","target":["http:\/\/www.segurosgoiena.com\/es\/empresas\/seguros-goiena\/grandes-riesgos-empresas\/administracion-y-entidades-publicas\/"]}]},{"@type":"ImageObject","inLanguage":"es","@id":"http:\/\/www.segurosgoiena.com\/es\/empresas\/seguros-goiena\/grandes-riesgos-empresas\/administracion-y-entidades-publicas\/#primaryimage","url":"http:\/\/www.segurosgoiena.com\/wp-content\/uploads\/2016\/11\/administracion-y-entidades-publicas.jpg","contentUrl":"http:\/\/www.segurosgoiena.com\/wp-content\/uploads\/2016\/11\/administracion-y-entidades-publicas.jpg","width":523,"height":425},{"@type":"BreadcrumbList","@id":"http:\/\/www.segurosgoiena.com\/es\/empresas\/seguros-goiena\/grandes-riesgos-empresas\/administracion-y-entidades-publicas\/#breadcrumb","itemListElement":[{"@type":"ListItem","position":1,"name":"Portada","item":"http:\/\/www.segurosgoiena.com\/es\/"},{"@type":"ListItem","position":2,"name":"EMPRESAS","item":"http:\/\/www.segurosgoiena.com\/es\/empresas\/"},{"@type":"ListItem","position":3,"name":"SEGUROS GOIENA","item":"http:\/\/www.segurosgoiena.com\/es\/empresas\/seguros-goiena\/"},{"@type":"ListItem","position":4,"name":"GRANDES RIESGOS EMPRESAS","item":"https:\/\/www.segurosgoiena.com\/es\/empresas\/seguros-goiena\/grandes-riesgos-empresas\/"},{"@type":"ListItem","position":5,"name":"ADMINISTRACI\u00d3N Y ENTIDADES P\u00daBLICAS"}]},{"@type":"WebSite","@id":"http:\/\/www.segurosgoiena.com\/es\/#website","url":"http:\/\/www.segurosgoiena.com\/es\/","name":"Seguros Goiena","description":"Seguros para empresas y particulares","potentialAction":[{"@type":"SearchAction","target":{"@type":"EntryPoint","urlTemplate":"http:\/\/www.segurosgoiena.com\/es\/?s={search_term_string}"},"query-input":"required name=search_term_string"}],"inLanguage":"es"}]}},"_links":{"self":[{"href":"http:\/\/www.segurosgoiena.com\/es\/wp-json\/wp\/v2\/pages\/288","targetHints":{"allow":["GET"]}}],"collection":[{"href":"http:\/\/www.segurosgoiena.com\/es\/wp-json\/wp\/v2\/pages"}],"about":[{"href":"http:\/\/www.segurosgoiena.com\/es\/wp-json\/wp\/v2\/types\/page"}],"author":[{"embeddable":true,"href":"http:\/\/www.segurosgoiena.com\/es\/wp-json\/wp\/v2\/users\/1"}],"replies":[{"embeddable":true,"href":"http:\/\/www.segurosgoiena.com\/es\/wp-json\/wp\/v2\/comments?post=288"}],"version-history":[{"count":8,"href":"http:\/\/www.segurosgoiena.com\/es\/wp-json\/wp\/v2\/pages\/288\/revisions"}],"predecessor-version":[{"id":361,"href":"http:\/\/www.segurosgoiena.com\/es\/wp-json\/wp\/v2\/pages\/288\/revisions\/361"}],"up":[{"embeddable":true,"href":"http:\/\/www.segurosgoiena.com\/es\/wp-json\/wp\/v2\/pages\/64"}],"wp:featuredmedia":[{"embeddable":true,"href":"http:\/\/www.segurosgoiena.com\/es\/wp-json\/wp\/v2\/media\/325"}],"wp:attachment":[{"href":"http:\/\/www.segurosgoiena.com\/es\/wp-json\/wp\/v2\/media?parent=288"}],"curies":[{"name":"wp","href":"https:\/\/api.w.org\/{rel}","templated":true}]}}