{"id":287,"date":"2016-11-29T12:10:02","date_gmt":"2016-11-29T12:10:02","guid":{"rendered":"http:\/\/www.segurosgoiena.com\/es\/?page_id=287"},"modified":"2017-01-12T15:22:04","modified_gmt":"2017-01-12T15:22:04","slug":"gestion-de-crisis-secuestro-y-extorsion","status":"publish","type":"page","link":"http:\/\/www.segurosgoiena.com\/es\/empresas\/seguros-goiena\/grandes-riesgos-empresas\/gestion-de-crisis-secuestro-y-extorsion\/","title":{"rendered":"GESTI\u00d3N DE CRISIS SECUESTRO Y EXTORSI\u00d3N"},"content":{"rendered":"<p>La expansi\u00f3n internacional es una realidad constante en las empresas de hoy en d\u00eda, con especial focalizaci\u00f3n en pa\u00edses emergentes.<\/p>\n<p>Muchos de estos lugares est\u00e1n experimentando un gran crecimiento, pero al mismo tiempo est\u00e1n considerados como lugares de elevado riesgo en incidentes de secuestro, extorsi\u00f3n o detenci\u00f3n ilegal.<\/p>\n","protected":false},"excerpt":{"rendered":"<p>La expansi\u00f3n internacional es una realidad constante en las empresas de hoy en d\u00eda, con especial focalizaci\u00f3n en pa\u00edses emergentes. Muchos de estos lugares est\u00e1n experimentando un gran crecimiento, pero al mismo tiempo est\u00e1n considerados como lugares de elevado riesgo en incidentes de secuestro, extorsi\u00f3n o detenci\u00f3n ilegal.<\/p>\n","protected":false},"author":1,"featured_media":311,"parent":64,"menu_order":50,"comment_status":"closed","ping_status":"closed","template":"page-templates\/template-producto.php","meta":{"_acf_changed":false,"footnotes":""},"class_list":["post-287","page","type-page","status-publish","has-post-thumbnail","hentry"],"acf":[],"yoast_head":"<!-- This site is optimized with the Yoast SEO plugin v22.5 - https:\/\/yoast.com\/wordpress\/plugins\/seo\/ -->\n<title>Goiena Seguros | Empresas- Gesti\u00f3n de crisis; secuestro y extorsi\u00f3n<\/title>\n<meta name=\"description\" content=\"El Seguro de Gesti\u00f3n de Crisis ofrece una soluci\u00f3n completa ante las amenazas de pirater\u00eda a las que a diario se pueden enfrentar las empresas.\" \/>\n<meta name=\"robots\" content=\"index, follow, max-snippet:-1, max-image-preview:large, max-video-preview:-1\" \/>\n<link rel=\"canonical\" href=\"http:\/\/www.segurosgoiena.com\/es\/empresas\/seguros-goiena\/grandes-riesgos-empresas\/gestion-de-crisis-secuestro-y-extorsion\/\" \/>\n<meta property=\"og:locale\" content=\"es_ES\" \/>\n<meta property=\"og:type\" content=\"article\" \/>\n<meta property=\"og:title\" content=\"Goiena Seguros | Empresas- Gesti\u00f3n de crisis; secuestro y extorsi\u00f3n\" \/>\n<meta property=\"og:description\" content=\"El Seguro de Gesti\u00f3n de Crisis ofrece una soluci\u00f3n completa ante las amenazas de pirater\u00eda a las que a diario se pueden enfrentar las empresas.\" \/>\n<meta property=\"og:url\" content=\"http:\/\/www.segurosgoiena.com\/es\/empresas\/seguros-goiena\/grandes-riesgos-empresas\/gestion-de-crisis-secuestro-y-extorsion\/\" \/>\n<meta property=\"og:site_name\" content=\"Seguros Goiena\" \/>\n<meta property=\"article:modified_time\" content=\"2017-01-12T15:22:04+00:00\" \/>\n<meta property=\"og:image\" content=\"http:\/\/www.segurosgoiena.com\/wp-content\/uploads\/2016\/11\/gestion-de-crisis-secuestro-y-extorsion.jpg\" \/>\n\t<meta property=\"og:image:width\" content=\"523\" \/>\n\t<meta property=\"og:image:height\" content=\"425\" \/>\n\t<meta property=\"og:image:type\" content=\"image\/jpeg\" \/>\n<meta name=\"twitter:card\" content=\"summary_large_image\" \/>\n<script type=\"application\/ld+json\" class=\"yoast-schema-graph\">{\"@context\":\"https:\/\/schema.org\",\"@graph\":[{\"@type\":\"WebPage\",\"@id\":\"http:\/\/www.segurosgoiena.com\/es\/empresas\/seguros-goiena\/grandes-riesgos-empresas\/gestion-de-crisis-secuestro-y-extorsion\/\",\"url\":\"http:\/\/www.segurosgoiena.com\/es\/empresas\/seguros-goiena\/grandes-riesgos-empresas\/gestion-de-crisis-secuestro-y-extorsion\/\",\"name\":\"Goiena Seguros | Empresas- Gesti\u00f3n de crisis; secuestro y extorsi\u00f3n\",\"isPartOf\":{\"@id\":\"http:\/\/www.segurosgoiena.com\/es\/#website\"},\"primaryImageOfPage\":{\"@id\":\"http:\/\/www.segurosgoiena.com\/es\/empresas\/seguros-goiena\/grandes-riesgos-empresas\/gestion-de-crisis-secuestro-y-extorsion\/#primaryimage\"},\"image\":{\"@id\":\"http:\/\/www.segurosgoiena.com\/es\/empresas\/seguros-goiena\/grandes-riesgos-empresas\/gestion-de-crisis-secuestro-y-extorsion\/#primaryimage\"},\"thumbnailUrl\":\"http:\/\/www.segurosgoiena.com\/wp-content\/uploads\/2016\/11\/gestion-de-crisis-secuestro-y-extorsion.jpg\",\"datePublished\":\"2016-11-29T12:10:02+00:00\",\"dateModified\":\"2017-01-12T15:22:04+00:00\",\"description\":\"El Seguro de Gesti\u00f3n de Crisis ofrece una soluci\u00f3n completa ante las amenazas de pirater\u00eda a las que a diario se pueden enfrentar las empresas.\",\"breadcrumb\":{\"@id\":\"http:\/\/www.segurosgoiena.com\/es\/empresas\/seguros-goiena\/grandes-riesgos-empresas\/gestion-de-crisis-secuestro-y-extorsion\/#breadcrumb\"},\"inLanguage\":\"es\",\"potentialAction\":[{\"@type\":\"ReadAction\",\"target\":[\"http:\/\/www.segurosgoiena.com\/es\/empresas\/seguros-goiena\/grandes-riesgos-empresas\/gestion-de-crisis-secuestro-y-extorsion\/\"]}]},{\"@type\":\"ImageObject\",\"inLanguage\":\"es\",\"@id\":\"http:\/\/www.segurosgoiena.com\/es\/empresas\/seguros-goiena\/grandes-riesgos-empresas\/gestion-de-crisis-secuestro-y-extorsion\/#primaryimage\",\"url\":\"http:\/\/www.segurosgoiena.com\/wp-content\/uploads\/2016\/11\/gestion-de-crisis-secuestro-y-extorsion.jpg\",\"contentUrl\":\"http:\/\/www.segurosgoiena.com\/wp-content\/uploads\/2016\/11\/gestion-de-crisis-secuestro-y-extorsion.jpg\",\"width\":523,\"height\":425},{\"@type\":\"BreadcrumbList\",\"@id\":\"http:\/\/www.segurosgoiena.com\/es\/empresas\/seguros-goiena\/grandes-riesgos-empresas\/gestion-de-crisis-secuestro-y-extorsion\/#breadcrumb\",\"itemListElement\":[{\"@type\":\"ListItem\",\"position\":1,\"name\":\"Portada\",\"item\":\"http:\/\/www.segurosgoiena.com\/es\/\"},{\"@type\":\"ListItem\",\"position\":2,\"name\":\"EMPRESAS\",\"item\":\"http:\/\/www.segurosgoiena.com\/es\/empresas\/\"},{\"@type\":\"ListItem\",\"position\":3,\"name\":\"SEGUROS GOIENA\",\"item\":\"http:\/\/www.segurosgoiena.com\/es\/empresas\/seguros-goiena\/\"},{\"@type\":\"ListItem\",\"position\":4,\"name\":\"GRANDES RIESGOS EMPRESAS\",\"item\":\"https:\/\/www.segurosgoiena.com\/es\/empresas\/seguros-goiena\/grandes-riesgos-empresas\/\"},{\"@type\":\"ListItem\",\"position\":5,\"name\":\"GESTI\u00d3N DE CRISIS SECUESTRO Y EXTORSI\u00d3N\"}]},{\"@type\":\"WebSite\",\"@id\":\"http:\/\/www.segurosgoiena.com\/es\/#website\",\"url\":\"http:\/\/www.segurosgoiena.com\/es\/\",\"name\":\"Seguros Goiena\",\"description\":\"Seguros para empresas y particulares\",\"potentialAction\":[{\"@type\":\"SearchAction\",\"target\":{\"@type\":\"EntryPoint\",\"urlTemplate\":\"http:\/\/www.segurosgoiena.com\/es\/?s={search_term_string}\"},\"query-input\":\"required name=search_term_string\"}],\"inLanguage\":\"es\"}]}<\/script>\n<!-- \/ Yoast SEO plugin. -->","yoast_head_json":{"title":"Goiena Seguros | Empresas- Gesti\u00f3n de crisis; secuestro y extorsi\u00f3n","description":"El Seguro de Gesti\u00f3n de Crisis ofrece una soluci\u00f3n completa ante las amenazas de pirater\u00eda a las que a diario se pueden enfrentar las empresas.","robots":{"index":"index","follow":"follow","max-snippet":"max-snippet:-1","max-image-preview":"max-image-preview:large","max-video-preview":"max-video-preview:-1"},"canonical":"http:\/\/www.segurosgoiena.com\/es\/empresas\/seguros-goiena\/grandes-riesgos-empresas\/gestion-de-crisis-secuestro-y-extorsion\/","og_locale":"es_ES","og_type":"article","og_title":"Goiena Seguros | Empresas- Gesti\u00f3n de crisis; secuestro y extorsi\u00f3n","og_description":"El Seguro de Gesti\u00f3n de Crisis ofrece una soluci\u00f3n completa ante las amenazas de pirater\u00eda a las que a diario se pueden enfrentar las empresas.","og_url":"http:\/\/www.segurosgoiena.com\/es\/empresas\/seguros-goiena\/grandes-riesgos-empresas\/gestion-de-crisis-secuestro-y-extorsion\/","og_site_name":"Seguros Goiena","article_modified_time":"2017-01-12T15:22:04+00:00","og_image":[{"width":523,"height":425,"url":"http:\/\/www.segurosgoiena.com\/wp-content\/uploads\/2016\/11\/gestion-de-crisis-secuestro-y-extorsion.jpg","type":"image\/jpeg"}],"twitter_card":"summary_large_image","schema":{"@context":"https:\/\/schema.org","@graph":[{"@type":"WebPage","@id":"http:\/\/www.segurosgoiena.com\/es\/empresas\/seguros-goiena\/grandes-riesgos-empresas\/gestion-de-crisis-secuestro-y-extorsion\/","url":"http:\/\/www.segurosgoiena.com\/es\/empresas\/seguros-goiena\/grandes-riesgos-empresas\/gestion-de-crisis-secuestro-y-extorsion\/","name":"Goiena Seguros | Empresas- Gesti\u00f3n de crisis; secuestro y extorsi\u00f3n","isPartOf":{"@id":"http:\/\/www.segurosgoiena.com\/es\/#website"},"primaryImageOfPage":{"@id":"http:\/\/www.segurosgoiena.com\/es\/empresas\/seguros-goiena\/grandes-riesgos-empresas\/gestion-de-crisis-secuestro-y-extorsion\/#primaryimage"},"image":{"@id":"http:\/\/www.segurosgoiena.com\/es\/empresas\/seguros-goiena\/grandes-riesgos-empresas\/gestion-de-crisis-secuestro-y-extorsion\/#primaryimage"},"thumbnailUrl":"http:\/\/www.segurosgoiena.com\/wp-content\/uploads\/2016\/11\/gestion-de-crisis-secuestro-y-extorsion.jpg","datePublished":"2016-11-29T12:10:02+00:00","dateModified":"2017-01-12T15:22:04+00:00","description":"El Seguro de Gesti\u00f3n de Crisis ofrece una soluci\u00f3n completa ante las amenazas de pirater\u00eda a las que a diario se pueden enfrentar las empresas.","breadcrumb":{"@id":"http:\/\/www.segurosgoiena.com\/es\/empresas\/seguros-goiena\/grandes-riesgos-empresas\/gestion-de-crisis-secuestro-y-extorsion\/#breadcrumb"},"inLanguage":"es","potentialAction":[{"@type":"ReadAction","target":["http:\/\/www.segurosgoiena.com\/es\/empresas\/seguros-goiena\/grandes-riesgos-empresas\/gestion-de-crisis-secuestro-y-extorsion\/"]}]},{"@type":"ImageObject","inLanguage":"es","@id":"http:\/\/www.segurosgoiena.com\/es\/empresas\/seguros-goiena\/grandes-riesgos-empresas\/gestion-de-crisis-secuestro-y-extorsion\/#primaryimage","url":"http:\/\/www.segurosgoiena.com\/wp-content\/uploads\/2016\/11\/gestion-de-crisis-secuestro-y-extorsion.jpg","contentUrl":"http:\/\/www.segurosgoiena.com\/wp-content\/uploads\/2016\/11\/gestion-de-crisis-secuestro-y-extorsion.jpg","width":523,"height":425},{"@type":"BreadcrumbList","@id":"http:\/\/www.segurosgoiena.com\/es\/empresas\/seguros-goiena\/grandes-riesgos-empresas\/gestion-de-crisis-secuestro-y-extorsion\/#breadcrumb","itemListElement":[{"@type":"ListItem","position":1,"name":"Portada","item":"http:\/\/www.segurosgoiena.com\/es\/"},{"@type":"ListItem","position":2,"name":"EMPRESAS","item":"http:\/\/www.segurosgoiena.com\/es\/empresas\/"},{"@type":"ListItem","position":3,"name":"SEGUROS GOIENA","item":"http:\/\/www.segurosgoiena.com\/es\/empresas\/seguros-goiena\/"},{"@type":"ListItem","position":4,"name":"GRANDES RIESGOS EMPRESAS","item":"https:\/\/www.segurosgoiena.com\/es\/empresas\/seguros-goiena\/grandes-riesgos-empresas\/"},{"@type":"ListItem","position":5,"name":"GESTI\u00d3N DE CRISIS SECUESTRO Y EXTORSI\u00d3N"}]},{"@type":"WebSite","@id":"http:\/\/www.segurosgoiena.com\/es\/#website","url":"http:\/\/www.segurosgoiena.com\/es\/","name":"Seguros Goiena","description":"Seguros para empresas y particulares","potentialAction":[{"@type":"SearchAction","target":{"@type":"EntryPoint","urlTemplate":"http:\/\/www.segurosgoiena.com\/es\/?s={search_term_string}"},"query-input":"required name=search_term_string"}],"inLanguage":"es"}]}},"_links":{"self":[{"href":"http:\/\/www.segurosgoiena.com\/es\/wp-json\/wp\/v2\/pages\/287","targetHints":{"allow":["GET"]}}],"collection":[{"href":"http:\/\/www.segurosgoiena.com\/es\/wp-json\/wp\/v2\/pages"}],"about":[{"href":"http:\/\/www.segurosgoiena.com\/es\/wp-json\/wp\/v2\/types\/page"}],"author":[{"embeddable":true,"href":"http:\/\/www.segurosgoiena.com\/es\/wp-json\/wp\/v2\/users\/1"}],"replies":[{"embeddable":true,"href":"http:\/\/www.segurosgoiena.com\/es\/wp-json\/wp\/v2\/comments?post=287"}],"version-history":[{"count":4,"href":"http:\/\/www.segurosgoiena.com\/es\/wp-json\/wp\/v2\/pages\/287\/revisions"}],"predecessor-version":[{"id":1629,"href":"http:\/\/www.segurosgoiena.com\/es\/wp-json\/wp\/v2\/pages\/287\/revisions\/1629"}],"up":[{"embeddable":true,"href":"http:\/\/www.segurosgoiena.com\/es\/wp-json\/wp\/v2\/pages\/64"}],"wp:featuredmedia":[{"embeddable":true,"href":"http:\/\/www.segurosgoiena.com\/es\/wp-json\/wp\/v2\/media\/311"}],"wp:attachment":[{"href":"http:\/\/www.segurosgoiena.com\/es\/wp-json\/wp\/v2\/media?parent=287"}],"curies":[{"name":"wp","href":"https:\/\/api.w.org\/{rel}","templated":true}]}}