{"id":25,"date":"2016-11-14T15:02:16","date_gmt":"2016-11-14T15:02:16","guid":{"rendered":"http:\/\/www.segurosgoiena.com\/es\/?page_id=25"},"modified":"2017-01-05T11:16:10","modified_gmt":"2017-01-05T11:16:10","slug":"asistencia","status":"publish","type":"page","link":"http:\/\/www.segurosgoiena.com\/es\/empresas\/asistencia\/","title":{"rendered":"Asistencia"},"content":{"rendered":"<h3><img loading=\"lazy\" decoding=\"async\" class=\"alignnone wp-image-1529 size-full\" src=\"http:\/\/www.segurosgoiena.com\/wp-content\/uploads\/2016\/12\/asistencia-empresas.jpg\" alt=\"goiena-empresas-asistencia\" width=\"357\" height=\"426\" \/><\/h3>\n<h2>Resoluci\u00f3n de Siniestros<\/h2>\n<p>Cuando tiene lugar un siniestro, es fundamental proceder de manera \u00e1gil y eficaz para minimizar las p\u00e9rdidas que \u00e9ste pueda provocar en la cuenta de resultados de la empresa y en su propia actividad productiva (da\u00f1os materiales, responsabilidad civil, interrupci\u00f3n de negocio, da\u00f1o de marca, entre otros). De ah\u00ed que consideremos el \u00e1rea de gesti\u00f3n de siniestros como elemento esencial del servicio a nuestros clientes.<\/p>\n<p>Gracias a nuestra amplia experiencia, capacidad de negociaci\u00f3n y formaci\u00f3n de nuestro personal, en <strong>Goiena<\/strong> garantizamos la correcta tramitaci\u00f3n de los siniestros y <strong>defensa de los intereses de nuestros clientes frente a las Compa\u00f1\u00edas de Seguros o terceros responsables,<\/strong> procurando la m\u00e1xima celeridad en las indemnizaciones, y ofreci\u00e9ndoles un constante apoyo durante todo el proceso.<\/p>\n<h3>Compromisos<\/h3>\n<p>Los programas de Seguros son trajes a medida; en Goiena acompa\u00f1amos al cliente y nos ajustamos a sus necesidades. Esta filosof\u00eda se traduce en <strong>dos compromisos<\/strong>:<\/p>\n<ol>\n<li><strong>Identificar en el siniestro a la persona m\u00e1s adecuada para cada tipo de Empresa.<\/strong><\/li>\n<li><strong>Gestionar en las ocasiones requeridas el siniestro &#8216;in situ&#8217;.<\/strong><\/li>\n<\/ol>\n<p>Adem\u00e1s, nos encargamos de:<\/p>\n<ul>\n<li>Poner en marcha los procedimientos espec\u00edficos para la tramitaci\u00f3n del siniestro<\/li>\n<li>Orientar y recopilar toda la documentaci\u00f3n necesaria<\/li>\n<li>Asesorar en la cuantificaci\u00f3n del da\u00f1o<\/li>\n<li>Notificar la informaci\u00f3n correcta a la Compa\u00f1\u00eda de Seguros<\/li>\n<li>Negociar con la Compa\u00f1\u00eda de Seguros<\/li>\n<li>Coordinar y supervisar la labor pericial<\/li>\n<li>Gestionar la modalidad y plazos en la liquidaci\u00f3n de siniestros<\/li>\n<li>Consultor\u00eda en la interpretaci\u00f3n t\u00e9cnica de los contratos de seguro<\/li>\n<li>Control estad\u00edstico de siniestros y causas de la siniestralidad<\/li>\n<\/ul>\n<h4><em><strong>Ante la ocurrencia de un Siniestro, en caso de conflicto con las Compa\u00f1\u00edas de Seguros le asesoramos con Imparcialidad, Objetividad e Independencia.<\/strong><\/em><\/h4>\n","protected":false},"excerpt":{"rendered":"<p>Resoluci\u00f3n de Siniestros Cuando tiene lugar un siniestro, es fundamental proceder de manera \u00e1gil y eficaz para minimizar las p\u00e9rdidas que \u00e9ste pueda provocar en la cuenta de resultados de la empresa y en su propia actividad productiva (da\u00f1os materiales, responsabilidad civil, interrupci\u00f3n de negocio, da\u00f1o de marca, entre otros). De ah\u00ed que consideremos el [&hellip;]<\/p>\n","protected":false},"author":1,"featured_media":0,"parent":211,"menu_order":0,"comment_status":"closed","ping_status":"closed","template":"","meta":{"_acf_changed":false,"footnotes":""},"class_list":["post-25","page","type-page","status-publish","hentry"],"acf":[],"yoast_head":"<!-- This site is optimized with the Yoast SEO plugin v22.5 - https:\/\/yoast.com\/wordpress\/plugins\/seo\/ -->\n<title>Goiena Seguros | Empresas- Asistencia<\/title>\n<meta name=\"description\" content=\"Ofrecemos asistencia cuando tiene lugar un siniestro, actuando de manera \u00e1gil y eficaz para minimizar las p\u00e9rdidas que \u00e9ste pueda provocar a la empresa.\" \/>\n<meta name=\"robots\" content=\"index, follow, max-snippet:-1, max-image-preview:large, max-video-preview:-1\" \/>\n<link rel=\"canonical\" href=\"https:\/\/www.segurosgoiena.com\/es\/empresas\/asistencia\/\" \/>\n<meta property=\"og:locale\" content=\"es_ES\" \/>\n<meta property=\"og:type\" content=\"article\" \/>\n<meta property=\"og:title\" content=\"Goiena Seguros | Empresas- Asistencia\" \/>\n<meta property=\"og:description\" content=\"Ofrecemos asistencia cuando tiene lugar un siniestro, actuando de manera \u00e1gil y eficaz para minimizar las p\u00e9rdidas que \u00e9ste pueda provocar a la empresa.\" \/>\n<meta property=\"og:url\" content=\"https:\/\/www.segurosgoiena.com\/es\/empresas\/asistencia\/\" \/>\n<meta property=\"og:site_name\" content=\"Seguros Goiena\" \/>\n<meta property=\"article:modified_time\" content=\"2017-01-05T11:16:10+00:00\" \/>\n<meta property=\"og:image\" content=\"http:\/\/www.segurosgoiena.com\/wp-content\/uploads\/2016\/12\/asistencia-empresas.jpg\" \/>\n<meta name=\"twitter:card\" content=\"summary_large_image\" \/>\n<meta name=\"twitter:label1\" content=\"Tiempo de lectura\" \/>\n\t<meta name=\"twitter:data1\" content=\"2 minutos\" \/>\n<script type=\"application\/ld+json\" class=\"yoast-schema-graph\">{\"@context\":\"https:\/\/schema.org\",\"@graph\":[{\"@type\":\"WebPage\",\"@id\":\"https:\/\/www.segurosgoiena.com\/es\/empresas\/asistencia\/\",\"url\":\"https:\/\/www.segurosgoiena.com\/es\/empresas\/asistencia\/\",\"name\":\"Goiena Seguros | Empresas- Asistencia\",\"isPartOf\":{\"@id\":\"https:\/\/www.segurosgoiena.com\/eu\/#website\"},\"primaryImageOfPage\":{\"@id\":\"https:\/\/www.segurosgoiena.com\/es\/empresas\/asistencia\/#primaryimage\"},\"image\":{\"@id\":\"https:\/\/www.segurosgoiena.com\/es\/empresas\/asistencia\/#primaryimage\"},\"thumbnailUrl\":\"http:\/\/www.segurosgoiena.com\/wp-content\/uploads\/2016\/12\/asistencia-empresas.jpg\",\"datePublished\":\"2016-11-14T15:02:16+00:00\",\"dateModified\":\"2017-01-05T11:16:10+00:00\",\"description\":\"Ofrecemos asistencia cuando tiene lugar un siniestro, actuando de manera \u00e1gil y eficaz para minimizar las p\u00e9rdidas que \u00e9ste pueda provocar a la empresa.\",\"breadcrumb\":{\"@id\":\"https:\/\/www.segurosgoiena.com\/es\/empresas\/asistencia\/#breadcrumb\"},\"inLanguage\":\"es\",\"potentialAction\":[{\"@type\":\"ReadAction\",\"target\":[\"https:\/\/www.segurosgoiena.com\/es\/empresas\/asistencia\/\"]}]},{\"@type\":\"ImageObject\",\"inLanguage\":\"es\",\"@id\":\"https:\/\/www.segurosgoiena.com\/es\/empresas\/asistencia\/#primaryimage\",\"url\":\"http:\/\/www.segurosgoiena.com\/wp-content\/uploads\/2016\/12\/asistencia-empresas.jpg\",\"contentUrl\":\"http:\/\/www.segurosgoiena.com\/wp-content\/uploads\/2016\/12\/asistencia-empresas.jpg\"},{\"@type\":\"BreadcrumbList\",\"@id\":\"https:\/\/www.segurosgoiena.com\/es\/empresas\/asistencia\/#breadcrumb\",\"itemListElement\":[{\"@type\":\"ListItem\",\"position\":1,\"name\":\"Portada\",\"item\":\"https:\/\/www.segurosgoiena.com\/eu\/\"},{\"@type\":\"ListItem\",\"position\":2,\"name\":\"EMPRESAS\",\"item\":\"http:\/\/www.segurosgoiena.com\/es\/empresas\/\"},{\"@type\":\"ListItem\",\"position\":3,\"name\":\"Asistencia\"}]},{\"@type\":\"WebSite\",\"@id\":\"https:\/\/www.segurosgoiena.com\/eu\/#website\",\"url\":\"https:\/\/www.segurosgoiena.com\/eu\/\",\"name\":\"Seguros Goiena\",\"description\":\"Seguros para empresas y particulares\",\"potentialAction\":[{\"@type\":\"SearchAction\",\"target\":{\"@type\":\"EntryPoint\",\"urlTemplate\":\"https:\/\/www.segurosgoiena.com\/eu\/?s={search_term_string}\"},\"query-input\":\"required name=search_term_string\"}],\"inLanguage\":\"es\"}]}<\/script>\n<!-- \/ Yoast SEO plugin. -->","yoast_head_json":{"title":"Goiena Seguros | Empresas- Asistencia","description":"Ofrecemos asistencia cuando tiene lugar un siniestro, actuando de manera \u00e1gil y eficaz para minimizar las p\u00e9rdidas que \u00e9ste pueda provocar a la empresa.","robots":{"index":"index","follow":"follow","max-snippet":"max-snippet:-1","max-image-preview":"max-image-preview:large","max-video-preview":"max-video-preview:-1"},"canonical":"https:\/\/www.segurosgoiena.com\/es\/empresas\/asistencia\/","og_locale":"es_ES","og_type":"article","og_title":"Goiena Seguros | Empresas- Asistencia","og_description":"Ofrecemos asistencia cuando tiene lugar un siniestro, actuando de manera \u00e1gil y eficaz para minimizar las p\u00e9rdidas que \u00e9ste pueda provocar a la empresa.","og_url":"https:\/\/www.segurosgoiena.com\/es\/empresas\/asistencia\/","og_site_name":"Seguros Goiena","article_modified_time":"2017-01-05T11:16:10+00:00","og_image":[{"url":"http:\/\/www.segurosgoiena.com\/wp-content\/uploads\/2016\/12\/asistencia-empresas.jpg"}],"twitter_card":"summary_large_image","twitter_misc":{"Tiempo de lectura":"2 minutos"},"schema":{"@context":"https:\/\/schema.org","@graph":[{"@type":"WebPage","@id":"https:\/\/www.segurosgoiena.com\/es\/empresas\/asistencia\/","url":"https:\/\/www.segurosgoiena.com\/es\/empresas\/asistencia\/","name":"Goiena Seguros | Empresas- Asistencia","isPartOf":{"@id":"https:\/\/www.segurosgoiena.com\/eu\/#website"},"primaryImageOfPage":{"@id":"https:\/\/www.segurosgoiena.com\/es\/empresas\/asistencia\/#primaryimage"},"image":{"@id":"https:\/\/www.segurosgoiena.com\/es\/empresas\/asistencia\/#primaryimage"},"thumbnailUrl":"http:\/\/www.segurosgoiena.com\/wp-content\/uploads\/2016\/12\/asistencia-empresas.jpg","datePublished":"2016-11-14T15:02:16+00:00","dateModified":"2017-01-05T11:16:10+00:00","description":"Ofrecemos asistencia cuando tiene lugar un siniestro, actuando de manera \u00e1gil y eficaz para minimizar las p\u00e9rdidas que \u00e9ste pueda provocar a la empresa.","breadcrumb":{"@id":"https:\/\/www.segurosgoiena.com\/es\/empresas\/asistencia\/#breadcrumb"},"inLanguage":"es","potentialAction":[{"@type":"ReadAction","target":["https:\/\/www.segurosgoiena.com\/es\/empresas\/asistencia\/"]}]},{"@type":"ImageObject","inLanguage":"es","@id":"https:\/\/www.segurosgoiena.com\/es\/empresas\/asistencia\/#primaryimage","url":"http:\/\/www.segurosgoiena.com\/wp-content\/uploads\/2016\/12\/asistencia-empresas.jpg","contentUrl":"http:\/\/www.segurosgoiena.com\/wp-content\/uploads\/2016\/12\/asistencia-empresas.jpg"},{"@type":"BreadcrumbList","@id":"https:\/\/www.segurosgoiena.com\/es\/empresas\/asistencia\/#breadcrumb","itemListElement":[{"@type":"ListItem","position":1,"name":"Portada","item":"https:\/\/www.segurosgoiena.com\/eu\/"},{"@type":"ListItem","position":2,"name":"EMPRESAS","item":"http:\/\/www.segurosgoiena.com\/es\/empresas\/"},{"@type":"ListItem","position":3,"name":"Asistencia"}]},{"@type":"WebSite","@id":"https:\/\/www.segurosgoiena.com\/eu\/#website","url":"https:\/\/www.segurosgoiena.com\/eu\/","name":"Seguros Goiena","description":"Seguros para empresas y particulares","potentialAction":[{"@type":"SearchAction","target":{"@type":"EntryPoint","urlTemplate":"https:\/\/www.segurosgoiena.com\/eu\/?s={search_term_string}"},"query-input":"required name=search_term_string"}],"inLanguage":"es"}]}},"_links":{"self":[{"href":"http:\/\/www.segurosgoiena.com\/es\/wp-json\/wp\/v2\/pages\/25","targetHints":{"allow":["GET"]}}],"collection":[{"href":"http:\/\/www.segurosgoiena.com\/es\/wp-json\/wp\/v2\/pages"}],"about":[{"href":"http:\/\/www.segurosgoiena.com\/es\/wp-json\/wp\/v2\/types\/page"}],"author":[{"embeddable":true,"href":"http:\/\/www.segurosgoiena.com\/es\/wp-json\/wp\/v2\/users\/1"}],"replies":[{"embeddable":true,"href":"http:\/\/www.segurosgoiena.com\/es\/wp-json\/wp\/v2\/comments?post=25"}],"version-history":[{"count":13,"href":"http:\/\/www.segurosgoiena.com\/es\/wp-json\/wp\/v2\/pages\/25\/revisions"}],"predecessor-version":[{"id":1706,"href":"http:\/\/www.segurosgoiena.com\/es\/wp-json\/wp\/v2\/pages\/25\/revisions\/1706"}],"up":[{"embeddable":true,"href":"http:\/\/www.segurosgoiena.com\/es\/wp-json\/wp\/v2\/pages\/211"}],"wp:attachment":[{"href":"http:\/\/www.segurosgoiena.com\/es\/wp-json\/wp\/v2\/media?parent=25"}],"curies":[{"name":"wp","href":"https:\/\/api.w.org\/{rel}","templated":true}]}}