{"id":211,"date":"2016-11-29T09:08:49","date_gmt":"2016-11-29T09:08:49","guid":{"rendered":"http:\/\/www.segurosgoiena.com\/es\/?page_id=211"},"modified":"2017-01-05T10:37:31","modified_gmt":"2017-01-05T10:37:31","slug":"empresas","status":"publish","type":"page","link":"http:\/\/www.segurosgoiena.com\/es\/empresas\/","title":{"rendered":"EMPRESAS"},"content":{"rendered":"","protected":false},"excerpt":{"rendered":"","protected":false},"author":1,"featured_media":0,"parent":0,"menu_order":0,"comment_status":"closed","ping_status":"closed","template":"page-templates\/template-home.php","meta":{"_acf_changed":false,"footnotes":""},"class_list":["post-211","page","type-page","status-publish","hentry"],"acf":[],"yoast_head":"<!-- This site is optimized with the Yoast SEO plugin v22.5 - https:\/\/yoast.com\/wordpress\/plugins\/seo\/ -->\n<title>Goiena Seguros | Seguros para Empresas<\/title>\n<meta name=\"description\" content=\"Goiena Corredur\u00eda de Seguros se dedica a la mediaci\u00f3n de seguros para empresas, dando valor a sus clientes y soluciones en protecci\u00f3n de personas y bienes.\" \/>\n<meta name=\"robots\" content=\"index, follow, max-snippet:-1, max-image-preview:large, max-video-preview:-1\" \/>\n<link rel=\"canonical\" href=\"https:\/\/www.segurosgoiena.com\/es\/empresas\/\" \/>\n<meta property=\"og:locale\" content=\"es_ES\" \/>\n<meta property=\"og:type\" content=\"article\" \/>\n<meta property=\"og:title\" content=\"Goiena Seguros | Seguros para Empresas\" \/>\n<meta property=\"og:description\" content=\"Goiena Corredur\u00eda de Seguros se dedica a la mediaci\u00f3n de seguros para empresas, dando valor a sus clientes y soluciones en protecci\u00f3n de personas y bienes.\" \/>\n<meta property=\"og:url\" content=\"https:\/\/www.segurosgoiena.com\/es\/empresas\/\" \/>\n<meta property=\"og:site_name\" content=\"Seguros Goiena\" \/>\n<meta property=\"article:modified_time\" content=\"2017-01-05T10:37:31+00:00\" \/>\n<meta name=\"twitter:card\" content=\"summary_large_image\" \/>\n<script type=\"application\/ld+json\" class=\"yoast-schema-graph\">{\"@context\":\"https:\/\/schema.org\",\"@graph\":[{\"@type\":\"WebPage\",\"@id\":\"https:\/\/www.segurosgoiena.com\/es\/empresas\/\",\"url\":\"https:\/\/www.segurosgoiena.com\/es\/empresas\/\",\"name\":\"Goiena Seguros | Seguros para Empresas\",\"isPartOf\":{\"@id\":\"https:\/\/www.segurosgoiena.com\/es\/#website\"},\"datePublished\":\"2016-11-29T09:08:49+00:00\",\"dateModified\":\"2017-01-05T10:37:31+00:00\",\"description\":\"Goiena Corredur\u00eda de Seguros se dedica a la mediaci\u00f3n de seguros para empresas, dando valor a sus clientes y soluciones en protecci\u00f3n de personas y bienes.\",\"breadcrumb\":{\"@id\":\"https:\/\/www.segurosgoiena.com\/es\/empresas\/#breadcrumb\"},\"inLanguage\":\"es\",\"potentialAction\":[{\"@type\":\"ReadAction\",\"target\":[\"https:\/\/www.segurosgoiena.com\/es\/empresas\/\"]}]},{\"@type\":\"BreadcrumbList\",\"@id\":\"https:\/\/www.segurosgoiena.com\/es\/empresas\/#breadcrumb\",\"itemListElement\":[{\"@type\":\"ListItem\",\"position\":1,\"name\":\"Portada\",\"item\":\"https:\/\/www.segurosgoiena.com\/es\/\"},{\"@type\":\"ListItem\",\"position\":2,\"name\":\"EMPRESAS\"}]},{\"@type\":\"WebSite\",\"@id\":\"https:\/\/www.segurosgoiena.com\/es\/#website\",\"url\":\"https:\/\/www.segurosgoiena.com\/es\/\",\"name\":\"Seguros Goiena\",\"description\":\"Seguros para empresas y particulares\",\"potentialAction\":[{\"@type\":\"SearchAction\",\"target\":{\"@type\":\"EntryPoint\",\"urlTemplate\":\"https:\/\/www.segurosgoiena.com\/es\/?s={search_term_string}\"},\"query-input\":\"required name=search_term_string\"}],\"inLanguage\":\"es\"}]}<\/script>\n<!-- \/ Yoast SEO plugin. -->","yoast_head_json":{"title":"Goiena Seguros | Seguros para Empresas","description":"Goiena Corredur\u00eda de Seguros se dedica a la mediaci\u00f3n de seguros para empresas, dando valor a sus clientes y soluciones en protecci\u00f3n de personas y bienes.","robots":{"index":"index","follow":"follow","max-snippet":"max-snippet:-1","max-image-preview":"max-image-preview:large","max-video-preview":"max-video-preview:-1"},"canonical":"https:\/\/www.segurosgoiena.com\/es\/empresas\/","og_locale":"es_ES","og_type":"article","og_title":"Goiena Seguros | Seguros para Empresas","og_description":"Goiena Corredur\u00eda de Seguros se dedica a la mediaci\u00f3n de seguros para empresas, dando valor a sus clientes y soluciones en protecci\u00f3n de personas y bienes.","og_url":"https:\/\/www.segurosgoiena.com\/es\/empresas\/","og_site_name":"Seguros Goiena","article_modified_time":"2017-01-05T10:37:31+00:00","twitter_card":"summary_large_image","schema":{"@context":"https:\/\/schema.org","@graph":[{"@type":"WebPage","@id":"https:\/\/www.segurosgoiena.com\/es\/empresas\/","url":"https:\/\/www.segurosgoiena.com\/es\/empresas\/","name":"Goiena Seguros | Seguros para Empresas","isPartOf":{"@id":"https:\/\/www.segurosgoiena.com\/es\/#website"},"datePublished":"2016-11-29T09:08:49+00:00","dateModified":"2017-01-05T10:37:31+00:00","description":"Goiena Corredur\u00eda de Seguros se dedica a la mediaci\u00f3n de seguros para empresas, dando valor a sus clientes y soluciones en protecci\u00f3n de personas y bienes.","breadcrumb":{"@id":"https:\/\/www.segurosgoiena.com\/es\/empresas\/#breadcrumb"},"inLanguage":"es","potentialAction":[{"@type":"ReadAction","target":["https:\/\/www.segurosgoiena.com\/es\/empresas\/"]}]},{"@type":"BreadcrumbList","@id":"https:\/\/www.segurosgoiena.com\/es\/empresas\/#breadcrumb","itemListElement":[{"@type":"ListItem","position":1,"name":"Portada","item":"https:\/\/www.segurosgoiena.com\/es\/"},{"@type":"ListItem","position":2,"name":"EMPRESAS"}]},{"@type":"WebSite","@id":"https:\/\/www.segurosgoiena.com\/es\/#website","url":"https:\/\/www.segurosgoiena.com\/es\/","name":"Seguros Goiena","description":"Seguros para empresas y particulares","potentialAction":[{"@type":"SearchAction","target":{"@type":"EntryPoint","urlTemplate":"https:\/\/www.segurosgoiena.com\/es\/?s={search_term_string}"},"query-input":"required name=search_term_string"}],"inLanguage":"es"}]}},"_links":{"self":[{"href":"http:\/\/www.segurosgoiena.com\/es\/wp-json\/wp\/v2\/pages\/211","targetHints":{"allow":["GET"]}}],"collection":[{"href":"http:\/\/www.segurosgoiena.com\/es\/wp-json\/wp\/v2\/pages"}],"about":[{"href":"http:\/\/www.segurosgoiena.com\/es\/wp-json\/wp\/v2\/types\/page"}],"author":[{"embeddable":true,"href":"http:\/\/www.segurosgoiena.com\/es\/wp-json\/wp\/v2\/users\/1"}],"replies":[{"embeddable":true,"href":"http:\/\/www.segurosgoiena.com\/es\/wp-json\/wp\/v2\/comments?post=211"}],"version-history":[{"count":3,"href":"http:\/\/www.segurosgoiena.com\/es\/wp-json\/wp\/v2\/pages\/211\/revisions"}],"predecessor-version":[{"id":922,"href":"http:\/\/www.segurosgoiena.com\/es\/wp-json\/wp\/v2\/pages\/211\/revisions\/922"}],"wp:attachment":[{"href":"http:\/\/www.segurosgoiena.com\/es\/wp-json\/wp\/v2\/media?parent=211"}],"curies":[{"name":"wp","href":"https:\/\/api.w.org\/{rel}","templated":true}]}}