{"id":158,"date":"2016-11-24T16:36:37","date_gmt":"2016-11-24T16:36:37","guid":{"rendered":"http:\/\/www.segurosgoiena.com\/es\/?page_id=158"},"modified":"2017-01-12T12:06:53","modified_gmt":"2017-01-12T12:06:53","slug":"todo-riesgo-construccion","status":"publish","type":"page","link":"http:\/\/www.segurosgoiena.com\/es\/empresas\/seguros-goiena\/pymes\/construccion\/todo-riesgo-construccion\/","title":{"rendered":"Todo Riesgo Construcci\u00f3n"},"content":{"rendered":"<p>Cualquier obra est\u00e1 sujeta a riesgos que pueden resultar fatales. El Seguro Todo Riesgo Construcci\u00f3n es el mejor aliado del constructor o promotor ante eventuales contratiempos.<\/p>\n","protected":false},"excerpt":{"rendered":"<p>Cualquier obra est\u00e1 sujeta a riesgos que pueden resultar fatales. El Seguro Todo Riesgo Construcci\u00f3n es el mejor aliado del constructor o promotor ante eventuales contratiempos.<\/p>\n","protected":false},"author":1,"featured_media":264,"parent":145,"menu_order":20,"comment_status":"closed","ping_status":"closed","template":"page-templates\/template-producto.php","meta":{"_acf_changed":false,"footnotes":""},"class_list":["post-158","page","type-page","status-publish","has-post-thumbnail","hentry"],"acf":[],"yoast_head":"<!-- This site is optimized with the Yoast SEO plugin v22.5 - https:\/\/yoast.com\/wordpress\/plugins\/seo\/ -->\n<title>Goiena Seguros | PYMES- Construcci\u00f3n- todo riesgo<\/title>\n<meta name=\"description\" content=\"El seguro a todo riesgo en construcci\u00f3n es el mejor aliado del constructor o promotor ante eventuales contratiempos.\" \/>\n<meta name=\"robots\" content=\"index, follow, max-snippet:-1, max-image-preview:large, max-video-preview:-1\" \/>\n<link rel=\"canonical\" href=\"https:\/\/www.segurosgoiena.com\/es\/empresas\/seguros-goiena\/pymes\/construccion\/todo-riesgo-construccion\/\" \/>\n<meta property=\"og:locale\" content=\"es_ES\" \/>\n<meta property=\"og:type\" content=\"article\" \/>\n<meta property=\"og:title\" content=\"Goiena Seguros | PYMES- Construcci\u00f3n- todo riesgo\" \/>\n<meta property=\"og:description\" content=\"El seguro a todo riesgo en construcci\u00f3n es el mejor aliado del constructor o promotor ante eventuales contratiempos.\" \/>\n<meta property=\"og:url\" content=\"https:\/\/www.segurosgoiena.com\/es\/empresas\/seguros-goiena\/pymes\/construccion\/todo-riesgo-construccion\/\" \/>\n<meta property=\"og:site_name\" content=\"Seguros Goiena\" \/>\n<meta property=\"article:modified_time\" content=\"2017-01-12T12:06:53+00:00\" \/>\n<meta property=\"og:image\" content=\"https:\/\/www.segurosgoiena.com\/wp-content\/uploads\/2016\/11\/todo-riesgo-construccion.jpg\" \/>\n\t<meta property=\"og:image:width\" content=\"523\" \/>\n\t<meta property=\"og:image:height\" content=\"425\" \/>\n\t<meta property=\"og:image:type\" content=\"image\/jpeg\" \/>\n<meta name=\"twitter:card\" content=\"summary_large_image\" \/>\n<script type=\"application\/ld+json\" class=\"yoast-schema-graph\">{\"@context\":\"https:\/\/schema.org\",\"@graph\":[{\"@type\":\"WebPage\",\"@id\":\"https:\/\/www.segurosgoiena.com\/es\/empresas\/seguros-goiena\/pymes\/construccion\/todo-riesgo-construccion\/\",\"url\":\"https:\/\/www.segurosgoiena.com\/es\/empresas\/seguros-goiena\/pymes\/construccion\/todo-riesgo-construccion\/\",\"name\":\"Goiena Seguros | PYMES- Construcci\u00f3n- todo riesgo\",\"isPartOf\":{\"@id\":\"http:\/\/www.segurosgoiena.com\/es\/#website\"},\"primaryImageOfPage\":{\"@id\":\"https:\/\/www.segurosgoiena.com\/es\/empresas\/seguros-goiena\/pymes\/construccion\/todo-riesgo-construccion\/#primaryimage\"},\"image\":{\"@id\":\"https:\/\/www.segurosgoiena.com\/es\/empresas\/seguros-goiena\/pymes\/construccion\/todo-riesgo-construccion\/#primaryimage\"},\"thumbnailUrl\":\"http:\/\/www.segurosgoiena.com\/wp-content\/uploads\/2016\/11\/todo-riesgo-construccion.jpg\",\"datePublished\":\"2016-11-24T16:36:37+00:00\",\"dateModified\":\"2017-01-12T12:06:53+00:00\",\"description\":\"El seguro a todo riesgo en construcci\u00f3n es el mejor aliado del constructor o promotor ante eventuales contratiempos.\",\"breadcrumb\":{\"@id\":\"https:\/\/www.segurosgoiena.com\/es\/empresas\/seguros-goiena\/pymes\/construccion\/todo-riesgo-construccion\/#breadcrumb\"},\"inLanguage\":\"es\",\"potentialAction\":[{\"@type\":\"ReadAction\",\"target\":[\"https:\/\/www.segurosgoiena.com\/es\/empresas\/seguros-goiena\/pymes\/construccion\/todo-riesgo-construccion\/\"]}]},{\"@type\":\"ImageObject\",\"inLanguage\":\"es\",\"@id\":\"https:\/\/www.segurosgoiena.com\/es\/empresas\/seguros-goiena\/pymes\/construccion\/todo-riesgo-construccion\/#primaryimage\",\"url\":\"http:\/\/www.segurosgoiena.com\/wp-content\/uploads\/2016\/11\/todo-riesgo-construccion.jpg\",\"contentUrl\":\"http:\/\/www.segurosgoiena.com\/wp-content\/uploads\/2016\/11\/todo-riesgo-construccion.jpg\",\"width\":523,\"height\":425},{\"@type\":\"BreadcrumbList\",\"@id\":\"https:\/\/www.segurosgoiena.com\/es\/empresas\/seguros-goiena\/pymes\/construccion\/todo-riesgo-construccion\/#breadcrumb\",\"itemListElement\":[{\"@type\":\"ListItem\",\"position\":1,\"name\":\"Portada\",\"item\":\"http:\/\/www.segurosgoiena.com\/es\/\"},{\"@type\":\"ListItem\",\"position\":2,\"name\":\"EMPRESAS\",\"item\":\"http:\/\/www.segurosgoiena.com\/es\/empresas\/\"},{\"@type\":\"ListItem\",\"position\":3,\"name\":\"SEGUROS GOIENA\",\"item\":\"http:\/\/www.segurosgoiena.com\/es\/empresas\/seguros-goiena\/\"},{\"@type\":\"ListItem\",\"position\":4,\"name\":\"PYMES\",\"item\":\"http:\/\/www.segurosgoiena.com\/es\/empresas\/seguros-goiena\/pymes\/\"},{\"@type\":\"ListItem\",\"position\":5,\"name\":\"CONSTRUCCI\u00d3N\",\"item\":\"https:\/\/www.segurosgoiena.com\/es\/empresas\/seguros-goiena\/pymes\/construccion\/\"},{\"@type\":\"ListItem\",\"position\":6,\"name\":\"Todo Riesgo Construcci\u00f3n\"}]},{\"@type\":\"WebSite\",\"@id\":\"http:\/\/www.segurosgoiena.com\/es\/#website\",\"url\":\"http:\/\/www.segurosgoiena.com\/es\/\",\"name\":\"Seguros Goiena\",\"description\":\"Seguros para empresas y particulares\",\"potentialAction\":[{\"@type\":\"SearchAction\",\"target\":{\"@type\":\"EntryPoint\",\"urlTemplate\":\"http:\/\/www.segurosgoiena.com\/es\/?s={search_term_string}\"},\"query-input\":\"required name=search_term_string\"}],\"inLanguage\":\"es\"}]}<\/script>\n<!-- \/ Yoast SEO plugin. -->","yoast_head_json":{"title":"Goiena Seguros | PYMES- Construcci\u00f3n- todo riesgo","description":"El seguro a todo riesgo en construcci\u00f3n es el mejor aliado del constructor o promotor ante eventuales contratiempos.","robots":{"index":"index","follow":"follow","max-snippet":"max-snippet:-1","max-image-preview":"max-image-preview:large","max-video-preview":"max-video-preview:-1"},"canonical":"https:\/\/www.segurosgoiena.com\/es\/empresas\/seguros-goiena\/pymes\/construccion\/todo-riesgo-construccion\/","og_locale":"es_ES","og_type":"article","og_title":"Goiena Seguros | PYMES- Construcci\u00f3n- todo riesgo","og_description":"El seguro a todo riesgo en construcci\u00f3n es el mejor aliado del constructor o promotor ante eventuales contratiempos.","og_url":"https:\/\/www.segurosgoiena.com\/es\/empresas\/seguros-goiena\/pymes\/construccion\/todo-riesgo-construccion\/","og_site_name":"Seguros Goiena","article_modified_time":"2017-01-12T12:06:53+00:00","og_image":[{"width":523,"height":425,"url":"https:\/\/www.segurosgoiena.com\/wp-content\/uploads\/2016\/11\/todo-riesgo-construccion.jpg","type":"image\/jpeg"}],"twitter_card":"summary_large_image","schema":{"@context":"https:\/\/schema.org","@graph":[{"@type":"WebPage","@id":"https:\/\/www.segurosgoiena.com\/es\/empresas\/seguros-goiena\/pymes\/construccion\/todo-riesgo-construccion\/","url":"https:\/\/www.segurosgoiena.com\/es\/empresas\/seguros-goiena\/pymes\/construccion\/todo-riesgo-construccion\/","name":"Goiena Seguros | PYMES- Construcci\u00f3n- todo riesgo","isPartOf":{"@id":"http:\/\/www.segurosgoiena.com\/es\/#website"},"primaryImageOfPage":{"@id":"https:\/\/www.segurosgoiena.com\/es\/empresas\/seguros-goiena\/pymes\/construccion\/todo-riesgo-construccion\/#primaryimage"},"image":{"@id":"https:\/\/www.segurosgoiena.com\/es\/empresas\/seguros-goiena\/pymes\/construccion\/todo-riesgo-construccion\/#primaryimage"},"thumbnailUrl":"http:\/\/www.segurosgoiena.com\/wp-content\/uploads\/2016\/11\/todo-riesgo-construccion.jpg","datePublished":"2016-11-24T16:36:37+00:00","dateModified":"2017-01-12T12:06:53+00:00","description":"El seguro a todo riesgo en construcci\u00f3n es el mejor aliado del constructor o promotor ante eventuales contratiempos.","breadcrumb":{"@id":"https:\/\/www.segurosgoiena.com\/es\/empresas\/seguros-goiena\/pymes\/construccion\/todo-riesgo-construccion\/#breadcrumb"},"inLanguage":"es","potentialAction":[{"@type":"ReadAction","target":["https:\/\/www.segurosgoiena.com\/es\/empresas\/seguros-goiena\/pymes\/construccion\/todo-riesgo-construccion\/"]}]},{"@type":"ImageObject","inLanguage":"es","@id":"https:\/\/www.segurosgoiena.com\/es\/empresas\/seguros-goiena\/pymes\/construccion\/todo-riesgo-construccion\/#primaryimage","url":"http:\/\/www.segurosgoiena.com\/wp-content\/uploads\/2016\/11\/todo-riesgo-construccion.jpg","contentUrl":"http:\/\/www.segurosgoiena.com\/wp-content\/uploads\/2016\/11\/todo-riesgo-construccion.jpg","width":523,"height":425},{"@type":"BreadcrumbList","@id":"https:\/\/www.segurosgoiena.com\/es\/empresas\/seguros-goiena\/pymes\/construccion\/todo-riesgo-construccion\/#breadcrumb","itemListElement":[{"@type":"ListItem","position":1,"name":"Portada","item":"http:\/\/www.segurosgoiena.com\/es\/"},{"@type":"ListItem","position":2,"name":"EMPRESAS","item":"http:\/\/www.segurosgoiena.com\/es\/empresas\/"},{"@type":"ListItem","position":3,"name":"SEGUROS GOIENA","item":"http:\/\/www.segurosgoiena.com\/es\/empresas\/seguros-goiena\/"},{"@type":"ListItem","position":4,"name":"PYMES","item":"http:\/\/www.segurosgoiena.com\/es\/empresas\/seguros-goiena\/pymes\/"},{"@type":"ListItem","position":5,"name":"CONSTRUCCI\u00d3N","item":"https:\/\/www.segurosgoiena.com\/es\/empresas\/seguros-goiena\/pymes\/construccion\/"},{"@type":"ListItem","position":6,"name":"Todo Riesgo Construcci\u00f3n"}]},{"@type":"WebSite","@id":"http:\/\/www.segurosgoiena.com\/es\/#website","url":"http:\/\/www.segurosgoiena.com\/es\/","name":"Seguros Goiena","description":"Seguros para empresas y particulares","potentialAction":[{"@type":"SearchAction","target":{"@type":"EntryPoint","urlTemplate":"http:\/\/www.segurosgoiena.com\/es\/?s={search_term_string}"},"query-input":"required name=search_term_string"}],"inLanguage":"es"}]}},"_links":{"self":[{"href":"http:\/\/www.segurosgoiena.com\/es\/wp-json\/wp\/v2\/pages\/158","targetHints":{"allow":["GET"]}}],"collection":[{"href":"http:\/\/www.segurosgoiena.com\/es\/wp-json\/wp\/v2\/pages"}],"about":[{"href":"http:\/\/www.segurosgoiena.com\/es\/wp-json\/wp\/v2\/types\/page"}],"author":[{"embeddable":true,"href":"http:\/\/www.segurosgoiena.com\/es\/wp-json\/wp\/v2\/users\/1"}],"replies":[{"embeddable":true,"href":"http:\/\/www.segurosgoiena.com\/es\/wp-json\/wp\/v2\/comments?post=158"}],"version-history":[{"count":4,"href":"http:\/\/www.segurosgoiena.com\/es\/wp-json\/wp\/v2\/pages\/158\/revisions"}],"predecessor-version":[{"id":1604,"href":"http:\/\/www.segurosgoiena.com\/es\/wp-json\/wp\/v2\/pages\/158\/revisions\/1604"}],"up":[{"embeddable":true,"href":"http:\/\/www.segurosgoiena.com\/es\/wp-json\/wp\/v2\/pages\/145"}],"wp:featuredmedia":[{"embeddable":true,"href":"http:\/\/www.segurosgoiena.com\/es\/wp-json\/wp\/v2\/media\/264"}],"wp:attachment":[{"href":"http:\/\/www.segurosgoiena.com\/es\/wp-json\/wp\/v2\/media?parent=158"}],"curies":[{"name":"wp","href":"https:\/\/api.w.org\/{rel}","templated":true}]}}