{"id":147,"date":"2016-11-24T16:34:13","date_gmt":"2016-11-24T16:34:13","guid":{"rendered":"http:\/\/www.segurosgoiena.com\/es\/?page_id=147"},"modified":"2017-01-12T12:20:06","modified_gmt":"2017-01-12T12:20:06","slug":"responsabilidad-civil","status":"publish","type":"page","link":"http:\/\/www.segurosgoiena.com\/es\/empresas\/seguros-goiena\/pymes\/responsabilidad-civil\/","title":{"rendered":"RESPONSABILIDAD CIVIL"},"content":{"rendered":"<p>Porque en el ejercicio de su actividad profesional, industrial o empresarial, puede Usted causar un perjuicio a terceros, como da\u00f1os materiales, corporales o p\u00e9rdidas econ\u00f3micas, proteja el patrimonio de su Empresa frente a reclamaciones de terceros.<\/p>\n","protected":false},"excerpt":{"rendered":"<p>Porque en el ejercicio de su actividad profesional, industrial o empresarial, puede Usted causar un perjuicio a terceros, como da\u00f1os materiales, corporales o p\u00e9rdidas econ\u00f3micas, proteja el patrimonio de su Empresa frente a reclamaciones de terceros.<\/p>\n","protected":false},"author":1,"featured_media":250,"parent":58,"menu_order":90,"comment_status":"closed","ping_status":"closed","template":"page-templates\/template-producto.php","meta":{"_acf_changed":false,"footnotes":""},"class_list":["post-147","page","type-page","status-publish","has-post-thumbnail","hentry"],"acf":[],"yoast_head":"<!-- This site is optimized with the Yoast SEO plugin v22.5 - https:\/\/yoast.com\/wordpress\/plugins\/seo\/ -->\n<title>Goiena Seguros | PYMES- Responsabilidad Civil<\/title>\n<meta name=\"description\" content=\"El seguro de responsabilidad civil est\u00e1 orientado a garantizar la m\u00e1xima protecci\u00f3n ante reclamaciones de terceros en cualquier sector.\" \/>\n<meta name=\"robots\" content=\"index, follow, max-snippet:-1, max-image-preview:large, max-video-preview:-1\" \/>\n<link rel=\"canonical\" href=\"http:\/\/www.segurosgoiena.com\/es\/empresas\/seguros-goiena\/pymes\/responsabilidad-civil\/\" \/>\n<meta property=\"og:locale\" content=\"es_ES\" \/>\n<meta property=\"og:type\" content=\"article\" \/>\n<meta property=\"og:title\" content=\"Goiena Seguros | PYMES- Responsabilidad Civil\" \/>\n<meta property=\"og:description\" content=\"El seguro de responsabilidad civil est\u00e1 orientado a garantizar la m\u00e1xima protecci\u00f3n ante reclamaciones de terceros en cualquier sector.\" \/>\n<meta property=\"og:url\" content=\"http:\/\/www.segurosgoiena.com\/es\/empresas\/seguros-goiena\/pymes\/responsabilidad-civil\/\" \/>\n<meta property=\"og:site_name\" content=\"Seguros Goiena\" \/>\n<meta property=\"article:modified_time\" content=\"2017-01-12T12:20:06+00:00\" \/>\n<meta property=\"og:image\" content=\"http:\/\/www.segurosgoiena.com\/wp-content\/uploads\/2016\/11\/responsabilidad-civil.jpg\" \/>\n\t<meta property=\"og:image:width\" content=\"523\" \/>\n\t<meta property=\"og:image:height\" content=\"425\" \/>\n\t<meta property=\"og:image:type\" content=\"image\/jpeg\" \/>\n<meta name=\"twitter:card\" content=\"summary_large_image\" \/>\n<script type=\"application\/ld+json\" class=\"yoast-schema-graph\">{\"@context\":\"https:\/\/schema.org\",\"@graph\":[{\"@type\":\"WebPage\",\"@id\":\"http:\/\/www.segurosgoiena.com\/es\/empresas\/seguros-goiena\/pymes\/responsabilidad-civil\/\",\"url\":\"http:\/\/www.segurosgoiena.com\/es\/empresas\/seguros-goiena\/pymes\/responsabilidad-civil\/\",\"name\":\"Goiena Seguros | PYMES- Responsabilidad Civil\",\"isPartOf\":{\"@id\":\"http:\/\/www.segurosgoiena.com\/es\/#website\"},\"primaryImageOfPage\":{\"@id\":\"http:\/\/www.segurosgoiena.com\/es\/empresas\/seguros-goiena\/pymes\/responsabilidad-civil\/#primaryimage\"},\"image\":{\"@id\":\"http:\/\/www.segurosgoiena.com\/es\/empresas\/seguros-goiena\/pymes\/responsabilidad-civil\/#primaryimage\"},\"thumbnailUrl\":\"http:\/\/www.segurosgoiena.com\/wp-content\/uploads\/2016\/11\/responsabilidad-civil.jpg\",\"datePublished\":\"2016-11-24T16:34:13+00:00\",\"dateModified\":\"2017-01-12T12:20:06+00:00\",\"description\":\"El seguro de responsabilidad civil est\u00e1 orientado a garantizar la m\u00e1xima protecci\u00f3n ante reclamaciones de terceros en cualquier sector.\",\"breadcrumb\":{\"@id\":\"http:\/\/www.segurosgoiena.com\/es\/empresas\/seguros-goiena\/pymes\/responsabilidad-civil\/#breadcrumb\"},\"inLanguage\":\"es\",\"potentialAction\":[{\"@type\":\"ReadAction\",\"target\":[\"http:\/\/www.segurosgoiena.com\/es\/empresas\/seguros-goiena\/pymes\/responsabilidad-civil\/\"]}]},{\"@type\":\"ImageObject\",\"inLanguage\":\"es\",\"@id\":\"http:\/\/www.segurosgoiena.com\/es\/empresas\/seguros-goiena\/pymes\/responsabilidad-civil\/#primaryimage\",\"url\":\"http:\/\/www.segurosgoiena.com\/wp-content\/uploads\/2016\/11\/responsabilidad-civil.jpg\",\"contentUrl\":\"http:\/\/www.segurosgoiena.com\/wp-content\/uploads\/2016\/11\/responsabilidad-civil.jpg\",\"width\":523,\"height\":425},{\"@type\":\"BreadcrumbList\",\"@id\":\"http:\/\/www.segurosgoiena.com\/es\/empresas\/seguros-goiena\/pymes\/responsabilidad-civil\/#breadcrumb\",\"itemListElement\":[{\"@type\":\"ListItem\",\"position\":1,\"name\":\"Portada\",\"item\":\"http:\/\/www.segurosgoiena.com\/es\/\"},{\"@type\":\"ListItem\",\"position\":2,\"name\":\"EMPRESAS\",\"item\":\"http:\/\/www.segurosgoiena.com\/es\/empresas\/\"},{\"@type\":\"ListItem\",\"position\":3,\"name\":\"SEGUROS GOIENA\",\"item\":\"http:\/\/www.segurosgoiena.com\/es\/empresas\/seguros-goiena\/\"},{\"@type\":\"ListItem\",\"position\":4,\"name\":\"PYMES\",\"item\":\"http:\/\/www.segurosgoiena.com\/es\/empresas\/seguros-goiena\/pymes\/\"},{\"@type\":\"ListItem\",\"position\":5,\"name\":\"RESPONSABILIDAD CIVIL\"}]},{\"@type\":\"WebSite\",\"@id\":\"http:\/\/www.segurosgoiena.com\/es\/#website\",\"url\":\"http:\/\/www.segurosgoiena.com\/es\/\",\"name\":\"Seguros Goiena\",\"description\":\"Seguros para empresas y particulares\",\"potentialAction\":[{\"@type\":\"SearchAction\",\"target\":{\"@type\":\"EntryPoint\",\"urlTemplate\":\"http:\/\/www.segurosgoiena.com\/es\/?s={search_term_string}\"},\"query-input\":\"required name=search_term_string\"}],\"inLanguage\":\"es\"}]}<\/script>\n<!-- \/ Yoast SEO plugin. -->","yoast_head_json":{"title":"Goiena Seguros | PYMES- Responsabilidad Civil","description":"El seguro de responsabilidad civil est\u00e1 orientado a garantizar la m\u00e1xima protecci\u00f3n ante reclamaciones de terceros en cualquier sector.","robots":{"index":"index","follow":"follow","max-snippet":"max-snippet:-1","max-image-preview":"max-image-preview:large","max-video-preview":"max-video-preview:-1"},"canonical":"http:\/\/www.segurosgoiena.com\/es\/empresas\/seguros-goiena\/pymes\/responsabilidad-civil\/","og_locale":"es_ES","og_type":"article","og_title":"Goiena Seguros | PYMES- Responsabilidad Civil","og_description":"El seguro de responsabilidad civil est\u00e1 orientado a garantizar la m\u00e1xima protecci\u00f3n ante reclamaciones de terceros en cualquier sector.","og_url":"http:\/\/www.segurosgoiena.com\/es\/empresas\/seguros-goiena\/pymes\/responsabilidad-civil\/","og_site_name":"Seguros Goiena","article_modified_time":"2017-01-12T12:20:06+00:00","og_image":[{"width":523,"height":425,"url":"http:\/\/www.segurosgoiena.com\/wp-content\/uploads\/2016\/11\/responsabilidad-civil.jpg","type":"image\/jpeg"}],"twitter_card":"summary_large_image","schema":{"@context":"https:\/\/schema.org","@graph":[{"@type":"WebPage","@id":"http:\/\/www.segurosgoiena.com\/es\/empresas\/seguros-goiena\/pymes\/responsabilidad-civil\/","url":"http:\/\/www.segurosgoiena.com\/es\/empresas\/seguros-goiena\/pymes\/responsabilidad-civil\/","name":"Goiena Seguros | PYMES- Responsabilidad Civil","isPartOf":{"@id":"http:\/\/www.segurosgoiena.com\/es\/#website"},"primaryImageOfPage":{"@id":"http:\/\/www.segurosgoiena.com\/es\/empresas\/seguros-goiena\/pymes\/responsabilidad-civil\/#primaryimage"},"image":{"@id":"http:\/\/www.segurosgoiena.com\/es\/empresas\/seguros-goiena\/pymes\/responsabilidad-civil\/#primaryimage"},"thumbnailUrl":"http:\/\/www.segurosgoiena.com\/wp-content\/uploads\/2016\/11\/responsabilidad-civil.jpg","datePublished":"2016-11-24T16:34:13+00:00","dateModified":"2017-01-12T12:20:06+00:00","description":"El seguro de responsabilidad civil est\u00e1 orientado a garantizar la m\u00e1xima protecci\u00f3n ante reclamaciones de terceros en cualquier sector.","breadcrumb":{"@id":"http:\/\/www.segurosgoiena.com\/es\/empresas\/seguros-goiena\/pymes\/responsabilidad-civil\/#breadcrumb"},"inLanguage":"es","potentialAction":[{"@type":"ReadAction","target":["http:\/\/www.segurosgoiena.com\/es\/empresas\/seguros-goiena\/pymes\/responsabilidad-civil\/"]}]},{"@type":"ImageObject","inLanguage":"es","@id":"http:\/\/www.segurosgoiena.com\/es\/empresas\/seguros-goiena\/pymes\/responsabilidad-civil\/#primaryimage","url":"http:\/\/www.segurosgoiena.com\/wp-content\/uploads\/2016\/11\/responsabilidad-civil.jpg","contentUrl":"http:\/\/www.segurosgoiena.com\/wp-content\/uploads\/2016\/11\/responsabilidad-civil.jpg","width":523,"height":425},{"@type":"BreadcrumbList","@id":"http:\/\/www.segurosgoiena.com\/es\/empresas\/seguros-goiena\/pymes\/responsabilidad-civil\/#breadcrumb","itemListElement":[{"@type":"ListItem","position":1,"name":"Portada","item":"http:\/\/www.segurosgoiena.com\/es\/"},{"@type":"ListItem","position":2,"name":"EMPRESAS","item":"http:\/\/www.segurosgoiena.com\/es\/empresas\/"},{"@type":"ListItem","position":3,"name":"SEGUROS GOIENA","item":"http:\/\/www.segurosgoiena.com\/es\/empresas\/seguros-goiena\/"},{"@type":"ListItem","position":4,"name":"PYMES","item":"http:\/\/www.segurosgoiena.com\/es\/empresas\/seguros-goiena\/pymes\/"},{"@type":"ListItem","position":5,"name":"RESPONSABILIDAD CIVIL"}]},{"@type":"WebSite","@id":"http:\/\/www.segurosgoiena.com\/es\/#website","url":"http:\/\/www.segurosgoiena.com\/es\/","name":"Seguros Goiena","description":"Seguros para empresas y particulares","potentialAction":[{"@type":"SearchAction","target":{"@type":"EntryPoint","urlTemplate":"http:\/\/www.segurosgoiena.com\/es\/?s={search_term_string}"},"query-input":"required name=search_term_string"}],"inLanguage":"es"}]}},"_links":{"self":[{"href":"http:\/\/www.segurosgoiena.com\/es\/wp-json\/wp\/v2\/pages\/147","targetHints":{"allow":["GET"]}}],"collection":[{"href":"http:\/\/www.segurosgoiena.com\/es\/wp-json\/wp\/v2\/pages"}],"about":[{"href":"http:\/\/www.segurosgoiena.com\/es\/wp-json\/wp\/v2\/types\/page"}],"author":[{"embeddable":true,"href":"http:\/\/www.segurosgoiena.com\/es\/wp-json\/wp\/v2\/users\/1"}],"replies":[{"embeddable":true,"href":"http:\/\/www.segurosgoiena.com\/es\/wp-json\/wp\/v2\/comments?post=147"}],"version-history":[{"count":3,"href":"http:\/\/www.segurosgoiena.com\/es\/wp-json\/wp\/v2\/pages\/147\/revisions"}],"predecessor-version":[{"id":168,"href":"http:\/\/www.segurosgoiena.com\/es\/wp-json\/wp\/v2\/pages\/147\/revisions\/168"}],"up":[{"embeddable":true,"href":"http:\/\/www.segurosgoiena.com\/es\/wp-json\/wp\/v2\/pages\/58"}],"wp:featuredmedia":[{"embeddable":true,"href":"http:\/\/www.segurosgoiena.com\/es\/wp-json\/wp\/v2\/media\/250"}],"wp:attachment":[{"href":"http:\/\/www.segurosgoiena.com\/es\/wp-json\/wp\/v2\/media?parent=147"}],"curies":[{"name":"wp","href":"https:\/\/api.w.org\/{rel}","templated":true}]}}