{"id":146,"date":"2016-11-24T16:34:21","date_gmt":"2016-11-24T16:34:21","guid":{"rendered":"http:\/\/www.segurosgoiena.com\/es\/?page_id=146"},"modified":"2017-01-12T12:13:20","modified_gmt":"2017-01-12T12:13:20","slug":"seguro-de-maquinaria-y-equipos-electronicos","status":"publish","type":"page","link":"http:\/\/www.segurosgoiena.com\/es\/empresas\/seguros-goiena\/pymes\/seguro-de-maquinaria-y-equipos-electronicos\/","title":{"rendered":"SEGURO DE MAQUINARIA Y EQUIPOS ELECTR\u00d3NICOS"},"content":{"rendered":"<h3>SEGURO DE MAQUINARIA<\/h3>\n<p>Es un seguro dirigido a cubrir los da\u00f1os materiales ocasionados al conjunto de aparatos, m\u00e1quinas, instalaciones y equipos mec\u00e1nicos de una industria o m\u00e1quinas individuales, bien sea est\u00e1ticas o m\u00f3viles, sean nuevas o usadas, as\u00ed como m\u00e1quinas e instalaciones de generaci\u00f3n y distribuci\u00f3n de energ\u00eda y maquinaria y equipo del contratista. Destinado a asegurar los da\u00f1os internos que sufra la maquinaria en operaci\u00f3n de una empresa, causados por un hecho accidental.<\/p>\n<h3>SEGURO DE EQUIPOS ELECTR\u00d3NICOS<\/h3>\n<p>Ampara equipos de procesamiento de datos, ordenadores personales y sus perif\u00e9ricos; as\u00ed como monitores, impresoras, esc\u00e1ner, servidores de redes de datos, equipos de comando electr\u00f3nico de maquinaria y robots industriales, radio, televisi\u00f3n, electromedicina, dise\u00f1o gr\u00e1fico, fotocopiadoras, faxes, etc.<\/p>\n<p>El Seguro para Equipos electr\u00f3nicos cubre los da\u00f1os materiales directos sufridos por los bienes asegurados por cualquier causa accidental.<\/p>\n","protected":false},"excerpt":{"rendered":"<p>SEGURO DE MAQUINARIA Es un seguro dirigido a cubrir los da\u00f1os materiales ocasionados al conjunto de aparatos, m\u00e1quinas, instalaciones y equipos mec\u00e1nicos de una industria o m\u00e1quinas individuales, bien sea est\u00e1ticas o m\u00f3viles, sean nuevas o usadas, as\u00ed como m\u00e1quinas e instalaciones de generaci\u00f3n y distribuci\u00f3n de energ\u00eda y maquinaria y equipo del contratista. Destinado [&hellip;]<\/p>\n","protected":false},"author":1,"featured_media":254,"parent":58,"menu_order":80,"comment_status":"closed","ping_status":"closed","template":"page-templates\/template-producto.php","meta":{"_acf_changed":false,"footnotes":""},"class_list":["post-146","page","type-page","status-publish","has-post-thumbnail","hentry"],"acf":[],"yoast_head":"<!-- This site is optimized with the Yoast SEO plugin v22.5 - https:\/\/yoast.com\/wordpress\/plugins\/seo\/ -->\n<title>Goiena Seguros | PYMES- Maquinaria y Equipos Electr\u00f3nicos<\/title>\n<meta name=\"description\" content=\"El seguro de maquinaria y equipos electr\u00f3nicos se dirige a cubrir los da\u00f1os materiales ocasionados al conjunto de aparatos, m\u00e1quinas,instalaciones y equipos\" \/>\n<meta name=\"robots\" content=\"index, follow, max-snippet:-1, max-image-preview:large, max-video-preview:-1\" \/>\n<link rel=\"canonical\" href=\"http:\/\/www.segurosgoiena.com\/es\/empresas\/seguros-goiena\/pymes\/seguro-de-maquinaria-y-equipos-electronicos\/\" \/>\n<meta property=\"og:locale\" content=\"es_ES\" \/>\n<meta property=\"og:type\" content=\"article\" \/>\n<meta property=\"og:title\" content=\"Goiena Seguros | PYMES- Maquinaria y Equipos Electr\u00f3nicos\" \/>\n<meta property=\"og:description\" content=\"El seguro de maquinaria y equipos electr\u00f3nicos se dirige a cubrir los da\u00f1os materiales ocasionados al conjunto de aparatos, m\u00e1quinas,instalaciones y equipos\" \/>\n<meta property=\"og:url\" content=\"http:\/\/www.segurosgoiena.com\/es\/empresas\/seguros-goiena\/pymes\/seguro-de-maquinaria-y-equipos-electronicos\/\" \/>\n<meta property=\"og:site_name\" content=\"Seguros Goiena\" \/>\n<meta property=\"article:modified_time\" content=\"2017-01-12T12:13:20+00:00\" \/>\n<meta property=\"og:image\" content=\"http:\/\/www.segurosgoiena.com\/wp-content\/uploads\/2016\/11\/seguro-de-maquinaria-y-equipos-electronicos.jpg\" \/>\n\t<meta property=\"og:image:width\" content=\"523\" \/>\n\t<meta property=\"og:image:height\" content=\"425\" \/>\n\t<meta property=\"og:image:type\" content=\"image\/jpeg\" \/>\n<meta name=\"twitter:card\" content=\"summary_large_image\" \/>\n<meta name=\"twitter:label1\" content=\"Tiempo de lectura\" \/>\n\t<meta name=\"twitter:data1\" content=\"1 minuto\" \/>\n<script type=\"application\/ld+json\" class=\"yoast-schema-graph\">{\"@context\":\"https:\/\/schema.org\",\"@graph\":[{\"@type\":\"WebPage\",\"@id\":\"http:\/\/www.segurosgoiena.com\/es\/empresas\/seguros-goiena\/pymes\/seguro-de-maquinaria-y-equipos-electronicos\/\",\"url\":\"http:\/\/www.segurosgoiena.com\/es\/empresas\/seguros-goiena\/pymes\/seguro-de-maquinaria-y-equipos-electronicos\/\",\"name\":\"Goiena Seguros | PYMES- Maquinaria y Equipos Electr\u00f3nicos\",\"isPartOf\":{\"@id\":\"http:\/\/www.segurosgoiena.com\/es\/#website\"},\"primaryImageOfPage\":{\"@id\":\"http:\/\/www.segurosgoiena.com\/es\/empresas\/seguros-goiena\/pymes\/seguro-de-maquinaria-y-equipos-electronicos\/#primaryimage\"},\"image\":{\"@id\":\"http:\/\/www.segurosgoiena.com\/es\/empresas\/seguros-goiena\/pymes\/seguro-de-maquinaria-y-equipos-electronicos\/#primaryimage\"},\"thumbnailUrl\":\"http:\/\/www.segurosgoiena.com\/wp-content\/uploads\/2016\/11\/seguro-de-maquinaria-y-equipos-electronicos.jpg\",\"datePublished\":\"2016-11-24T16:34:21+00:00\",\"dateModified\":\"2017-01-12T12:13:20+00:00\",\"description\":\"El seguro de maquinaria y equipos electr\u00f3nicos se dirige a cubrir los da\u00f1os materiales ocasionados al conjunto de aparatos, m\u00e1quinas,instalaciones y equipos\",\"breadcrumb\":{\"@id\":\"http:\/\/www.segurosgoiena.com\/es\/empresas\/seguros-goiena\/pymes\/seguro-de-maquinaria-y-equipos-electronicos\/#breadcrumb\"},\"inLanguage\":\"es\",\"potentialAction\":[{\"@type\":\"ReadAction\",\"target\":[\"http:\/\/www.segurosgoiena.com\/es\/empresas\/seguros-goiena\/pymes\/seguro-de-maquinaria-y-equipos-electronicos\/\"]}]},{\"@type\":\"ImageObject\",\"inLanguage\":\"es\",\"@id\":\"http:\/\/www.segurosgoiena.com\/es\/empresas\/seguros-goiena\/pymes\/seguro-de-maquinaria-y-equipos-electronicos\/#primaryimage\",\"url\":\"http:\/\/www.segurosgoiena.com\/wp-content\/uploads\/2016\/11\/seguro-de-maquinaria-y-equipos-electronicos.jpg\",\"contentUrl\":\"http:\/\/www.segurosgoiena.com\/wp-content\/uploads\/2016\/11\/seguro-de-maquinaria-y-equipos-electronicos.jpg\",\"width\":523,\"height\":425},{\"@type\":\"BreadcrumbList\",\"@id\":\"http:\/\/www.segurosgoiena.com\/es\/empresas\/seguros-goiena\/pymes\/seguro-de-maquinaria-y-equipos-electronicos\/#breadcrumb\",\"itemListElement\":[{\"@type\":\"ListItem\",\"position\":1,\"name\":\"Portada\",\"item\":\"http:\/\/www.segurosgoiena.com\/es\/\"},{\"@type\":\"ListItem\",\"position\":2,\"name\":\"EMPRESAS\",\"item\":\"http:\/\/www.segurosgoiena.com\/es\/empresas\/\"},{\"@type\":\"ListItem\",\"position\":3,\"name\":\"SEGUROS GOIENA\",\"item\":\"http:\/\/www.segurosgoiena.com\/es\/empresas\/seguros-goiena\/\"},{\"@type\":\"ListItem\",\"position\":4,\"name\":\"PYMES\",\"item\":\"http:\/\/www.segurosgoiena.com\/es\/empresas\/seguros-goiena\/pymes\/\"},{\"@type\":\"ListItem\",\"position\":5,\"name\":\"SEGURO DE MAQUINARIA Y EQUIPOS ELECTR\u00d3NICOS\"}]},{\"@type\":\"WebSite\",\"@id\":\"http:\/\/www.segurosgoiena.com\/es\/#website\",\"url\":\"http:\/\/www.segurosgoiena.com\/es\/\",\"name\":\"Seguros Goiena\",\"description\":\"Seguros para empresas y particulares\",\"potentialAction\":[{\"@type\":\"SearchAction\",\"target\":{\"@type\":\"EntryPoint\",\"urlTemplate\":\"http:\/\/www.segurosgoiena.com\/es\/?s={search_term_string}\"},\"query-input\":\"required name=search_term_string\"}],\"inLanguage\":\"es\"}]}<\/script>\n<!-- \/ Yoast SEO plugin. -->","yoast_head_json":{"title":"Goiena Seguros | PYMES- Maquinaria y Equipos Electr\u00f3nicos","description":"El seguro de maquinaria y equipos electr\u00f3nicos se dirige a cubrir los da\u00f1os materiales ocasionados al conjunto de aparatos, m\u00e1quinas,instalaciones y equipos","robots":{"index":"index","follow":"follow","max-snippet":"max-snippet:-1","max-image-preview":"max-image-preview:large","max-video-preview":"max-video-preview:-1"},"canonical":"http:\/\/www.segurosgoiena.com\/es\/empresas\/seguros-goiena\/pymes\/seguro-de-maquinaria-y-equipos-electronicos\/","og_locale":"es_ES","og_type":"article","og_title":"Goiena Seguros | PYMES- Maquinaria y Equipos Electr\u00f3nicos","og_description":"El seguro de maquinaria y equipos electr\u00f3nicos se dirige a cubrir los da\u00f1os materiales ocasionados al conjunto de aparatos, m\u00e1quinas,instalaciones y equipos","og_url":"http:\/\/www.segurosgoiena.com\/es\/empresas\/seguros-goiena\/pymes\/seguro-de-maquinaria-y-equipos-electronicos\/","og_site_name":"Seguros Goiena","article_modified_time":"2017-01-12T12:13:20+00:00","og_image":[{"width":523,"height":425,"url":"http:\/\/www.segurosgoiena.com\/wp-content\/uploads\/2016\/11\/seguro-de-maquinaria-y-equipos-electronicos.jpg","type":"image\/jpeg"}],"twitter_card":"summary_large_image","twitter_misc":{"Tiempo de lectura":"1 minuto"},"schema":{"@context":"https:\/\/schema.org","@graph":[{"@type":"WebPage","@id":"http:\/\/www.segurosgoiena.com\/es\/empresas\/seguros-goiena\/pymes\/seguro-de-maquinaria-y-equipos-electronicos\/","url":"http:\/\/www.segurosgoiena.com\/es\/empresas\/seguros-goiena\/pymes\/seguro-de-maquinaria-y-equipos-electronicos\/","name":"Goiena Seguros | PYMES- Maquinaria y Equipos Electr\u00f3nicos","isPartOf":{"@id":"http:\/\/www.segurosgoiena.com\/es\/#website"},"primaryImageOfPage":{"@id":"http:\/\/www.segurosgoiena.com\/es\/empresas\/seguros-goiena\/pymes\/seguro-de-maquinaria-y-equipos-electronicos\/#primaryimage"},"image":{"@id":"http:\/\/www.segurosgoiena.com\/es\/empresas\/seguros-goiena\/pymes\/seguro-de-maquinaria-y-equipos-electronicos\/#primaryimage"},"thumbnailUrl":"http:\/\/www.segurosgoiena.com\/wp-content\/uploads\/2016\/11\/seguro-de-maquinaria-y-equipos-electronicos.jpg","datePublished":"2016-11-24T16:34:21+00:00","dateModified":"2017-01-12T12:13:20+00:00","description":"El seguro de maquinaria y equipos electr\u00f3nicos se dirige a cubrir los da\u00f1os materiales ocasionados al conjunto de aparatos, m\u00e1quinas,instalaciones y equipos","breadcrumb":{"@id":"http:\/\/www.segurosgoiena.com\/es\/empresas\/seguros-goiena\/pymes\/seguro-de-maquinaria-y-equipos-electronicos\/#breadcrumb"},"inLanguage":"es","potentialAction":[{"@type":"ReadAction","target":["http:\/\/www.segurosgoiena.com\/es\/empresas\/seguros-goiena\/pymes\/seguro-de-maquinaria-y-equipos-electronicos\/"]}]},{"@type":"ImageObject","inLanguage":"es","@id":"http:\/\/www.segurosgoiena.com\/es\/empresas\/seguros-goiena\/pymes\/seguro-de-maquinaria-y-equipos-electronicos\/#primaryimage","url":"http:\/\/www.segurosgoiena.com\/wp-content\/uploads\/2016\/11\/seguro-de-maquinaria-y-equipos-electronicos.jpg","contentUrl":"http:\/\/www.segurosgoiena.com\/wp-content\/uploads\/2016\/11\/seguro-de-maquinaria-y-equipos-electronicos.jpg","width":523,"height":425},{"@type":"BreadcrumbList","@id":"http:\/\/www.segurosgoiena.com\/es\/empresas\/seguros-goiena\/pymes\/seguro-de-maquinaria-y-equipos-electronicos\/#breadcrumb","itemListElement":[{"@type":"ListItem","position":1,"name":"Portada","item":"http:\/\/www.segurosgoiena.com\/es\/"},{"@type":"ListItem","position":2,"name":"EMPRESAS","item":"http:\/\/www.segurosgoiena.com\/es\/empresas\/"},{"@type":"ListItem","position":3,"name":"SEGUROS GOIENA","item":"http:\/\/www.segurosgoiena.com\/es\/empresas\/seguros-goiena\/"},{"@type":"ListItem","position":4,"name":"PYMES","item":"http:\/\/www.segurosgoiena.com\/es\/empresas\/seguros-goiena\/pymes\/"},{"@type":"ListItem","position":5,"name":"SEGURO DE MAQUINARIA Y EQUIPOS ELECTR\u00d3NICOS"}]},{"@type":"WebSite","@id":"http:\/\/www.segurosgoiena.com\/es\/#website","url":"http:\/\/www.segurosgoiena.com\/es\/","name":"Seguros Goiena","description":"Seguros para empresas y particulares","potentialAction":[{"@type":"SearchAction","target":{"@type":"EntryPoint","urlTemplate":"http:\/\/www.segurosgoiena.com\/es\/?s={search_term_string}"},"query-input":"required name=search_term_string"}],"inLanguage":"es"}]}},"_links":{"self":[{"href":"http:\/\/www.segurosgoiena.com\/es\/wp-json\/wp\/v2\/pages\/146","targetHints":{"allow":["GET"]}}],"collection":[{"href":"http:\/\/www.segurosgoiena.com\/es\/wp-json\/wp\/v2\/pages"}],"about":[{"href":"http:\/\/www.segurosgoiena.com\/es\/wp-json\/wp\/v2\/types\/page"}],"author":[{"embeddable":true,"href":"http:\/\/www.segurosgoiena.com\/es\/wp-json\/wp\/v2\/users\/1"}],"replies":[{"embeddable":true,"href":"http:\/\/www.segurosgoiena.com\/es\/wp-json\/wp\/v2\/comments?post=146"}],"version-history":[{"count":8,"href":"http:\/\/www.segurosgoiena.com\/es\/wp-json\/wp\/v2\/pages\/146\/revisions"}],"predecessor-version":[{"id":1730,"href":"http:\/\/www.segurosgoiena.com\/es\/wp-json\/wp\/v2\/pages\/146\/revisions\/1730"}],"up":[{"embeddable":true,"href":"http:\/\/www.segurosgoiena.com\/es\/wp-json\/wp\/v2\/pages\/58"}],"wp:featuredmedia":[{"embeddable":true,"href":"http:\/\/www.segurosgoiena.com\/es\/wp-json\/wp\/v2\/media\/254"}],"wp:attachment":[{"href":"http:\/\/www.segurosgoiena.com\/es\/wp-json\/wp\/v2\/media?parent=146"}],"curies":[{"name":"wp","href":"https:\/\/api.w.org\/{rel}","templated":true}]}}