{"id":145,"date":"2016-11-24T16:34:31","date_gmt":"2016-11-24T16:34:31","guid":{"rendered":"http:\/\/www.segurosgoiena.com\/es\/?page_id=145"},"modified":"2017-01-12T11:51:40","modified_gmt":"2017-01-12T11:51:40","slug":"construccion","status":"publish","type":"page","link":"http:\/\/www.segurosgoiena.com\/es\/empresas\/seguros-goiena\/pymes\/construccion\/","title":{"rendered":"CONSTRUCCI\u00d3N"},"content":{"rendered":"<p>La ejecuci\u00f3n de cualquier obra de construcci\u00f3n lleva impl\u00edcita unos riesgos que se ven agravados por el continuo progreso de las t\u00e9cnicas de construcci\u00f3n con proyectos m\u00e1s audaces, la aparici\u00f3n de nuevos materiales, y la necesidad de acortar los tiempos de ejecuci\u00f3n.<\/p>\n<p>Todo ello hace evidente la necesidad de los promotores, constructores y entidades financieras de proteger sus intereses mediante la contrataci\u00f3n de un seguro de construcci\u00f3n.<\/p>\n","protected":false},"excerpt":{"rendered":"<p>La ejecuci\u00f3n de cualquier obra de construcci\u00f3n lleva impl\u00edcita unos riesgos que se ven agravados por el continuo progreso de las t\u00e9cnicas de construcci\u00f3n con proyectos m\u00e1s audaces, la aparici\u00f3n de nuevos materiales, y la necesidad de acortar los tiempos de ejecuci\u00f3n. Todo ello hace evidente la necesidad de los promotores, constructores y entidades financieras [&hellip;]<\/p>\n","protected":false},"author":1,"featured_media":240,"parent":58,"menu_order":70,"comment_status":"closed","ping_status":"closed","template":"page-templates\/template-producto.php","meta":{"_acf_changed":false,"footnotes":""},"class_list":["post-145","page","type-page","status-publish","has-post-thumbnail","hentry"],"acf":[],"yoast_head":"<!-- This site is optimized with the Yoast SEO plugin v22.5 - https:\/\/yoast.com\/wordpress\/plugins\/seo\/ -->\n<title>Goiena Seguros | PYMES- Construcci\u00f3n<\/title>\n<meta name=\"description\" content=\"Cualquier obra necesita promotores, constructores y entidades financieras para proteger sus intereses mediante la contrataci\u00f3n de un seguro de construcci\u00f3n.\" \/>\n<meta name=\"robots\" content=\"index, follow, max-snippet:-1, max-image-preview:large, max-video-preview:-1\" \/>\n<link rel=\"canonical\" href=\"https:\/\/www.segurosgoiena.com\/es\/empresas\/seguros-goiena\/pymes\/construccion\/\" \/>\n<meta property=\"og:locale\" content=\"es_ES\" \/>\n<meta property=\"og:type\" content=\"article\" \/>\n<meta property=\"og:title\" content=\"Goiena Seguros | PYMES- Construcci\u00f3n\" \/>\n<meta property=\"og:description\" content=\"Cualquier obra necesita promotores, constructores y entidades financieras para proteger sus intereses mediante la contrataci\u00f3n de un seguro de construcci\u00f3n.\" \/>\n<meta property=\"og:url\" content=\"https:\/\/www.segurosgoiena.com\/es\/empresas\/seguros-goiena\/pymes\/construccion\/\" \/>\n<meta property=\"og:site_name\" content=\"Seguros Goiena\" \/>\n<meta property=\"article:modified_time\" content=\"2017-01-12T11:51:40+00:00\" \/>\n<meta property=\"og:image\" content=\"https:\/\/www.segurosgoiena.com\/wp-content\/uploads\/2016\/11\/construccion.jpg\" \/>\n\t<meta property=\"og:image:width\" content=\"523\" \/>\n\t<meta property=\"og:image:height\" content=\"425\" \/>\n\t<meta property=\"og:image:type\" content=\"image\/jpeg\" \/>\n<meta name=\"twitter:card\" content=\"summary_large_image\" \/>\n<script type=\"application\/ld+json\" class=\"yoast-schema-graph\">{\"@context\":\"https:\/\/schema.org\",\"@graph\":[{\"@type\":\"WebPage\",\"@id\":\"https:\/\/www.segurosgoiena.com\/es\/empresas\/seguros-goiena\/pymes\/construccion\/\",\"url\":\"https:\/\/www.segurosgoiena.com\/es\/empresas\/seguros-goiena\/pymes\/construccion\/\",\"name\":\"Goiena Seguros | PYMES- Construcci\u00f3n\",\"isPartOf\":{\"@id\":\"http:\/\/www.segurosgoiena.com\/es\/#website\"},\"primaryImageOfPage\":{\"@id\":\"https:\/\/www.segurosgoiena.com\/es\/empresas\/seguros-goiena\/pymes\/construccion\/#primaryimage\"},\"image\":{\"@id\":\"https:\/\/www.segurosgoiena.com\/es\/empresas\/seguros-goiena\/pymes\/construccion\/#primaryimage\"},\"thumbnailUrl\":\"http:\/\/www.segurosgoiena.com\/wp-content\/uploads\/2016\/11\/construccion.jpg\",\"datePublished\":\"2016-11-24T16:34:31+00:00\",\"dateModified\":\"2017-01-12T11:51:40+00:00\",\"description\":\"Cualquier obra necesita promotores, constructores y entidades financieras para proteger sus intereses mediante la contrataci\u00f3n de un seguro de construcci\u00f3n.\",\"breadcrumb\":{\"@id\":\"https:\/\/www.segurosgoiena.com\/es\/empresas\/seguros-goiena\/pymes\/construccion\/#breadcrumb\"},\"inLanguage\":\"es\",\"potentialAction\":[{\"@type\":\"ReadAction\",\"target\":[\"https:\/\/www.segurosgoiena.com\/es\/empresas\/seguros-goiena\/pymes\/construccion\/\"]}]},{\"@type\":\"ImageObject\",\"inLanguage\":\"es\",\"@id\":\"https:\/\/www.segurosgoiena.com\/es\/empresas\/seguros-goiena\/pymes\/construccion\/#primaryimage\",\"url\":\"http:\/\/www.segurosgoiena.com\/wp-content\/uploads\/2016\/11\/construccion.jpg\",\"contentUrl\":\"http:\/\/www.segurosgoiena.com\/wp-content\/uploads\/2016\/11\/construccion.jpg\",\"width\":523,\"height\":425},{\"@type\":\"BreadcrumbList\",\"@id\":\"https:\/\/www.segurosgoiena.com\/es\/empresas\/seguros-goiena\/pymes\/construccion\/#breadcrumb\",\"itemListElement\":[{\"@type\":\"ListItem\",\"position\":1,\"name\":\"Portada\",\"item\":\"http:\/\/www.segurosgoiena.com\/es\/\"},{\"@type\":\"ListItem\",\"position\":2,\"name\":\"EMPRESAS\",\"item\":\"http:\/\/www.segurosgoiena.com\/es\/empresas\/\"},{\"@type\":\"ListItem\",\"position\":3,\"name\":\"SEGUROS GOIENA\",\"item\":\"http:\/\/www.segurosgoiena.com\/es\/empresas\/seguros-goiena\/\"},{\"@type\":\"ListItem\",\"position\":4,\"name\":\"PYMES\",\"item\":\"http:\/\/www.segurosgoiena.com\/es\/empresas\/seguros-goiena\/pymes\/\"},{\"@type\":\"ListItem\",\"position\":5,\"name\":\"CONSTRUCCI\u00d3N\"}]},{\"@type\":\"WebSite\",\"@id\":\"http:\/\/www.segurosgoiena.com\/es\/#website\",\"url\":\"http:\/\/www.segurosgoiena.com\/es\/\",\"name\":\"Seguros Goiena\",\"description\":\"Seguros para empresas y particulares\",\"potentialAction\":[{\"@type\":\"SearchAction\",\"target\":{\"@type\":\"EntryPoint\",\"urlTemplate\":\"http:\/\/www.segurosgoiena.com\/es\/?s={search_term_string}\"},\"query-input\":\"required name=search_term_string\"}],\"inLanguage\":\"es\"}]}<\/script>\n<!-- \/ Yoast SEO plugin. -->","yoast_head_json":{"title":"Goiena Seguros | PYMES- Construcci\u00f3n","description":"Cualquier obra necesita promotores, constructores y entidades financieras para proteger sus intereses mediante la contrataci\u00f3n de un seguro de construcci\u00f3n.","robots":{"index":"index","follow":"follow","max-snippet":"max-snippet:-1","max-image-preview":"max-image-preview:large","max-video-preview":"max-video-preview:-1"},"canonical":"https:\/\/www.segurosgoiena.com\/es\/empresas\/seguros-goiena\/pymes\/construccion\/","og_locale":"es_ES","og_type":"article","og_title":"Goiena Seguros | PYMES- Construcci\u00f3n","og_description":"Cualquier obra necesita promotores, constructores y entidades financieras para proteger sus intereses mediante la contrataci\u00f3n de un seguro de construcci\u00f3n.","og_url":"https:\/\/www.segurosgoiena.com\/es\/empresas\/seguros-goiena\/pymes\/construccion\/","og_site_name":"Seguros Goiena","article_modified_time":"2017-01-12T11:51:40+00:00","og_image":[{"width":523,"height":425,"url":"https:\/\/www.segurosgoiena.com\/wp-content\/uploads\/2016\/11\/construccion.jpg","type":"image\/jpeg"}],"twitter_card":"summary_large_image","schema":{"@context":"https:\/\/schema.org","@graph":[{"@type":"WebPage","@id":"https:\/\/www.segurosgoiena.com\/es\/empresas\/seguros-goiena\/pymes\/construccion\/","url":"https:\/\/www.segurosgoiena.com\/es\/empresas\/seguros-goiena\/pymes\/construccion\/","name":"Goiena Seguros | PYMES- Construcci\u00f3n","isPartOf":{"@id":"http:\/\/www.segurosgoiena.com\/es\/#website"},"primaryImageOfPage":{"@id":"https:\/\/www.segurosgoiena.com\/es\/empresas\/seguros-goiena\/pymes\/construccion\/#primaryimage"},"image":{"@id":"https:\/\/www.segurosgoiena.com\/es\/empresas\/seguros-goiena\/pymes\/construccion\/#primaryimage"},"thumbnailUrl":"http:\/\/www.segurosgoiena.com\/wp-content\/uploads\/2016\/11\/construccion.jpg","datePublished":"2016-11-24T16:34:31+00:00","dateModified":"2017-01-12T11:51:40+00:00","description":"Cualquier obra necesita promotores, constructores y entidades financieras para proteger sus intereses mediante la contrataci\u00f3n de un seguro de construcci\u00f3n.","breadcrumb":{"@id":"https:\/\/www.segurosgoiena.com\/es\/empresas\/seguros-goiena\/pymes\/construccion\/#breadcrumb"},"inLanguage":"es","potentialAction":[{"@type":"ReadAction","target":["https:\/\/www.segurosgoiena.com\/es\/empresas\/seguros-goiena\/pymes\/construccion\/"]}]},{"@type":"ImageObject","inLanguage":"es","@id":"https:\/\/www.segurosgoiena.com\/es\/empresas\/seguros-goiena\/pymes\/construccion\/#primaryimage","url":"http:\/\/www.segurosgoiena.com\/wp-content\/uploads\/2016\/11\/construccion.jpg","contentUrl":"http:\/\/www.segurosgoiena.com\/wp-content\/uploads\/2016\/11\/construccion.jpg","width":523,"height":425},{"@type":"BreadcrumbList","@id":"https:\/\/www.segurosgoiena.com\/es\/empresas\/seguros-goiena\/pymes\/construccion\/#breadcrumb","itemListElement":[{"@type":"ListItem","position":1,"name":"Portada","item":"http:\/\/www.segurosgoiena.com\/es\/"},{"@type":"ListItem","position":2,"name":"EMPRESAS","item":"http:\/\/www.segurosgoiena.com\/es\/empresas\/"},{"@type":"ListItem","position":3,"name":"SEGUROS GOIENA","item":"http:\/\/www.segurosgoiena.com\/es\/empresas\/seguros-goiena\/"},{"@type":"ListItem","position":4,"name":"PYMES","item":"http:\/\/www.segurosgoiena.com\/es\/empresas\/seguros-goiena\/pymes\/"},{"@type":"ListItem","position":5,"name":"CONSTRUCCI\u00d3N"}]},{"@type":"WebSite","@id":"http:\/\/www.segurosgoiena.com\/es\/#website","url":"http:\/\/www.segurosgoiena.com\/es\/","name":"Seguros Goiena","description":"Seguros para empresas y particulares","potentialAction":[{"@type":"SearchAction","target":{"@type":"EntryPoint","urlTemplate":"http:\/\/www.segurosgoiena.com\/es\/?s={search_term_string}"},"query-input":"required name=search_term_string"}],"inLanguage":"es"}]}},"_links":{"self":[{"href":"http:\/\/www.segurosgoiena.com\/es\/wp-json\/wp\/v2\/pages\/145","targetHints":{"allow":["GET"]}}],"collection":[{"href":"http:\/\/www.segurosgoiena.com\/es\/wp-json\/wp\/v2\/pages"}],"about":[{"href":"http:\/\/www.segurosgoiena.com\/es\/wp-json\/wp\/v2\/types\/page"}],"author":[{"embeddable":true,"href":"http:\/\/www.segurosgoiena.com\/es\/wp-json\/wp\/v2\/users\/1"}],"replies":[{"embeddable":true,"href":"http:\/\/www.segurosgoiena.com\/es\/wp-json\/wp\/v2\/comments?post=145"}],"version-history":[{"count":5,"href":"http:\/\/www.segurosgoiena.com\/es\/wp-json\/wp\/v2\/pages\/145\/revisions"}],"predecessor-version":[{"id":1602,"href":"http:\/\/www.segurosgoiena.com\/es\/wp-json\/wp\/v2\/pages\/145\/revisions\/1602"}],"up":[{"embeddable":true,"href":"http:\/\/www.segurosgoiena.com\/es\/wp-json\/wp\/v2\/pages\/58"}],"wp:featuredmedia":[{"embeddable":true,"href":"http:\/\/www.segurosgoiena.com\/es\/wp-json\/wp\/v2\/media\/240"}],"wp:attachment":[{"href":"http:\/\/www.segurosgoiena.com\/es\/wp-json\/wp\/v2\/media?parent=145"}],"curies":[{"name":"wp","href":"https:\/\/api.w.org\/{rel}","templated":true}]}}