{"id":144,"date":"2016-11-24T16:34:38","date_gmt":"2016-11-24T16:34:38","guid":{"rendered":"http:\/\/www.segurosgoiena.com\/es\/?page_id=144"},"modified":"2017-01-26T08:39:15","modified_gmt":"2017-01-26T08:39:15","slug":"ciberseguro-ciberriesgo","status":"publish","type":"page","link":"http:\/\/www.segurosgoiena.com\/es\/empresas\/seguros-goiena\/pymes\/ciberseguro-ciberriesgo\/","title":{"rendered":"CIBERSEGURO CIBERRIESGO"},"content":{"rendered":"<p>\u00bfCu\u00e1les son los Ciber Riesgos que m\u00e1s atenci\u00f3n demandan en su organizaci\u00f3n? \u00bfFraude? \u00bfFuga o manipulaci\u00f3n de informaci\u00f3n? \u00bfEspionaje Industrial? \u00bfRobo de informaci\u00f3n? \u00bfFallos en los sistemas?<\/p>\n<p>Cualquiera que sea el reto que afronte su empresa, una buena preparaci\u00f3n es fundamental, ya que las consecuencias financieras y el da\u00f1o reputacional que originan estos riesgos pueden afectar la continuidad operacional de su negocio.<\/p>\n","protected":false},"excerpt":{"rendered":"<p>\u00bfCu\u00e1les son los Ciber Riesgos que m\u00e1s atenci\u00f3n demandan en su organizaci\u00f3n? \u00bfFraude? \u00bfFuga o manipulaci\u00f3n de informaci\u00f3n? \u00bfEspionaje Industrial? \u00bfRobo de informaci\u00f3n? \u00bfFallos en los sistemas? Cualquiera que sea el reto que afronte su empresa, una buena preparaci\u00f3n es fundamental, ya que las consecuencias financieras y el da\u00f1o reputacional que originan estos riesgos pueden [&hellip;]<\/p>\n","protected":false},"author":1,"featured_media":228,"parent":58,"menu_order":60,"comment_status":"closed","ping_status":"closed","template":"page-templates\/template-producto.php","meta":{"_acf_changed":false,"footnotes":""},"class_list":["post-144","page","type-page","status-publish","has-post-thumbnail","hentry"],"acf":[],"yoast_head":"<!-- This site is optimized with the Yoast SEO plugin v22.5 - https:\/\/yoast.com\/wordpress\/plugins\/seo\/ -->\n<title>Goiena Seguros | PYMES- Ciberseguro Ciberriesgo<\/title>\n<meta name=\"description\" content=\"Con el Ciberseguro las consecuencias de los perjuicios que se puedan generar tras ataques cibern\u00e9ticos se ver\u00e1n reducidas considerablemente.\" \/>\n<meta name=\"robots\" content=\"index, follow, max-snippet:-1, max-image-preview:large, max-video-preview:-1\" \/>\n<link rel=\"canonical\" href=\"http:\/\/www.segurosgoiena.com\/es\/empresas\/seguros-goiena\/pymes\/ciberseguro-ciberriesgo\/\" \/>\n<meta property=\"og:locale\" content=\"es_ES\" \/>\n<meta property=\"og:type\" content=\"article\" \/>\n<meta property=\"og:title\" content=\"Goiena Seguros | PYMES- Ciberseguro Ciberriesgo\" \/>\n<meta property=\"og:description\" content=\"Con el Ciberseguro las consecuencias de los perjuicios que se puedan generar tras ataques cibern\u00e9ticos se ver\u00e1n reducidas considerablemente.\" \/>\n<meta property=\"og:url\" content=\"http:\/\/www.segurosgoiena.com\/es\/empresas\/seguros-goiena\/pymes\/ciberseguro-ciberriesgo\/\" \/>\n<meta property=\"og:site_name\" content=\"Seguros Goiena\" \/>\n<meta property=\"article:modified_time\" content=\"2017-01-26T08:39:15+00:00\" \/>\n<meta property=\"og:image\" content=\"http:\/\/www.segurosgoiena.com\/wp-content\/uploads\/2016\/11\/ciberseguro-ciberriesgo.jpg\" \/>\n\t<meta property=\"og:image:width\" content=\"523\" \/>\n\t<meta property=\"og:image:height\" content=\"425\" \/>\n\t<meta property=\"og:image:type\" content=\"image\/jpeg\" \/>\n<meta name=\"twitter:card\" content=\"summary_large_image\" \/>\n<script type=\"application\/ld+json\" class=\"yoast-schema-graph\">{\"@context\":\"https:\/\/schema.org\",\"@graph\":[{\"@type\":\"WebPage\",\"@id\":\"http:\/\/www.segurosgoiena.com\/es\/empresas\/seguros-goiena\/pymes\/ciberseguro-ciberriesgo\/\",\"url\":\"http:\/\/www.segurosgoiena.com\/es\/empresas\/seguros-goiena\/pymes\/ciberseguro-ciberriesgo\/\",\"name\":\"Goiena Seguros | PYMES- Ciberseguro Ciberriesgo\",\"isPartOf\":{\"@id\":\"http:\/\/www.segurosgoiena.com\/es\/#website\"},\"primaryImageOfPage\":{\"@id\":\"http:\/\/www.segurosgoiena.com\/es\/empresas\/seguros-goiena\/pymes\/ciberseguro-ciberriesgo\/#primaryimage\"},\"image\":{\"@id\":\"http:\/\/www.segurosgoiena.com\/es\/empresas\/seguros-goiena\/pymes\/ciberseguro-ciberriesgo\/#primaryimage\"},\"thumbnailUrl\":\"http:\/\/www.segurosgoiena.com\/wp-content\/uploads\/2016\/11\/ciberseguro-ciberriesgo.jpg\",\"datePublished\":\"2016-11-24T16:34:38+00:00\",\"dateModified\":\"2017-01-26T08:39:15+00:00\",\"description\":\"Con el Ciberseguro las consecuencias de los perjuicios que se puedan generar tras ataques cibern\u00e9ticos se ver\u00e1n reducidas considerablemente.\",\"breadcrumb\":{\"@id\":\"http:\/\/www.segurosgoiena.com\/es\/empresas\/seguros-goiena\/pymes\/ciberseguro-ciberriesgo\/#breadcrumb\"},\"inLanguage\":\"es\",\"potentialAction\":[{\"@type\":\"ReadAction\",\"target\":[\"http:\/\/www.segurosgoiena.com\/es\/empresas\/seguros-goiena\/pymes\/ciberseguro-ciberriesgo\/\"]}]},{\"@type\":\"ImageObject\",\"inLanguage\":\"es\",\"@id\":\"http:\/\/www.segurosgoiena.com\/es\/empresas\/seguros-goiena\/pymes\/ciberseguro-ciberriesgo\/#primaryimage\",\"url\":\"http:\/\/www.segurosgoiena.com\/wp-content\/uploads\/2016\/11\/ciberseguro-ciberriesgo.jpg\",\"contentUrl\":\"http:\/\/www.segurosgoiena.com\/wp-content\/uploads\/2016\/11\/ciberseguro-ciberriesgo.jpg\",\"width\":523,\"height\":425},{\"@type\":\"BreadcrumbList\",\"@id\":\"http:\/\/www.segurosgoiena.com\/es\/empresas\/seguros-goiena\/pymes\/ciberseguro-ciberriesgo\/#breadcrumb\",\"itemListElement\":[{\"@type\":\"ListItem\",\"position\":1,\"name\":\"Portada\",\"item\":\"http:\/\/www.segurosgoiena.com\/es\/\"},{\"@type\":\"ListItem\",\"position\":2,\"name\":\"EMPRESAS\",\"item\":\"http:\/\/www.segurosgoiena.com\/es\/empresas\/\"},{\"@type\":\"ListItem\",\"position\":3,\"name\":\"SEGUROS GOIENA\",\"item\":\"http:\/\/www.segurosgoiena.com\/es\/empresas\/seguros-goiena\/\"},{\"@type\":\"ListItem\",\"position\":4,\"name\":\"PYMES\",\"item\":\"http:\/\/www.segurosgoiena.com\/es\/empresas\/seguros-goiena\/pymes\/\"},{\"@type\":\"ListItem\",\"position\":5,\"name\":\"CIBERSEGURO CIBERRIESGO\"}]},{\"@type\":\"WebSite\",\"@id\":\"http:\/\/www.segurosgoiena.com\/es\/#website\",\"url\":\"http:\/\/www.segurosgoiena.com\/es\/\",\"name\":\"Seguros Goiena\",\"description\":\"Seguros para empresas y particulares\",\"potentialAction\":[{\"@type\":\"SearchAction\",\"target\":{\"@type\":\"EntryPoint\",\"urlTemplate\":\"http:\/\/www.segurosgoiena.com\/es\/?s={search_term_string}\"},\"query-input\":\"required name=search_term_string\"}],\"inLanguage\":\"es\"}]}<\/script>\n<!-- \/ Yoast SEO plugin. -->","yoast_head_json":{"title":"Goiena Seguros | PYMES- Ciberseguro Ciberriesgo","description":"Con el Ciberseguro las consecuencias de los perjuicios que se puedan generar tras ataques cibern\u00e9ticos se ver\u00e1n reducidas considerablemente.","robots":{"index":"index","follow":"follow","max-snippet":"max-snippet:-1","max-image-preview":"max-image-preview:large","max-video-preview":"max-video-preview:-1"},"canonical":"http:\/\/www.segurosgoiena.com\/es\/empresas\/seguros-goiena\/pymes\/ciberseguro-ciberriesgo\/","og_locale":"es_ES","og_type":"article","og_title":"Goiena Seguros | PYMES- Ciberseguro Ciberriesgo","og_description":"Con el Ciberseguro las consecuencias de los perjuicios que se puedan generar tras ataques cibern\u00e9ticos se ver\u00e1n reducidas considerablemente.","og_url":"http:\/\/www.segurosgoiena.com\/es\/empresas\/seguros-goiena\/pymes\/ciberseguro-ciberriesgo\/","og_site_name":"Seguros Goiena","article_modified_time":"2017-01-26T08:39:15+00:00","og_image":[{"width":523,"height":425,"url":"http:\/\/www.segurosgoiena.com\/wp-content\/uploads\/2016\/11\/ciberseguro-ciberriesgo.jpg","type":"image\/jpeg"}],"twitter_card":"summary_large_image","schema":{"@context":"https:\/\/schema.org","@graph":[{"@type":"WebPage","@id":"http:\/\/www.segurosgoiena.com\/es\/empresas\/seguros-goiena\/pymes\/ciberseguro-ciberriesgo\/","url":"http:\/\/www.segurosgoiena.com\/es\/empresas\/seguros-goiena\/pymes\/ciberseguro-ciberriesgo\/","name":"Goiena Seguros | PYMES- Ciberseguro Ciberriesgo","isPartOf":{"@id":"http:\/\/www.segurosgoiena.com\/es\/#website"},"primaryImageOfPage":{"@id":"http:\/\/www.segurosgoiena.com\/es\/empresas\/seguros-goiena\/pymes\/ciberseguro-ciberriesgo\/#primaryimage"},"image":{"@id":"http:\/\/www.segurosgoiena.com\/es\/empresas\/seguros-goiena\/pymes\/ciberseguro-ciberriesgo\/#primaryimage"},"thumbnailUrl":"http:\/\/www.segurosgoiena.com\/wp-content\/uploads\/2016\/11\/ciberseguro-ciberriesgo.jpg","datePublished":"2016-11-24T16:34:38+00:00","dateModified":"2017-01-26T08:39:15+00:00","description":"Con el Ciberseguro las consecuencias de los perjuicios que se puedan generar tras ataques cibern\u00e9ticos se ver\u00e1n reducidas considerablemente.","breadcrumb":{"@id":"http:\/\/www.segurosgoiena.com\/es\/empresas\/seguros-goiena\/pymes\/ciberseguro-ciberriesgo\/#breadcrumb"},"inLanguage":"es","potentialAction":[{"@type":"ReadAction","target":["http:\/\/www.segurosgoiena.com\/es\/empresas\/seguros-goiena\/pymes\/ciberseguro-ciberriesgo\/"]}]},{"@type":"ImageObject","inLanguage":"es","@id":"http:\/\/www.segurosgoiena.com\/es\/empresas\/seguros-goiena\/pymes\/ciberseguro-ciberriesgo\/#primaryimage","url":"http:\/\/www.segurosgoiena.com\/wp-content\/uploads\/2016\/11\/ciberseguro-ciberriesgo.jpg","contentUrl":"http:\/\/www.segurosgoiena.com\/wp-content\/uploads\/2016\/11\/ciberseguro-ciberriesgo.jpg","width":523,"height":425},{"@type":"BreadcrumbList","@id":"http:\/\/www.segurosgoiena.com\/es\/empresas\/seguros-goiena\/pymes\/ciberseguro-ciberriesgo\/#breadcrumb","itemListElement":[{"@type":"ListItem","position":1,"name":"Portada","item":"http:\/\/www.segurosgoiena.com\/es\/"},{"@type":"ListItem","position":2,"name":"EMPRESAS","item":"http:\/\/www.segurosgoiena.com\/es\/empresas\/"},{"@type":"ListItem","position":3,"name":"SEGUROS GOIENA","item":"http:\/\/www.segurosgoiena.com\/es\/empresas\/seguros-goiena\/"},{"@type":"ListItem","position":4,"name":"PYMES","item":"http:\/\/www.segurosgoiena.com\/es\/empresas\/seguros-goiena\/pymes\/"},{"@type":"ListItem","position":5,"name":"CIBERSEGURO CIBERRIESGO"}]},{"@type":"WebSite","@id":"http:\/\/www.segurosgoiena.com\/es\/#website","url":"http:\/\/www.segurosgoiena.com\/es\/","name":"Seguros Goiena","description":"Seguros para empresas y particulares","potentialAction":[{"@type":"SearchAction","target":{"@type":"EntryPoint","urlTemplate":"http:\/\/www.segurosgoiena.com\/es\/?s={search_term_string}"},"query-input":"required name=search_term_string"}],"inLanguage":"es"}]}},"_links":{"self":[{"href":"http:\/\/www.segurosgoiena.com\/es\/wp-json\/wp\/v2\/pages\/144","targetHints":{"allow":["GET"]}}],"collection":[{"href":"http:\/\/www.segurosgoiena.com\/es\/wp-json\/wp\/v2\/pages"}],"about":[{"href":"http:\/\/www.segurosgoiena.com\/es\/wp-json\/wp\/v2\/types\/page"}],"author":[{"embeddable":true,"href":"http:\/\/www.segurosgoiena.com\/es\/wp-json\/wp\/v2\/users\/1"}],"replies":[{"embeddable":true,"href":"http:\/\/www.segurosgoiena.com\/es\/wp-json\/wp\/v2\/comments?post=144"}],"version-history":[{"count":7,"href":"http:\/\/www.segurosgoiena.com\/es\/wp-json\/wp\/v2\/pages\/144\/revisions"}],"predecessor-version":[{"id":1903,"href":"http:\/\/www.segurosgoiena.com\/es\/wp-json\/wp\/v2\/pages\/144\/revisions\/1903"}],"up":[{"embeddable":true,"href":"http:\/\/www.segurosgoiena.com\/es\/wp-json\/wp\/v2\/pages\/58"}],"wp:featuredmedia":[{"embeddable":true,"href":"http:\/\/www.segurosgoiena.com\/es\/wp-json\/wp\/v2\/media\/228"}],"wp:attachment":[{"href":"http:\/\/www.segurosgoiena.com\/es\/wp-json\/wp\/v2\/media?parent=144"}],"curies":[{"name":"wp","href":"https:\/\/api.w.org\/{rel}","templated":true}]}}