{"id":143,"date":"2016-11-24T16:34:46","date_gmt":"2016-11-24T16:34:46","guid":{"rendered":"http:\/\/www.segurosgoiena.com\/es\/?page_id=143"},"modified":"2017-01-12T11:32:33","modified_gmt":"2017-01-12T11:32:33","slug":"proteccion-juridica-empresarial","status":"publish","type":"page","link":"http:\/\/www.segurosgoiena.com\/es\/empresas\/seguros-goiena\/pymes\/proteccion-juridica-empresarial\/","title":{"rendered":"PROTECCI\u00d3N JUR\u00cdDICA EMPRESARIAL"},"content":{"rendered":"<p>Quien tiene una Empresa, sabe lo dif\u00edcil que es administrarla. Un negocio presenta unas necesidades de asistencia legal muy singulares y caracter\u00edsticas. Las empresas, cuando tienen que actuar frente a una necesidad jur\u00eddica, muchas veces tienen que recurrir a servicios jur\u00eddicos externos con unos costes muy importantes para sus econom\u00edas.<\/p>\n<p>Ante cualquier contratiempo o duda, \u00a0Ud. \u00a0y \u00a0su \u00a0Empresa \u00a0tienen un abogado que se encarga de todo. Siempre que lo necesiten, los expertos le asesorar\u00e1n y resolver\u00e1n sus problemas legales. As\u00ed, podr\u00e1 dedicarse a lo m\u00e1s importante: gestionar el d\u00eda a d\u00eda de su negocio.<\/p>\n","protected":false},"excerpt":{"rendered":"<p>Quien tiene una Empresa, sabe lo dif\u00edcil que es administrarla. Un negocio presenta unas necesidades de asistencia legal muy singulares y caracter\u00edsticas. Las empresas, cuando tienen que actuar frente a una necesidad jur\u00eddica, muchas veces tienen que recurrir a servicios jur\u00eddicos externos con unos costes muy importantes para sus econom\u00edas. Ante cualquier contratiempo o duda, [&hellip;]<\/p>\n","protected":false},"author":1,"featured_media":248,"parent":58,"menu_order":50,"comment_status":"closed","ping_status":"closed","template":"page-templates\/template-producto.php","meta":{"_acf_changed":false,"footnotes":""},"class_list":["post-143","page","type-page","status-publish","has-post-thumbnail","hentry"],"acf":[],"yoast_head":"<!-- This site is optimized with the Yoast SEO plugin v22.5 - https:\/\/yoast.com\/wordpress\/plugins\/seo\/ -->\n<title>Goiena Seguros | PYMES- Protecci\u00f3n jur\u00eddica empresarial<\/title>\n<meta name=\"description\" content=\"La protecci\u00f3n jur\u00eddica empresarial consiste en asistir, asesorar jur\u00eddicamente o efectuar tr\u00e1mites de reclamaci\u00f3n y defensa por v\u00eda amistosa y judicial.\" \/>\n<meta name=\"robots\" content=\"index, follow, max-snippet:-1, max-image-preview:large, max-video-preview:-1\" \/>\n<link rel=\"canonical\" href=\"http:\/\/www.segurosgoiena.com\/es\/empresas\/seguros-goiena\/pymes\/proteccion-juridica-empresarial\/\" \/>\n<meta property=\"og:locale\" content=\"es_ES\" \/>\n<meta property=\"og:type\" content=\"article\" \/>\n<meta property=\"og:title\" content=\"Goiena Seguros | PYMES- Protecci\u00f3n jur\u00eddica empresarial\" \/>\n<meta property=\"og:description\" content=\"La protecci\u00f3n jur\u00eddica empresarial consiste en asistir, asesorar jur\u00eddicamente o efectuar tr\u00e1mites de reclamaci\u00f3n y defensa por v\u00eda amistosa y judicial.\" \/>\n<meta property=\"og:url\" content=\"http:\/\/www.segurosgoiena.com\/es\/empresas\/seguros-goiena\/pymes\/proteccion-juridica-empresarial\/\" \/>\n<meta property=\"og:site_name\" content=\"Seguros Goiena\" \/>\n<meta property=\"article:modified_time\" content=\"2017-01-12T11:32:33+00:00\" \/>\n<meta property=\"og:image\" content=\"http:\/\/www.segurosgoiena.com\/wp-content\/uploads\/2016\/11\/proteccion-juridica-empresarial.jpg\" \/>\n\t<meta property=\"og:image:width\" content=\"523\" \/>\n\t<meta property=\"og:image:height\" content=\"425\" \/>\n\t<meta property=\"og:image:type\" content=\"image\/jpeg\" \/>\n<meta name=\"twitter:card\" content=\"summary_large_image\" \/>\n<meta name=\"twitter:label1\" content=\"Tiempo de lectura\" \/>\n\t<meta name=\"twitter:data1\" content=\"1 minuto\" \/>\n<script type=\"application\/ld+json\" class=\"yoast-schema-graph\">{\"@context\":\"https:\/\/schema.org\",\"@graph\":[{\"@type\":\"WebPage\",\"@id\":\"http:\/\/www.segurosgoiena.com\/es\/empresas\/seguros-goiena\/pymes\/proteccion-juridica-empresarial\/\",\"url\":\"http:\/\/www.segurosgoiena.com\/es\/empresas\/seguros-goiena\/pymes\/proteccion-juridica-empresarial\/\",\"name\":\"Goiena Seguros | PYMES- Protecci\u00f3n jur\u00eddica empresarial\",\"isPartOf\":{\"@id\":\"http:\/\/www.segurosgoiena.com\/es\/#website\"},\"primaryImageOfPage\":{\"@id\":\"http:\/\/www.segurosgoiena.com\/es\/empresas\/seguros-goiena\/pymes\/proteccion-juridica-empresarial\/#primaryimage\"},\"image\":{\"@id\":\"http:\/\/www.segurosgoiena.com\/es\/empresas\/seguros-goiena\/pymes\/proteccion-juridica-empresarial\/#primaryimage\"},\"thumbnailUrl\":\"http:\/\/www.segurosgoiena.com\/wp-content\/uploads\/2016\/11\/proteccion-juridica-empresarial.jpg\",\"datePublished\":\"2016-11-24T16:34:46+00:00\",\"dateModified\":\"2017-01-12T11:32:33+00:00\",\"description\":\"La protecci\u00f3n jur\u00eddica empresarial consiste en asistir, asesorar jur\u00eddicamente o efectuar tr\u00e1mites de reclamaci\u00f3n y defensa por v\u00eda amistosa y judicial.\",\"breadcrumb\":{\"@id\":\"http:\/\/www.segurosgoiena.com\/es\/empresas\/seguros-goiena\/pymes\/proteccion-juridica-empresarial\/#breadcrumb\"},\"inLanguage\":\"es\",\"potentialAction\":[{\"@type\":\"ReadAction\",\"target\":[\"http:\/\/www.segurosgoiena.com\/es\/empresas\/seguros-goiena\/pymes\/proteccion-juridica-empresarial\/\"]}]},{\"@type\":\"ImageObject\",\"inLanguage\":\"es\",\"@id\":\"http:\/\/www.segurosgoiena.com\/es\/empresas\/seguros-goiena\/pymes\/proteccion-juridica-empresarial\/#primaryimage\",\"url\":\"http:\/\/www.segurosgoiena.com\/wp-content\/uploads\/2016\/11\/proteccion-juridica-empresarial.jpg\",\"contentUrl\":\"http:\/\/www.segurosgoiena.com\/wp-content\/uploads\/2016\/11\/proteccion-juridica-empresarial.jpg\",\"width\":523,\"height\":425},{\"@type\":\"BreadcrumbList\",\"@id\":\"http:\/\/www.segurosgoiena.com\/es\/empresas\/seguros-goiena\/pymes\/proteccion-juridica-empresarial\/#breadcrumb\",\"itemListElement\":[{\"@type\":\"ListItem\",\"position\":1,\"name\":\"Portada\",\"item\":\"http:\/\/www.segurosgoiena.com\/es\/\"},{\"@type\":\"ListItem\",\"position\":2,\"name\":\"EMPRESAS\",\"item\":\"http:\/\/www.segurosgoiena.com\/es\/empresas\/\"},{\"@type\":\"ListItem\",\"position\":3,\"name\":\"SEGUROS GOIENA\",\"item\":\"http:\/\/www.segurosgoiena.com\/es\/empresas\/seguros-goiena\/\"},{\"@type\":\"ListItem\",\"position\":4,\"name\":\"PYMES\",\"item\":\"http:\/\/www.segurosgoiena.com\/es\/empresas\/seguros-goiena\/pymes\/\"},{\"@type\":\"ListItem\",\"position\":5,\"name\":\"PROTECCI\u00d3N JUR\u00cdDICA EMPRESARIAL\"}]},{\"@type\":\"WebSite\",\"@id\":\"http:\/\/www.segurosgoiena.com\/es\/#website\",\"url\":\"http:\/\/www.segurosgoiena.com\/es\/\",\"name\":\"Seguros Goiena\",\"description\":\"Seguros para empresas y particulares\",\"potentialAction\":[{\"@type\":\"SearchAction\",\"target\":{\"@type\":\"EntryPoint\",\"urlTemplate\":\"http:\/\/www.segurosgoiena.com\/es\/?s={search_term_string}\"},\"query-input\":\"required name=search_term_string\"}],\"inLanguage\":\"es\"}]}<\/script>\n<!-- \/ Yoast SEO plugin. -->","yoast_head_json":{"title":"Goiena Seguros | PYMES- Protecci\u00f3n jur\u00eddica empresarial","description":"La protecci\u00f3n jur\u00eddica empresarial consiste en asistir, asesorar jur\u00eddicamente o efectuar tr\u00e1mites de reclamaci\u00f3n y defensa por v\u00eda amistosa y judicial.","robots":{"index":"index","follow":"follow","max-snippet":"max-snippet:-1","max-image-preview":"max-image-preview:large","max-video-preview":"max-video-preview:-1"},"canonical":"http:\/\/www.segurosgoiena.com\/es\/empresas\/seguros-goiena\/pymes\/proteccion-juridica-empresarial\/","og_locale":"es_ES","og_type":"article","og_title":"Goiena Seguros | PYMES- Protecci\u00f3n jur\u00eddica empresarial","og_description":"La protecci\u00f3n jur\u00eddica empresarial consiste en asistir, asesorar jur\u00eddicamente o efectuar tr\u00e1mites de reclamaci\u00f3n y defensa por v\u00eda amistosa y judicial.","og_url":"http:\/\/www.segurosgoiena.com\/es\/empresas\/seguros-goiena\/pymes\/proteccion-juridica-empresarial\/","og_site_name":"Seguros Goiena","article_modified_time":"2017-01-12T11:32:33+00:00","og_image":[{"width":523,"height":425,"url":"http:\/\/www.segurosgoiena.com\/wp-content\/uploads\/2016\/11\/proteccion-juridica-empresarial.jpg","type":"image\/jpeg"}],"twitter_card":"summary_large_image","twitter_misc":{"Tiempo de lectura":"1 minuto"},"schema":{"@context":"https:\/\/schema.org","@graph":[{"@type":"WebPage","@id":"http:\/\/www.segurosgoiena.com\/es\/empresas\/seguros-goiena\/pymes\/proteccion-juridica-empresarial\/","url":"http:\/\/www.segurosgoiena.com\/es\/empresas\/seguros-goiena\/pymes\/proteccion-juridica-empresarial\/","name":"Goiena Seguros | PYMES- Protecci\u00f3n jur\u00eddica empresarial","isPartOf":{"@id":"http:\/\/www.segurosgoiena.com\/es\/#website"},"primaryImageOfPage":{"@id":"http:\/\/www.segurosgoiena.com\/es\/empresas\/seguros-goiena\/pymes\/proteccion-juridica-empresarial\/#primaryimage"},"image":{"@id":"http:\/\/www.segurosgoiena.com\/es\/empresas\/seguros-goiena\/pymes\/proteccion-juridica-empresarial\/#primaryimage"},"thumbnailUrl":"http:\/\/www.segurosgoiena.com\/wp-content\/uploads\/2016\/11\/proteccion-juridica-empresarial.jpg","datePublished":"2016-11-24T16:34:46+00:00","dateModified":"2017-01-12T11:32:33+00:00","description":"La protecci\u00f3n jur\u00eddica empresarial consiste en asistir, asesorar jur\u00eddicamente o efectuar tr\u00e1mites de reclamaci\u00f3n y defensa por v\u00eda amistosa y judicial.","breadcrumb":{"@id":"http:\/\/www.segurosgoiena.com\/es\/empresas\/seguros-goiena\/pymes\/proteccion-juridica-empresarial\/#breadcrumb"},"inLanguage":"es","potentialAction":[{"@type":"ReadAction","target":["http:\/\/www.segurosgoiena.com\/es\/empresas\/seguros-goiena\/pymes\/proteccion-juridica-empresarial\/"]}]},{"@type":"ImageObject","inLanguage":"es","@id":"http:\/\/www.segurosgoiena.com\/es\/empresas\/seguros-goiena\/pymes\/proteccion-juridica-empresarial\/#primaryimage","url":"http:\/\/www.segurosgoiena.com\/wp-content\/uploads\/2016\/11\/proteccion-juridica-empresarial.jpg","contentUrl":"http:\/\/www.segurosgoiena.com\/wp-content\/uploads\/2016\/11\/proteccion-juridica-empresarial.jpg","width":523,"height":425},{"@type":"BreadcrumbList","@id":"http:\/\/www.segurosgoiena.com\/es\/empresas\/seguros-goiena\/pymes\/proteccion-juridica-empresarial\/#breadcrumb","itemListElement":[{"@type":"ListItem","position":1,"name":"Portada","item":"http:\/\/www.segurosgoiena.com\/es\/"},{"@type":"ListItem","position":2,"name":"EMPRESAS","item":"http:\/\/www.segurosgoiena.com\/es\/empresas\/"},{"@type":"ListItem","position":3,"name":"SEGUROS GOIENA","item":"http:\/\/www.segurosgoiena.com\/es\/empresas\/seguros-goiena\/"},{"@type":"ListItem","position":4,"name":"PYMES","item":"http:\/\/www.segurosgoiena.com\/es\/empresas\/seguros-goiena\/pymes\/"},{"@type":"ListItem","position":5,"name":"PROTECCI\u00d3N JUR\u00cdDICA EMPRESARIAL"}]},{"@type":"WebSite","@id":"http:\/\/www.segurosgoiena.com\/es\/#website","url":"http:\/\/www.segurosgoiena.com\/es\/","name":"Seguros Goiena","description":"Seguros para empresas y particulares","potentialAction":[{"@type":"SearchAction","target":{"@type":"EntryPoint","urlTemplate":"http:\/\/www.segurosgoiena.com\/es\/?s={search_term_string}"},"query-input":"required name=search_term_string"}],"inLanguage":"es"}]}},"_links":{"self":[{"href":"http:\/\/www.segurosgoiena.com\/es\/wp-json\/wp\/v2\/pages\/143","targetHints":{"allow":["GET"]}}],"collection":[{"href":"http:\/\/www.segurosgoiena.com\/es\/wp-json\/wp\/v2\/pages"}],"about":[{"href":"http:\/\/www.segurosgoiena.com\/es\/wp-json\/wp\/v2\/types\/page"}],"author":[{"embeddable":true,"href":"http:\/\/www.segurosgoiena.com\/es\/wp-json\/wp\/v2\/users\/1"}],"replies":[{"embeddable":true,"href":"http:\/\/www.segurosgoiena.com\/es\/wp-json\/wp\/v2\/comments?post=143"}],"version-history":[{"count":4,"href":"http:\/\/www.segurosgoiena.com\/es\/wp-json\/wp\/v2\/pages\/143\/revisions"}],"predecessor-version":[{"id":1598,"href":"http:\/\/www.segurosgoiena.com\/es\/wp-json\/wp\/v2\/pages\/143\/revisions\/1598"}],"up":[{"embeddable":true,"href":"http:\/\/www.segurosgoiena.com\/es\/wp-json\/wp\/v2\/pages\/58"}],"wp:featuredmedia":[{"embeddable":true,"href":"http:\/\/www.segurosgoiena.com\/es\/wp-json\/wp\/v2\/media\/248"}],"wp:attachment":[{"href":"http:\/\/www.segurosgoiena.com\/es\/wp-json\/wp\/v2\/media?parent=143"}],"curies":[{"name":"wp","href":"https:\/\/api.w.org\/{rel}","templated":true}]}}