{"id":1238,"date":"2016-12-16T11:02:42","date_gmt":"2016-12-16T11:02:42","guid":{"rendered":"http:\/\/www.segurosgoiena.com\/?page_id=1238\/"},"modified":"2017-01-12T16:20:51","modified_gmt":"2017-01-12T16:20:51","slug":"negocio-especializado-seguro-credito","status":"publish","type":"page","link":"http:\/\/www.segurosgoiena.com\/es\/empresas\/ventajas-goiena\/negocio-especializado-seguro-credito\/","title":{"rendered":"Negocio Especializado: Seguro de Cr\u00e9dito"},"content":{"rendered":"<h3>Negocio Especializado: <a href=\"http:\/\/www.segurosgoiena.com\/es\/empresas\/seguros-goiena\/grandes-riesgos-empresas\/seguro-de-credito\/\">Seguro de Cr\u00e9dito<\/a>.<\/h3>\n<p>Especializaci\u00f3n creciente en el area de Seguro de Cr\u00e9dito.<\/p>\n<p><img loading=\"lazy\" decoding=\"async\" class=\"alignnone wp-image-1722 size-medium\" src=\"http:\/\/www.segurosgoiena.com\/wp-content\/uploads\/2016\/12\/EJL0008_AZKGOIENA-523x588.jpg\" alt=\"negocio-especializado\" width=\"523\" height=\"588\" srcset=\"http:\/\/www.segurosgoiena.com\/wp-content\/uploads\/2016\/12\/EJL0008_AZKGOIENA-523x588.jpg 523w, http:\/\/www.segurosgoiena.com\/wp-content\/uploads\/2016\/12\/EJL0008_AZKGOIENA-768x864.jpg 768w, http:\/\/www.segurosgoiena.com\/wp-content\/uploads\/2016\/12\/EJL0008_AZKGOIENA-911x1024.jpg 911w, http:\/\/www.segurosgoiena.com\/wp-content\/uploads\/2016\/12\/EJL0008_AZKGOIENA.jpg 1621w\" sizes=\"auto, (max-width: 523px) 100vw, 523px\" \/><\/p>\n<p>El an\u00e1lisis, estudio y colocaci\u00f3n de esta tipolog\u00eda de riesgos exige <strong>personal cualificado y con experiencia en este \u00e1rea de negocio<\/strong>. \u00a0Goiena Corredur\u00eda de Seguros, junto con el soporte de diferentes Compa\u00f1\u00edas Aseguradoras, realiza su especializaci\u00f3n centrada en <strong>dos fases de asesoramiento<\/strong>:<\/p>\n","protected":false},"excerpt":{"rendered":"<p>Negocio Especializado: Seguro de Cr\u00e9dito. Especializaci\u00f3n creciente en el area de Seguro de Cr\u00e9dito. El an\u00e1lisis, estudio y colocaci\u00f3n de esta tipolog\u00eda de riesgos exige personal cualificado y con experiencia en este \u00e1rea de negocio. \u00a0Goiena Corredur\u00eda de Seguros, junto con el soporte de diferentes Compa\u00f1\u00edas Aseguradoras, realiza su especializaci\u00f3n centrada en dos fases de [&hellip;]<\/p>\n","protected":false},"author":1,"featured_media":0,"parent":19,"menu_order":0,"comment_status":"closed","ping_status":"closed","template":"","meta":{"_acf_changed":false,"footnotes":""},"class_list":["post-1238","page","type-page","status-publish","hentry"],"acf":[],"yoast_head":"<!-- This site is optimized with the Yoast SEO plugin v22.5 - https:\/\/yoast.com\/wordpress\/plugins\/seo\/ -->\n<title>Goiena Seguros | Seguros de cr\u00e9dito<\/title>\n<meta name=\"description\" content=\"Especialistas en Seguros de Cr\u00e9dito, los cuales requieren personal cualificado y con experiencia para el an\u00e1lisis y colocaci\u00f3n de este tipo de de riesgos.\" \/>\n<meta name=\"robots\" content=\"index, follow, max-snippet:-1, max-image-preview:large, max-video-preview:-1\" \/>\n<link rel=\"canonical\" href=\"http:\/\/www.segurosgoiena.com\/es\/empresas\/ventajas-goiena\/negocio-especializado-seguro-credito\/\" \/>\n<meta property=\"og:locale\" content=\"es_ES\" \/>\n<meta property=\"og:type\" content=\"article\" \/>\n<meta property=\"og:title\" content=\"Goiena Seguros | Seguros de cr\u00e9dito\" \/>\n<meta property=\"og:description\" content=\"Especialistas en Seguros de Cr\u00e9dito, los cuales requieren personal cualificado y con experiencia para el an\u00e1lisis y colocaci\u00f3n de este tipo de de riesgos.\" \/>\n<meta property=\"og:url\" content=\"http:\/\/www.segurosgoiena.com\/es\/empresas\/ventajas-goiena\/negocio-especializado-seguro-credito\/\" \/>\n<meta property=\"og:site_name\" content=\"Seguros Goiena\" \/>\n<meta property=\"article:modified_time\" content=\"2017-01-12T16:20:51+00:00\" \/>\n<meta property=\"og:image\" content=\"http:\/\/www.segurosgoiena.com\/wp-content\/uploads\/2016\/12\/EJL0008_AZKGOIENA-523x588.jpg\" \/>\n<meta name=\"twitter:card\" content=\"summary_large_image\" \/>\n<script type=\"application\/ld+json\" class=\"yoast-schema-graph\">{\"@context\":\"https:\/\/schema.org\",\"@graph\":[{\"@type\":\"WebPage\",\"@id\":\"http:\/\/www.segurosgoiena.com\/es\/empresas\/ventajas-goiena\/negocio-especializado-seguro-credito\/\",\"url\":\"http:\/\/www.segurosgoiena.com\/es\/empresas\/ventajas-goiena\/negocio-especializado-seguro-credito\/\",\"name\":\"Goiena Seguros | Seguros de cr\u00e9dito\",\"isPartOf\":{\"@id\":\"http:\/\/www.segurosgoiena.com\/es\/#website\"},\"primaryImageOfPage\":{\"@id\":\"http:\/\/www.segurosgoiena.com\/es\/empresas\/ventajas-goiena\/negocio-especializado-seguro-credito\/#primaryimage\"},\"image\":{\"@id\":\"http:\/\/www.segurosgoiena.com\/es\/empresas\/ventajas-goiena\/negocio-especializado-seguro-credito\/#primaryimage\"},\"thumbnailUrl\":\"http:\/\/www.segurosgoiena.com\/wp-content\/uploads\/2016\/12\/EJL0008_AZKGOIENA-523x588.jpg\",\"datePublished\":\"2016-12-16T11:02:42+00:00\",\"dateModified\":\"2017-01-12T16:20:51+00:00\",\"description\":\"Especialistas en Seguros de Cr\u00e9dito, los cuales requieren personal cualificado y con experiencia para el an\u00e1lisis y colocaci\u00f3n de este tipo de de riesgos.\",\"breadcrumb\":{\"@id\":\"http:\/\/www.segurosgoiena.com\/es\/empresas\/ventajas-goiena\/negocio-especializado-seguro-credito\/#breadcrumb\"},\"inLanguage\":\"es\",\"potentialAction\":[{\"@type\":\"ReadAction\",\"target\":[\"http:\/\/www.segurosgoiena.com\/es\/empresas\/ventajas-goiena\/negocio-especializado-seguro-credito\/\"]}]},{\"@type\":\"ImageObject\",\"inLanguage\":\"es\",\"@id\":\"http:\/\/www.segurosgoiena.com\/es\/empresas\/ventajas-goiena\/negocio-especializado-seguro-credito\/#primaryimage\",\"url\":\"http:\/\/www.segurosgoiena.com\/wp-content\/uploads\/2016\/12\/EJL0008_AZKGOIENA-523x588.jpg\",\"contentUrl\":\"http:\/\/www.segurosgoiena.com\/wp-content\/uploads\/2016\/12\/EJL0008_AZKGOIENA-523x588.jpg\"},{\"@type\":\"BreadcrumbList\",\"@id\":\"http:\/\/www.segurosgoiena.com\/es\/empresas\/ventajas-goiena\/negocio-especializado-seguro-credito\/#breadcrumb\",\"itemListElement\":[{\"@type\":\"ListItem\",\"position\":1,\"name\":\"Portada\",\"item\":\"http:\/\/www.segurosgoiena.com\/es\/\"},{\"@type\":\"ListItem\",\"position\":2,\"name\":\"EMPRESAS\",\"item\":\"http:\/\/www.segurosgoiena.com\/es\/empresas\/\"},{\"@type\":\"ListItem\",\"position\":3,\"name\":\"VENTAJAS GOIENA\",\"item\":\"http:\/\/www.segurosgoiena.com\/es\/empresas\/ventajas-goiena\/\"},{\"@type\":\"ListItem\",\"position\":4,\"name\":\"Negocio Especializado: Seguro de Cr\u00e9dito\"}]},{\"@type\":\"WebSite\",\"@id\":\"http:\/\/www.segurosgoiena.com\/es\/#website\",\"url\":\"http:\/\/www.segurosgoiena.com\/es\/\",\"name\":\"Seguros Goiena\",\"description\":\"Seguros para empresas y particulares\",\"potentialAction\":[{\"@type\":\"SearchAction\",\"target\":{\"@type\":\"EntryPoint\",\"urlTemplate\":\"http:\/\/www.segurosgoiena.com\/es\/?s={search_term_string}\"},\"query-input\":\"required name=search_term_string\"}],\"inLanguage\":\"es\"}]}<\/script>\n<!-- \/ Yoast SEO plugin. -->","yoast_head_json":{"title":"Goiena Seguros | Seguros de cr\u00e9dito","description":"Especialistas en Seguros de Cr\u00e9dito, los cuales requieren personal cualificado y con experiencia para el an\u00e1lisis y colocaci\u00f3n de este tipo de de riesgos.","robots":{"index":"index","follow":"follow","max-snippet":"max-snippet:-1","max-image-preview":"max-image-preview:large","max-video-preview":"max-video-preview:-1"},"canonical":"http:\/\/www.segurosgoiena.com\/es\/empresas\/ventajas-goiena\/negocio-especializado-seguro-credito\/","og_locale":"es_ES","og_type":"article","og_title":"Goiena Seguros | Seguros de cr\u00e9dito","og_description":"Especialistas en Seguros de Cr\u00e9dito, los cuales requieren personal cualificado y con experiencia para el an\u00e1lisis y colocaci\u00f3n de este tipo de de riesgos.","og_url":"http:\/\/www.segurosgoiena.com\/es\/empresas\/ventajas-goiena\/negocio-especializado-seguro-credito\/","og_site_name":"Seguros Goiena","article_modified_time":"2017-01-12T16:20:51+00:00","og_image":[{"url":"http:\/\/www.segurosgoiena.com\/wp-content\/uploads\/2016\/12\/EJL0008_AZKGOIENA-523x588.jpg"}],"twitter_card":"summary_large_image","schema":{"@context":"https:\/\/schema.org","@graph":[{"@type":"WebPage","@id":"http:\/\/www.segurosgoiena.com\/es\/empresas\/ventajas-goiena\/negocio-especializado-seguro-credito\/","url":"http:\/\/www.segurosgoiena.com\/es\/empresas\/ventajas-goiena\/negocio-especializado-seguro-credito\/","name":"Goiena Seguros | Seguros de cr\u00e9dito","isPartOf":{"@id":"http:\/\/www.segurosgoiena.com\/es\/#website"},"primaryImageOfPage":{"@id":"http:\/\/www.segurosgoiena.com\/es\/empresas\/ventajas-goiena\/negocio-especializado-seguro-credito\/#primaryimage"},"image":{"@id":"http:\/\/www.segurosgoiena.com\/es\/empresas\/ventajas-goiena\/negocio-especializado-seguro-credito\/#primaryimage"},"thumbnailUrl":"http:\/\/www.segurosgoiena.com\/wp-content\/uploads\/2016\/12\/EJL0008_AZKGOIENA-523x588.jpg","datePublished":"2016-12-16T11:02:42+00:00","dateModified":"2017-01-12T16:20:51+00:00","description":"Especialistas en Seguros de Cr\u00e9dito, los cuales requieren personal cualificado y con experiencia para el an\u00e1lisis y colocaci\u00f3n de este tipo de de riesgos.","breadcrumb":{"@id":"http:\/\/www.segurosgoiena.com\/es\/empresas\/ventajas-goiena\/negocio-especializado-seguro-credito\/#breadcrumb"},"inLanguage":"es","potentialAction":[{"@type":"ReadAction","target":["http:\/\/www.segurosgoiena.com\/es\/empresas\/ventajas-goiena\/negocio-especializado-seguro-credito\/"]}]},{"@type":"ImageObject","inLanguage":"es","@id":"http:\/\/www.segurosgoiena.com\/es\/empresas\/ventajas-goiena\/negocio-especializado-seguro-credito\/#primaryimage","url":"http:\/\/www.segurosgoiena.com\/wp-content\/uploads\/2016\/12\/EJL0008_AZKGOIENA-523x588.jpg","contentUrl":"http:\/\/www.segurosgoiena.com\/wp-content\/uploads\/2016\/12\/EJL0008_AZKGOIENA-523x588.jpg"},{"@type":"BreadcrumbList","@id":"http:\/\/www.segurosgoiena.com\/es\/empresas\/ventajas-goiena\/negocio-especializado-seguro-credito\/#breadcrumb","itemListElement":[{"@type":"ListItem","position":1,"name":"Portada","item":"http:\/\/www.segurosgoiena.com\/es\/"},{"@type":"ListItem","position":2,"name":"EMPRESAS","item":"http:\/\/www.segurosgoiena.com\/es\/empresas\/"},{"@type":"ListItem","position":3,"name":"VENTAJAS GOIENA","item":"http:\/\/www.segurosgoiena.com\/es\/empresas\/ventajas-goiena\/"},{"@type":"ListItem","position":4,"name":"Negocio Especializado: Seguro de Cr\u00e9dito"}]},{"@type":"WebSite","@id":"http:\/\/www.segurosgoiena.com\/es\/#website","url":"http:\/\/www.segurosgoiena.com\/es\/","name":"Seguros Goiena","description":"Seguros para empresas y particulares","potentialAction":[{"@type":"SearchAction","target":{"@type":"EntryPoint","urlTemplate":"http:\/\/www.segurosgoiena.com\/es\/?s={search_term_string}"},"query-input":"required name=search_term_string"}],"inLanguage":"es"}]}},"_links":{"self":[{"href":"http:\/\/www.segurosgoiena.com\/es\/wp-json\/wp\/v2\/pages\/1238","targetHints":{"allow":["GET"]}}],"collection":[{"href":"http:\/\/www.segurosgoiena.com\/es\/wp-json\/wp\/v2\/pages"}],"about":[{"href":"http:\/\/www.segurosgoiena.com\/es\/wp-json\/wp\/v2\/types\/page"}],"author":[{"embeddable":true,"href":"http:\/\/www.segurosgoiena.com\/es\/wp-json\/wp\/v2\/users\/1"}],"replies":[{"embeddable":true,"href":"http:\/\/www.segurosgoiena.com\/es\/wp-json\/wp\/v2\/comments?post=1238"}],"version-history":[{"count":11,"href":"http:\/\/www.segurosgoiena.com\/es\/wp-json\/wp\/v2\/pages\/1238\/revisions"}],"predecessor-version":[{"id":1727,"href":"http:\/\/www.segurosgoiena.com\/es\/wp-json\/wp\/v2\/pages\/1238\/revisions\/1727"}],"up":[{"embeddable":true,"href":"http:\/\/www.segurosgoiena.com\/es\/wp-json\/wp\/v2\/pages\/19"}],"wp:attachment":[{"href":"http:\/\/www.segurosgoiena.com\/es\/wp-json\/wp\/v2\/media?parent=1238"}],"curies":[{"name":"wp","href":"https:\/\/api.w.org\/{rel}","templated":true}]}}