{"id":1138,"date":"2016-12-15T13:04:51","date_gmt":"2016-12-15T13:04:51","guid":{"rendered":"http:\/\/www.segurosgoiena.com\/?page_id=1138\/"},"modified":"2016-12-19T09:36:00","modified_gmt":"2016-12-19T09:36:00","slug":"enlaces-de-interes","status":"publish","type":"page","link":"http:\/\/www.segurosgoiena.com\/es\/empresas\/asistencia\/enlaces-de-interes\/","title":{"rendered":"Enlaces de Inter\u00e9s"},"content":{"rendered":"<h6><a href=\"http:\/\/www.mediadoresgipuzkoa.com\" target=\"_blank\"> <strong>Colegio de Mediadores de Seguros de Gipuzkoa <\/strong> <\/a><\/h6>\n<h6><a href=\"http:\/\/www.mediadoresdeseguros.com\/cms\" target=\"_blank\"><strong>Consejo General de Mediadores de Seguros<\/strong> <\/a><\/h6>\n<h6><a href=\"http:\/\/www.unespa.es\/frontend\/unespa\/base.php\" target=\"_blank\"><strong>UNESPA (Asociaci\u00f3n Empresarial del Seguro)<\/strong> <\/a><\/h6>\n<h6><a href=\"https:\/\/www.inese.es\" target=\"_blank\"><strong>Bolet\u00edn Diario del Seguro (INESE) <\/strong> <\/a><\/h6>\n<h6><a href=\"http:\/\/www.mediadoresdeseguros.com\/cms\/comunicacion\/revista\" target=\"_blank\"><strong>Publicaci\u00f3n Aseguradores<\/strong> <\/a><\/h6>\n<h6><a href=\"https:\/\/www.inese.es\/publicaciones\/actualidad-aseguradora\" target=\"_blank\"><strong>Publicaci\u00f3n Actualidad Aseguradora<\/strong> <\/a><\/h6>\n<h6><a href=\"http:\/\/www.consorseguros.es\" target=\"_blank\"><strong>Consorcio de Compensaci\u00f3n de Seguros<\/strong> <\/a><\/h6>\n<h6><a href=\"http:\/\/www.dgt.es\" target=\"_blank\"><strong>DGT (Direcci\u00f3n general de tr\u00e1fico)<\/strong> <\/a><\/h6>\n<h6><a href=\"http:\/\/www.cibercecas.com\" target=\"_blank\"><strong>CECAS (Centro de Estudios) <\/strong> <\/a><\/h6>\n<h6><a href=\"http:\/\/www.ofesauto.es\" target=\"_blank\"><strong>OFESAUTO (Oficina Espa\u00f1ola de Aseguradoras de Autom\u00f3viles)<\/strong> <\/a><\/h6>\n<h6><a href=\"http:\/\/www.tirea.es\" target=\"_blank\"><strong>TIREA (Tecnolog\u00edas de la Informaci\u00f3n y Redes para las Entidades Aseguradoras)<\/strong> <\/a><\/h6>\n<h6><a href=\"http:\/\/www.aemes.net\" target=\"_blank\"><strong>AEMES (Asociaci\u00f3n Empresarial de Mediadores de Seguros)<\/strong> <\/a><\/h6>\n<h6><a href=\"http:\/\/www.icea.es\" target=\"_blank\"><strong>ICEA (Investigaci\u00f3n Cooperativa de Entidades Aseguradoras)<\/strong> <\/a><\/h6>\n<h6><a href=\"http:\/\/www.actuarios.org\" target=\"_blank\"><strong>INSTITUTO DE ACTUARIOS ESPA\u00d1OLES<\/strong> <\/a><\/h6>\n<h6><a href=\"http:\/\/www.mapfreglobalrisks.com\/portal\/global-risks\/itsemap.html\" target=\"_blank\"><strong>ITSEMAP (Instituto Tecnologico de Seguridad MAPFRE)<\/strong> <\/a><\/h6>\n<h6><a href=\"http:\/\/www.derecho.com\" target=\"_blank\"> <strong>LEGISLACI\u00d3N ESPA\u00d1OLA DE SEGUROS (Derecho.com)<\/strong> <\/a><\/h6>\n<h6><a href=\"http:\/\/www.cnmv.es\" target=\"_blank\"><strong>COMISI\u00d3N NACIONAL DEL MERCADO DE VALORES<\/strong><\/a><\/h6>\n<h6><a href=\"http:\/\/www.ceoe.es\" target=\"_blank\"><strong>CEOE (Confederaci\u00f3n Espa\u00f1ola de Organizaciones Empresariales)<\/strong><\/a><\/h6>\n<h6><a href=\"http:\/\/www.adegi.es\" target=\"_blank\"><strong>ADEGI (Asociaci\u00f3n de Empresarios de Gipuzkoa)<\/strong><\/a><\/h6>\n<h6><a href=\"http:\/\/www.seg-social.es\" target=\"_blank\"><strong>SEGURIDAD SOCIAL<\/strong><\/a><\/h6>\n<h6><a href=\"http:\/\/www.agpd.es\" target=\"_blank\"><strong>AEPD (AGENCIA ESPA\u00d1OLA DE PROTECCION DE DATOS<\/strong><\/a><\/h6>\n<h6><a href=\"http:\/\/www.avpd.euskadi.net\" target=\"_blank\"><strong>AGENCIA VASCA DE PROTECCI\u00d3N DE DATOS<\/strong> <\/a><\/h6>\n<h6><a href=\"http:\/\/www.gipuzkoa.eus\/es\" target=\"_blank\"><strong>DIPUTACI\u00d3N DE GIPUZKOA<\/strong> <\/a><\/h6>\n","protected":false},"excerpt":{"rendered":"<p>Colegio de Mediadores de Seguros de Gipuzkoa Consejo General de Mediadores de Seguros UNESPA (Asociaci\u00f3n Empresarial del Seguro) Bolet\u00edn Diario del Seguro (INESE) Publicaci\u00f3n Aseguradores Publicaci\u00f3n Actualidad Aseguradora Consorcio de Compensaci\u00f3n de Seguros DGT (Direcci\u00f3n general de tr\u00e1fico) CECAS (Centro de Estudios) OFESAUTO (Oficina Espa\u00f1ola de Aseguradoras de Autom\u00f3viles) TIREA (Tecnolog\u00edas de la Informaci\u00f3n y [&hellip;]<\/p>\n","protected":false},"author":1,"featured_media":0,"parent":25,"menu_order":30,"comment_status":"closed","ping_status":"closed","template":"","meta":{"_acf_changed":false,"footnotes":""},"class_list":["post-1138","page","type-page","status-publish","hentry"],"acf":[],"yoast_head":"<!-- This site is optimized with the Yoast SEO plugin v22.5 - https:\/\/yoast.com\/wordpress\/plugins\/seo\/ -->\n<title>Enlaces de Inter\u00e9s - Seguros Goiena<\/title>\n<meta name=\"robots\" content=\"index, follow, max-snippet:-1, max-image-preview:large, max-video-preview:-1\" \/>\n<link rel=\"canonical\" href=\"http:\/\/www.segurosgoiena.com\/es\/empresas\/asistencia\/enlaces-de-interes\/\" \/>\n<meta property=\"og:locale\" content=\"es_ES\" \/>\n<meta property=\"og:type\" content=\"article\" \/>\n<meta property=\"og:title\" content=\"Enlaces de Inter\u00e9s - Seguros Goiena\" \/>\n<meta property=\"og:description\" content=\"Colegio de Mediadores de Seguros de Gipuzkoa Consejo General de Mediadores de Seguros UNESPA (Asociaci\u00f3n Empresarial del Seguro) Bolet\u00edn Diario del Seguro (INESE) Publicaci\u00f3n Aseguradores Publicaci\u00f3n Actualidad Aseguradora Consorcio de Compensaci\u00f3n de Seguros DGT (Direcci\u00f3n general de tr\u00e1fico) CECAS (Centro de Estudios) OFESAUTO (Oficina Espa\u00f1ola de Aseguradoras de Autom\u00f3viles) TIREA (Tecnolog\u00edas de la Informaci\u00f3n y [&hellip;]\" \/>\n<meta property=\"og:url\" content=\"http:\/\/www.segurosgoiena.com\/es\/empresas\/asistencia\/enlaces-de-interes\/\" \/>\n<meta property=\"og:site_name\" content=\"Seguros Goiena\" \/>\n<meta property=\"article:modified_time\" content=\"2016-12-19T09:36:00+00:00\" \/>\n<meta name=\"twitter:card\" content=\"summary_large_image\" \/>\n<meta name=\"twitter:label1\" content=\"Tiempo de lectura\" \/>\n\t<meta name=\"twitter:data1\" content=\"1 minuto\" \/>\n<script type=\"application\/ld+json\" class=\"yoast-schema-graph\">{\"@context\":\"https:\/\/schema.org\",\"@graph\":[{\"@type\":\"WebPage\",\"@id\":\"http:\/\/www.segurosgoiena.com\/es\/empresas\/asistencia\/enlaces-de-interes\/\",\"url\":\"http:\/\/www.segurosgoiena.com\/es\/empresas\/asistencia\/enlaces-de-interes\/\",\"name\":\"Enlaces de Inter\u00e9s - Seguros Goiena\",\"isPartOf\":{\"@id\":\"https:\/\/www.segurosgoiena.com\/eu\/#website\"},\"datePublished\":\"2016-12-15T13:04:51+00:00\",\"dateModified\":\"2016-12-19T09:36:00+00:00\",\"breadcrumb\":{\"@id\":\"http:\/\/www.segurosgoiena.com\/es\/empresas\/asistencia\/enlaces-de-interes\/#breadcrumb\"},\"inLanguage\":\"es\",\"potentialAction\":[{\"@type\":\"ReadAction\",\"target\":[\"http:\/\/www.segurosgoiena.com\/es\/empresas\/asistencia\/enlaces-de-interes\/\"]}]},{\"@type\":\"BreadcrumbList\",\"@id\":\"http:\/\/www.segurosgoiena.com\/es\/empresas\/asistencia\/enlaces-de-interes\/#breadcrumb\",\"itemListElement\":[{\"@type\":\"ListItem\",\"position\":1,\"name\":\"Portada\",\"item\":\"https:\/\/www.segurosgoiena.com\/eu\/\"},{\"@type\":\"ListItem\",\"position\":2,\"name\":\"EMPRESAS\",\"item\":\"http:\/\/www.segurosgoiena.com\/es\/empresas\/\"},{\"@type\":\"ListItem\",\"position\":3,\"name\":\"Asistencia\",\"item\":\"https:\/\/www.segurosgoiena.com\/es\/empresas\/asistencia\/\"},{\"@type\":\"ListItem\",\"position\":4,\"name\":\"Enlaces de Inter\u00e9s\"}]},{\"@type\":\"WebSite\",\"@id\":\"https:\/\/www.segurosgoiena.com\/eu\/#website\",\"url\":\"https:\/\/www.segurosgoiena.com\/eu\/\",\"name\":\"Seguros Goiena\",\"description\":\"Seguros para empresas y particulares\",\"potentialAction\":[{\"@type\":\"SearchAction\",\"target\":{\"@type\":\"EntryPoint\",\"urlTemplate\":\"https:\/\/www.segurosgoiena.com\/eu\/?s={search_term_string}\"},\"query-input\":\"required name=search_term_string\"}],\"inLanguage\":\"es\"}]}<\/script>\n<!-- \/ Yoast SEO plugin. -->","yoast_head_json":{"title":"Enlaces de Inter\u00e9s - Seguros Goiena","robots":{"index":"index","follow":"follow","max-snippet":"max-snippet:-1","max-image-preview":"max-image-preview:large","max-video-preview":"max-video-preview:-1"},"canonical":"http:\/\/www.segurosgoiena.com\/es\/empresas\/asistencia\/enlaces-de-interes\/","og_locale":"es_ES","og_type":"article","og_title":"Enlaces de Inter\u00e9s - Seguros Goiena","og_description":"Colegio de Mediadores de Seguros de Gipuzkoa Consejo General de Mediadores de Seguros UNESPA (Asociaci\u00f3n Empresarial del Seguro) Bolet\u00edn Diario del Seguro (INESE) Publicaci\u00f3n Aseguradores Publicaci\u00f3n Actualidad Aseguradora Consorcio de Compensaci\u00f3n de Seguros DGT (Direcci\u00f3n general de tr\u00e1fico) CECAS (Centro de Estudios) OFESAUTO (Oficina Espa\u00f1ola de Aseguradoras de Autom\u00f3viles) TIREA (Tecnolog\u00edas de la Informaci\u00f3n y [&hellip;]","og_url":"http:\/\/www.segurosgoiena.com\/es\/empresas\/asistencia\/enlaces-de-interes\/","og_site_name":"Seguros Goiena","article_modified_time":"2016-12-19T09:36:00+00:00","twitter_card":"summary_large_image","twitter_misc":{"Tiempo de lectura":"1 minuto"},"schema":{"@context":"https:\/\/schema.org","@graph":[{"@type":"WebPage","@id":"http:\/\/www.segurosgoiena.com\/es\/empresas\/asistencia\/enlaces-de-interes\/","url":"http:\/\/www.segurosgoiena.com\/es\/empresas\/asistencia\/enlaces-de-interes\/","name":"Enlaces de Inter\u00e9s - Seguros Goiena","isPartOf":{"@id":"https:\/\/www.segurosgoiena.com\/eu\/#website"},"datePublished":"2016-12-15T13:04:51+00:00","dateModified":"2016-12-19T09:36:00+00:00","breadcrumb":{"@id":"http:\/\/www.segurosgoiena.com\/es\/empresas\/asistencia\/enlaces-de-interes\/#breadcrumb"},"inLanguage":"es","potentialAction":[{"@type":"ReadAction","target":["http:\/\/www.segurosgoiena.com\/es\/empresas\/asistencia\/enlaces-de-interes\/"]}]},{"@type":"BreadcrumbList","@id":"http:\/\/www.segurosgoiena.com\/es\/empresas\/asistencia\/enlaces-de-interes\/#breadcrumb","itemListElement":[{"@type":"ListItem","position":1,"name":"Portada","item":"https:\/\/www.segurosgoiena.com\/eu\/"},{"@type":"ListItem","position":2,"name":"EMPRESAS","item":"http:\/\/www.segurosgoiena.com\/es\/empresas\/"},{"@type":"ListItem","position":3,"name":"Asistencia","item":"https:\/\/www.segurosgoiena.com\/es\/empresas\/asistencia\/"},{"@type":"ListItem","position":4,"name":"Enlaces de Inter\u00e9s"}]},{"@type":"WebSite","@id":"https:\/\/www.segurosgoiena.com\/eu\/#website","url":"https:\/\/www.segurosgoiena.com\/eu\/","name":"Seguros Goiena","description":"Seguros para empresas y particulares","potentialAction":[{"@type":"SearchAction","target":{"@type":"EntryPoint","urlTemplate":"https:\/\/www.segurosgoiena.com\/eu\/?s={search_term_string}"},"query-input":"required name=search_term_string"}],"inLanguage":"es"}]}},"_links":{"self":[{"href":"http:\/\/www.segurosgoiena.com\/es\/wp-json\/wp\/v2\/pages\/1138","targetHints":{"allow":["GET"]}}],"collection":[{"href":"http:\/\/www.segurosgoiena.com\/es\/wp-json\/wp\/v2\/pages"}],"about":[{"href":"http:\/\/www.segurosgoiena.com\/es\/wp-json\/wp\/v2\/types\/page"}],"author":[{"embeddable":true,"href":"http:\/\/www.segurosgoiena.com\/es\/wp-json\/wp\/v2\/users\/1"}],"replies":[{"embeddable":true,"href":"http:\/\/www.segurosgoiena.com\/es\/wp-json\/wp\/v2\/comments?post=1138"}],"version-history":[{"count":45,"href":"http:\/\/www.segurosgoiena.com\/es\/wp-json\/wp\/v2\/pages\/1138\/revisions"}],"predecessor-version":[{"id":1291,"href":"http:\/\/www.segurosgoiena.com\/es\/wp-json\/wp\/v2\/pages\/1138\/revisions\/1291"}],"up":[{"embeddable":true,"href":"http:\/\/www.segurosgoiena.com\/es\/wp-json\/wp\/v2\/pages\/25"}],"wp:attachment":[{"href":"http:\/\/www.segurosgoiena.com\/es\/wp-json\/wp\/v2\/media?parent=1138"}],"curies":[{"name":"wp","href":"https:\/\/api.w.org\/{rel}","templated":true}]}}