{"id":1120,"date":"2016-12-15T11:32:45","date_gmt":"2016-12-15T11:32:45","guid":{"rendered":"http:\/\/www.segurosgoiena.com\/?page_id=1120\/"},"modified":"2018-06-14T14:57:42","modified_gmt":"2018-06-14T14:57:42","slug":"descarga-documentacion","status":"publish","type":"page","link":"http:\/\/www.segurosgoiena.com\/es\/empresas\/asistencia\/descarga-documentacion\/","title":{"rendered":"DESCARGA DOCUMENTACI\u00d3N"},"content":{"rendered":"<h3>DESCARGA DOCUMENTACI\u00d3N<\/h3>\n<h4><a href=\"http:\/\/www.segurosgoiena.com\/wp-content\/uploads\/2016\/12\/parte-de-accidente-modelo-europeo.pdf\" target=\"_blank\" rel=\"noopener\"><strong>Parte de accidentes (en pdf)<\/strong><\/a><\/h4>\n<p>Desc\u00e1rgarte en <strong>formato pdf<\/strong>, f\u00e1cil y gratuitamente, el <strong>parte de accidentes<\/strong>, modelo europeo. Si a\u00fan no dispones de \u00e9l, dentro de tu documentaci\u00f3n del seguro, te recomendamos que lo descargues ahora, lo imprimas (3 copias) y lo lleves siempre contigo en tu veh\u00edculo.<\/p>\n<h4><a href=\"http:\/\/www.segurosgoiena.com\/wp-content\/uploads\/2018\/06\/NUEVA-CLA\u0301USULA-INFORMATIVA-CLIENTE-RGPD-2018.pdf\"><strong>Cl\u00e1usula informativa cliente LOPD (en pdf)<\/strong><\/a><\/h4>\n<p>Desc\u00e1rgate la <strong>Cl\u00e1usula informativa para la recogida de datos de car\u00e1cter personal LOPD<\/strong> y <strong>env\u00edala firmada<\/strong> (v\u00e1lida firma digital) a cualquiera de las oficinas de la Corredur\u00eda de Seguros Goiena o por correo electr\u00f3nico: <a href=\"mailto:goiena@goienaaseguruak.com\">goiena@goienaaseguruak.com<\/a> Goiena garantiza el cumplimiento de la Ley Org\u00e1nica 15\/1999 sobre protecci\u00f3n de datos de car\u00e1cter personal y la Ley 26\/2006 de Mediaci\u00f3n de Seguros.<\/p>\n<p>Cla\u00fasula informativa cliente LOPD (en <a href=\"http:\/\/www.segurosgoiena.com\/wp-content\/uploads\/2018\/06\/NUEVA-CLA\u0301USULA-INFORMATIVA-CLIENTE-RGPD-2018.docx\">Word<\/a>)<\/p>\n<h4><a href=\"http:\/\/www.segurosgoiena.com\/wp-content\/uploads\/2016\/12\/GLOSARIOdescargable.pdf\" target=\"_blank\" rel=\"noopener\"><strong>Glosario sobre seguros (en pdf)<\/strong><\/a><\/h4>\n<p>Desc\u00e1rgate el <strong>glosario sobre seguros<\/strong> (documento pdf), con una explicaci\u00f3n sobre diversos conceptos b\u00e1sicos en materia de seguros.<\/p>\n","protected":false},"excerpt":{"rendered":"<p>DESCARGA DOCUMENTACI\u00d3N Parte de accidentes (en pdf) Desc\u00e1rgarte en formato pdf, f\u00e1cil y gratuitamente, el parte de accidentes, modelo europeo. Si a\u00fan no dispones de \u00e9l, dentro de tu documentaci\u00f3n del seguro, te recomendamos que lo descargues ahora, lo imprimas (3 copias) y lo lleves siempre contigo en tu veh\u00edculo. Cl\u00e1usula informativa cliente LOPD (en [&hellip;]<\/p>\n","protected":false},"author":1,"featured_media":0,"parent":25,"menu_order":20,"comment_status":"closed","ping_status":"closed","template":"","meta":{"_acf_changed":false,"footnotes":""},"class_list":["post-1120","page","type-page","status-publish","hentry"],"acf":[],"yoast_head":"<!-- This site is optimized with the Yoast SEO plugin v22.5 - https:\/\/yoast.com\/wordpress\/plugins\/seo\/ -->\n<title>DESCARGA DOCUMENTACI\u00d3N - Seguros Goiena<\/title>\n<meta name=\"robots\" content=\"index, follow, max-snippet:-1, max-image-preview:large, max-video-preview:-1\" \/>\n<link rel=\"canonical\" href=\"https:\/\/www.segurosgoiena.com\/es\/empresas\/asistencia\/descarga-documentacion\/\" \/>\n<meta property=\"og:locale\" content=\"es_ES\" \/>\n<meta property=\"og:type\" content=\"article\" \/>\n<meta property=\"og:title\" content=\"DESCARGA DOCUMENTACI\u00d3N - Seguros Goiena\" \/>\n<meta property=\"og:description\" content=\"DESCARGA DOCUMENTACI\u00d3N Parte de accidentes (en pdf) Desc\u00e1rgarte en formato pdf, f\u00e1cil y gratuitamente, el parte de accidentes, modelo europeo. Si a\u00fan no dispones de \u00e9l, dentro de tu documentaci\u00f3n del seguro, te recomendamos que lo descargues ahora, lo imprimas (3 copias) y lo lleves siempre contigo en tu veh\u00edculo. Cl\u00e1usula informativa cliente LOPD (en [&hellip;]\" \/>\n<meta property=\"og:url\" content=\"https:\/\/www.segurosgoiena.com\/es\/empresas\/asistencia\/descarga-documentacion\/\" \/>\n<meta property=\"og:site_name\" content=\"Seguros Goiena\" \/>\n<meta property=\"article:modified_time\" content=\"2018-06-14T14:57:42+00:00\" \/>\n<meta name=\"twitter:card\" content=\"summary_large_image\" \/>\n<meta name=\"twitter:label1\" content=\"Tiempo de lectura\" \/>\n\t<meta name=\"twitter:data1\" content=\"1 minuto\" \/>\n<script type=\"application\/ld+json\" class=\"yoast-schema-graph\">{\"@context\":\"https:\/\/schema.org\",\"@graph\":[{\"@type\":\"WebPage\",\"@id\":\"https:\/\/www.segurosgoiena.com\/es\/empresas\/asistencia\/descarga-documentacion\/\",\"url\":\"https:\/\/www.segurosgoiena.com\/es\/empresas\/asistencia\/descarga-documentacion\/\",\"name\":\"DESCARGA DOCUMENTACI\u00d3N - Seguros Goiena\",\"isPartOf\":{\"@id\":\"https:\/\/www.segurosgoiena.com\/eu\/#website\"},\"datePublished\":\"2016-12-15T11:32:45+00:00\",\"dateModified\":\"2018-06-14T14:57:42+00:00\",\"breadcrumb\":{\"@id\":\"https:\/\/www.segurosgoiena.com\/es\/empresas\/asistencia\/descarga-documentacion\/#breadcrumb\"},\"inLanguage\":\"es\",\"potentialAction\":[{\"@type\":\"ReadAction\",\"target\":[\"https:\/\/www.segurosgoiena.com\/es\/empresas\/asistencia\/descarga-documentacion\/\"]}]},{\"@type\":\"BreadcrumbList\",\"@id\":\"https:\/\/www.segurosgoiena.com\/es\/empresas\/asistencia\/descarga-documentacion\/#breadcrumb\",\"itemListElement\":[{\"@type\":\"ListItem\",\"position\":1,\"name\":\"Portada\",\"item\":\"https:\/\/www.segurosgoiena.com\/eu\/\"},{\"@type\":\"ListItem\",\"position\":2,\"name\":\"EMPRESAS\",\"item\":\"http:\/\/www.segurosgoiena.com\/es\/empresas\/\"},{\"@type\":\"ListItem\",\"position\":3,\"name\":\"Asistencia\",\"item\":\"https:\/\/www.segurosgoiena.com\/es\/empresas\/asistencia\/\"},{\"@type\":\"ListItem\",\"position\":4,\"name\":\"DESCARGA DOCUMENTACI\u00d3N\"}]},{\"@type\":\"WebSite\",\"@id\":\"https:\/\/www.segurosgoiena.com\/eu\/#website\",\"url\":\"https:\/\/www.segurosgoiena.com\/eu\/\",\"name\":\"Seguros Goiena\",\"description\":\"Seguros para empresas y particulares\",\"potentialAction\":[{\"@type\":\"SearchAction\",\"target\":{\"@type\":\"EntryPoint\",\"urlTemplate\":\"https:\/\/www.segurosgoiena.com\/eu\/?s={search_term_string}\"},\"query-input\":\"required name=search_term_string\"}],\"inLanguage\":\"es\"}]}<\/script>\n<!-- \/ Yoast SEO plugin. -->","yoast_head_json":{"title":"DESCARGA DOCUMENTACI\u00d3N - Seguros Goiena","robots":{"index":"index","follow":"follow","max-snippet":"max-snippet:-1","max-image-preview":"max-image-preview:large","max-video-preview":"max-video-preview:-1"},"canonical":"https:\/\/www.segurosgoiena.com\/es\/empresas\/asistencia\/descarga-documentacion\/","og_locale":"es_ES","og_type":"article","og_title":"DESCARGA DOCUMENTACI\u00d3N - Seguros Goiena","og_description":"DESCARGA DOCUMENTACI\u00d3N Parte de accidentes (en pdf) Desc\u00e1rgarte en formato pdf, f\u00e1cil y gratuitamente, el parte de accidentes, modelo europeo. Si a\u00fan no dispones de \u00e9l, dentro de tu documentaci\u00f3n del seguro, te recomendamos que lo descargues ahora, lo imprimas (3 copias) y lo lleves siempre contigo en tu veh\u00edculo. Cl\u00e1usula informativa cliente LOPD (en [&hellip;]","og_url":"https:\/\/www.segurosgoiena.com\/es\/empresas\/asistencia\/descarga-documentacion\/","og_site_name":"Seguros Goiena","article_modified_time":"2018-06-14T14:57:42+00:00","twitter_card":"summary_large_image","twitter_misc":{"Tiempo de lectura":"1 minuto"},"schema":{"@context":"https:\/\/schema.org","@graph":[{"@type":"WebPage","@id":"https:\/\/www.segurosgoiena.com\/es\/empresas\/asistencia\/descarga-documentacion\/","url":"https:\/\/www.segurosgoiena.com\/es\/empresas\/asistencia\/descarga-documentacion\/","name":"DESCARGA DOCUMENTACI\u00d3N - Seguros Goiena","isPartOf":{"@id":"https:\/\/www.segurosgoiena.com\/eu\/#website"},"datePublished":"2016-12-15T11:32:45+00:00","dateModified":"2018-06-14T14:57:42+00:00","breadcrumb":{"@id":"https:\/\/www.segurosgoiena.com\/es\/empresas\/asistencia\/descarga-documentacion\/#breadcrumb"},"inLanguage":"es","potentialAction":[{"@type":"ReadAction","target":["https:\/\/www.segurosgoiena.com\/es\/empresas\/asistencia\/descarga-documentacion\/"]}]},{"@type":"BreadcrumbList","@id":"https:\/\/www.segurosgoiena.com\/es\/empresas\/asistencia\/descarga-documentacion\/#breadcrumb","itemListElement":[{"@type":"ListItem","position":1,"name":"Portada","item":"https:\/\/www.segurosgoiena.com\/eu\/"},{"@type":"ListItem","position":2,"name":"EMPRESAS","item":"http:\/\/www.segurosgoiena.com\/es\/empresas\/"},{"@type":"ListItem","position":3,"name":"Asistencia","item":"https:\/\/www.segurosgoiena.com\/es\/empresas\/asistencia\/"},{"@type":"ListItem","position":4,"name":"DESCARGA DOCUMENTACI\u00d3N"}]},{"@type":"WebSite","@id":"https:\/\/www.segurosgoiena.com\/eu\/#website","url":"https:\/\/www.segurosgoiena.com\/eu\/","name":"Seguros Goiena","description":"Seguros para empresas y particulares","potentialAction":[{"@type":"SearchAction","target":{"@type":"EntryPoint","urlTemplate":"https:\/\/www.segurosgoiena.com\/eu\/?s={search_term_string}"},"query-input":"required name=search_term_string"}],"inLanguage":"es"}]}},"_links":{"self":[{"href":"http:\/\/www.segurosgoiena.com\/es\/wp-json\/wp\/v2\/pages\/1120","targetHints":{"allow":["GET"]}}],"collection":[{"href":"http:\/\/www.segurosgoiena.com\/es\/wp-json\/wp\/v2\/pages"}],"about":[{"href":"http:\/\/www.segurosgoiena.com\/es\/wp-json\/wp\/v2\/types\/page"}],"author":[{"embeddable":true,"href":"http:\/\/www.segurosgoiena.com\/es\/wp-json\/wp\/v2\/users\/1"}],"replies":[{"embeddable":true,"href":"http:\/\/www.segurosgoiena.com\/es\/wp-json\/wp\/v2\/comments?post=1120"}],"version-history":[{"count":20,"href":"http:\/\/www.segurosgoiena.com\/es\/wp-json\/wp\/v2\/pages\/1120\/revisions"}],"predecessor-version":[{"id":2346,"href":"http:\/\/www.segurosgoiena.com\/es\/wp-json\/wp\/v2\/pages\/1120\/revisions\/2346"}],"up":[{"embeddable":true,"href":"http:\/\/www.segurosgoiena.com\/es\/wp-json\/wp\/v2\/pages\/25"}],"wp:attachment":[{"href":"http:\/\/www.segurosgoiena.com\/es\/wp-json\/wp\/v2\/media?parent=1120"}],"curies":[{"name":"wp","href":"https:\/\/api.w.org\/{rel}","templated":true}]}}