{"id":1102,"date":"2016-12-14T15:09:58","date_gmt":"2016-12-14T15:09:58","guid":{"rendered":"http:\/\/www.segurosgoiena.com\/?page_id=1102\/"},"modified":"2016-12-20T09:16:41","modified_gmt":"2016-12-20T09:16:41","slug":"telefonos-de-asistencia","status":"publish","type":"page","link":"http:\/\/www.segurosgoiena.com\/es\/empresas\/asistencia\/telefonos-de-asistencia\/","title":{"rendered":"TEL\u00c9FONOS DE ASISTENCIA"},"content":{"rendered":"<p>Apostamos por trabajar con las mejores y m\u00e1s solventes entidades aseguradoras del mercado nacional e internacional.<\/p>\n<h2>TEL\u00c9FONOS DE ASISTENCIA<\/h2>\n<h3>Compa\u00f1\u00edas cr\u00e9dito y cauci\u00f3n<\/h3>\n<table class=\"asistencia\">\n<tbody>\n<tr>\n<td align=\"center\" width=\"250\"><img decoding=\"async\" src=\"http:\/\/www.segurosgoiena.com\/wp-content\/uploads\/2016\/12\/solunion-1.jpg\" \/><\/td>\n<td valign=\"middle\">\n<h4>SOLUNION<\/h4>\n<p>ATENCION AL CLIENTE 91 581 34 00<\/td>\n<\/tr>\n<tr>\n<td align=\"center\"><img decoding=\"async\" src=\"http:\/\/www.segurosgoiena.com\/wp-content\/uploads\/2016\/12\/cesce-1.jpg\" \/><\/td>\n<td valign=\"middle\">\n<h4>CESCE<\/h4>\n<p>ATENCION AL CLIENTE 902 11 10 10<\/td>\n<\/tr>\n<tr>\n<td align=\"center\"><img decoding=\"async\" src=\"http:\/\/www.segurosgoiena.com\/wp-content\/uploads\/2016\/12\/coface-1.jpg\" \/><\/td>\n<td valign=\"middle\">\n<h4>COFACE<\/h4>\n<p>ATENCI\u00d3N AL CLIENTE 91 310 42 24<br \/>\n<\/tr>\n<\/tbody>\n<\/table>\n<h3>Otras compa\u00f1\u00edas<\/h3>\n<table class=\"asistencia\">\n<tbody>\n<tr>\n<td width=\"250\" align=\"center\">\t<img decoding=\"async\" src=\"http:\/\/www.segurosgoiena.com\/wp-content\/uploads\/2016\/12\/allianz.jpg\" \/> <\/td>\n<td valign=\"middle\">\n<h4>ALLIANZ<\/h4>\n<p> ATENCI\u00d3N CLIENTE 902 300 186 <\/td>\n<\/tr>\n<tr>\n<td width=\"250\" align=\"center\">\t<img decoding=\"async\" src=\"http:\/\/www.segurosgoiena.com\/wp-content\/uploads\/2016\/12\/axa.jpg\" \/><\/td>\n<td valign=\"middle\" >\n<h4>AXA<\/h4>\n<p>ATENCI\u00d3N CLIENTE 902 40 40 84 <\/td>\n<\/tr>\n<tr>\n<td width=\"250\" align=\"center\">\t<img decoding=\"async\" src=\"http:\/\/www.segurosgoiena.com\/wp-content\/uploads\/2016\/12\/aig.jpg\" \/> <\/td>\n<td valign=\"middle\">\n<h4>AIG<\/h4>\n<p> ATENCI\u00d3N AL CLIENTE 91 567 74 00\t<\/td>\n<\/tr>\n<tr>\n<td width=\"250\" align=\"center\">\t <img decoding=\"async\" src=\"http:\/\/www.segurosgoiena.com\/wp-content\/uploads\/2016\/12\/caser.jpg\" \/> <\/td>\n<td valign=\"middle\">\n<h4>CASER<\/h4>\n<p> AUTO 902 337 766\t<\/td>\n<\/tr>\n<tr>\n<td width=\"250\" align=\"center\">\t <img decoding=\"async\" src=\"http:\/\/www.segurosgoiena.com\/wp-content\/uploads\/2016\/12\/chubb-1.jpg\" \/> <\/td>\n<td valign=\"middle\">\n<h4>CHUBB<\/h4>\n<p>ATENCI\u00d3N AL CLIENTE 902 011 111\t<\/td>\n<\/tr>\n<tr>\n<td width=\"250\" align=\"center\">\t<img decoding=\"async\" src=\"http:\/\/www.segurosgoiena.com\/wp-content\/uploads\/2016\/12\/aegon-2.jpg\" \/> <\/td>\n<td valign=\"middle\">\n<h4>AEGON<\/h4>\n<p> ATENCI\u00d3N AL CLIENTE 902 108 902\n\t<\/td>\n<\/tr>\n<tr>\n<td width=\"250\" align=\"center\">\t <img decoding=\"async\" src=\"http:\/\/www.segurosgoiena.com\/wp-content\/uploads\/2016\/12\/hdi.jpg\" \/> <\/td>\n<td valign=\"middle\">\n<h4>HDI GLOBAL<\/h4>\n<p> ATENCI\u00d3N AL CLIENTE 91 444 20 00\n\t<\/td>\n<\/tr>\n<tr>\n<td align=\"center\" width=\"250\"> <img decoding=\"async\" src=\"http:\/\/www.segurosgoiena.com\/wp-content\/uploads\/2016\/12\/mapfre-2.jpg\" \/> <\/td>\n<td valign=\"middle\">\n<h4>MAPFRE<\/h4>\n<p> ATENCI\u00d3N CLIENTE 900 11 18 18 <\/td>\n<\/tr>\n<tr>\n<td width=\"250\" align=\"center\">\t<img decoding=\"async\" src=\"http:\/\/www.segurosgoiena.com\/wp-content\/uploads\/2016\/12\/generali-3.jpg\" \/> <\/td>\n<td valign=\"middle\">\n<h4>GENERALI<\/h4>\n<p> ATENCI\u00d3N CLIENTE 91 837 37 07 <\/td>\n<\/tr>\n<tr>\n<td width=\"250\" align=\"center\"> <img decoding=\"async\" src=\"http:\/\/www.segurosgoiena.com\/wp-content\/uploads\/2016\/12\/zurich.jpg\" \/> <\/td>\n<td valign=\"middle\">\n<h4>ZURICH<\/h4>\n<p> ATENCI\u00d3N AL CLIENTE 91 375 57 55\t<\/td>\n<\/tr>\n<tr>\n<td width=\"250\" align=\"center\"> <img decoding=\"async\" src=\"http:\/\/www.segurosgoiena.com\/wp-content\/uploads\/2016\/12\/dkv-2.jpg\" \/> <\/td>\n<td valign=\"middle\" align=\"left\">\n<h4>DKV<\/h4>\n<p> ATENCI\u00d3N AL CLIENTE: 902 499 499\t<\/td>\n<\/tr>\n<tr>\n<td width=\"250\" align=\"center\"> <img decoding=\"async\" src=\"http:\/\/www.segurosgoiena.com\/wp-content\/uploads\/2016\/12\/arag.jpg\" \/> <\/td>\n<td valign=\"middle\" align=\"left\">\n<h4>ARAG<\/h4>\n<p> ATENCI\u00d3N AL CLIENTE: 902 114 149 <\/td>\n<\/tr>\n<tr>\n<td width=\"250\" align=\"center\">  <img decoding=\"async\" src=\"http:\/\/www.segurosgoiena.com\/wp-content\/uploads\/2016\/12\/lagun-aro\" \/>  <\/td>\n<td valign=\"middle\" align=\"left\">\n<h4>LAGUN ARO<\/h4>\n<p>ATENCI\u00d3N CLIENTE  902 38 08 38 &#8211; 94 494 74 28\t<\/td>\n<\/tr>\n<tr>\n<td width=\"250\" align=\"center\">  <img decoding=\"async\" src=\"http:\/\/www.segurosgoiena.com\/wp-content\/uploads\/2016\/12\/catalana-occidente-1.jpg\" \/>  <\/td>\n<td valign=\"middle\" align=\"left\">\n<h4>CATALANA OCCIDENTE<\/h4>\n<p> ATENCI\u00d3N AL CLIENTE 900 101 399 <\/td>\n<\/tr>\n<\/tbody>\n<\/table>\n<p>&nbsp;<\/p>\n","protected":false},"excerpt":{"rendered":"<p>Apostamos por trabajar con las mejores y m\u00e1s solventes entidades aseguradoras del mercado nacional e internacional. TEL\u00c9FONOS DE ASISTENCIA Compa\u00f1\u00edas cr\u00e9dito y cauci\u00f3n SOLUNION ATENCION AL CLIENTE 91 581 34 00 CESCE ATENCION AL CLIENTE 902 11 10 10 COFACE ATENCI\u00d3N AL CLIENTE 91 310 42 24 Otras compa\u00f1\u00edas ALLIANZ ATENCI\u00d3N CLIENTE 902 300 186 [&hellip;]<\/p>\n","protected":false},"author":1,"featured_media":0,"parent":25,"menu_order":10,"comment_status":"closed","ping_status":"closed","template":"","meta":{"_acf_changed":false,"footnotes":""},"class_list":["post-1102","page","type-page","status-publish","hentry"],"acf":[],"yoast_head":"<!-- This site is optimized with the Yoast SEO plugin v22.5 - https:\/\/yoast.com\/wordpress\/plugins\/seo\/ -->\n<title>TEL\u00c9FONOS DE ASISTENCIA - Seguros Goiena<\/title>\n<meta name=\"robots\" content=\"index, follow, max-snippet:-1, max-image-preview:large, max-video-preview:-1\" \/>\n<link rel=\"canonical\" href=\"http:\/\/www.segurosgoiena.com\/es\/empresas\/asistencia\/telefonos-de-asistencia\/\" \/>\n<meta property=\"og:locale\" content=\"es_ES\" \/>\n<meta property=\"og:type\" content=\"article\" \/>\n<meta property=\"og:title\" content=\"TEL\u00c9FONOS DE ASISTENCIA - Seguros Goiena\" \/>\n<meta property=\"og:description\" content=\"Apostamos por trabajar con las mejores y m\u00e1s solventes entidades aseguradoras del mercado nacional e internacional. TEL\u00c9FONOS DE ASISTENCIA Compa\u00f1\u00edas cr\u00e9dito y cauci\u00f3n SOLUNION ATENCION AL CLIENTE 91 581 34 00 CESCE ATENCION AL CLIENTE 902 11 10 10 COFACE ATENCI\u00d3N AL CLIENTE 91 310 42 24 Otras compa\u00f1\u00edas ALLIANZ ATENCI\u00d3N CLIENTE 902 300 186 [&hellip;]\" \/>\n<meta property=\"og:url\" content=\"http:\/\/www.segurosgoiena.com\/es\/empresas\/asistencia\/telefonos-de-asistencia\/\" \/>\n<meta property=\"og:site_name\" content=\"Seguros Goiena\" \/>\n<meta property=\"article:modified_time\" content=\"2016-12-20T09:16:41+00:00\" \/>\n<meta property=\"og:image\" content=\"http:\/\/www.segurosgoiena.com\/wp-content\/uploads\/2016\/12\/solunion-1.jpg\" \/>\n<meta name=\"twitter:card\" content=\"summary_large_image\" \/>\n<meta name=\"twitter:label1\" content=\"Tiempo de lectura\" \/>\n\t<meta name=\"twitter:data1\" content=\"1 minuto\" \/>\n<script type=\"application\/ld+json\" class=\"yoast-schema-graph\">{\"@context\":\"https:\/\/schema.org\",\"@graph\":[{\"@type\":\"WebPage\",\"@id\":\"http:\/\/www.segurosgoiena.com\/es\/empresas\/asistencia\/telefonos-de-asistencia\/\",\"url\":\"http:\/\/www.segurosgoiena.com\/es\/empresas\/asistencia\/telefonos-de-asistencia\/\",\"name\":\"TEL\u00c9FONOS DE ASISTENCIA - Seguros Goiena\",\"isPartOf\":{\"@id\":\"https:\/\/www.segurosgoiena.com\/eu\/#website\"},\"primaryImageOfPage\":{\"@id\":\"http:\/\/www.segurosgoiena.com\/es\/empresas\/asistencia\/telefonos-de-asistencia\/#primaryimage\"},\"image\":{\"@id\":\"http:\/\/www.segurosgoiena.com\/es\/empresas\/asistencia\/telefonos-de-asistencia\/#primaryimage\"},\"thumbnailUrl\":\"http:\/\/www.segurosgoiena.com\/wp-content\/uploads\/2016\/12\/solunion-1.jpg\",\"datePublished\":\"2016-12-14T15:09:58+00:00\",\"dateModified\":\"2016-12-20T09:16:41+00:00\",\"breadcrumb\":{\"@id\":\"http:\/\/www.segurosgoiena.com\/es\/empresas\/asistencia\/telefonos-de-asistencia\/#breadcrumb\"},\"inLanguage\":\"es\",\"potentialAction\":[{\"@type\":\"ReadAction\",\"target\":[\"http:\/\/www.segurosgoiena.com\/es\/empresas\/asistencia\/telefonos-de-asistencia\/\"]}]},{\"@type\":\"ImageObject\",\"inLanguage\":\"es\",\"@id\":\"http:\/\/www.segurosgoiena.com\/es\/empresas\/asistencia\/telefonos-de-asistencia\/#primaryimage\",\"url\":\"http:\/\/www.segurosgoiena.com\/wp-content\/uploads\/2016\/12\/solunion-1.jpg\",\"contentUrl\":\"http:\/\/www.segurosgoiena.com\/wp-content\/uploads\/2016\/12\/solunion-1.jpg\"},{\"@type\":\"BreadcrumbList\",\"@id\":\"http:\/\/www.segurosgoiena.com\/es\/empresas\/asistencia\/telefonos-de-asistencia\/#breadcrumb\",\"itemListElement\":[{\"@type\":\"ListItem\",\"position\":1,\"name\":\"Portada\",\"item\":\"https:\/\/www.segurosgoiena.com\/eu\/\"},{\"@type\":\"ListItem\",\"position\":2,\"name\":\"EMPRESAS\",\"item\":\"http:\/\/www.segurosgoiena.com\/es\/empresas\/\"},{\"@type\":\"ListItem\",\"position\":3,\"name\":\"Asistencia\",\"item\":\"https:\/\/www.segurosgoiena.com\/es\/empresas\/asistencia\/\"},{\"@type\":\"ListItem\",\"position\":4,\"name\":\"TEL\u00c9FONOS DE ASISTENCIA\"}]},{\"@type\":\"WebSite\",\"@id\":\"https:\/\/www.segurosgoiena.com\/eu\/#website\",\"url\":\"https:\/\/www.segurosgoiena.com\/eu\/\",\"name\":\"Seguros Goiena\",\"description\":\"Seguros para empresas y particulares\",\"potentialAction\":[{\"@type\":\"SearchAction\",\"target\":{\"@type\":\"EntryPoint\",\"urlTemplate\":\"https:\/\/www.segurosgoiena.com\/eu\/?s={search_term_string}\"},\"query-input\":\"required name=search_term_string\"}],\"inLanguage\":\"es\"}]}<\/script>\n<!-- \/ Yoast SEO plugin. -->","yoast_head_json":{"title":"TEL\u00c9FONOS DE ASISTENCIA - Seguros Goiena","robots":{"index":"index","follow":"follow","max-snippet":"max-snippet:-1","max-image-preview":"max-image-preview:large","max-video-preview":"max-video-preview:-1"},"canonical":"http:\/\/www.segurosgoiena.com\/es\/empresas\/asistencia\/telefonos-de-asistencia\/","og_locale":"es_ES","og_type":"article","og_title":"TEL\u00c9FONOS DE ASISTENCIA - Seguros Goiena","og_description":"Apostamos por trabajar con las mejores y m\u00e1s solventes entidades aseguradoras del mercado nacional e internacional. TEL\u00c9FONOS DE ASISTENCIA Compa\u00f1\u00edas cr\u00e9dito y cauci\u00f3n SOLUNION ATENCION AL CLIENTE 91 581 34 00 CESCE ATENCION AL CLIENTE 902 11 10 10 COFACE ATENCI\u00d3N AL CLIENTE 91 310 42 24 Otras compa\u00f1\u00edas ALLIANZ ATENCI\u00d3N CLIENTE 902 300 186 [&hellip;]","og_url":"http:\/\/www.segurosgoiena.com\/es\/empresas\/asistencia\/telefonos-de-asistencia\/","og_site_name":"Seguros Goiena","article_modified_time":"2016-12-20T09:16:41+00:00","og_image":[{"url":"http:\/\/www.segurosgoiena.com\/wp-content\/uploads\/2016\/12\/solunion-1.jpg"}],"twitter_card":"summary_large_image","twitter_misc":{"Tiempo de lectura":"1 minuto"},"schema":{"@context":"https:\/\/schema.org","@graph":[{"@type":"WebPage","@id":"http:\/\/www.segurosgoiena.com\/es\/empresas\/asistencia\/telefonos-de-asistencia\/","url":"http:\/\/www.segurosgoiena.com\/es\/empresas\/asistencia\/telefonos-de-asistencia\/","name":"TEL\u00c9FONOS DE ASISTENCIA - Seguros Goiena","isPartOf":{"@id":"https:\/\/www.segurosgoiena.com\/eu\/#website"},"primaryImageOfPage":{"@id":"http:\/\/www.segurosgoiena.com\/es\/empresas\/asistencia\/telefonos-de-asistencia\/#primaryimage"},"image":{"@id":"http:\/\/www.segurosgoiena.com\/es\/empresas\/asistencia\/telefonos-de-asistencia\/#primaryimage"},"thumbnailUrl":"http:\/\/www.segurosgoiena.com\/wp-content\/uploads\/2016\/12\/solunion-1.jpg","datePublished":"2016-12-14T15:09:58+00:00","dateModified":"2016-12-20T09:16:41+00:00","breadcrumb":{"@id":"http:\/\/www.segurosgoiena.com\/es\/empresas\/asistencia\/telefonos-de-asistencia\/#breadcrumb"},"inLanguage":"es","potentialAction":[{"@type":"ReadAction","target":["http:\/\/www.segurosgoiena.com\/es\/empresas\/asistencia\/telefonos-de-asistencia\/"]}]},{"@type":"ImageObject","inLanguage":"es","@id":"http:\/\/www.segurosgoiena.com\/es\/empresas\/asistencia\/telefonos-de-asistencia\/#primaryimage","url":"http:\/\/www.segurosgoiena.com\/wp-content\/uploads\/2016\/12\/solunion-1.jpg","contentUrl":"http:\/\/www.segurosgoiena.com\/wp-content\/uploads\/2016\/12\/solunion-1.jpg"},{"@type":"BreadcrumbList","@id":"http:\/\/www.segurosgoiena.com\/es\/empresas\/asistencia\/telefonos-de-asistencia\/#breadcrumb","itemListElement":[{"@type":"ListItem","position":1,"name":"Portada","item":"https:\/\/www.segurosgoiena.com\/eu\/"},{"@type":"ListItem","position":2,"name":"EMPRESAS","item":"http:\/\/www.segurosgoiena.com\/es\/empresas\/"},{"@type":"ListItem","position":3,"name":"Asistencia","item":"https:\/\/www.segurosgoiena.com\/es\/empresas\/asistencia\/"},{"@type":"ListItem","position":4,"name":"TEL\u00c9FONOS DE ASISTENCIA"}]},{"@type":"WebSite","@id":"https:\/\/www.segurosgoiena.com\/eu\/#website","url":"https:\/\/www.segurosgoiena.com\/eu\/","name":"Seguros Goiena","description":"Seguros para empresas y particulares","potentialAction":[{"@type":"SearchAction","target":{"@type":"EntryPoint","urlTemplate":"https:\/\/www.segurosgoiena.com\/eu\/?s={search_term_string}"},"query-input":"required name=search_term_string"}],"inLanguage":"es"}]}},"_links":{"self":[{"href":"http:\/\/www.segurosgoiena.com\/es\/wp-json\/wp\/v2\/pages\/1102","targetHints":{"allow":["GET"]}}],"collection":[{"href":"http:\/\/www.segurosgoiena.com\/es\/wp-json\/wp\/v2\/pages"}],"about":[{"href":"http:\/\/www.segurosgoiena.com\/es\/wp-json\/wp\/v2\/types\/page"}],"author":[{"embeddable":true,"href":"http:\/\/www.segurosgoiena.com\/es\/wp-json\/wp\/v2\/users\/1"}],"replies":[{"embeddable":true,"href":"http:\/\/www.segurosgoiena.com\/es\/wp-json\/wp\/v2\/comments?post=1102"}],"version-history":[{"count":46,"href":"http:\/\/www.segurosgoiena.com\/es\/wp-json\/wp\/v2\/pages\/1102\/revisions"}],"predecessor-version":[{"id":1437,"href":"http:\/\/www.segurosgoiena.com\/es\/wp-json\/wp\/v2\/pages\/1102\/revisions\/1437"}],"up":[{"embeddable":true,"href":"http:\/\/www.segurosgoiena.com\/es\/wp-json\/wp\/v2\/pages\/25"}],"wp:attachment":[{"href":"http:\/\/www.segurosgoiena.com\/es\/wp-json\/wp\/v2\/media?parent=1102"}],"curies":[{"name":"wp","href":"https:\/\/api.w.org\/{rel}","templated":true}]}}