{"id":1061,"date":"2016-12-14T11:06:29","date_gmt":"2016-12-14T11:06:29","guid":{"rendered":"http:\/\/www.segurosgoiena.com\/?page_id=1061\/"},"modified":"2017-01-12T16:01:40","modified_gmt":"2017-01-12T16:01:40","slug":"por-que-una-correduria","status":"publish","type":"page","link":"http:\/\/www.segurosgoiena.com\/es\/empresas\/ventajas-goiena\/por-que-una-correduria\/","title":{"rendered":"\u00bfPor qu\u00e9 una Corredur\u00eda?"},"content":{"rendered":"<p><strong>El sector asegurador desempe\u00f1a un important\u00edsimo papel en el desarrollo social y econ\u00f3mico del pa\u00eds.<\/strong> Hay un colectivo formado actualmente por m\u00e1s de 5.000 profesionales que desempe\u00f1an su actividad ayudando a los asegurados en todo lo relativo a sus contratos de Seguros. \u00a0El de las Corredur\u00edas de Seguros es, dentro de la industria aseguradora, un negocio enormemente importante.<\/p>\n<p><strong>GOIENA Aseguru Artekaritza, S.L., Sociedad de Corredur\u00eda de Seguros con CIF B20805347, inscrita en el Registro Mercantil de Gipuzkoa, Tomo 2019, Secci\u00f3n 8, Inscrip. 1\u00aa, Hoja SS-22082, Folio 152<\/strong> con clave de <strong>autorizaci\u00f3n J-2714 inscrita en el Registro Especial de Mediadores y Corredur\u00edas de Seguros<\/strong> de la Direcci\u00f3n General de Seguros y Fondos de Pensiones, representa a una de las categor\u00edas profesionales que la legislaci\u00f3n establece en el marco de la mediaci\u00f3n aseguradora, cuya misi\u00f3n es intermediar entre las Compa\u00f1\u00edas y los tomadores de seguros como gu\u00edas especializados en medio del complejo mundo de la oferta y la demanda.<\/p>\n<p>La Ley confiere al Corredor o Corredur\u00eda de Seguros la facultad de <strong>representar a su Cliente ante la compa\u00f1\u00eda<\/strong>, y le obliga a no tener ning\u00fan v\u00ednculo ni signo que suponga afecci\u00f3n con las entidades aseguradoras. \u00a0Es por tanto, <strong>un asesor imparcial e independiente<\/strong>, de cuyos conocimientos y servicios se beneficia el asegurado.<\/p>\n<p><strong>GOIENA\u00a0Corredur\u00eda de Seguros es una<\/strong> <strong>Sociedad de Mediaci\u00f3n de Seguros Colegiada con N\u00ba 72645<\/strong> <strong>que se rige por los<\/strong> <strong>principios de profesionalidad y buenas pr\u00e1cticas<\/strong> que promueven los Colegios de Mediadores de Seguros. \u00a0Para garantizar dicha pr\u00e1ctica el Consejo Vasco del Colegio de Gipuzkoa, en coordinaci\u00f3n con el Consejo de Mediadores de Seguros del Pa\u00eds Vasco posibilita el <strong>servicio<\/strong>: <strong>Departamento de Atenci\u00f3n al Cliente y Defensor del Cliente<\/strong> para Corredores y Corredur\u00edas de Seguros colegiados. \u00a0Un Servicio de Atenci\u00f3n al Cliente para atender las quejas y reclamaciones concernientes al servicio prestado por esta Corredur\u00eda de Seguros, en el plazo m\u00e1ximo de dos meses desde la fecha de la presentaci\u00f3n. \u00a0Si dicha resoluci\u00f3n no fuera del agrado del Cliente, podr\u00e1 \u00e9ste dirigirse al Comisionado para la Defensa del Asegurado, siendo imprescindible para ello acreditar haber formulado la queja o reclamaci\u00f3n, por escrito, ante el Servicio de Atenci\u00f3n al Cliente de nuestra Corredur\u00eda de Seguros.<\/p>\n<p><strong>GOIENA<\/strong>\u00a0garantiza el cumplimiento de los principios b\u00e1sicos de confidencialidad, integridad, disponibilidad y ejercicio de los derechos de cualquier persona f\u00edsica que mantenga cualquier tipo de relaci\u00f3n con nuestra empresa. Cumplimos con la normativa vigente en materia de <strong>PREBLAC<\/strong> (Ley 36\/2006, de 29 de noviembre, de medidas para la prevenci\u00f3n de fraude fiscal) <strong>Prevenci\u00f3n de Blanqueo de Capitales Y LOPD<\/strong> ( Ley 15\/1999 de Protecci\u00f3n de Datos y su Reglamento de Medidas de Seguridad R.D. 99\/99) <strong>Ley Org\u00e1nica de Protecci\u00f3n de Datos<\/strong>.<\/p>\n","protected":false},"excerpt":{"rendered":"<p>El sector asegurador desempe\u00f1a un important\u00edsimo papel en el desarrollo social y econ\u00f3mico del pa\u00eds. Hay un colectivo formado actualmente por m\u00e1s de 5.000 profesionales que desempe\u00f1an su actividad ayudando a los asegurados en todo lo relativo a sus contratos de Seguros. \u00a0El de las Corredur\u00edas de Seguros es, dentro de la industria aseguradora, un [&hellip;]<\/p>\n","protected":false},"author":1,"featured_media":0,"parent":19,"menu_order":10,"comment_status":"closed","ping_status":"closed","template":"","meta":{"_acf_changed":false,"footnotes":""},"class_list":["post-1061","page","type-page","status-publish","hentry"],"acf":[],"yoast_head":"<!-- This site is optimized with the Yoast SEO plugin v22.5 - https:\/\/yoast.com\/wordpress\/plugins\/seo\/ -->\n<title>Goiena Seguros | Ventajas Goiena- \u00bfPor qu\u00e9 una Corredur\u00eda?<\/title>\n<meta name=\"description\" content=\"La complejidad de requisitos que la legislaci\u00f3n establece para el ejercicio de la Corredur\u00eda de Seguros, constituyen un reconocido aval de profesionalidad.\" \/>\n<meta name=\"robots\" content=\"index, follow, max-snippet:-1, max-image-preview:large, max-video-preview:-1\" \/>\n<link rel=\"canonical\" href=\"http:\/\/www.segurosgoiena.com\/es\/empresas\/ventajas-goiena\/por-que-una-correduria\/\" \/>\n<meta property=\"og:locale\" content=\"es_ES\" \/>\n<meta property=\"og:type\" content=\"article\" \/>\n<meta property=\"og:title\" content=\"Goiena Seguros | Ventajas Goiena- \u00bfPor qu\u00e9 una Corredur\u00eda?\" \/>\n<meta property=\"og:description\" content=\"La complejidad de requisitos que la legislaci\u00f3n establece para el ejercicio de la Corredur\u00eda de Seguros, constituyen un reconocido aval de profesionalidad.\" \/>\n<meta property=\"og:url\" content=\"http:\/\/www.segurosgoiena.com\/es\/empresas\/ventajas-goiena\/por-que-una-correduria\/\" \/>\n<meta property=\"og:site_name\" content=\"Seguros Goiena\" \/>\n<meta property=\"article:modified_time\" content=\"2017-01-12T16:01:40+00:00\" \/>\n<meta name=\"twitter:card\" content=\"summary_large_image\" \/>\n<meta name=\"twitter:label1\" content=\"Tiempo de lectura\" \/>\n\t<meta name=\"twitter:data1\" content=\"2 minutos\" \/>\n<script type=\"application\/ld+json\" class=\"yoast-schema-graph\">{\"@context\":\"https:\/\/schema.org\",\"@graph\":[{\"@type\":\"WebPage\",\"@id\":\"http:\/\/www.segurosgoiena.com\/es\/empresas\/ventajas-goiena\/por-que-una-correduria\/\",\"url\":\"http:\/\/www.segurosgoiena.com\/es\/empresas\/ventajas-goiena\/por-que-una-correduria\/\",\"name\":\"Goiena Seguros | Ventajas Goiena- \u00bfPor qu\u00e9 una Corredur\u00eda?\",\"isPartOf\":{\"@id\":\"http:\/\/www.segurosgoiena.com\/es\/#website\"},\"datePublished\":\"2016-12-14T11:06:29+00:00\",\"dateModified\":\"2017-01-12T16:01:40+00:00\",\"description\":\"La complejidad de requisitos que la legislaci\u00f3n establece para el ejercicio de la Corredur\u00eda de Seguros, constituyen un reconocido aval de profesionalidad.\",\"breadcrumb\":{\"@id\":\"http:\/\/www.segurosgoiena.com\/es\/empresas\/ventajas-goiena\/por-que-una-correduria\/#breadcrumb\"},\"inLanguage\":\"es\",\"potentialAction\":[{\"@type\":\"ReadAction\",\"target\":[\"http:\/\/www.segurosgoiena.com\/es\/empresas\/ventajas-goiena\/por-que-una-correduria\/\"]}]},{\"@type\":\"BreadcrumbList\",\"@id\":\"http:\/\/www.segurosgoiena.com\/es\/empresas\/ventajas-goiena\/por-que-una-correduria\/#breadcrumb\",\"itemListElement\":[{\"@type\":\"ListItem\",\"position\":1,\"name\":\"Portada\",\"item\":\"http:\/\/www.segurosgoiena.com\/es\/\"},{\"@type\":\"ListItem\",\"position\":2,\"name\":\"EMPRESAS\",\"item\":\"http:\/\/www.segurosgoiena.com\/es\/empresas\/\"},{\"@type\":\"ListItem\",\"position\":3,\"name\":\"VENTAJAS GOIENA\",\"item\":\"http:\/\/www.segurosgoiena.com\/es\/empresas\/ventajas-goiena\/\"},{\"@type\":\"ListItem\",\"position\":4,\"name\":\"\u00bfPor qu\u00e9 una Corredur\u00eda?\"}]},{\"@type\":\"WebSite\",\"@id\":\"http:\/\/www.segurosgoiena.com\/es\/#website\",\"url\":\"http:\/\/www.segurosgoiena.com\/es\/\",\"name\":\"Seguros Goiena\",\"description\":\"Seguros para empresas y particulares\",\"potentialAction\":[{\"@type\":\"SearchAction\",\"target\":{\"@type\":\"EntryPoint\",\"urlTemplate\":\"http:\/\/www.segurosgoiena.com\/es\/?s={search_term_string}\"},\"query-input\":\"required name=search_term_string\"}],\"inLanguage\":\"es\"}]}<\/script>\n<!-- \/ Yoast SEO plugin. -->","yoast_head_json":{"title":"Goiena Seguros | Ventajas Goiena- \u00bfPor qu\u00e9 una Corredur\u00eda?","description":"La complejidad de requisitos que la legislaci\u00f3n establece para el ejercicio de la Corredur\u00eda de Seguros, constituyen un reconocido aval de profesionalidad.","robots":{"index":"index","follow":"follow","max-snippet":"max-snippet:-1","max-image-preview":"max-image-preview:large","max-video-preview":"max-video-preview:-1"},"canonical":"http:\/\/www.segurosgoiena.com\/es\/empresas\/ventajas-goiena\/por-que-una-correduria\/","og_locale":"es_ES","og_type":"article","og_title":"Goiena Seguros | Ventajas Goiena- \u00bfPor qu\u00e9 una Corredur\u00eda?","og_description":"La complejidad de requisitos que la legislaci\u00f3n establece para el ejercicio de la Corredur\u00eda de Seguros, constituyen un reconocido aval de profesionalidad.","og_url":"http:\/\/www.segurosgoiena.com\/es\/empresas\/ventajas-goiena\/por-que-una-correduria\/","og_site_name":"Seguros Goiena","article_modified_time":"2017-01-12T16:01:40+00:00","twitter_card":"summary_large_image","twitter_misc":{"Tiempo de lectura":"2 minutos"},"schema":{"@context":"https:\/\/schema.org","@graph":[{"@type":"WebPage","@id":"http:\/\/www.segurosgoiena.com\/es\/empresas\/ventajas-goiena\/por-que-una-correduria\/","url":"http:\/\/www.segurosgoiena.com\/es\/empresas\/ventajas-goiena\/por-que-una-correduria\/","name":"Goiena Seguros | Ventajas Goiena- \u00bfPor qu\u00e9 una Corredur\u00eda?","isPartOf":{"@id":"http:\/\/www.segurosgoiena.com\/es\/#website"},"datePublished":"2016-12-14T11:06:29+00:00","dateModified":"2017-01-12T16:01:40+00:00","description":"La complejidad de requisitos que la legislaci\u00f3n establece para el ejercicio de la Corredur\u00eda de Seguros, constituyen un reconocido aval de profesionalidad.","breadcrumb":{"@id":"http:\/\/www.segurosgoiena.com\/es\/empresas\/ventajas-goiena\/por-que-una-correduria\/#breadcrumb"},"inLanguage":"es","potentialAction":[{"@type":"ReadAction","target":["http:\/\/www.segurosgoiena.com\/es\/empresas\/ventajas-goiena\/por-que-una-correduria\/"]}]},{"@type":"BreadcrumbList","@id":"http:\/\/www.segurosgoiena.com\/es\/empresas\/ventajas-goiena\/por-que-una-correduria\/#breadcrumb","itemListElement":[{"@type":"ListItem","position":1,"name":"Portada","item":"http:\/\/www.segurosgoiena.com\/es\/"},{"@type":"ListItem","position":2,"name":"EMPRESAS","item":"http:\/\/www.segurosgoiena.com\/es\/empresas\/"},{"@type":"ListItem","position":3,"name":"VENTAJAS GOIENA","item":"http:\/\/www.segurosgoiena.com\/es\/empresas\/ventajas-goiena\/"},{"@type":"ListItem","position":4,"name":"\u00bfPor qu\u00e9 una Corredur\u00eda?"}]},{"@type":"WebSite","@id":"http:\/\/www.segurosgoiena.com\/es\/#website","url":"http:\/\/www.segurosgoiena.com\/es\/","name":"Seguros Goiena","description":"Seguros para empresas y particulares","potentialAction":[{"@type":"SearchAction","target":{"@type":"EntryPoint","urlTemplate":"http:\/\/www.segurosgoiena.com\/es\/?s={search_term_string}"},"query-input":"required name=search_term_string"}],"inLanguage":"es"}]}},"_links":{"self":[{"href":"http:\/\/www.segurosgoiena.com\/es\/wp-json\/wp\/v2\/pages\/1061","targetHints":{"allow":["GET"]}}],"collection":[{"href":"http:\/\/www.segurosgoiena.com\/es\/wp-json\/wp\/v2\/pages"}],"about":[{"href":"http:\/\/www.segurosgoiena.com\/es\/wp-json\/wp\/v2\/types\/page"}],"author":[{"embeddable":true,"href":"http:\/\/www.segurosgoiena.com\/es\/wp-json\/wp\/v2\/users\/1"}],"replies":[{"embeddable":true,"href":"http:\/\/www.segurosgoiena.com\/es\/wp-json\/wp\/v2\/comments?post=1061"}],"version-history":[{"count":14,"href":"http:\/\/www.segurosgoiena.com\/es\/wp-json\/wp\/v2\/pages\/1061\/revisions"}],"predecessor-version":[{"id":1680,"href":"http:\/\/www.segurosgoiena.com\/es\/wp-json\/wp\/v2\/pages\/1061\/revisions\/1680"}],"up":[{"embeddable":true,"href":"http:\/\/www.segurosgoiena.com\/es\/wp-json\/wp\/v2\/pages\/19"}],"wp:attachment":[{"href":"http:\/\/www.segurosgoiena.com\/es\/wp-json\/wp\/v2\/media?parent=1061"}],"curies":[{"name":"wp","href":"https:\/\/api.w.org\/{rel}","templated":true}]}}